{"id":1034,"date":"2021-05-28T06:18:10","date_gmt":"2021-05-28T06:18:10","guid":{"rendered":"http:\/\/maudep.com.vn\/banhangnuocgiat\/?page_id=1034"},"modified":"2021-05-28T06:18:10","modified_gmt":"2021-05-28T06:18:10","slug":"chinh-sach-doi-san-pham","status":"publish","type":"page","link":"http:\/\/maudep.com.vn\/banhangnuocgiat\/?page_id=1034","title":{"rendered":"Ch\u00ednh s\u00e1ch \u0111\u1ed5i s\u1ea3n ph\u1ea9m"},"content":{"rendered":"<p>N\u1ed9i dung \u0111ang c\u1eadp nh\u1eadt&#8230;<\/p>\n","protected":false},"excerpt":{"rendered":"<p>N\u1ed9i dung \u0111ang c\u1eadp nh\u1eadt&#8230;<\/p>\n","protected":false},"author":1,"featured_media":0,"parent":0,"menu_order":5,"comment_status":"closed","ping_status":"closed","template":"","meta":{"footnotes":""},"_links":{"self":[{"href":"http:\/\/maudep.com.vn\/banhangnuocgiat\/index.php?rest_route=\/wp\/v2\/pages\/1034"}],"collection":[{"href":"http:\/\/maudep.com.vn\/banhangnuocgiat\/index.php?rest_route=\/wp\/v2\/pages"}],"about":[{"href":"http:\/\/maudep.com.vn\/banhangnuocgiat\/index.php?rest_route=\/wp\/v2\/types\/page"}],"author":[{"embeddable":true,"href":"http:\/\/maudep.com.vn\/banhangnuocgiat\/index.php?rest_route=\/wp\/v2\/users\/1"}],"replies":[{"embeddable":true,"href":"http:\/\/maudep.com.vn\/banhangnuocgiat\/index.php?rest_route=%2Fwp%2Fv2%2Fcomments&post=1034"}],"version-history":[{"count":1,"href":"http:\/\/maudep.com.vn\/banhangnuocgiat\/index.php?rest_route=\/wp\/v2\/pages\/1034\/revisions"}],"predecessor-version":[{"id":1039,"href":"http:\/\/maudep.com.vn\/banhangnuocgiat\/index.php?rest_route=\/wp\/v2\/pages\/1034\/revisions\/1039"}],"wp:attachment":[{"href":"http:\/\/maudep.com.vn\/banhangnuocgiat\/index.php?rest_route=%2Fwp%2Fv2%2Fmedia&parent=1034"}],"curies":[{"name":"wp","href":"https:\/\/api.w.org\/{rel}","templated":true}]}}