{"id":1183,"date":"2021-06-04T02:28:17","date_gmt":"2021-06-04T02:28:17","guid":{"rendered":"http:\/\/maudep.com.vn\/banhangnuocgiat\/?page_id=1183"},"modified":"2021-06-29T00:59:24","modified_gmt":"2021-06-29T00:59:24","slug":"quy-mo","status":"publish","type":"page","link":"http:\/\/maudep.com.vn\/banhangnuocgiat\/?page_id=1183","title":{"rendered":"Quy m\u00f4"},"content":{"rendered":"<p><span style=\"font-family: 'times new roman', times, serif\">\u00a0V\u1edbi \u0111\u1ed9i ng\u0169 chuy\u00ean vi\u00ean ng\u00e0nh h\u00f3a h\u1ecdc, y t\u1ebf c\u00f9ng s\u1ef1 t\u01b0 v\u1ea5n, h\u1ed7 tr\u1ee3 c\u1ee7a c\u00e1c chuy\u00ean gia \u0111\u1ea7u ng\u00e0nh, c\u00e1c b\u00e1c s\u1ef9 v\u00e0 \u0111\u1eb7c bi\u1ec7t l\u00e0 c\u00e1c \u0111\u1ed1i t\u00e1c cung c\u1ea5p nguy\u00ean v\u1eadt li\u1ec7u l\u00e0 c\u00e1c t\u1eadp \u0111o\u00e0n h\u00f3a ch\u1ea5t h\u00e0ng \u0111\u1ea7u th\u1ebf gi\u1edbi, PGCO lu\u00f4n theo \u0111u\u1ed5i s\u1ee9 m\u1ec7nh mang t\u1edbi nh\u1eefng s\u1ea3n ph\u1ea9m t\u1ed1t nh\u1ea5t, c\u1ea3i ti\u1ebfn nh\u1ea5t, ph\u00f9 h\u1ee3p nh\u1ea5t v\u1edbi ng\u01b0\u1eddi Vi\u1ec7t Nam<\/span><\/p>\n<p><span style=\"font-family: 'times new roman', times, serif\">M\u1ed7i s\u1ea3n ph\u1ea9m ra \u0111\u1eddi l\u00e0 k\u1ebft qu\u1ea3 c\u1ee7a nh\u1eefng n\u1ed7 l\u1ef1c kh\u00f4ng ng\u1eebng ngh\u1ec9, c\u1ee7a c\u1ea3i ti\u1ebfn s\u00e1ng t\u1ea1o v\u00e0 quy tr\u00ecnh ki\u1ec3mso\u00e1t ch\u1ea5t l\u01b0\u1ee3ng kh\u1eaft khe.<\/span><\/p>\n<p><span style=\"font-family: 'times new roman', times, serif\">Quy tr\u00ecnh ra m\u1eaft c\u00e1c d\u00f2ng s\u1ea3n ph\u1ea9m tu\u00e2n th\u1ee7 nghi\u00eam ng\u1eb7t c\u00e1c b\u01b0\u1edbc nghi\u00ean c\u1ee9u th\u1ed1ng k\u00ea nhu c\u1ea7u th\u1ecb tr\u01b0\u1eddng, \u0111\u00e1nh gi\u00e1 ti\u1ec1m n\u0103ng ti\u00eau d\u00f9ng, ph\u00e1t tri\u1ec3n c\u00f4ng th\u1ee9c trong ph\u00f2ng th\u00ed nghi\u1ec7m, ki\u1ec3m ch\u1ee9ng l\u00e2m s\u00e0ng \u0111\u1ea3m b\u1ea3o an to\u00e0n v\u1edbi s\u1ee9c kh\u1ecfe con ng\u01b0\u1eddi, tr\u1ea3i nghi\u1ec7m \u0111\u00e1nh gi\u00e1 t\u1eeb kh\u00e1ch h\u00e0ng v\u00e0 cu\u1ed1i c\u00f9ng l\u00e0 trung s\u1ea3n ph\u1ea9m m\u1edbi ra th\u1ecb tr\u01b0\u1eddng,<\/span><\/p>\n<p><span style=\"font-family: 'times new roman', times, serif\">\u00a0H\u00e0ng n\u0103m, b\u1ed9 ph\u1eadn nghi\u00ean c\u1ee9u ph\u00e1t tri\u1ec3n s\u1ea3n ph\u1ea9m c\u1ee7a PGColu\u00f4n c\u00f3 c\u00e1c \u0111\u1ee3t hu\u1ea5n luy\u1ec7n, trao \u0111\u1ed5i c\u00f4ng ngh\u1ec7 v\u00e0 giao l\u01b0u c\u00f9ng c\u00e1c t\u1eadp \u0111o\u00e0n nguy\u00ean li\u1ec7u h\u00e0ng \u0111\u1ea7u th\u1ebf gi\u1edbi. <\/span><\/p>\n<p><span style=\"font-family: 'times new roman', times, serif\">\u00a0PGCO t\u1ef1 h\u00e0o s\u1edf h\u1eefu nhi\u1ec1u c\u00f4ng th\u1ee9c \u0111\u1ed9c quy\u1ec1n c\u00f4ng ngh\u1ec7 ti\u00ean ti\u1ebfn v\u00e0 c\u00e1c th\u01b0\u01a1ng hi\u1ec7u \u0111\u01b0\u1ee3c ng\u01b0\u1eddi Vi\u1ec7t Nam y\u00eau th\u00edch. N\u1ed5i b\u1eadt nh\u1ea5t l\u00e0 th\u01b0\u01a1ng hi\u1ec7u N\u01b0\u1edbc gi\u1eb7t huy\u1ec1n b\u00ed\u00a0 v\u1edbi h\u1ec7 m\u00f9i h\u01b0\u01a1ng l\u00f4i cu\u1ed1n, kh\u00f4ng th\u1ec3 nh\u1ea7m l\u1eabn. <\/span><\/p>\n<p><span style=\"font-family: 'times new roman', times, serif\">M\u1ed7i m\u00f9i h\u01b0\u01a1ng \u0111\u01b0\u1ee3c pha tr\u1ed9n b\u1edfi 20 th\u00e0nh ph\u1ea7n tinh d\u1ea7u t\u1ef1 nhi\u00ean nh\u01b0 c\u00e1c lo\u00e0i hoa, g\u1ed7, th\u1ea3o m\u1ed9c, tr\u00e1i c\u00e2y, &#8230; theo m\u1ed9t c\u00f4ng th\u1ee9c \u0111\u1eb7c bi\u1ec7t, t\u1ea1o ra trai nghi\u1ec7m h\u01b0\u01a1ng th\u01a1m \u0111a t\u1ea7ng v\u00e0 l\u01b0u h\u01b0\u01a1ng su\u1ed1t 7 ng\u00e0y tr\u00ean v\u1ea3i.<\/span><\/p>\n","protected":false},"excerpt":{"rendered":"<p>\u00a0V\u1edbi \u0111\u1ed9i ng\u0169 chuy\u00ean vi\u00ean ng\u00e0nh h\u00f3a h\u1ecdc, y t\u1ebf c\u00f9ng s\u1ef1 t\u01b0 v\u1ea5n, h\u1ed7 tr\u1ee3 c\u1ee7a c\u00e1c chuy\u00ean gia \u0111\u1ea7u ng\u00e0nh, c\u00e1c b\u00e1c s\u1ef9 v\u00e0 \u0111\u1eb7c bi\u1ec7t l\u00e0 c\u00e1c \u0111\u1ed1i t\u00e1c cung c\u1ea5p nguy\u00ean v\u1eadt li\u1ec7u l\u00e0 c\u00e1c t\u1eadp \u0111o\u00e0n h\u00f3a ch\u1ea5t h\u00e0ng \u0111\u1ea7u th\u1ebf gi\u1edbi, PGCO lu\u00f4n theo \u0111u\u1ed5i s\u1ee9 m\u1ec7nh mang t\u1edbi [&#8230;]\n","protected":false},"author":1,"featured_media":0,"parent":0,"menu_order":12,"comment_status":"closed","ping_status":"closed","template":"","meta":{"footnotes":""},"_links":{"self":[{"href":"http:\/\/maudep.com.vn\/banhangnuocgiat\/index.php?rest_route=\/wp\/v2\/pages\/1183"}],"collection":[{"href":"http:\/\/maudep.com.vn\/banhangnuocgiat\/index.php?rest_route=\/wp\/v2\/pages"}],"about":[{"href":"http:\/\/maudep.com.vn\/banhangnuocgiat\/index.php?rest_route=\/wp\/v2\/types\/page"}],"author":[{"embeddable":true,"href":"http:\/\/maudep.com.vn\/banhangnuocgiat\/index.php?rest_route=\/wp\/v2\/users\/1"}],"replies":[{"embeddable":true,"href":"http:\/\/maudep.com.vn\/banhangnuocgiat\/index.php?rest_route=%2Fwp%2Fv2%2Fcomments&post=1183"}],"version-history":[{"count":4,"href":"http:\/\/maudep.com.vn\/banhangnuocgiat\/index.php?rest_route=\/wp\/v2\/pages\/1183\/revisions"}],"predecessor-version":[{"id":1580,"href":"http:\/\/maudep.com.vn\/banhangnuocgiat\/index.php?rest_route=\/wp\/v2\/pages\/1183\/revisions\/1580"}],"wp:attachment":[{"href":"http:\/\/maudep.com.vn\/banhangnuocgiat\/index.php?rest_route=%2Fwp%2Fv2%2Fmedia&parent=1183"}],"curies":[{"name":"wp","href":"https:\/\/api.w.org\/{rel}","templated":true}]}}