{"id":1253,"date":"2021-06-07T08:24:46","date_gmt":"2021-06-07T08:24:46","guid":{"rendered":"http:\/\/maudep.com.vn\/banhangnuocgiat\/?post_type=product&#038;p=1253"},"modified":"2021-06-22T06:41:52","modified_gmt":"2021-06-22T06:41:52","slug":"nuoc-giat-bach-yen-18-lit","status":"publish","type":"product","link":"http:\/\/maudep.com.vn\/banhangnuocgiat\/?product=nuoc-giat-bach-yen-18-lit","title":{"rendered":"N\u01b0\u1edbc gi\u1eb7t B\u00e1ch L\u00fd 1,8 l\u00edt"},"content":{"rendered":"<p><span style=\"font-family: 'times new roman', times, serif;font-size: 100%;color: #333333\">Th\u00e0nh ph\u1ea7n: Sodium linear Alkybenzenesulfonate, Sodium Laurul ether sulfate, Alcohol ethoxylate, 5-chloro-2methyl-14-isothiazolin-3-one, t\u1ea9y tr\u1eafng quang h\u1ecdc, ch\u1ea5t th\u01a1m, n\u01b0\u1edbc.\u00a0<\/span><span style=\"font-family: 'times new roman', times, serif;font-size: 100%;color: #333333\">Ch\u1ea5t ch\u1ed1ng khu\u1ea9n an to\u00e0n, ch\u1ea5t l\u00e0m m\u1ec1m v\u1ea3i, ch\u1ea5t ho\u1ea1t \u0111\u1ed9ng b\u1ec1 m\u1eb7t, h\u01b0\u01a1ng li\u1ec7u v\u00e0 n\u01b0\u1edbc<\/span><\/p>\n<p><span style=\"font-family: 'times new roman', times, serif;font-size: 100%;color: #333333\">+ Kh\u00e1ng khu\u1ea9n: Ph\u01b0\u01a1ng ph\u00e1p ch\u1ed1ng khu\u1ea9n hi\u1ec7u qu\u1ea3, mang l\u1ea1i c\u1ea3m gi\u00e1c y\u00ean t\u00e2m khi m\u1eb7c qu\u1ea7n \u00e1o.<\/span><\/p>\n<p><span style=\"font-family: 'times new roman', times, serif;font-size: 100%;color: #333333\">+D\u1ec5 gi\u1eb7t x\u1ea3: D\u1ec5 d\u00e0ng tan trong n\u01b0\u1edbc gi\u00fap l\u00e0m s\u1ea1ch c\u00e1c v\u1ebft b\u1ea9n nhanh ch\u00f3ng, kh\u00f4ng \u0111\u1ec3 l\u1ea1i b\u1ed9t c\u1eb7n tr\u00ean qu\u1ea7n \u00e1o, kh\u00f4ng g\u00e2y d\u1ecb \u1ee9ng da.<\/span><\/p>\n<p><span style=\"font-family: 'times new roman', times, serif;font-size: 100%;color: #333333\">+Trung t\u00ednh v\u00e0 m\u1ec1m m\u1ea1i: Trung t\u00ednh, b\u1ea3o v\u1ec7 m\u00e0u s\u1eafc, t\u0103ng \u0111\u1ed9 m\u1ec1m m\u1ea1i c\u1ee7a qu\u1ea7n \u00e1o, th\u00edch h\u1ee3p s\u1eed d\u1ee5ng cho c\u1ea3 qu\u1ea7n \u00e1o tr\u1ebb em v\u00e0 \u0111\u1ed3 l\u00f3t.<\/span><\/p>\n<p><span style=\"font-family: 'times new roman', times, serif;font-size: 100%;color: #333333\">+ L\u01b0u gi\u1eef h\u01b0\u01a1ng th\u01a1m: L\u01b0u l\u1ea1i h\u01b0\u01a1ng b\u1ea1ch y\u1ebfn, c\u00f3 hi\u1ec7u qu\u1ea3 kh\u1eed m\u00f9i h\u00f4i tr\u00ean c\u01a1 th\u1ec3.<\/span><\/p>\n<ul>\n<li><span style=\"font-family: 'times new roman', times, serif;font-size: 100%;color: #333333\">L\u01b0u \u00fd: \u0110\u1ec3 xa t\u1ea7m tay tr\u1ebb em, tr\u01b0\u1eddng h\u1ee3p b\u1ecb d\u00e2y v\u00e0o m\u1eaft h\u00e3y r\u1eeda b\u1eb1ng n\u01b0\u1edbc, r\u1eeda tay v\u00e0 lau kh\u00f4 khi gi\u1eb7t b\u1eb1ng tay. B\u1ea3o qu\u1ea3n n\u01a1i kh\u00f4 r\u00e1o, tr\u00e1nh \u00e1nh s\u00e1ng tr\u1ef1c ti\u1ebfp.<\/span><\/li>\n<li><span style=\"font-family: 'times new roman', times, serif;font-size: 100%;color: #333333\">Ph\u1ea1m vi s\u1eed d\u1ee5ng: Cotton, v\u1ea3i lanh, v\u1ea3i gai, l\u1ee5a, s\u1ee3i t\u1ed5ng h\u1ee3p.<\/span><\/li>\n<li><span style=\"font-family: 'times new roman', times, serif;font-size: 100%;color: #333333\">Dung t\u00edch:1.8 l\u00edt<\/span><\/li>\n<li><span style=\"font-family: 'times new roman', times, serif;font-size: 100%;color: #333333\">S\u1ea3n xu\u1ea5t t\u1ea1i Vi\u1ec7t Nam.<\/span><\/li>\n<li><span style=\"font-family: 'times new roman', times, serif;font-size: 100%;color: #333333\">H\u1ea1n s\u1eed d\u1ee5ng: 3 n\u0103m k\u1ec3 t\u1eeb ng\u00e0y s\u1ea3n xu\u1ea5t)<\/span><\/li>\n<li><span style=\"font-family: 'times new roman', times, serif;font-size: 100%;color: #333333\">Ng\u00e0y s\u1ea3n xu\u1ea5t: In tr\u00ean bao b\u00ec.<\/span><\/li>\n<\/ul>\n<p><span style=\"font-family: 'times new roman', times, serif;font-size: 100%;color: #333333\">\u201cS\u1ea3n ph\u1ea9m d\u00e0nh cho xu\u1ea5t kh\u1ea9u Th\u00e1i Lan v\u00e0 kh\u1ed1i Asian\u201d<\/span><\/p>\n<p><span style=\"font-family: 'times new roman', times, serif;font-size: 100%;color: #333333\">Th\u01b0\u01a1ng m\u1ea1i v\u00e0 ph\u00e2n ph\u1ed1i b\u1edfi: C\u00d4NG TY TNHH PGCO<\/span><\/p>\n<p><span style=\"font-family: 'times new roman', times, serif;font-size: 100%;color: #333333\">\u0110\u1ecba ch\u1ec9: S\u1ed1 146, ng\u00f5 189, \u0110\u01b0\u1eddng Nguy\u1ec5n Ng\u1ecdc V\u0169 , P. Trung H\u00f2a, Q. C\u1ea7u Gi\u1ea5y,TP. H\u00e0 N\u1ed9i.<\/span><\/p>\n<p><span style=\"font-family: 'times new roman', times, serif;font-size: 100%;color: #333333\">\u0110i\u1ec7n tho\u1ea1i: 0243.555.1909.\u00a0\u00a0 Hotline: 0888.124.333<\/span><\/p>\n<p><span style=\"font-family: 'times new roman', times, serif;font-size: 100%;color: #333333\">S\u1ea3n xu\u1ea5t t\u1ea1i: X\u00e2m D\u01b0\u01a1ng, X\u00e3 Ninh S\u1edf, huy\u1ec7n Th\u01b0\u1eddng T\u00edn, Th\u00e0nh Ph\u1ed1 H\u00e0 N\u1ed9i<\/span><\/p>\n<p><span style=\"font-family: 'times new roman', times, serif;font-size: 100%;color: #333333\">Theo TCCS: NGO2081218-PGCO.<\/span><\/p>\n","protected":false},"excerpt":{"rendered":"<p>Th\u00e0nh ph\u1ea7n: Sodium linear Alkybenzenesulfonate, Sodium Laurul ether sulfate, Alcohol ethoxylate, 5-chloro-2methyl-14-isothiazolin-3-one, t\u1ea9y tr\u1eafng quang h\u1ecdc, ch\u1ea5t th\u01a1m, n\u01b0\u1edbc.\u00a0Ch\u1ea5t ch\u1ed1ng khu\u1ea9n an to\u00e0n, ch\u1ea5t l\u00e0m m\u1ec1m v\u1ea3i, ch\u1ea5t ho\u1ea1t \u0111\u1ed9ng b\u1ec1 m\u1eb7t, h\u01b0\u01a1ng li\u1ec7u v\u00e0 n\u01b0\u1edbc + Kh\u00e1ng khu\u1ea9n: Ph\u01b0\u01a1ng ph\u00e1p ch\u1ed1ng khu\u1ea9n hi\u1ec7u qu\u1ea3, mang l\u1ea1i c\u1ea3m gi\u00e1c y\u00ean t\u00e2m khi m\u1eb7c qu\u1ea7n \u00e1o. [&#8230;]\n","protected":false},"featured_media":1254,"comment_status":"open","ping_status":"closed","template":"","meta":[],"_links":{"self":[{"href":"http:\/\/maudep.com.vn\/banhangnuocgiat\/index.php?rest_route=\/wp\/v2\/product\/1253"}],"collection":[{"href":"http:\/\/maudep.com.vn\/banhangnuocgiat\/index.php?rest_route=\/wp\/v2\/product"}],"about":[{"href":"http:\/\/maudep.com.vn\/banhangnuocgiat\/index.php?rest_route=\/wp\/v2\/types\/product"}],"replies":[{"embeddable":true,"href":"http:\/\/maudep.com.vn\/banhangnuocgiat\/index.php?rest_route=%2Fwp%2Fv2%2Fcomments&post=1253"}],"wp:featuredmedia":[{"embeddable":true,"href":"http:\/\/maudep.com.vn\/banhangnuocgiat\/index.php?rest_route=\/wp\/v2\/media\/1254"}],"wp:attachment":[{"href":"http:\/\/maudep.com.vn\/banhangnuocgiat\/index.php?rest_route=%2Fwp%2Fv2%2Fmedia&parent=1253"}],"curies":[{"name":"wp","href":"https:\/\/api.w.org\/{rel}","templated":true}]}}