{"id":1304,"date":"2021-06-08T02:52:11","date_gmt":"2021-06-08T02:52:11","guid":{"rendered":"http:\/\/maudep.com.vn\/banhangnuocgiat\/?post_type=product&#038;p=1304"},"modified":"2021-06-22T03:36:01","modified_gmt":"2021-06-22T03:36:01","slug":"nuoc-lau-san-fineday-huong-sa-chanh-36-lit","status":"publish","type":"product","link":"http:\/\/maudep.com.vn\/banhangnuocgiat\/?product=nuoc-lau-san-fineday-huong-sa-chanh-36-lit","title":{"rendered":"N\u01b0\u1edbc lau s\u00e0n Fineday h\u01b0\u01a1ng s\u1ea3 chanh 3,6 l\u00edt"},"content":{"rendered":"<p><span style=\"font-family: 'times new roman', times, serif;font-size: 100%\">Th\u00e0nh ph\u1ea7n: N\u01b0\u1edbc, Quatemary ammonium compound 0.16% ch\u1ea5t ho\u1ea1t \u0111\u1ed9ng b\u1ec1 m\u1eb7t, ch\u1ea5t b\u1ea3o qu\u1ea3n, h\u01b0\u01a1ng th\u01a1m v\u00e0 m\u1ea7u.<\/span><\/p>\n<ul>\n<li><span style=\"font-family: 'times new roman', times, serif;font-size: 100%\">Di\u1ec7t s\u1ea1ch vi khu\u1ea9n &#8211; PH trung t\u00ednh 7+1 &#8211; Chi\u1ebft xu\u1ea5t th\u1ef1c v\u1eadt<\/span><\/li>\n<li><span style=\"font-family: 'times new roman', times, serif;font-size: 100%\">PH trung t\u00ednh kh\u00f4ng ki\u1ec1m, \u00edt b\u1ecdt n\u00ean \u0111\u1ea3m b\u1ea3o kh\u00f4ng t\u1ed3n d\u01b0 h\u00f3a ch\u1ea5t.<\/span><\/li>\n<li><span style=\"font-family: 'times new roman', times, serif;font-size: 100%\">S\u1eed d\u1ee5ng ch\u1ea5t l\u00e0m s\u1ea1ch chi\u1ebft xu\u1ea5t t\u1eeb d\u1ea7u d\u1eeba n\u00ean d\u1ea3m b\u1ea3o an to\u00e0n cho ng\u01b0\u1eddi s\u1eed d\u1ee5ng<\/span><\/li>\n<li><span style=\"font-family: 'times new roman', times, serif;font-size: 100%\">Di\u1ec7t khu\u1ea9n s\u00e0n nh\u00e0 s\u1ea1ch b\u00f3ng.<\/span><\/li>\n<li><span style=\"font-family: 'times new roman', times, serif;font-size: 100%\">Kh\u00f4ng gay r\u00edt ch\u00e2n.<\/span><\/li>\n<\/ul>\n<p><span style=\"font-family: 'times new roman', times, serif;font-size: 100%\">H\u01b0\u1edbng d\u1eabn s\u1eed d\u1ee5ng: H\u00f2a tan 1,5 n\u1eafp n\u01b0\u1edbc lau s\u00e0n fineday cho l\u01b0\u1ee3ng n\u01b0\u1edbc t\u1eeb 5 \u0111\u1ebfn 10 l\u00edt.<\/span><\/p>\n<p><span style=\"font-family: 'times new roman', times, serif;font-size: 100%\">Tr\u1ecdng l\u01b0\u1ee3ng : 3.6 l\u00edt<\/span><\/p>\n<p><span style=\"font-family: 'times new roman', times, serif;font-size: 100%\">Nh\u00fang \u01b0\u1edbt r\u1ebb v\u00e0 ch\u00f9i r\u1eeda b\u1ec1 m\u1eb7t c\u1ea7n l\u00e0m s\u1ea1ch. \u0110\u1ed3 tr\u1ef1c ti\u1ebfp n\u01b0\u1edbc lau s\u00e0n l\u00ean kh\u1eafn v\u1ea3i ho\u1eb7c mi\u1ebfng x\u1ed1p \u0111\u1ebb lau ch\u00f9i v\u1ebft b\u1ea9n c\u1ee9ng \u0111\u1ea7u.<\/span><\/p>\n<p><span style=\"font-family: 'times new roman', times, serif;font-size: 100%\">Ch\u00fa \u00fd:\u00a0 \u0110\u1ec3 xa t\u1ea7m tay tr\u1ebb em v\u00e0 v\u1eadt nu\u00f4i. Kh\u00f4ng \u0111\u01b0\u1ee3c u\u1ed1ng. N\u1ebfu nu\u1ed1t ph\u1ea3i s\u1ea3n ph\u1ea9m nhanh ch\u00f3ng phun ra, u\u1ed1ng th\u1eadt nhi\u1ec1u n\u01b0\u1edbc. N\u1ebfu c\u00f2n c\u1ea3m gi\u00e1c \u0111au d\u1ea1 d\u00e0y \u0111\u1ebfn nagy b\u00e1c s\u0129 c\u00f9ng v\u1edbi bao b\u00ec s\u1ea3n ph\u1ea9m.<\/span><\/p>\n<p><img loading=\"lazy\" decoding=\"async\" class=\"aligncenter size-full wp-image-1531\" src=\"http:\/\/maudep.com.vn\/banhangnuocgiat\/wp-content\/uploads\/2021\/06\/n\u01b0\u1edbc-lau-s\u00e0n-h\u01b0\u01a1ng-s\u1ea3-chanh-1.jpg\" alt=\"\" width=\"2482\" height=\"1668\" srcset=\"http:\/\/maudep.com.vn\/banhangnuocgiat\/wp-content\/uploads\/2021\/06\/n\u01b0\u1edbc-lau-s\u00e0n-h\u01b0\u01a1ng-s\u1ea3-chanh-1.jpg 2482w, http:\/\/maudep.com.vn\/banhangnuocgiat\/wp-content\/uploads\/2021\/06\/n\u01b0\u1edbc-lau-s\u00e0n-h\u01b0\u01a1ng-s\u1ea3-chanh-1-595x400.jpg 595w, http:\/\/maudep.com.vn\/banhangnuocgiat\/wp-content\/uploads\/2021\/06\/n\u01b0\u1edbc-lau-s\u00e0n-h\u01b0\u01a1ng-s\u1ea3-chanh-1-768x516.jpg 768w, http:\/\/maudep.com.vn\/banhangnuocgiat\/wp-content\/uploads\/2021\/06\/n\u01b0\u1edbc-lau-s\u00e0n-h\u01b0\u01a1ng-s\u1ea3-chanh-1-1190x800.jpg 1190w, http:\/\/maudep.com.vn\/banhangnuocgiat\/wp-content\/uploads\/2021\/06\/n\u01b0\u1edbc-lau-s\u00e0n-h\u01b0\u01a1ng-s\u1ea3-chanh-1-600x403.jpg 600w\" sizes=\"(max-width: 2482px) 100vw, 2482px\" \/><\/p>\n","protected":false},"excerpt":{"rendered":"<p>Th\u00e0nh ph\u1ea7n: N\u01b0\u1edbc, Quatemary ammonium compound 0.16% ch\u1ea5t ho\u1ea1t \u0111\u1ed9ng b\u1ec1 m\u1eb7t, ch\u1ea5t b\u1ea3o qu\u1ea3n, h\u01b0\u01a1ng th\u01a1m v\u00e0 m\u1ea7u. Di\u1ec7t s\u1ea1ch vi khu\u1ea9n &#8211; PH trung t\u00ednh 7+1 &#8211; Chi\u1ebft xu\u1ea5t th\u1ef1c v\u1eadt PH trung t\u00ednh kh\u00f4ng ki\u1ec1m, \u00edt b\u1ecdt n\u00ean \u0111\u1ea3m b\u1ea3o kh\u00f4ng t\u1ed3n d\u01b0 h\u00f3a ch\u1ea5t. S\u1eed d\u1ee5ng ch\u1ea5t l\u00e0m s\u1ea1ch chi\u1ebft xu\u1ea5t [&#8230;]\n","protected":false},"featured_media":1305,"comment_status":"open","ping_status":"closed","template":"","meta":[],"_links":{"self":[{"href":"http:\/\/maudep.com.vn\/banhangnuocgiat\/index.php?rest_route=\/wp\/v2\/product\/1304"}],"collection":[{"href":"http:\/\/maudep.com.vn\/banhangnuocgiat\/index.php?rest_route=\/wp\/v2\/product"}],"about":[{"href":"http:\/\/maudep.com.vn\/banhangnuocgiat\/index.php?rest_route=\/wp\/v2\/types\/product"}],"replies":[{"embeddable":true,"href":"http:\/\/maudep.com.vn\/banhangnuocgiat\/index.php?rest_route=%2Fwp%2Fv2%2Fcomments&post=1304"}],"wp:featuredmedia":[{"embeddable":true,"href":"http:\/\/maudep.com.vn\/banhangnuocgiat\/index.php?rest_route=\/wp\/v2\/media\/1305"}],"wp:attachment":[{"href":"http:\/\/maudep.com.vn\/banhangnuocgiat\/index.php?rest_route=%2Fwp%2Fv2%2Fmedia&parent=1304"}],"curies":[{"name":"wp","href":"https:\/\/api.w.org\/{rel}","templated":true}]}}