{"id":1351,"date":"2021-06-08T03:34:29","date_gmt":"2021-06-08T03:34:29","guid":{"rendered":"http:\/\/maudep.com.vn\/banhangnuocgiat\/?post_type=product&#038;p=1351"},"modified":"2021-06-22T02:33:08","modified_gmt":"2021-06-22T02:33:08","slug":"nuoc-rua-chen-fineday-chanh-800ml","status":"publish","type":"product","link":"http:\/\/maudep.com.vn\/banhangnuocgiat\/?product=nuoc-rua-chen-fineday-chanh-800ml","title":{"rendered":"N\u01b0\u1edbc r\u1eeda ch\u00e9n fineday chanh 800ml"},"content":{"rendered":"<p><span style=\"font-family: 'times new roman', times, serif;font-size: 100%\">Th\u00e0nh ph\u1ea7n: N\u01b0\u1edbc, sodium linear Alkybenzene Sulfonate, sodium laureth Sulfate Mangnesium sulfate, ch\u1ea5t th\u01a1m, DMDM hydantoin, Methylchloroisothiazolinone, methylisothiazofiinone, chi\u1ebft xu\u1ea5t chanh t\u01b0\u01a1i, Tetrasodium EDTA.<\/span><\/p>\n<p><span style=\"font-family: 'times new roman', times, serif;font-size: 100%\">H\u01b0\u1edbng d\u1eabn s\u1eed d\u1ee5ng: \u0110\u1ed5 tr\u1ef1c ti\u1ebfp v\u00e0o mi\u1ebfng r\u1eeda ch\u00e9n \u0111\u00e3 \u0111\u01b0\u1ee3c th\u1ea5m n\u01b0\u1edbc, b\u00f3p nh\u1eb9 mi\u1ebfng r\u1eeda ch\u00e9n \u0111\u1ec3 t\u1ea1o b\u1ecdt. sau khi r\u1eeda tr\u00e1ng l\u1ea1i b\u1eb1ng n\u01b0\u1edbc s\u1ea1ch<\/span><\/p>\n<p><span style=\"font-family: 'times new roman', times, serif;font-size: 100%\">Ch\u00fa \u00fd: Kh\u00f4ng \u0111\u01b0\u1ee3c u\u1ed1ng. \u0110\u1ec3 xa t\u00e0m tay c\u1ee7a tr\u1ebb em.<\/span><\/p>\n<p><span style=\"font-family: 'times new roman', times, serif;font-size: 100%\">B\u1ea3o qu\u1ea3n: \u0110\u1ec3 n\u01a1i tho\u00e1ng m\u00e1i, tr\u00e1nh \u00e1nh n\u1eafng m\u1eb7t tr\u1eddi.<\/span><\/p>\n<p><span style=\"font-family: 'times new roman', times, serif;font-size: 100%\">Tr\u1ecdng l\u01b0\u1ee3ng: 800ml<\/span><\/p>\n<p><span style=\"font-family: 'times new roman', times, serif;font-size: 100%\">\u00a0H\u1ea1n s\u1eed d\u1ee5ng: 3 n\u0103m k\u1ec3 t\u1eeb ng\u00e0y s\u1ea3n xu\u1ea5t.<\/span><\/p>\n","protected":false},"excerpt":{"rendered":"<p>Th\u00e0nh ph\u1ea7n: N\u01b0\u1edbc, sodium linear Alkybenzene Sulfonate, sodium laureth Sulfate Mangnesium sulfate, ch\u1ea5t th\u01a1m, DMDM hydantoin, Methylchloroisothiazolinone, methylisothiazofiinone, chi\u1ebft xu\u1ea5t chanh t\u01b0\u01a1i, Tetrasodium EDTA. H\u01b0\u1edbng d\u1eabn s\u1eed d\u1ee5ng: \u0110\u1ed5 tr\u1ef1c ti\u1ebfp v\u00e0o mi\u1ebfng r\u1eeda ch\u00e9n \u0111\u00e3 \u0111\u01b0\u1ee3c th\u1ea5m n\u01b0\u1edbc, b\u00f3p nh\u1eb9 mi\u1ebfng r\u1eeda ch\u00e9n \u0111\u1ec3 t\u1ea1o b\u1ecdt. sau khi r\u1eeda tr\u00e1ng l\u1ea1i b\u1eb1ng n\u01b0\u1edbc s\u1ea1ch [&#8230;]\n","protected":false},"featured_media":1352,"comment_status":"open","ping_status":"closed","template":"","meta":[],"_links":{"self":[{"href":"http:\/\/maudep.com.vn\/banhangnuocgiat\/index.php?rest_route=\/wp\/v2\/product\/1351"}],"collection":[{"href":"http:\/\/maudep.com.vn\/banhangnuocgiat\/index.php?rest_route=\/wp\/v2\/product"}],"about":[{"href":"http:\/\/maudep.com.vn\/banhangnuocgiat\/index.php?rest_route=\/wp\/v2\/types\/product"}],"replies":[{"embeddable":true,"href":"http:\/\/maudep.com.vn\/banhangnuocgiat\/index.php?rest_route=%2Fwp%2Fv2%2Fcomments&post=1351"}],"wp:featuredmedia":[{"embeddable":true,"href":"http:\/\/maudep.com.vn\/banhangnuocgiat\/index.php?rest_route=\/wp\/v2\/media\/1352"}],"wp:attachment":[{"href":"http:\/\/maudep.com.vn\/banhangnuocgiat\/index.php?rest_route=%2Fwp%2Fv2%2Fmedia&parent=1351"}],"curies":[{"name":"wp","href":"https:\/\/api.w.org\/{rel}","templated":true}]}}