{"id":1187,"date":"2018-12-10T23:07:43","date_gmt":"2018-12-10T16:07:43","guid":{"rendered":"http:\/\/maudep.com.vn\/chuyengiadienmay\/?page_id=1187"},"modified":"2019-01-14T15:37:40","modified_gmt":"2019-01-14T08:37:40","slug":"chinh-sach-giao-hang","status":"publish","type":"page","link":"http:\/\/maudep.com.vn\/chuyengiadienmay\/?page_id=1187","title":{"rendered":"Ch\u00ednh s\u00e1ch giao h\u00e0ng"},"content":{"rendered":"<h3 style=\"text-align: center;\"><span style=\"color: #00ccff;\"><strong>CH\u00cdNH S\u00c1CH GIAO H\u00c0NG<\/strong><\/span><\/h3>\n<p><strong><u>*Giao h\u00e0ng t\u1ea1i H\u00e0 N\u1ed9i<\/u><\/strong><\/p>\n<ol>\n<li><strong><em> Ph\u1ea1m vi v\u1eadn chuy\u1ec3n<\/em><\/strong><\/li>\n<\/ol>\n<p>Chuyengiadienmay giao h\u00e0ng t\u1eadn n\u01a1i trong ph\u1ea1m vi 12 qu\u1eadn n\u1ed9i th\u00e0nh H\u00e0 N\u1ed9i \u0111\u1ed1i v\u1edbi t\u1ea5t c\u1ea3 c\u00e1c \u0111\u01a1n h\u00e0ng<\/p>\n<p>Danh s\u00e1ch 12 qu\u1eadn N\u1ed9i Th\u00e0nh bao g\u1ed3m:<\/p>\n<p>Ba \u0110\u00ecnh, B\u1eafc T\u1eeb Li\u00eam, Nam T\u1eeb Li\u00eam, C\u1ea7u Gi\u1ea5y, \u0110\u1ed1ng \u0110a, H\u00e0 \u0110\u00f4ng, Hai B\u00e0 Tr\u01b0ng, Ho\u00e0n Ki\u1ebfm, Ho\u00e0ng Mai, Long Bi\u00ean, T\u00e2y H\u1ed3, Thanh Xu\u00e2n<\/p>\n<p>C\u00e1c Qu\u1eadn, Huy\u1ec7n kh\u00e1c vui l\u00f2ng xem trang Ship h\u00e0ng t\u1ea1i t\u1ec9nh kh\u00e1c<\/p>\n<ol>\n<li><strong><em> V\u1eadn chuy\u1ec3n: Chi ph\u00ed giao h\u00e0ng t\u1eadn nh\u00e0<\/em><\/strong><\/li>\n<\/ol>\n<p>&#8211; \u0110\u1ed1i v\u1edbi c\u00e1c kh\u00e1ch h\u00e0ng trong n\u1ed9i th\u00e0nh H\u00e0 N\u1ed9i Chuyengiadienmay s\u1ebd \u0110\u1eb7c bi\u1ec7t Free Ship v\u1edbi t\u1ea5t c\u1ea3 c\u00e1c \u0111\u01a1n h\u00e0ng ngo\u1ea1i tr\u1eeb c\u00e1c \u0111\u01a1n h\u00e0ng n\u1eb1m trong danh m\u1ee5c ph\u1ee5 ki\u1ec7n s\u1ebd \u00e1p d\u1ee5ng m\u1ee9c ph\u00ed <strong>\u0111\u1ed3ng gi\u00e1 25.000\u0111 <\/strong>cho m\u1ed7i \u0111\u01a1n h\u00e0ng<\/p>\n<p>&#8211; \u0110\u1ed1i v\u1edbi c\u00e1c \u0111\u01a1n h\u00e0ng kh\u00f4ng n\u1eb1m trong c\u00e1c qu\u1eadn n\u1ed9i th\u00e0nh, Chuyengiadienmay s\u1ebd s\u1eed d\u1ee5ng d\u1ecbch v\u1ee5 c\u1ee7a b\u01b0u \u0111i\u1ec7n (Nh\u1eadn \u0111\u01b0\u1ee3c h\u00e0ng sau 1-2 ng\u00e0y) ho\u1eb7c ship h\u00e0ng theo y\u00eau c\u1ea7u c\u1ee7a kh\u00e1ch h\u00e0ng v\u1edbi m\u1ee9c ship \u0111\u00e3 th\u1ecfa thu\u1eadn<\/p>\n<p>Kh\u00e1ch h\u00e0ng mu\u1ed1n bi\u1ebft th\u00eam th\u00f4ng tin , vui l\u00f2ng li\u00ean h\u1ec7 Hotline: 0243 9128 555<\/p>\n<p><strong><u>* Giao h\u00e0ng \u0111i t\u1ec9nh v\u00e0 th\u00e0nh ph\u1ed1 kh\u00e1c<\/u><\/strong><\/p>\n<ol>\n<li><strong><em> Ph\u00ed v\u1eadn chuy\u1ec3n<\/em><\/strong><\/li>\n<li>Kh\u00e1ch h\u00e0ng l\u1ef1a ch\u1ecdn 1 trong 2 h\u00ecnh th\u1ee9c chuy\u1ec3n ph\u00e1t th\u01b0\u1eddng ho\u1eb7c chuy\u1ec3n ph\u00e1t nhanh v\u1edbi m\u1ee9c ph\u00ed c\u1ee5 th\u1ec3 nh\u01b0 b\u1ea3ng b\u00ean d\u01b0\u1edbi:<\/li>\n<\/ol>\n<table>\n<tbody>\n<tr>\n<td rowspan=\"2\" width=\"216\"><strong>G\u00cdA TR\u1eca \u0110\u01a0N H\u00c0NG<\/strong><\/td>\n<td width=\"201\"><strong>CHUY\u1ec2N PH\u00c1T TH\u01af\u1edcNG<\/strong><\/td>\n<td width=\"201\"><strong>CHUY\u1ec2N PH\u00c1T NHANH<\/strong><\/td>\n<\/tr>\n<tr>\n<td width=\"201\">Ph\u00ed v\u1eadn chuy\u1ec3n<\/td>\n<td width=\"201\">Ph\u00ed v\u1eadn chuy\u1ec3n<\/td>\n<\/tr>\n<tr>\n<td width=\"216\">100.000\u0111 &#8211; 200.000\u0111<\/td>\n<td width=\"201\">20.000\u0111<\/td>\n<td width=\"201\">60.000\u0111<\/td>\n<\/tr>\n<tr>\n<td width=\"216\">200.000\u0111 &#8211; 500.000\u0111<\/td>\n<td width=\"201\">30.000\u0111<\/td>\n<td width=\"201\">100.000\u0111<\/td>\n<\/tr>\n<tr>\n<td width=\"216\">T\u1eeb 500.000\u0111<\/td>\n<td width=\"201\">0\u0111<\/td>\n<td width=\"201\">150.000\u0111<\/td>\n<\/tr>\n<\/tbody>\n<\/table>\n<p>&nbsp;<\/p>\n<p><strong><em><u>(*) L\u01b0u \u00fd:<\/u><\/em><\/strong><\/p>\n<ul>\n<li>B\u1ea3ng gi\u00e1 ship tr\u00ean kh\u00f4ng \u00e1p d\u1ee5ng v\u1edbi \u0111\u01a1n h\u00e0ng c\u00f3 kh\u1ed1i l\u01b0\u1ee3ng tr\u00ean 10kg. N\u1ebfu \u0111\u01a1n h\u00e0ng tr\u00ean 10kg, kh\u00e1ch h\u00e0ng s\u1ebd \u0111\u01b0\u1ee3c b\u00e1o l\u1ea1i ph\u00ed v\u1eadn chuy\u1ec3n qua \u0111i\u1ec7n tho\u1ea1i.<\/li>\n<li>B\u1ea3ng gi\u00e1 ship tr\u00ean c\u00f3 th\u1ec3 thay \u0111\u1ed5i m\u00e0 kh\u00f4ng b\u00e1o tr\u01b0\u1edbc n\u00ean tr\u01b0\u1edbc khi chuy\u1ec3n h\u00e0ng Chuyengiadienmay s\u1ebd x\u00e1c nh\u1eadn m\u1ee9c ph\u00ed c\u1ee5 th\u1ec3 \u0111\u1ec3 kh\u00e1ch h\u00e0ng l\u1ef1a ch\u1ecdn h\u00ecnh th\u1ee9c v\u1eadn chuy\u1ec3n<\/li>\n<\/ul>\n<p>&nbsp;<\/p>\n<ol start=\"2\">\n<li>Kh\u00e1ch h\u00e0ng c\u0169ng c\u00f3 th\u1ec3 ch\u1ecdn h\u00ecnh th\u1ee9c t\u1ef1 thanh to\u00e1n ti\u1ec1n c\u01b0\u1edbc v\u1eadn chuy\u1ec3n khi nh\u1eadn h\u00e0ng<\/li>\n<\/ol>\n<p><strong><em><u>\u00a0<\/u><\/em><\/strong><\/p>\n<ol>\n<li><strong><em> Th\u1eddi gian v\u1eadn chuy\u1ec3n<\/em><\/strong><\/li>\n<\/ol>\n<table>\n<tbody>\n<tr>\n<td width=\"223\"><strong>KHU V\u1ef0C<\/strong><\/td>\n<td width=\"204\"><strong>CHUY\u1ec2N PH\u00c1T TH\u01af\u1edcNG<\/strong><\/td>\n<td width=\"196\"><strong>CHUY\u1ec2N PH\u00c1T NHANH<\/strong><\/td>\n<\/tr>\n<tr>\n<td width=\"223\">Ngo\u1ea1i th\u00e0nh H\u00e0 N\u1ed9i<\/td>\n<td width=\"204\">2-3 ng\u00e0y<\/td>\n<td width=\"196\">1 ng\u00e0y<\/td>\n<\/tr>\n<tr>\n<td width=\"223\">TP H\u1ed3 Ch\u00ed Minh &amp; \u0110\u00e0 N\u1eb5ng<\/td>\n<td width=\"204\">3-4 ng\u00e0y<\/td>\n<td width=\"196\">1-2 ng\u00e0y<\/td>\n<\/tr>\n<tr>\n<td width=\"223\">Mi\u1ec1n B\u1eafc<\/td>\n<td width=\"204\">3-4 ng\u00e0y<\/td>\n<td width=\"196\">1-2 ng\u00e0y<\/td>\n<\/tr>\n<tr>\n<td width=\"223\">Mi\u1ec1n Trung<\/td>\n<td width=\"204\">5-6 ng\u00e0y<\/td>\n<td width=\"196\">2-3 ng\u00e0y<\/td>\n<\/tr>\n<tr>\n<td width=\"223\">Mi\u1ec1n Nam<\/td>\n<td width=\"204\">6-7 ng\u00e0y<\/td>\n<td width=\"196\">3-4 ng\u00e0y<\/td>\n<\/tr>\n<\/tbody>\n<\/table>\n<p>&nbsp;<\/p>\n<p>(*) Th\u1eddi gian tr\u00ean ch\u01b0a t\u00ednh T7, CN v\u00e0 c\u00e1c ng\u00e0y ngh\u1ec9 l\u1ec5, t\u1ebft<\/p>\n<p><strong><em>III. Thanh to\u00e1n<\/em><\/strong><\/p>\n<ol>\n<li><strong> V\u1edbi kh\u00e1ch h\u00e0ng trong n\u1ed9i th\u00e0nh H\u00e0 N\u1ed9i<\/strong><\/li>\n<\/ol>\n<p>Kh\u00e1ch h\u00e0ng ch\u1ecdn l\u1ef1a 1 trong 2 h\u00ecnh th\u1ee9c thanh to\u00e1n:<\/p>\n<p>&#8211; Thanh to\u00e1n chuy\u1ec3n kho\u1ea3n qua Ng\u00e2n h\u00e0ng tr\u01b0\u1edbc khi nh\u1eadn h\u00e0ng.<\/p>\n<p>&#8211; Thanh to\u00e1n khi nh\u1eadn h\u00e0ng (Ship COD)<\/p>\n<ol start=\"2\">\n<li><strong> V\u1edbi kh\u00e1ch h\u00e0ng \u1edf ngo\u1ea1i th\u00e0nh H\u00e0 N\u1ed9i v\u00e0 c\u00e1c T\u1ec9nh, Th\u00e0nh ph\u1ed1 kh\u00e1c<\/strong><\/li>\n<\/ol>\n<p>Kh\u00e1ch h\u00e0ng vui l\u00f2ng Chuy\u1ec3n kho\u1ea3n Ng\u00e2n h\u00e0ng sau khi Chuyengiadienmay.com g\u1ecdi \u0111i\u1ec7n x\u00e1c nh\u1eadn \u0111\u01a1n h\u00e0ng v\u00e0 th\u00f4ng b\u00e1o s\u1ed1 t\u00e0i kho\u1ea3n, kh\u00e1ch h\u00e0ng chuy\u1ec3n kho\u1ea3n ti\u1ec1n h\u00e0ng + ph\u00ed v\u1eadn chuy\u1ec3n. Ho\u1eb7c Thanh to\u00e1n Online tr\u1ef1c ti\u1ebfp trong qu\u00e1 tr\u00ecnh th\u1ef1c hi\u1ec7n thao t\u00e1c mua h\u00e0ng. Khi \u0111\u00e3 x\u00e1c nh\u1eadn giao d\u1ecbch thanh to\u00e1n mua h\u00e0ng th\u00e0nh c\u00f4ng, Chuyengiadienmay s\u1ebd g\u1eedi h\u00e0ng cho kh\u00e1ch h\u00e0ng<\/p>\n<p>L\u01b0u \u00fd: trong n\u1ed9i dung giao d\u1ecbch chuy\u1ec3n kho\u1ea3n kh\u00e1ch h\u00e0ng ch\u1ec9 ghi <strong>\u201c t\u00ean v\u00e0 s\u1ed1 \u0111i\u1ec7n tho\u1ea1i \u0111\u1eb7t h\u00e0ng\u201d <\/strong>\u0111\u1ec3 Chuyengiadienmay nh\u1eadn bi\u1ebft \u0111\u01a1n h\u00e0ng ch\u00ednh x\u00e1c v\u00e0 x\u1eed l\u00fd nhanh nh\u1ea5t.<\/p>\n<p>N\u1ebfu qu\u00fd kh\u00e1ch h\u00e0ng c\u00f3 th\u1eafc m\u1eafc ho\u1eb7c c\u1ea7n \u0111\u01b0\u1ee3c h\u1ed7 tr\u1ee3 th\u00eam, vui l\u00f2ng li\u00ean l\u1ea1c v\u1edbi B\u1ed9 ph\u1eadn h\u1ed7 tr\u1ee3 kh\u00e1ch h\u00e0ng t\u1ea1i www.maudep.com.vn\/chuyengiadienmay \u0111\u1ec3 \u0111\u01b0\u1ee3c h\u1ed7 tr\u1ee3 th\u00eam<\/p>\n<p>Xin tr\u00e2n tr\u1ecdng c\u1ea3m \u01a1n!<\/p>\n<p>&nbsp;<\/p>\n<p>&nbsp;<\/p>\n<p>&nbsp;<\/p>\n","protected":false},"excerpt":{"rendered":"<p>CH\u00cdNH S\u00c1CH GIAO H\u00c0NG *Giao h\u00e0ng t\u1ea1i H\u00e0 N\u1ed9i Ph\u1ea1m vi v\u1eadn chuy\u1ec3n Chuyengiadienmay giao h\u00e0ng t\u1eadn n\u01a1i trong ph\u1ea1m &hellip; <a class=\"link-more\" href=\"http:\/\/maudep.com.vn\/chuyengiadienmay\/?page_id=1187\" class=\"more-link\">\u0110\u1ecdc th\u00eam &raquo;<span class=\"screen-reader-text\"> &#8220;Ch\u00ednh s\u00e1ch giao h\u00e0ng&#8221;<\/span><\/a><\/p>\n","protected":false},"author":1,"featured_media":0,"parent":0,"menu_order":0,"comment_status":"closed","ping_status":"closed","template":"","meta":[],"_links":{"self":[{"href":"http:\/\/maudep.com.vn\/chuyengiadienmay\/index.php?rest_route=\/wp\/v2\/pages\/1187"}],"collection":[{"href":"http:\/\/maudep.com.vn\/chuyengiadienmay\/index.php?rest_route=\/wp\/v2\/pages"}],"about":[{"href":"http:\/\/maudep.com.vn\/chuyengiadienmay\/index.php?rest_route=\/wp\/v2\/types\/page"}],"author":[{"embeddable":true,"href":"http:\/\/maudep.com.vn\/chuyengiadienmay\/index.php?rest_route=\/wp\/v2\/users\/1"}],"replies":[{"embeddable":true,"href":"http:\/\/maudep.com.vn\/chuyengiadienmay\/index.php?rest_route=%2Fwp%2Fv2%2Fcomments&post=1187"}],"version-history":[{"count":3,"href":"http:\/\/maudep.com.vn\/chuyengiadienmay\/index.php?rest_route=\/wp\/v2\/pages\/1187\/revisions"}],"predecessor-version":[{"id":3269,"href":"http:\/\/maudep.com.vn\/chuyengiadienmay\/index.php?rest_route=\/wp\/v2\/pages\/1187\/revisions\/3269"}],"wp:attachment":[{"href":"http:\/\/maudep.com.vn\/chuyengiadienmay\/index.php?rest_route=%2Fwp%2Fv2%2Fmedia&parent=1187"}],"curies":[{"name":"wp","href":"https:\/\/api.w.org\/{rel}","templated":true}]}}