{"id":1208,"date":"2018-12-11T15:40:08","date_gmt":"2018-12-11T08:40:08","guid":{"rendered":"http:\/\/maudep.com.vn\/chuyengiadienmay\/?page_id=1208"},"modified":"2019-01-08T14:29:50","modified_gmt":"2019-01-08T07:29:50","slug":"gioi-thieu-ve-chuyengiadienmay","status":"publish","type":"page","link":"http:\/\/maudep.com.vn\/chuyengiadienmay\/?page_id=1208","title":{"rendered":"Gi\u1edbi thi\u1ec7u v\u1ec1 Chuyengiadienmay"},"content":{"rendered":"<h3 style=\"text-align: center;\"><span style=\"color: #3366ff;\"><strong>GI\u1edaI THI\u1ec6U V\u1ec0\u00a0 <u>maudep.com.vn\/chuyengiadienmay<\/u><\/strong><strong><br \/>\n<\/strong><\/span><\/h3>\n<p>Th\u1ea5u hi\u1ec3u s\u1ea3n ph\u1ea9m lu\u00f4n ngh\u0129 v\u1ec1 l\u1ee3i \u00edch ng\u01b0\u1eddi ti\u00eau d\u00f9ng n\u00ean <span style=\"color: #3366ff;\"><u>maudep.com.vn\/chuyengiadienmay<\/u><\/span><\/p>\n<p><img loading=\"lazy\" class=\"aligncenter size-full wp-image-2610\" src=\"http:\/\/maudep.com.vn\/chuyengiadienmay\/wp-content\/uploads\/2019\/01\/z1235290630533_e4d95edce0d746a90bcd624b91301cfb.png\" alt=\"\" width=\"275\" height=\"239\" \/><\/p>\n<p>&nbsp;<\/p>\n<p><span style=\"color: #3366ff;\"><u>maudep.com.vn\/chuyengiadienmay<\/u><\/span> \u0111\u00e3 \u0111\u0103ng k\u00fd ho\u1ea1t \u0111\u1ed9ng th\u01b0\u01a1ng m\u1ea1i \u0111i\u1ec7n t\u1eed v\u1edbi B\u1ed9 C\u00f4ng Th\u01b0\u01a1ng ( xem gi\u1ea5y ph\u00e9p kinh doanh th\u01b0\u01a1ng m\u1ea1i \u0111i\u1ec7n t\u1eed v\u1edbi C\u00f4ng Th\u01b0\u01a1ng th\u00e1ng \u2026\u2026). Ch\u00fang t\u00f4i cam k\u1ebft 100% s\u1ea3n ph\u1ea9m tr\u00ean maudep.com.vn\/chuyengiadienmay l\u00e0 h\u00e0ng ch\u00ednh h\u00e3ng.<\/p>\n<p><img loading=\"lazy\" class=\"aligncenter size-full wp-image-2611\" src=\"http:\/\/maudep.com.vn\/chuyengiadienmay\/wp-content\/uploads\/2019\/01\/z1235290653813_311910915a00da6a6040bfa674490199.jpg\" alt=\"\" width=\"1401\" height=\"103\" srcset=\"http:\/\/maudep.com.vn\/chuyengiadienmay\/wp-content\/uploads\/2019\/01\/z1235290653813_311910915a00da6a6040bfa674490199.jpg 1401w, http:\/\/maudep.com.vn\/chuyengiadienmay\/wp-content\/uploads\/2019\/01\/z1235290653813_311910915a00da6a6040bfa674490199-300x22.jpg 300w, http:\/\/maudep.com.vn\/chuyengiadienmay\/wp-content\/uploads\/2019\/01\/z1235290653813_311910915a00da6a6040bfa674490199-768x56.jpg 768w, http:\/\/maudep.com.vn\/chuyengiadienmay\/wp-content\/uploads\/2019\/01\/z1235290653813_311910915a00da6a6040bfa674490199-1024x75.jpg 1024w, http:\/\/maudep.com.vn\/chuyengiadienmay\/wp-content\/uploads\/2019\/01\/z1235290653813_311910915a00da6a6040bfa674490199-600x44.jpg 600w\" sizes=\"(max-width: 1401px) 100vw, 1401px\" \/><\/p>\n<h3 style=\"text-align: center;\"><span style=\"color: #3366ff;\"><strong>H\u00c0NG H\u00d3A PHONG PH\u00da, \u0110A D\u1ea0NG, XU\u1ea4T X\u1ee8 R\u00d5 R\u00c0NG<\/strong><\/span><\/h3>\n<p>H\u00e0ng ho\u00e1 t\u1ea1i <span style=\"color: #3366ff;\"><u>maudep.com.vn\/chuyengiadienmay<\/u> <\/span>\u00a0\u0111a d\u1ea1ng, t\u1eeb c\u00e1c nh\u00f3m h\u00e0ng l\u1edbn nh\u01b0 Tivi, T\u1ee7 L\u1ea1nh, M\u00e1y Gi\u1eb7t, M\u00e1y L\u1ea1nh\u2026 \u0111\u1ebfn c\u00e1c nh\u00f3m h\u00e0ng Gia d\u1ee5ng nh\u01b0: N\u1ed3i C\u01a1m \u0110i\u1ec7n, B\u1ebfp Ga, B\u1ebfp \u0110i\u1ec7n T\u1eeb\u2026<\/p>\n<h3 style=\"text-align: center;\"><span style=\"color: #3366ff;\"><strong>T\u1ed4NG \u0110\u00c0I H\u1ed6 TR\u1ee2 KH\u00c1CH H\u00c0NG<\/strong><\/span><\/h3>\n<table class=\" aligncenter\" style=\"width: 814px; height: 247px;\">\n<tbody>\n<tr style=\"height: 247px;\">\n<td style=\"text-align: center; width: 325px; height: 247px;\"><img loading=\"lazy\" class=\"wp-image-2609\" src=\"http:\/\/maudep.com.vn\/chuyengiadienmay\/wp-content\/uploads\/2019\/01\/z1235290615939_b05e12f6dc7813d456afe3f6517b3309.png\" alt=\"\" width=\"210\" height=\"244\" srcset=\"http:\/\/maudep.com.vn\/chuyengiadienmay\/wp-content\/uploads\/2019\/01\/z1235290615939_b05e12f6dc7813d456afe3f6517b3309.png 271w, http:\/\/maudep.com.vn\/chuyengiadienmay\/wp-content\/uploads\/2019\/01\/z1235290615939_b05e12f6dc7813d456afe3f6517b3309-259x300.png 259w\" sizes=\"(max-width: 210px) 100vw, 210px\" \/><\/td>\n<td style=\"width: 475px; height: 247px;\">\n<p style=\"text-align: center;\">T\u1ed5ng \u0111\u00e0i b\u00e1n hang v\u00e0 h\u1ed7 tr\u1ee3 kh\u00e1ch h\u00e0ng (7:30 &#8211; 18:00)<\/p>\n<h3 style=\"text-align: center;\"><span style=\"color: #ffff00;\"><strong>0243 9128 555<\/strong><\/span><\/h3>\n<h3 style=\"text-align: center;\"><span style=\"color: #ffff00;\"><strong>0243 9126 555<\/strong><\/span><\/h3>\n<p>&nbsp;<\/p>\n<p><strong>\u00a0<\/strong><\/td>\n<\/tr>\n<\/tbody>\n<\/table>\n<p>&nbsp;<\/p>\n<p>&nbsp;<\/p>\n<p>&nbsp;<\/p>\n<p>&nbsp;<\/p>\n<p>&nbsp;<\/p>\n<p>&nbsp;<\/p>\n<p>&nbsp;<\/p>\n<p>&nbsp;<\/p>\n","protected":false},"excerpt":{"rendered":"<p>GI\u1edaI THI\u1ec6U V\u1ec0\u00a0 maudep.com.vn\/chuyengiadienmay Th\u1ea5u hi\u1ec3u s\u1ea3n ph\u1ea9m lu\u00f4n ngh\u0129 v\u1ec1 l\u1ee3i \u00edch ng\u01b0\u1eddi ti\u00eau d\u00f9ng n\u00ean maudep.com.vn\/chuyengiadienmay &nbsp; maudep.com.vn\/chuyengiadienmay &hellip; <a class=\"link-more\" href=\"http:\/\/maudep.com.vn\/chuyengiadienmay\/?page_id=1208\" class=\"more-link\">\u0110\u1ecdc th\u00eam &raquo;<span class=\"screen-reader-text\"> &#8220;Gi\u1edbi thi\u1ec7u v\u1ec1 Chuyengiadienmay&#8221;<\/span><\/a><\/p>\n","protected":false},"author":1,"featured_media":0,"parent":0,"menu_order":0,"comment_status":"closed","ping_status":"closed","template":"","meta":[],"_links":{"self":[{"href":"http:\/\/maudep.com.vn\/chuyengiadienmay\/index.php?rest_route=\/wp\/v2\/pages\/1208"}],"collection":[{"href":"http:\/\/maudep.com.vn\/chuyengiadienmay\/index.php?rest_route=\/wp\/v2\/pages"}],"about":[{"href":"http:\/\/maudep.com.vn\/chuyengiadienmay\/index.php?rest_route=\/wp\/v2\/types\/page"}],"author":[{"embeddable":true,"href":"http:\/\/maudep.com.vn\/chuyengiadienmay\/index.php?rest_route=\/wp\/v2\/users\/1"}],"replies":[{"embeddable":true,"href":"http:\/\/maudep.com.vn\/chuyengiadienmay\/index.php?rest_route=%2Fwp%2Fv2%2Fcomments&post=1208"}],"version-history":[{"count":3,"href":"http:\/\/maudep.com.vn\/chuyengiadienmay\/index.php?rest_route=\/wp\/v2\/pages\/1208\/revisions"}],"predecessor-version":[{"id":2614,"href":"http:\/\/maudep.com.vn\/chuyengiadienmay\/index.php?rest_route=\/wp\/v2\/pages\/1208\/revisions\/2614"}],"wp:attachment":[{"href":"http:\/\/maudep.com.vn\/chuyengiadienmay\/index.php?rest_route=%2Fwp%2Fv2%2Fmedia&parent=1208"}],"curies":[{"name":"wp","href":"https:\/\/api.w.org\/{rel}","templated":true}]}}