{"id":1211,"date":"2018-12-11T15:53:58","date_gmt":"2018-12-11T08:53:58","guid":{"rendered":"http:\/\/maudep.com.vn\/chuyengiadienmay\/?page_id=1211"},"modified":"2019-01-14T11:48:00","modified_gmt":"2019-01-14T04:48:00","slug":"chinh-sach-quy-dinh-chung","status":"publish","type":"page","link":"http:\/\/maudep.com.vn\/chuyengiadienmay\/?page_id=1211","title":{"rendered":"Ch\u00ednh s\u00e1ch &#038; Quy \u0111\u1ecbnh chung"},"content":{"rendered":"<h3 style=\"text-align: center;\"><span style=\"color: #3366ff;\"><strong>CH\u00cdNH S\u00c1CH &amp; QUY \u0110\u1ecaNH CHUNG<\/strong><\/span><\/h3>\n<ol>\n<li><strong> Gi\u1edbi thi\u1ec7u<\/strong><\/li>\n<\/ol>\n<p>Ch\u00e0o m\u1eebng b\u1ea1n \u0111\u00e3 \u0111\u1ebfn v\u1edbi Chuyengiadienmay.com<\/p>\n<p>Ch\u00fang t\u00f4i l\u00e0 c\u1eeda h\u00e0ng c\u00f3 \u0111\u1ecba ch\u1ec9 tr\u1ee5 s\u1edf t\u1ea1i S\u1ed1 47 \u0110\u1eb7ng Ti\u1ebfn \u0110\u00f4ng, P. Trung Li\u1ec7t, Q. \u0110\u1ed1ng \u0110a, TP. H\u00e0 N\u1ed9i. Website \u0111\u00e3 ho\u00e0n t\u1ea5t th\u1ee7 t\u1ee5c th\u00f4ng b\u00e1o B\u1ed9 C\u00f4ng Th\u01b0\u01a1ng Vi\u1ec7t Nam.<\/p>\n<p>Khi b\u1ea1n truy c\u1eadp v\u00e0o Chuyengiadienmay c\u00f3 ngh\u0129a l\u00e0 b\u1ea1n \u0111\u00e3 \u0111\u1ed3ng \u00fd v\u1edbi c\u00e1c \u0111i\u1ec3m \u0111\u00e3 n\u00eau trong b\u00e0i vi\u1ebft n\u00e0y. Chuyengiadienmay c\u00f3 quy\u1ec1n thay \u0111\u1ed5i, ch\u1ec9nh s\u1eeda, th\u00eam ho\u1eb7c l\u01b0\u1ee3c b\u1ecf b\u1ea5t k\u1ef3 ph\u1ea7n n\u00e0o trong trang Ch\u00ednh s\u00e1ch &amp; quy \u0111\u1ecbnh chung n\u00e0y, v\u00e0o b\u1ea5t c\u1ee9 l\u00fac n\u00e0o. C\u00e1c thay \u0111\u1ed5i c\u00f3 hi\u1ec7u l\u1ef1c ngay khi \u0111\u01b0\u1ee3c \u0111\u0103ng tr\u00ean trang Web m\u00e0 kh\u00f4ng c\u1ea7n th\u00f4ng b\u00e1o tr\u01b0\u1edbc. V\u00e0 khi b\u1ea1n ti\u1ebfp t\u1ee5c s\u1eed\u00a0 d\u1ee5ng trang web, sau khi c\u00e1c thay \u0111\u1ed5i v\u1ec1 \u0111i\u1ec1u kho\u1ea3n n\u00e0y \u0111\u01b0\u1ee3c \u0111\u0103ng t\u1ea3i, c\u00f3 ngh\u0129a l\u00e0 b\u1ea1n \u0111\u00e3 ch\u1ea5p nh\u1eadn v\u1edbi nh\u1eefng thay \u0111\u1ed5i \u0111\u00f3.<\/p>\n<ol start=\"2\">\n<li><strong> H\u01b0\u1edbng d\u1eabn s\u1eed d\u1ee5ng Website<\/strong><\/li>\n<\/ol>\n<p>Khi v\u00e0o web c\u1ee7a ch\u00fang t\u00f4i, b\u1ea1n ph\u1ea3i \u0111\u1ea3m b\u1ea3o \u0111\u1ee7 18 tu\u1ed5i, ho\u1eb7c truy c\u1eadp d\u01b0\u1edbi s\u1ef1 gi\u00e1m s\u00e1t c\u1ee7a cha m\u1eb9 hay ng\u01b0\u1eddi gi\u00e1m h\u1ed9 h\u1ee3p ph\u00e1p. B\u1ea1n \u0111\u1ea3m b\u1ea3o c\u00f3 \u0111\u1ea7y \u0111\u1ee7 h\u00e0nh vi d\u00e2n s\u1ef1 \u0111\u1ec3 th\u1ef1c hi\u1ec7n c\u00e1c giao d\u1ecbch mua b\u00e1n h\u00e0ng h\u00f3a theo quy \u0111\u1ecbnh hi\u1ec7n h\u00e0nh c\u1ee7a ph\u00e1p lu\u1eadt Vi\u1ec7t Nam.<\/p>\n<p>Khi b\u1ea1n mua s\u1ea3n ph\u1ea9m tr\u00ean trang Web Chuyengiadienmay.com b\u1ea1n s\u1ebd ph\u1ea3i cung c\u1ea5p c\u00e1c th\u00f4ng tin nh\u01b0 sau: H\u1ecd t\u00ean, \u0111\u1ecba ch\u1ec9 nh\u1eadn h\u00e0ng, Email x\u00e1c nh\u1eadn \u0111\u01a1n h\u00e0ng, s\u1ed1 \u0111i\u1ec7n tho\u1ea1i nh\u1eadn h\u00e0ng.<\/p>\n<ol start=\"3\">\n<li><strong> \u00dd ki\u1ebfn c\u1ee7a b\u1ea1n<\/strong><\/li>\n<\/ol>\n<p>T\u1ea5t c\u1ea3 n\u1ed9i dung trang web v\u00e0 \u00fd ki\u1ebfn ph\u00ea b\u00ecnh c\u1ee7a qu\u00fd kh\u00e1ch \u0111\u1ec1u l\u00e0 t\u00e0i s\u1ea3n c\u1ee7a ch\u00fang t\u00f4i. N\u1ebfu ch\u00fang t\u00f4i ph\u00e1t hi\u1ec7n b\u1ea5t k\u1ef3 th\u00f4ng tin gi\u1ea3 m\u1ea1o n\u00e0o ch\u00fang t\u00f4i s\u1ebd kh\u00f3\u00e1 t\u00e0i kho\u1ea3n c\u1ee7a qu\u00fd kh\u00e1ch ngay l\u1eadp t\u1ee9c ho\u1eb7c \u00e1p d\u1ee5ng c\u00e1c bi\u1ec7n ph\u00e1p kh\u00e1c theo quy \u0111\u1ecbnh c\u1ee7a Ph\u00e1p lu\u1eadt Vi\u1ec7t Nam.<\/p>\n<ol start=\"4\">\n<li><strong> Ch\u1ea5p nh\u1eadn \u0111\u01a1n h\u00e0ng v\u00e0 gi\u00e1 c\u1ea3<\/strong><\/li>\n<\/ol>\n<p>Ch\u00fang t\u00f4i c\u00f3 quy\u1ec1n t\u1eeb ch\u1ed1i ho\u1eb7c h\u1ee7y \u0111\u01a1n h\u00e0ng c\u1ee7a qu\u00fd kh\u00e1ch v\u00ec b\u1ea5t k\u1ef3 l\u00fd do li\u00ean quan \u0111\u1ebfn l\u1ed7i k\u0129 thu\u1eadt, h\u1ec7 th\u1ed1ng m\u1ed9t c\u00e1ch kh\u00e1ch quan v\u00e0o b\u1ea5t k\u1ef3 l\u00fac n\u00e0o. Ch\u00fang t\u00f4i c\u00f3 th\u1ec3 h\u1ecfi th\u00eam v\u1ec1 s\u1ed1 \u0111i\u1ec7n tho\u1ea1i v\u00e0 \u0111\u1ecba ch\u1ec9 tr\u01b0\u1edbc khi nh\u1eadn \u0111\u01a1n h\u00e0ng.<\/p>\n<p>Ch\u00fang t\u00f4i cam k\u1ebft s\u1ebd cung c\u1ea5p th\u00f4ng tin gi\u00e1 c\u1ea3 ch\u00ednh x\u00e1c nh\u1ea5t cho ng\u01b0\u1eddi ti\u00eau d\u00f9ng. Tuy nhi\u00ean, \u0111\u00f4i l\u00fac v\u1eabn c\u00f3 sai s\u00f3t x\u1ea3y ra, v\u00ed d\u1ee5 nh\u01b0\u00a0 tr\u01b0\u1eddng h\u1ee3p gi\u00e1 s\u1ea3n ph\u1ea9m kh\u00f4ng hi\u1ec3n th\u1ecb ch\u00ednh x\u00e1c tr\u00ean trang web ho\u1eb7c sai gi\u00e1, t\u00f9y theo t\u1eebng tr\u01b0\u1eddng h\u1ee3p ch\u00fang t\u00f4i s\u1ebd li\u00ean h\u1ec7 h\u01b0\u1edbng d\u1eabn ho\u1eb7c th\u00f4ng b\u00e1o h\u1ee7y \u0111\u01a1n h\u00e0ng \u0111\u00f3 cho qu\u00fd kh\u00e1ch. Ch\u00fang t\u00f4i c\u0169ng c\u00f3 quy\u1ec1n t\u1eeb ch\u1ed1i ho\u1eb7c h\u1ee7y b\u1ecf b\u1ea5t k\u1ef3 \u0111\u01a1n h\u00e0ng n\u00e0o d\u00f9 \u0111\u01a1n h\u00e0ng \u0111\u00f3 \u0111\u00e3 hay ch\u01b0a \u0111\u01b0\u1ee3c x\u00e1c nh\u1eadn ho\u1eb7c \u0111\u00e3 thanh to\u00e1n.<\/p>\n<ol start=\"5\">\n<li><strong> Thay \u0111\u1ed5i ho\u1eb7c h\u1ee7y b\u1ecf giao d\u1ecbch t\u1ea1i Chuyengiadienmay.com<\/strong><\/li>\n<\/ol>\n<p>Trong m\u1ecdi tr\u01b0\u1eddng h\u1ee3p, b\u1ea1n \u0111\u1ec1u c\u00f3 quy\u1ec1n ch\u1ea5m d\u1ee9t giao d\u1ecbch n\u1ebfu \u0111\u00e3 th\u1ef1c hi\u1ec7n c\u00e1c bi\u1ec7n ph\u00e1p sau \u0111\u00e2y:<\/p>\n<p>&#8211; Th\u00f4ng b\u00e1o cho Chuyengiadienmay v\u1ec1 vi\u1ec7c h\u1ee7y giao d\u1ecbch qua \u0111\u01b0\u1eddng d\u00e2y n\u00f3ng (Hotline) 0234 9128 555<\/p>\n<p>&#8211; Tr\u1ea3 l\u1ea1i h\u00e0ng h\u00f3a \u0111\u00e3 nh\u1eadn nh\u01b0ng ch\u01b0a qua s\u1eed d\u1ee5ng ho\u1eb7c h\u01b0\u1edfng b\u1ea5t k\u1ef3 l\u1ee3i \u00edch n\u00e0o t\u1eeb h\u00e0ng h\u00f3a \u0111\u00f3 (theo quy \u0111\u1ecbnh c\u1ee7a Ch\u00ednh s\u00e1ch \u0111\u1ed5i tr\u1ea3 h\u00e0ng)<\/p>\n<ol start=\"6\">\n<li><strong> Gi\u1ea3i quy\u1ebft h\u1eadu qu\u1ea3 do l\u1ed7i nh\u1eadp sai th\u00f4ng tin t\u1ea1i Chuyengiadienmay.com<\/strong><\/li>\n<\/ol>\n<p>Kh\u00e1ch h\u00e0ng c\u00f3 tr\u00e1ch nhi\u1ec7m cung c\u1ea5p th\u00f4ng tin \u0111\u1ea7y \u0111\u1ee7 v\u00e0 ch\u00ednh x\u00e1c khi\u00a0 tham gia giao d\u1ecbch t\u1ea1i Chuyengiadienmay.com. Trong tr\u01b0\u1eddng h\u1ee3p b\u1ea1n nh\u1eadp sai th\u00f4ng tin v\u00e0 g\u1eedi v\u00e0o trang Web Chuyengiadienmay.com. Ch\u00fang t\u00f4i c\u00f3 quy\u1ec1n t\u1eeb ch\u1ed1i th\u1ef1c hi\u1ec7n giao d\u1ecbch. Ngo\u00e0i ra, trong m\u1ecdi tr\u01b0\u1eddng h\u1ee3p, b\u1ea1n \u0111\u1ec1u c\u00f3 quy\u1ec1n \u0111\u01a1n ph\u01b0\u01a1ng ch\u1ea5m d\u1ee9t giao d\u1ecbch n\u1ebfu \u0111\u00e3 th\u1ef1c hi\u1ec7n c\u00e1c bi\u1ec7n ph\u00e1p sau \u0111\u00e2y:<\/p>\n<p>&#8211; Th\u00f4ng b\u00e1o cho Chuyengiadienmay qua \u0111\u01b0\u1eddng d\u00e2y n\u00f3ng 024 7109 3059<\/p>\n<p>&#8211; Tr\u1ea3 l\u1ea1i h\u00e0ng h\u00f3a \u0111\u00e3 nh\u1eadn nh\u01b0ng ch\u01b0a qua s\u1eed d\u1ee5ng ho\u1eb7c h\u01b0\u1edfng b\u1ea5t k\u1ef3 l\u1ee3i \u00edch n\u00e0o t\u1eeb h\u00e0ng h\u00f3a \u0111\u00f3 (theo quy \u0111\u1ecbnh c\u1ee7a Ch\u00ednh s\u00e1ch \u0111\u1ed5i tr\u1ea3 h\u00e0ng)<\/p>\n<p>Trong tr\u01b0\u1eddng h\u1ee3p\u00a0 sai th\u00f4ng tin\u00a0 ph\u00e1t sinh t\u1eeb\u00a0 ph\u00eda Chuyengiadienmay.com m\u00e0 Chuyengiadienmay.com \u00a0c\u00f3 th\u1ec3 ch\u1ee9ng minh \u0111\u00f3 l\u00e0 l\u1ed7i c\u1ee7a h\u1ec7 th\u1ed1ng ho\u1eb7c t\u1eeb b\u00ean th\u1ee9 ba (Sai gi\u00e1 s\u1ea3n ph\u1ea9m, sai xu\u1ea5t x\u1ee9, \u2026) Chuyengiadienmay s\u1ebd \u0111\u1ec1n b\u00f9 cho b\u1ea1n m\u1ed9t m\u00e3 gi\u1ea3m gi\u00e1 cho l\u1ea7n mua s\u1eafm ti\u1ebfp theo v\u1edbi m\u1ec7nh gi\u00e1 t\u00f9y tr\u01b0\u1eddng h\u1ee3p c\u1ee5 th\u1ec3 v\u00e0 c\u00f3 quy\u1ec1n kh\u00f4ng th\u1ef1c hi\u1ec7n giao d\u1ecbch b\u1ecb l\u1ed7i.<\/p>\n<ol start=\"7\">\n<li><strong> Th\u01b0\u01a1ng hi\u1ec7u v\u00e0 b\u1ea3n quy\u1ec1n<\/strong><\/li>\n<\/ol>\n<p>M\u1ecdi quy\u1ec1n s\u1edf h\u1eefu tr\u00ed tu\u1ec7 (\u0111\u00e3 \u0111\u0103ng k\u00fd ho\u1eb7c ch\u01b0a \u0111\u0103ng k\u00fd), n\u1ed9i dung th\u00f4ng tin v\u00e0 t\u1ea5t c\u1ea3 thi\u1ebft k\u1ebf, v\u0103n b\u1ea3n, \u0111\u1ed3 h\u1ecda, ph\u1ea7n m\u1ec1m, h\u00ecnh \u1ea3nh, video, \u00e2m nh\u1ea1c, \u00e2m thanh, bi\u00ean d\u1ecbch ph\u1ea7n m\u1ec1m, m\u00e3 ngu\u1ed3n v\u00e0 ph\u1ea7n m\u1ec1m c\u01a1 b\u1ea3n \u0111\u1ec1u l\u00e0 t\u00e0i s\u1ea3n c\u1ee7a Chuyengiadienmay.com. To\u00e0n b\u1ed9 n\u1ed9i dung c\u1ee7a trang web \u0111\u01b0\u1ee3c b\u1ea3o v\u1ec7 b\u1edfi lu\u1eadt b\u1ea3n quy\u1ec1n c\u1ee7a Vi\u1ec7t Nam v\u00e0 c\u00e1c c\u00f4ng \u01b0\u1edbc qu\u1ed1c t\u1ebf<\/p>\n<p><strong>8.Quy\u1ec1n ph\u00e1p l\u00fd<\/strong><\/p>\n<p>C\u00e1c \u0111i\u1ec1u ki\u1ec7n,\u00a0 \u0111i\u1ec1u kho\u1ea3n v\u00e0 n\u1ed9i dung c\u1ee7a trang web n\u00e0y \u0111\u01b0\u1ee3c \u0111i\u1ec1u ch\u1ec9nh b\u1edfi lu\u1eadt ph\u00e1p Vi\u1ec7t Nam v\u00e0 T\u00f2a \u00e1n c\u00f3 th\u1ea9m quy\u1ec1n t\u1ea1i Vi\u1ec7t Nam s\u1ebd gi\u1ea3i quy\u1ebft b\u1ea5t k\u1ef3 tranh ch\u1ea5p n\u00e0o ph\u00e1t sinh t\u1eeb vi\u1ec7c s\u1eed d\u1ee5ng tr\u00e1i ph\u00e9p trang web n\u00e0y.<\/p>\n<ol start=\"9\">\n<li><strong> Quy \u0111\u1ecbnh v\u1ec1 b\u1ea3o m\u1eadt<\/strong><\/li>\n<\/ol>\n<p>Trang web c\u1ee7a ch\u00fang t\u00f4i coi tr\u1ecdng vi\u1ec7c b\u1ea3o m\u1eadt th\u00f4ng tin v\u00e0 s\u1eed d\u1ee5ng c\u00e1c bi\u1ec7n ph\u00e1p t\u1ed1t nh\u1ea5t b\u1ea3o v\u1ec7 th\u00f4ng tin v\u00e0 vi\u1ec7c thanh to\u00e1n c\u1ee7a qu\u00fd kh\u00e1ch. Th\u00f4ng tin c\u1ee7a qu\u00fd kh\u00e1ch trong qu\u00e1 tr\u00ecnh thanh to\u00e1n s\u1ebd \u0111\u01b0\u1ee3c m\u00e3 h\u00f3a \u0111\u1ec3 \u0111\u1ea3m b\u1ea3o an to\u00e0n. Sau khi qu\u00fd kh\u00e1ch ho\u00e0n th\u00e0nh qu\u00e1 tr\u00ecnh \u0111\u1eb7t h\u00e0ng, qu\u00fd kh\u00e1ch s\u1ebd tho\u00e1t kh\u1ecfi ch\u1ebf \u0111\u1ed9 an to\u00e0n.<\/p>\n<p>Qu\u00fd kh\u00e1ch kh\u00f4ng \u0111\u01b0\u1ee3c s\u1eed d\u1ee5ng b\u1ea5t k\u1ef3 ch\u01b0\u01a1ng tr\u00ecnh, c\u00f4ng c\u1ee5 hay h\u00ecnh th\u1ee9c n\u00e0o kh\u00e1c \u0111\u1ec3 can thi\u1ec7p v\u00e0o h\u1ec7 th\u1ed1ng hay l\u00e0m thay \u0111\u1ed5i c\u1ea5u tr\u00fac d\u1eef li\u1ec7u. Trang web c\u0169ng nghi\u00eam c\u1ea5m vi\u1ec7c ph\u00e1t t\u00e1n, truy\u1ec1n b\u00e1 hay c\u1ed5 v\u0169 cho b\u1ea5t k\u1ef3 ho\u1ea1t \u0111\u1ed9ng n\u00e0o nh\u1eb1m can thi\u1ec7p, ph\u00e1 ho\u1ea1i hay x\u00e2m nh\u1eadp v\u00e0o d\u1eef li\u1ec7u c\u1ee7a h\u1ec7 th\u1ed1ng. C\u00e1 nh\u00e2n hay t\u1ed5 ch\u1ee9c vi ph\u1ea1m s\u1ebd b\u1ecb t\u01b0\u1edbc b\u1ecf m\u1ecdi quy\u1ec1n l\u1ee3i c\u0169ng nh\u01b0 s\u1ebd b\u1ecb truy t\u1ed1 tr\u01b0\u1edbc ph\u00e1p lu\u1eadt n\u1ebfu c\u1ea7n thi\u1ebft.<\/p>\n<p>M\u1ecdi th\u00f4ng tin giao d\u1ecbch s\u1ebd \u0111\u01b0\u1ee3c b\u1ea3o m\u1eadt ngo\u1ea1i tr\u1eeb trong tr\u01b0\u1eddng h\u1ee3p c\u01a1 quan ph\u00e1p lu\u1eadt y\u00eau c\u1ea7u.<\/p>\n<ol start=\"10\">\n<li><strong> Thanh to\u00e1n an to\u00e0n v\u00e0 ti\u1ec7n l\u1ee3i t\u1ea1i Chuyengiadienmay.com<\/strong><\/li>\n<\/ol>\n<p>Ng\u01b0\u1eddi mua c\u00f3 th\u1ec3 tham kh\u1ea3o c\u00e1c ph\u01b0\u01a1ng th\u1ee9c thanh to\u00e1n sau \u0111\u00e2y v\u00e0 l\u1ef1a ch\u1ecdn \u00e1p d\u1ee5ng ph\u01b0\u01a1ng th\u1ee9c ph\u00f9 h\u1ee3p:<\/p>\n<p><strong><em>C\u00e1ch 1<\/em><\/strong><strong><em>: Thanh to\u00e1n tr\u1ef1c ti\u1ebfp (ng\u01b0\u1eddi mua nh\u1eadn h\u00e0ng t\u1ea1i \u0111\u1ecba ch\u1ec9 ng\u01b0\u1eddi b\u00e1n):<\/em><\/strong><\/p>\n<p>B\u01b0\u1edbc 1: Ng\u01b0\u1eddi mua t\u00ecm hi\u1ec3u th\u00f4ng tin v\u1ec1 s\u1ea3n ph\u1ea9m, d\u1ecbch v\u1ee5 \u0111\u01b0\u1ee3c \u0111\u0103ng tin;<\/p>\n<p>B\u01b0\u1edbc 2: Ng\u01b0\u1eddi mua \u0111\u1ebfn \u0111\u1ecba ch\u1ec9 b\u00e1n h\u00e0ng<\/p>\n<p>B\u01b0\u1edbc 3: Ng\u01b0\u1eddi mua thanh to\u00e1n v\u00e0 nh\u1eadn h\u00e0ng;<\/p>\n<p><strong><em>C\u00e1ch 2:<\/em><\/strong><strong><em>\u00a0Thanh to\u00e1n sau (COD \u2013 giao h\u00e0ng v\u00e0 thu ti\u1ec1n t\u1eadn n\u01a1i) \u2013 Ch\u1ec9 \u00e1p d\u1ee5ng v\u1edbi kh\u00e1ch h\u00e0ng trong n\u1ed9i th\u00e0nh H\u00e0 N\u1ed9i<\/em><\/strong><\/p>\n<p>B\u01b0\u1edbc 1: Ng\u01b0\u1eddi mua t\u00ecm hi\u1ec3u th\u00f4ng tin v\u1ec1 s\u1ea3n ph\u1ea9m, d\u1ecbch v\u1ee5 \u0111\u01b0\u1ee3c \u0111\u0103ng tin;<\/p>\n<p>B\u01b0\u1edbc 2: Ng\u01b0\u1eddi mua x\u00e1c th\u1ef1c \u0111\u01a1n h\u00e0ng (\u0111i\u1ec7n tho\u1ea1i, tin nh\u1eafn, email);<\/p>\n<p>B\u01b0\u1edbc 3: Ng\u01b0\u1eddi b\u00e1n x\u00e1c nh\u1eadn th\u00f4ng tin Ng\u01b0\u1eddi mua;<\/p>\n<p>B\u01b0\u1edbc 4: Ng\u01b0\u1eddi b\u00e1n chuy\u1ec3n h\u00e0ng;<\/p>\n<p>B\u01b0\u1edbc 5: Ng\u01b0\u1eddi mua nh\u1eadn h\u00e0ng v\u00e0 thanh to\u00e1n.<\/p>\n<p><strong><em>C\u00e1ch 3:<\/em><\/strong><strong><em>\u00a0Thanh to\u00e1n chuy\u1ec3n kho\u1ea3n<\/em><\/strong><\/p>\n<p>B\u01b0\u1edbc 1: Ng\u01b0\u1eddi mua t\u00ecm hi\u1ec3u th\u00f4ng tin v\u1ec1 s\u1ea3n ph\u1ea9m, d\u1ecbch v\u1ee5 \u0111\u01b0\u1ee3c \u0111\u0103ng tin;<\/p>\n<p>B\u01b0\u1edbc 2: Ng\u01b0\u1eddi mua x\u00e1c th\u1ef1c \u0111\u01a1n h\u00e0ng (\u0111i\u1ec7n tho\u1ea1i, tin nh\u1eafn, email);<\/p>\n<p>B\u01b0\u1edbc 3: Ng\u01b0\u1eddi b\u00e1n x\u00e1c nh\u1eadn th\u00f4ng tin Ng\u01b0\u1eddi mua;<\/p>\n<p>B\u01b0\u1edbc 4: Ng\u01b0\u1edfi mua thanh to\u00e1n;<\/p>\n<p>B\u01b0\u1edbc 5: Ng\u01b0\u1eddi b\u00e1n chuy\u1ec3n h\u00e0ng;<\/p>\n<p>B\u01b0\u1edbc 6: Ng\u01b0\u1eddi mua nh\u1eadn h\u00e0ng.<\/p>\n<p>\u0110\u1ed1i v\u1edbi ng\u01b0\u1eddi mua h\u00e0ng t\u1eeb Chuyengiadienmay.com th\u00ec ph\u1ea3i tu\u1ea9n thu theo ch\u00ednh s\u00e1ch thanh to\u00e1n c\u1ee7a c\u00f4ng ty.<\/p>\n<ol start=\"11\">\n<li><strong> \u0110\u1ea3m b\u1ea3o an to\u00e0n giao d\u1ecbch t\u1ea1i Chuyengiadienmay.com<\/strong><\/li>\n<\/ol>\n<p>Ch\u00fang t\u00f4i s\u1eed d\u1ee5ng c\u00e1c d\u1ecbch v\u1ee5 \u0111\u1ec3 \u0111\u1ea3m b\u1ea3o c\u00e1c giao d\u1ecbch \u0111\u01b0\u1ee3c ti\u1ebfn h\u00e0nh th\u00e0nh c\u00f4ng, h\u1ea1n ch\u1ebf t\u1ed1i \u0111a r\u1ee7i ro c\u00f3 th\u1ec3 ph\u00e1t sinh.<\/p>\n<ol start=\"12\">\n<li><strong> Gi\u1ea3i quy\u1ebft tranh ch\u1ea5p<\/strong><\/li>\n<\/ol>\n<p>B\u1ea5t k\u1ef3 tranh c\u00e3i, khi\u1ebfu n\u1ea1i ho\u1eb7c tranh ch\u1ea5p ph\u00e1t sinh t\u1eeb ho\u1eb7c li\u00ean quan \u0111\u1ebfn giao d\u1ecbch t\u1ea1i Chuyengiadienmay.com ho\u1eb7c c\u00e1c Quy \u0111\u1ecbnh v\u00e0 \u0110i\u1ec1u ki\u1ec7n n\u00e0y \u0111\u1ec1u s\u1ebd \u0111\u01b0\u1ee3c gi\u1ea3i quy\u1ebft b\u1eb1ng h\u00ecnh th\u1ee9c th\u01b0\u01a1ng l\u01b0\u1ee3ng, h\u00f2a gi\u1ea3i, tr\u1ecdng t\u00e0i v\u00e0\/ho\u1eb7c T\u00f2a \u00e1n theo Lu\u1eadt b\u1ea3o v\u1ec7 Ng\u01b0\u1eddi ti\u00eau d\u00f9ng Ch\u01b0\u01a1ng 4 v\u1ec1 Gi\u1ea3i quy\u1ebft tranh ch\u1ea5p gi\u1eefa ng\u01b0\u1eddi ti\u00eau d\u00f9ng v\u00e0 t\u1ed5 ch\u1ee9c, c\u00e1 nh\u00e2n kinh doanh h\u00e0ng h\u00f3a, d\u1ecbch v\u1ee5.<\/p>\n<ol start=\"13\">\n<li><strong> Lu\u1eadt ph\u00e1p v\u00e0 th\u1ea9m quy\u1ec1n t\u1ea1i L\u00e3nh th\u1ed5 Vi\u1ec7t Nam<\/strong><\/li>\n<\/ol>\n<p>T\u1ea5t c\u1ea3 c\u00e1c \u0110i\u1ec1u Kho\u1ea3n v\u00e0 \u0110i\u1ec1u Ki\u1ec7n n\u00e0y v\u00e0 H\u1ee3p \u0110\u1ed3ng (v\u00e0 t\u1ea5t c\u1ea3 ngh\u0129a v\u1ee5 ph\u00e1t sinh ngo\u00e0i h\u1ee3p \u0111\u1ed3ng ho\u1eb7c c\u00f3 li\u00ean quan) s\u1ebd b\u1ecb chi ph\u1ed1i v\u00e0 \u0111\u01b0\u1ee3c hi\u1ec3u theo lu\u1eadt ph\u00e1p c\u1ee7a Vi\u1ec7t Nam. N\u1ebfu c\u00f3 tranh ch\u1ea5p ph\u00e1t sinh b\u1edfi c\u00e1c Quy \u0111\u1ecbnh S\u1eed d\u1ee5ng n\u00e0y, b\u1ea1n c\u00f3 quy\u1ec1n g\u1eedi khi\u1ebfu n\u1ea1i\/khi\u1ebfu ki\u1ec7n l\u00ean T\u00f2a \u00e1n c\u00f3 th\u1ea9m quy\u1ec1n t\u1ea1i Vi\u1ec7t Nam \u0111\u1ec3 gi\u1ea3i quy\u1ebft.<\/p>\n<p>&nbsp;<\/p>\n<p>&nbsp;<\/p>\n","protected":false},"excerpt":{"rendered":"<p>CH\u00cdNH S\u00c1CH &amp; QUY \u0110\u1ecaNH CHUNG Gi\u1edbi thi\u1ec7u Ch\u00e0o m\u1eebng b\u1ea1n \u0111\u00e3 \u0111\u1ebfn v\u1edbi Chuyengiadienmay.com Ch\u00fang t\u00f4i l\u00e0 c\u1eeda h\u00e0ng &hellip; <a class=\"link-more\" href=\"http:\/\/maudep.com.vn\/chuyengiadienmay\/?page_id=1211\" class=\"more-link\">\u0110\u1ecdc th\u00eam &raquo;<span class=\"screen-reader-text\"> &#8220;Ch\u00ednh s\u00e1ch &#038; Quy \u0111\u1ecbnh chung&#8221;<\/span><\/a><\/p>\n","protected":false},"author":1,"featured_media":0,"parent":0,"menu_order":0,"comment_status":"closed","ping_status":"closed","template":"","meta":[],"_links":{"self":[{"href":"http:\/\/maudep.com.vn\/chuyengiadienmay\/index.php?rest_route=\/wp\/v2\/pages\/1211"}],"collection":[{"href":"http:\/\/maudep.com.vn\/chuyengiadienmay\/index.php?rest_route=\/wp\/v2\/pages"}],"about":[{"href":"http:\/\/maudep.com.vn\/chuyengiadienmay\/index.php?rest_route=\/wp\/v2\/types\/page"}],"author":[{"embeddable":true,"href":"http:\/\/maudep.com.vn\/chuyengiadienmay\/index.php?rest_route=\/wp\/v2\/users\/1"}],"replies":[{"embeddable":true,"href":"http:\/\/maudep.com.vn\/chuyengiadienmay\/index.php?rest_route=%2Fwp%2Fv2%2Fcomments&post=1211"}],"version-history":[{"count":3,"href":"http:\/\/maudep.com.vn\/chuyengiadienmay\/index.php?rest_route=\/wp\/v2\/pages\/1211\/revisions"}],"predecessor-version":[{"id":3250,"href":"http:\/\/maudep.com.vn\/chuyengiadienmay\/index.php?rest_route=\/wp\/v2\/pages\/1211\/revisions\/3250"}],"wp:attachment":[{"href":"http:\/\/maudep.com.vn\/chuyengiadienmay\/index.php?rest_route=%2Fwp%2Fv2%2Fmedia&parent=1211"}],"curies":[{"name":"wp","href":"https:\/\/api.w.org\/{rel}","templated":true}]}}