{"id":1230,"date":"2018-12-12T13:57:16","date_gmt":"2018-12-12T06:57:16","guid":{"rendered":"http:\/\/maudep.com.vn\/chuyengiadienmay\/?page_id=1230"},"modified":"2018-12-12T13:57:16","modified_gmt":"2018-12-12T06:57:16","slug":"chinh-sach-bao-mat","status":"publish","type":"page","link":"http:\/\/maudep.com.vn\/chuyengiadienmay\/?page_id=1230","title":{"rendered":"Ch\u00ednh S\u00e1ch B\u1ea3o M\u1eadt"},"content":{"rendered":"<p>CH\u00cdNH S\u00c1CH B\u1ea2O M\u1eacT<br \/>\nB\u1ea3o m\u1eadt th\u00f4ng tin c\u1ee7a Kh\u00e1ch h\u00e0ng  l\u00e0 m\u1ed9t trong nh\u1eefng \u01b0u ti\u00ean nh\u1eb1m t\u1ea1o tr\u1ea3i nghi\u1ec7m t\u1ed1t nh\u1ea5t cho kh\u00e1ch h\u00e0ng t\u1ea1i Chuyengiadienmay.com. Ch\u00fang t\u00f4i hi\u1ec3u r\u1eb1ng vi\u1ec7c s\u1eed d\u1ee5ng h\u1ee3p l\u00fd v\u00e0 b\u1ea3o m\u1eadt th\u00f4ng tin s\u1ebb th\u1ec3 hi\u1ec7n s\u1ef1 quan t\u00e2m x\u00e2y d\u1ef1ng ni\u1ec1m tin y\u00eau v\u1edbi Q\u00fay kh\u00e1ch c\u0169ng l\u00e0 ti\u00eau ch\u00ed quan tr\u1ecdng \u0111\u1ec3 ch\u00fang t\u00f4i t\u1ed3n t\u1ea1i &#038; ph\u00e1t tri\u1ec3n.<br \/>\nV\u00ec v\u1eady,  ch\u00fang t\u00f4i s\u1ebd d\u00f9ng t\u00ean v\u00e0 c\u00e1c th\u00f4ng tin kh\u00e1c li\u00ean quan \u0111\u1ebfn Q\u00fay kh\u00e1ch tu\u00e2n th\u1ee7 theo n\u1ed9i dung c\u1ee7a Ch\u00ednh s\u00e1ch b\u1ea3o m\u1eadt. Ch\u00fang t\u00f4i ch\u1ec9 thu th\u1eadp nh\u1eefng th\u00f4ng tin c\u1ea7n thi\u1ebft li\u00ean quan \u0111\u1ebfn giao d\u1ecbch mua b\u00e1n.<br \/>\n1. Thu th\u1eadp th\u00f4ng tin c\u00e1 nh\u00e2n<br \/>\nTh\u00f4ng tin c\u00e1 nh\u00e2n m\u00e0 ch\u00fang t\u00f4i thu th\u1eadp bao g\u1ed3m: H\u1ecd t\u00ean, \u0111\u1ecba ch\u1ec9 giao h\u00e0ng,  \u0110\u1ecba ch\u1ec9 E-mail, S\u1ed1 \u0111i\u1ec7n tho\u1ea1i di \u0111\u1ed9ng<br \/>\nTh\u00f4ng tin c\u00e1 nh\u00e2n kh\u00e1ch h\u00e0ng s\u1ebd \u0111\u01b0\u1ee3c s\u1eed d\u1ee5ng cho m\u1ed9t ho\u1eb7c t\u1ea5t c\u1ea3 c\u00e1c m\u1ee5c \u0111\u00edch sau \u0111\u00e2y:<br \/>\n&#8211; Giao h\u00e0ng cho qu\u00fd kh\u00e1ch \u0111\u00e3 mua h\u00e0ng t\u1ea1i Chuyengiadienmay.com<br \/>\n&#8211; Th\u00f4ng b\u00e1o v\u1ec1 vi\u1ec7c giao h\u00e0ng v\u00e0 h\u1ed7 tr\u1ee3 kh\u00e1ch h\u00e0ng<br \/>\n&#8211; Cung c\u1ea5p th\u00f4ng tin li\u00ean quan \u0111\u1ebfn s\u1ea3n ph\u1ea9m<br \/>\n-X\u1eed l\u00fd \u0111\u01a1n \u0111\u1eb7t h\u00e0ng v\u00e0 cung c\u1ea5p d\u1ecbch v\u1ee5 v\u00e0 th\u00f4ng tin qua trang web Chuyengiadienmay.com c\u1ee7a ch\u00fang t\u00f4i theo y\u00eau c\u1ea7u c\u1ee7a qu\u00fd kh\u00e1ch. Ngo\u00e0i ra, Chuyengiadienmay.com s\u1ebd s\u1eed d\u1ee5ng  th\u00f4ng tin c\u1ee7a qu\u00fd kh\u00e1ch cung c\u1ea5p \u0111\u1ec3 h\u1ed7 tr\u1ee3 qu\u1ea3n l\u00fd t\u00e0i kho\u1ea3n kh\u00e1ch h\u00e0ng (n\u1ebfu c\u00f3 sau n\u00e0y);<br \/>\nPh\u1ea1m vi s\u1eed d\u1ee5ng th\u00f4ng tin:<br \/>\nTh\u00f4ng tin c\u00e1 nh\u00e2n thu th\u1eadp \u0111\u01b0\u1ee3c s\u1ebd ch\u1ec9 \u0111\u01b0\u1ee3c Chuyengiadienmay.com s\u1eed d\u1ee5ng trong n\u1ed9i b\u1ed9 c\u00f4ng ty. \u0110\u01b0\u1ee3c d\u00f9ng \u0111\u1ec3  h\u1ed7 tr\u1ee3 trong qu\u00e1 tr\u00ecnh x\u1eed l\u00fd \u0111\u01a1n h\u00e0ng (VD: \u0111\u1ed1i so\u00e1t \u0111\u01a1n h\u00e0ng \u0111\u00e3 mua \u0111\u1ec3 gi\u1ea3i quy\u1ebft  khi\u1ebfu n\u1ea1i,  li\u00ean h\u1ec7 trong tr\u01b0\u1eddng h\u1ee3p c\u00f3 thay \u0111\u1ed5i trong \u0111\u01a1n h\u00e0ng), c\u00e1c ch\u01b0\u01a1ng tr\u00ecnh khuy\u1ebfn m\u00e3i, h\u1eadu m\u00e3i c\u1ee7a Chuyengiadienmay.com.  Ch\u00fang t\u00f4i c\u00f3 th\u1ec3 chia s\u1ebb t\u00ean v\u00e0  \u0111\u1ecba ch\u1ec9 c\u1ee7a kh\u00e1ch h\u00e0ng cho d\u1ecbch v\u1ee5 chuy\u1ec3n ph\u00e1t nhanh c\u00f3 uy t\u00edn c\u1ee7a ch\u00fang t\u00f4i.<br \/>\nTh\u1eddi gian l\u01b0u tr\u1eef th\u00f4ng tin:<br \/>\nC\u00e1c th\u00f4ng tin do kh\u00e1ch h\u00e0ng \u0111\u0103ng k\u00fd v\u1edbi Chuyengiadienmay.com \u0111\u01b0\u1ee3c l\u01b0u tr\u1eef tr\u00ean h\u1ec7 th\u1ed1ng cho \u0111\u1ebfn khi website ng\u1eebng ho\u1ea1t \u0111\u1ed9ng, ho\u1eb7c \u0111\u1ebfn khi kh\u00e1ch h\u00e0ng \u0111\u1ec1 xu\u1ea5t \u0111\u01b0\u1ee3c x\u00f3a to\u00e0n b\u1ed9 d\u1eef li\u1ec7u c\u00e1 nh\u00e2n (bao g\u1ed3m c\u00e1c th\u00f4ng tin c\u01a1 b\u1ea3n khi \u0111\u0103ng k\u00fd t\u00e0i kho\u1ea3n, c\u00e1c l\u1ecbch s\u1eed giao d\u1ecbch)<br \/>\n\u0110\u1ecba ch\u1ec9 \u0111\u01a1n v\u1ecb thu th\u1eadp l\u01b0u tr\u1eef th\u00f4ng tin:<br \/>\nTo\u00e0n b\u1ed9 th\u00f4ng tin c\u1ee7a kh\u00e1ch h\u00e0ng \u0111\u01b0\u1ee3c l\u01b0u tr\u1eef tr\u00ean m\u00e1y ch\u1ee7 \u0111\u1eb7t t\u1ea1i m\u1ed9t b\u00ean  cung c\u1ea5p th\u1ee9 ba v\u1edbi \u0111i\u1ec1u kho\u1ea3n ch\u1ec9 \u0111\u01b0\u1ee3c ph\u00e9p truy c\u1eadp b\u1edfi Chuyengiadienmay.com ho\u1eb7c m\u1ed9t t\u1ed5 ch\u1ee9c c\u00f3 th\u1ea9m quy\u1ec1n kh\u00e1c theo quy \u0111\u1ecbnh c\u1ee7a ph\u00e1p lu\u1eadt. C\u00e1c th\u00f4ng tin mua b\u00e1n h\u00e0ng \u0111\u01b0\u1ee3c truy c\u1eadp t\u1ea1i tr\u1ee5 s\u1edf c\u1ee7a Chuyengiadienmay.com t\u1ea1i S\u1ed1 47 \u0110\u1eb7ng Ti\u1ebfn \u0110\u00f4ng, Ph\u01b0\u1eddng Trung Li\u1ec7t, Qu\u1eadn \u0110\u1ed1ng \u0110a, Th\u00e0nh ph\u1ed1 H\u00e0 N\u1ed9i.<br \/>\n2. Cam k\u1ebft b\u1ea3o m\u1eadt th\u00f4ng tin<br \/>\nChuyengiadienmay.com cam k\u1ebft s\u1ebd kh\u00f4ng b\u00e1n, chia s\u1ebb d\u1eabn \u0111\u1ebfn l\u00e0m l\u1ed9 th\u00f4ng tin c\u00e1 nh\u00e2n c\u1ee7a kh\u00e1ch h\u00e0ng v\u00ec m\u1ee5c \u0111\u00edch th\u01b0\u01a1ng m\u1ea1i vi ph\u1ea1m cam k\u1ebft c\u1ee7a ch\u00fang t\u00f4i ghi trong ch\u00ednh s\u00e1ch b\u1ea3o m\u1eadt n\u00e0y. T\u1ea5t c\u1ea3 th\u00f4ng tin giao d\u1ecbch gi\u1eefa kh\u00e1ch h\u00e0ng v\u00e0 Chuyengiadienmay.com s\u1ebd \u0111\u01b0\u1ee3c b\u1ea3o m\u1eadt b\u1eb1ng c\u00e1ch m\u00e3 h\u00f3a t\u1ea5t c\u1ea3 th\u00f4ng tin kh\u00e1ch h\u00e0ng nh\u1eadp v\u00e0o<br \/>\nTuy nhi\u00ean,  kh\u00e1ch h\u00e0ng kh\u00f4ng n\u00ean trao \u0111\u1ed5i th\u00f4ng tin thanh to\u00e1n, giao nh\u1eadn c\u1ee7a m\u00ecnh cho 1 b\u00ean th\u1ee9 3 n\u00e0o kh\u00e1c \u0111\u1ec3 tr\u00e1nh r\u00f2 r\u1ec9 th\u00f4ng tin. Khi s\u1eed d\u1ee5ng chung m\u00e1y t\u00ednh v\u1edbi nhi\u1ec1u ng\u01b0\u1eddi, vui l\u00f2ng tho\u00e1t kh\u1ecfi t\u00e0i kho\u1ea3n m\u1ed7i khi kh\u00f4ng s\u1eed d\u1ee5ng d\u1ecbch v\u1ee5 c\u1ee7a Chuyengiadienmay n\u1eefa \u0111\u1ec3 t\u1ef1 b\u1ea3o v\u1ec7 th\u00f4ng tin v\u1ec1 m\u1eadt kh\u1ea9u truy c\u1eadp c\u1ee7a m\u00ecnh.<br \/>\nQ\u00fay kh\u00e1ch tuy\u1ec7t \u0111\u1ed1i kh\u00f4ng s\u1eed d\u1ee5ng b\u1ea5t k\u1ef3 ch\u01b0\u01a1ng tr\u00ecnh, c\u00f4ng c\u1ee5 hay hinh th\u1ee9c n\u00e0o kh\u00e1c \u0111\u1ec3 can thi\u1ec7p v\u00e0o h\u1ec7 th\u1ed1ng hay l\u00e0m thay \u0111\u1ed5i c\u1ea5u tr\u00fac d\u1eef li\u1ec7u. Nghi\u00eam c\u1ea5m vi\u1ec7c ph\u00e1t t\u00e1n, truy\u1ec1n b\u00e1 hay c\u1ed5 v\u0169 cho b\u1ea5t k\u1ef3 ho\u1ea1t \u0111\u1ed9ng n\u00e0o nh\u1eb1m can thi\u1ec7p, ph\u00e1 ho\u1ea1i hay x\u00e2m nh\u1eadp v\u00e0o d\u1eef li\u1ec7u c\u1ee7a h\u1ec7 th\u1ed1ng Website. M\u1ecdi vi ph\u1ea1m s\u1ebd b\u1ecb t\u01b0\u1edbc b\u1ecf m\u1ecdi quy\u1ec1n l\u1ee3i c\u0169ng nh\u01b0 s\u1ebd b\u1ecb truy t\u1ed1 tr\u01b0\u1edbc ph\u00e1p lu\u1eadt n\u1ebfu c\u1ea7n thi\u1ebft<br \/>\nM\u1ecdi th\u00f4ng tin giao d\u1ecbch s\u1ebd \u0111\u01b0\u1ee3c b\u1ea3o m\u1eadt nh\u01b0ng trong tr\u01b0\u1eddng h\u1ee3p c\u01a1 quan ph\u00e1p lu\u1eadt y\u00eau c\u1ea7u, ch\u00fang t\u00f4i s\u1ebd bu\u1ed9c ph\u1ea3i cung c\u1ea5p nh\u1eefng th\u00f4ng tin n\u00e0y cho c\u00e1c c\u01a1 quan ph\u00e1p lu\u1eadt. C\u00e1c \u0111i\u1ec1u ki\u1ec7n, \u0111i\u1ec1u kho\u1ea3n v\u00e0 n\u1ed9i dung c\u1ee7a trang web n\u00e0y \u0111\u01b0\u1ee3c \u0111i\u1ec1u ch\u1ec9nh b\u1edfi ph\u00e1p lu\u1eadt  Vi\u1ec7t Nam v\u00e0 t\u00f2a \u00e1n Vi\u1ec7t Nam c\u00f3 th\u1ea9m quy\u1ec1n xem x\u00e9t.<br \/>\n3. Quy\u1ec1n l\u1ee3i kh\u00e1ch h\u00e0ng<br \/>\n&#8211; Q\u00fay kh\u00e1ch h\u00e0ng c\u00f3 c\u00e1c quy\u1ec1n:<br \/>\n+ Y\u00eau c\u1ea7u truy c\u1eadp v\u00e0o d\u1eef li\u1ec7u c\u00e1 nh\u00e2n c\u1ee7a m\u00ecnh;<br \/>\n+ Y\u00eau c\u1ea7u ch\u00fang t\u00f4i s\u1eeda l\u1ea1i nh\u1eefng sai s\u00f3t trong d\u1eef li\u1ec7u c\u1ee7a b\u1ea1n m\u00e0 kh\u00f4ng m\u1ea5t ph\u00ed;<br \/>\n+ Y\u00eau c\u1ea7u ch\u00fang t\u00f4i ng\u01b0ng s\u1eed d\u1ee5ng d\u1eef li\u1ec7u c\u00e1 nh\u00e2n c\u1ee7a b\u1ea1n cho m\u1ee5c \u0111\u00edch ti\u1ebfp th\u1ecb;<br \/>\n4. H\u1ed7 tr\u1ee3 kh\u00e1ch h\u00e0ng<br \/>\nC\u00f4ng ty TNHH TM &#038; XNK Th\u00e1i B\u00ecnh D\u01b0\u01a1ng<br \/>\n\u0110i\u1ec7n tho\u1ea1i: 0908 488 288 \u2013 Hotline: 0243 9128 555<br \/>\nEmai: maudep.com.vn\/chuyengiadienmay@gmail.com<\/p>\n","protected":false},"excerpt":{"rendered":"<p>CH\u00cdNH S\u00c1CH B\u1ea2O M\u1eacT B\u1ea3o m\u1eadt th\u00f4ng tin c\u1ee7a Kh\u00e1ch h\u00e0ng l\u00e0 m\u1ed9t trong nh\u1eefng \u01b0u ti\u00ean nh\u1eb1m t\u1ea1o tr\u1ea3i &hellip; <a class=\"link-more\" href=\"http:\/\/maudep.com.vn\/chuyengiadienmay\/?page_id=1230\" class=\"more-link\">\u0110\u1ecdc th\u00eam &raquo;<span class=\"screen-reader-text\"> &#8220;Ch\u00ednh S\u00e1ch B\u1ea3o M\u1eadt&#8221;<\/span><\/a><\/p>\n","protected":false},"author":1,"featured_media":0,"parent":0,"menu_order":0,"comment_status":"closed","ping_status":"closed","template":"","meta":[],"_links":{"self":[{"href":"http:\/\/maudep.com.vn\/chuyengiadienmay\/index.php?rest_route=\/wp\/v2\/pages\/1230"}],"collection":[{"href":"http:\/\/maudep.com.vn\/chuyengiadienmay\/index.php?rest_route=\/wp\/v2\/pages"}],"about":[{"href":"http:\/\/maudep.com.vn\/chuyengiadienmay\/index.php?rest_route=\/wp\/v2\/types\/page"}],"author":[{"embeddable":true,"href":"http:\/\/maudep.com.vn\/chuyengiadienmay\/index.php?rest_route=\/wp\/v2\/users\/1"}],"replies":[{"embeddable":true,"href":"http:\/\/maudep.com.vn\/chuyengiadienmay\/index.php?rest_route=%2Fwp%2Fv2%2Fcomments&post=1230"}],"version-history":[{"count":1,"href":"http:\/\/maudep.com.vn\/chuyengiadienmay\/index.php?rest_route=\/wp\/v2\/pages\/1230\/revisions"}],"predecessor-version":[{"id":1232,"href":"http:\/\/maudep.com.vn\/chuyengiadienmay\/index.php?rest_route=\/wp\/v2\/pages\/1230\/revisions\/1232"}],"wp:attachment":[{"href":"http:\/\/maudep.com.vn\/chuyengiadienmay\/index.php?rest_route=%2Fwp%2Fv2%2Fmedia&parent=1230"}],"curies":[{"name":"wp","href":"https:\/\/api.w.org\/{rel}","templated":true}]}}