{"id":3251,"date":"2019-01-14T11:51:41","date_gmt":"2019-01-14T04:51:41","guid":{"rendered":"http:\/\/maudep.com.vn\/chuyengiadienmay\/?page_id=3251"},"modified":"2019-01-14T11:51:41","modified_gmt":"2019-01-14T04:51:41","slug":"chinh-sach-bao-hanh-bao-tri","status":"publish","type":"page","link":"http:\/\/maudep.com.vn\/chuyengiadienmay\/?page_id=3251","title":{"rendered":"Ch\u00ednh s\u00e1ch b\u1ea3o h\u00e0nh\/ B\u1ea3o tr\u00ec"},"content":{"rendered":"<h3 style=\"text-align: center;\"><span style=\"color: #3366ff;\"><strong>CH\u00cdNH S\u00c1CH B\u1ea2O H\u00c0NH\/ B\u1ea2O TR\u00cc<\/strong><\/span><\/h3>\n<ol>\n<li><strong>Danh m\u1ee5c s\u1ea3n ph\u1ea9m \u0111\u01b0\u1ee3c b\u1ea3o h\u00e0nh<\/strong><\/li>\n<\/ol>\n<p>&#8211; \u0110i\u1ec1u h\u00f2a treo t\u01b0\u1eddng<\/p>\n<p>&#8211; \u0110i\u1ec1u h\u00f2a th\u01b0\u01a1ng m\u1ea1i<\/p>\n<p>&#8211; B\u1ebfp \u0111i\u1ec7n \u2013 B\u1ebfp t\u1eeb<\/p>\n<p>&#8211; Tivi<\/p>\n<p>&#8211; M\u00e1y h\u00fat m\u00f9i<\/p>\n<p>&#8211; L\u00f2 n\u01b0\u1edbng \u2013 L\u00f2 vi s\u00f3ng<\/p>\n<p>&#8211; B\u1ed9 n\u1ed3i \u2013 Ch\u1ea3o t\u1eeb<\/p>\n<p>&#8211; M\u00e1y gi\u1eb7t \u2013 M\u00e1y s\u1ea5y<\/p>\n<p>&#8211; M\u00e1y r\u1eeda b\u00e1t<\/p>\n<p>&#8211; Ch\u1eadu r\u1eeda \u2013 V\u00f2i r\u1eeda<\/p>\n<p>&#8211; T\u1ee7 r\u01b0\u1ee3u \u2013 T\u1ee7 x\u00ec g\u00e0<\/p>\n<p>&#8211; \u0110\u1ed3 gia d\u1ee5ng<\/p>\n<p>&#8211; \u0110\u1ed3 ph\u1ee5 ki\u1ec7n<\/p>\n<ol start=\"2\">\n<li><strong> Ch\u00ednh s\u00e1ch b\u1ea3o h\u00e0nh<\/strong><\/li>\n<\/ol>\n<p>C\u00e1c s\u1ea3n ph\u1ea9m v\u00e0 thi\u1ebft b\u1ecb do Chuyengiadienmay cung c\u1ea5p \u0111\u1ec1u \u0111\u01b0\u1ee3c b\u1ea3o h\u00e0nh ch\u00ednh h\u00e3ng theo th\u1eddi gian b\u1ea3o h\u00e0nh cho t\u1eebng s\u1ea3n ph\u1ea9m v\u00e0 th\u01b0\u01a1ng hi\u1ec7u<\/p>\n<ol start=\"3\">\n<li><strong> \u0110i\u1ec1u ki\u1ec7n b\u1ea3o h\u00e0nh<\/strong><\/li>\n<\/ol>\n<p>&#8211; Ch\u00ednh s\u00e1ch b\u1ea3o h\u00e0nh ch\u1ec9 \u0111\u01b0\u1ee3c \u00e1p d\u1ee5ng khi b\u1ea3n g\u1ed1c h\u00f3a \u0111\u01a1n ho\u1eb7c h\u00f3a \u0111\u01a1n b\u00e1n h\u00e0ng, phi\u1ebfu b\u1ea3o h\u00e0nh (x\u00e1c \u0111\u1ecbnh ng\u00e0y mua h\u00e0ng, lo\u1ea1i s\u1ea3n ph\u1ea9m) \u0111\u1ec3 x\u00e1c \u0111\u1ecbnh s\u1ea3n ph\u1ea9m \u0111\u00f3 \u0111\u01b0\u1ee3c mua t\u1ea1i Chuyengiadienmay.com ho\u1eb7c c\u00e1c chi nh\u00e1nh c\u00f3 \u0111\u1ecba ch\u1ec9 \u0111\u01b0\u1ee3c c\u1eadp nh\u1eadt \u1edf tr\u00ean website: maudep.com.vn\/chuyengiadienmay ph\u1ea7n \u201cCh\u1ecdn \u0111\u1ecba ch\u1ec9 c\u01a1 s\u1edf\u201d \u0111\u01b0\u1ee3c \u0111\u01b0a ra c\u00f9ng v\u1edbi s\u1ea3n ph\u1ea9m b\u1ecb l\u1ed7i. S\u1ea3n ph\u1ea9m s\u1ebd kh\u00f4ng \u0111\u01b0\u1ee3c b\u1ea3o h\u00e0nh mi\u1ec5n ph\u00ed n\u1ebfu thi\u1ebfu nh\u1eefng gi\u1ea5y t\u1edd tr\u00ean ho\u1eb7c th\u00f4ng tin \u0111\u00ednh k\u00e8m kh\u00f4ng \u0111\u1ea7y \u0111\u1ee7, kh\u00f4ng \u0111\u1ecdc \u0111\u01b0\u1ee3c.<\/p>\n<p>&#8211; B\u1ea3o h\u00e0nh s\u1ea3n ph\u1ea9m l\u00e0 vi\u1ec7c kh\u1eafc ph\u1ee5c nh\u1eefng l\u1ed7i h\u1ecfng h\u00f3c, s\u1ef1 c\u1ed1 k\u1ef9 thu\u1eadt x\u1ea3y ra do l\u1ed7i c\u1ee7a nh\u00e0 s\u1ea3n xu\u1ea5t.<\/p>\n<p>&#8211; S\u1ea3n ph\u1ea9m c\u00f2n trong th\u1eddi h\u1ea1n b\u1ea3o h\u00e0nh<\/p>\n<p>Tr\u01b0\u1eddng h\u1ee3p kh\u00f4ng \u0111\u01b0\u1ee3c b\u1ea3o h\u00e0nh:<\/p>\n<p>&#8211; Tem b\u1ea3o h\u00e0nh\u00a0 b\u1ecb r\u00e1ch<\/p>\n<p>&#8211; S\u1eed d\u1ee5ng sai so v\u1edbi h\u01b0\u1edbng d\u1eabn s\u1eed d\u1ee5ng, b\u1ea3o d\u01b0\u1ee1ng v\u00e0 c\u1ea3nh b\u00e1o khi d\u00f9ng<\/p>\n<p>&#8211; Vi\u1ec7c\u00a0 c\u00e0i \u0111\u1eb7t v\u00e0 s\u1eed d\u1ee5ng s\u1ea3n ph\u1ea9m kh\u00f4ng ph\u00f9 h\u1ee3p v\u1edbi c\u00e1c ti\u00eau chu\u1ea9n an to\u00e0n k\u1ef9 thu\u1eadt<\/p>\n<p>&#8211; Tai n\u1ea1n, s\u00e9t, n\u01b0\u1edbc, l\u1eeda, ho\u1eb7c b\u1ea5t k\u1ef3 nguy\u00ean nh\u00e2n kh\u00f4ng thu\u1ed9c ki\u1ec3m so\u00e1t c\u1ee7a ng\u01b0\u1eddi b\u00e1n.<\/p>\n<p>&nbsp;<\/p>\n<p>&nbsp;<\/p>\n","protected":false},"excerpt":{"rendered":"<p>CH\u00cdNH S\u00c1CH B\u1ea2O H\u00c0NH\/ B\u1ea2O TR\u00cc Danh m\u1ee5c s\u1ea3n ph\u1ea9m \u0111\u01b0\u1ee3c b\u1ea3o h\u00e0nh &#8211; \u0110i\u1ec1u h\u00f2a treo t\u01b0\u1eddng &#8211; \u0110i\u1ec1u &hellip; <a class=\"link-more\" href=\"http:\/\/maudep.com.vn\/chuyengiadienmay\/?page_id=3251\" class=\"more-link\">\u0110\u1ecdc th\u00eam &raquo;<span class=\"screen-reader-text\"> &#8220;Ch\u00ednh s\u00e1ch b\u1ea3o h\u00e0nh\/ B\u1ea3o tr\u00ec&#8221;<\/span><\/a><\/p>\n","protected":false},"author":1,"featured_media":0,"parent":0,"menu_order":0,"comment_status":"closed","ping_status":"closed","template":"","meta":[],"_links":{"self":[{"href":"http:\/\/maudep.com.vn\/chuyengiadienmay\/index.php?rest_route=\/wp\/v2\/pages\/3251"}],"collection":[{"href":"http:\/\/maudep.com.vn\/chuyengiadienmay\/index.php?rest_route=\/wp\/v2\/pages"}],"about":[{"href":"http:\/\/maudep.com.vn\/chuyengiadienmay\/index.php?rest_route=\/wp\/v2\/types\/page"}],"author":[{"embeddable":true,"href":"http:\/\/maudep.com.vn\/chuyengiadienmay\/index.php?rest_route=\/wp\/v2\/users\/1"}],"replies":[{"embeddable":true,"href":"http:\/\/maudep.com.vn\/chuyengiadienmay\/index.php?rest_route=%2Fwp%2Fv2%2Fcomments&post=3251"}],"version-history":[{"count":1,"href":"http:\/\/maudep.com.vn\/chuyengiadienmay\/index.php?rest_route=\/wp\/v2\/pages\/3251\/revisions"}],"predecessor-version":[{"id":3252,"href":"http:\/\/maudep.com.vn\/chuyengiadienmay\/index.php?rest_route=\/wp\/v2\/pages\/3251\/revisions\/3252"}],"wp:attachment":[{"href":"http:\/\/maudep.com.vn\/chuyengiadienmay\/index.php?rest_route=%2Fwp%2Fv2%2Fmedia&parent=3251"}],"curies":[{"name":"wp","href":"https:\/\/api.w.org\/{rel}","templated":true}]}}