{"id":3253,"date":"2019-01-14T14:03:24","date_gmt":"2019-01-14T07:03:24","guid":{"rendered":"http:\/\/maudep.com.vn\/chuyengiadienmay\/?page_id=3253"},"modified":"2019-01-14T14:03:24","modified_gmt":"2019-01-14T07:03:24","slug":"chinh-sach-doi-tra-hang-hoan-tien","status":"publish","type":"page","link":"http:\/\/maudep.com.vn\/chuyengiadienmay\/?page_id=3253","title":{"rendered":"Ch\u00ednh s\u00e1ch \u0111\u1ed5i\/ tr\u1ea3 h\u00e0ng &#038; Ho\u00e0n ti\u1ec1n"},"content":{"rendered":"<h3 style=\"text-align: center;\"><span style=\"color: #00ccff;\"><strong>CH\u00cdNH S\u00c1CH \u0110\u1ed4I\/ TR\u1ea2 H\u00c0NG &amp; HO\u00c0N TI\u1ec0N<\/strong><\/span><\/h3>\n<ol>\n<li><strong> \u0110i\u1ec1u ki\u1ec7n \u0111\u1ed5i\/tr\u1ea3 h\u00e0ng<\/strong><\/li>\n<\/ol>\n<p>Kh\u00e1ch h\u00e0ng c\u00f3 quy\u1ec1n \u0110\u1ed4I s\u1ea3n ph\u1ea9m kh\u00e1c ho\u1eb7c TR\u1ea2 s\u1ea3n ph\u1ea9m l\u1ea5y l\u1ea1i ti\u1ec1n v\u1edbi chi ti\u1ebft nh\u01b0 sau:<\/p>\n<table>\n<tbody>\n<tr>\n<td width=\"187\"><strong>DANH M\u1ee4C S\u1ea2N PH\u1ea8M<\/strong><\/td>\n<td width=\"444\"><strong>\u0110I\u1ec0U KI\u1ec6N<\/strong><\/td>\n<\/tr>\n<tr>\n<td width=\"187\">\u0110i\u1ec1u h\u00f2a<\/td>\n<td rowspan=\"12\" width=\"444\">* Q\u00fay kh\u00e1ch ch\u1ec9 c\u00f3 th\u1ec3 \u0111\u1ed5i tr\u1ea3 c\u00e1c s\u1ea3n ph\u1ea9m trong tr\u01b0\u1eddng h\u1ee3p s\u1ea3n ph\u1ea9m giao \u0111\u1ebfn kh\u00f4ng nguy\u00ean v\u1eb9n ho\u1eb7c h\u01b0 h\u1ecfng trong qu\u00e1 tr\u00ecnh v\u1eadn chuy\u1ec3n,\u00a0 sai s\u1ea3n ph\u1ea9m so v\u1edbi \u0111\u01a1n h\u00e0ng kh\u00e1ch h\u00e0ng \u0111\u00e3 \u0111\u1eb7t<\/p>\n<p>* Khi s\u1ea3n ph\u1ea9m \u0111\u00e3 \u0111\u01b0\u1ee3c l\u1eafp \u0111\u1eb7t ho\u1eb7c \u0111\u00e3 qua s\u1eed d\u1ee5ng v\u00e0 g\u1eb7p l\u1ed7i k\u0129 thu\u1eadt, s\u1ea3n ph\u1ea9m s\u1ebd \u0111\u01b0\u1ee3c h\u01b0\u1edfng ch\u1ebf \u0111\u1ed9 b\u1ea3o h\u00e0nh \u0111\u00fang theo ch\u00ednh s\u00e1ch c\u1ee7a nh\u00e0 s\u1ea3n xu\u1ea5t.<\/td>\n<\/tr>\n<tr>\n<td width=\"187\">\u0110i\u1ec1u h\u00f2a th\u01b0\u01a1ng m\u1ea1i<\/td>\n<\/tr>\n<tr>\n<td width=\"187\">B\u1ebfp t\u1eeb<\/td>\n<\/tr>\n<tr>\n<td width=\"187\">L\u00f2 n\u01b0\u1edbng<\/td>\n<\/tr>\n<tr>\n<td width=\"187\">L\u00f2 vi s\u00f3ng<\/td>\n<\/tr>\n<tr>\n<td width=\"187\">\u0110\u1ed3 gia d\u1ee5ng<\/td>\n<\/tr>\n<tr>\n<td width=\"187\">M\u00e1y r\u1eeda b\u00e1t<\/td>\n<\/tr>\n<tr>\n<td width=\"187\">M\u00e1y gi\u1eb7t<\/p>\n<p>&nbsp;<\/td>\n<\/tr>\n<tr>\n<td width=\"187\">M\u00e1y s\u1ea5y qu\u1ea7n \u00e1o<\/td>\n<\/tr>\n<tr>\n<td width=\"187\">T\u1ee7 l\u1ea1nh<\/td>\n<\/tr>\n<tr>\n<td width=\"187\">Tivi<\/td>\n<\/tr>\n<tr>\n<td width=\"187\">Ph\u1ee5 ki\u1ec7n<\/td>\n<\/tr>\n<\/tbody>\n<\/table>\n<p>&nbsp;<\/p>\n<p><strong><em><u>*L\u01b0u \u00fd: <\/u><\/em><\/strong><\/p>\n<p>&#8211; V\u1edbi nh\u1eefng s\u1ea3n ph\u1ea9m c\u00f3 ch\u1ebf \u0111\u1ed9 b\u1ea3o h\u00e0nh khi x\u1ea3y ra l\u1ed7i k\u0129 thu\u1eadt kh\u00e1ch h\u00e0ng vui l\u00f2ng g\u1ecdi qua s\u1ed1 Hotline: <strong>0243 9128 555 <\/strong>\u0111\u1ec3 b\u00e1o b\u1ed9 ph\u1eadn ch\u0103m s\u00f3c kh\u00e1ch h\u00e0ng c\u1ee7a <span style=\"color: #00ccff;\">Chuyengiadienmay.com<\/span> h\u1ed7 tr\u1ee3 x\u1eed l\u00fd b\u1ea3o h\u00e0nh<\/p>\n<p>&#8211;\u00a0<strong>S\u1ea3n ph\u1ea9m \u201cKh\u00f4ng b\u1ecb l\u1ed7i\u201d\u00a0 ho\u1eb7c \u201cB\u1ecb l\u1ed7i\u201d do NG\u01af\u1edcI S\u1eec D\u1ee4NG:\u00a0<\/strong>Kh\u00f4ng \u00e1p d\u1ee5ng \u0111\u1ed5i tr\u1ea3 ho\u1eb7c kh\u00e1ch h\u00e0ng ch\u1ecbu chi ph\u00ed s\u1eeda ch\u1eefa.<\/p>\n<ol start=\"2\">\n<li><strong> \u0110i\u1ec1u kho\u1ea3n \u0111\u1ed5i, tr\u1ea3 h\u00e0ng <\/strong><\/li>\n<\/ol>\n<p>&#8211; N\u1ebfu s\u1ea3n ph\u1ea9m qu\u00fd kh\u00e1ch nh\u1eadn\u00a0 \u0111\u01b0\u1ee3c kh\u00f4ng c\u00f2n nguy\u00ean v\u1eb9n ho\u1eb7c kh\u00f4ng nguy\u00ean m\u1edbi, qu\u00fd kh\u00e1ch c\u00f3 quy\u1ec1n t\u1eeb ch\u1ed1i nh\u1eadn h\u00e0ng v\u00e0 vui l\u00f2ng th\u00f4ng b\u00e1o ngay cho <span style=\"color: #00ccff;\">Chuyengiadienmay.com<\/span> qua s\u1ed1 Hotline: <strong>0243 9128 555<\/strong><\/p>\n<p>&#8211; H\u00e0ng \u0111\u01b0\u1ee3c \u0111\u1ed5i ph\u1ea3i \u0111\u1ea3m b\u1ea3o c\u00f2n m\u1edbi 100% ch\u01b0a qua s\u1eed d\u1ee5ng, c\u00f2n nguy\u00ean nh\u00e3n m\u00e1c, nguy\u00ean h\u1ed9p, ph\u1ee5 ki\u1ec7n, phi\u1ebfu b\u1ea3o h\u00e0ng\u00a0 v\u00e0 qu\u00e0 t\u1eb7ng k\u00e8m theo (n\u1ebfu c\u00f3). Chuyengiadienmay kh\u00f4ng \u0111\u1ed5i h\u00e0ng \u0111\u00e3 qua s\u1eed d\u1ee5ng ho\u1eb7c \u0111\u00e3 k\u00edch ho\u1ea1t b\u1ea3o h\u00e0nh.<\/p>\n<p>&#8211; T\u1ed5ng gi\u00e1 tr\u1ecb c\u00e1c m\u1eb7t h\u00e0ng mu\u1ed1n \u0111\u1ed5i ph\u1ea3i c\u00f3 gi\u00e1 tr\u1ecb t\u01b0\u01a1ng \u0111\u01b0\u01a1ng v\u1edbi m\u1eb7t h\u00e0ng tr\u1ea3 l\u1ea1i. Chuyengiadienmay\u00a0 kh\u00f4ng ho\u00e0n l\u1ea1i ti\u1ec1n th\u1eeba trong tr\u01b0\u1eddng h\u1ee3p s\u1ea3n ph\u1ea9m m\u1edbi c\u00f3 gi\u00e1 tr\u1ecb th\u1ea5p h\u01a1n s\u1ea3n ph\u1ea9m \u0111\u00e3 mua tr\u01b0\u1edbc \u0111\u00f3.<\/p>\n<p>&#8211; Chuyengiadienmay kh\u00f4ng ch\u1ea5p nh\u1eadn \u0111\u1ed5i tr\u1ea3 h\u00e0ng cho h\u00e0ng khuy\u1ebfn m\u00e3i.<\/p>\n<p>&#8211; Tr\u01b0\u1eddng h\u1ee3p kh\u00f4ng \u0111\u1ee7 c\u00e1c \u0111i\u1ec1u ki\u1ec7n tr\u00ean th\u00ec quy\u1ec1n quy\u1ebft \u0111\u1ecbnh \u0111\u1ed5i, tr\u1ea3 h\u00e0ng thu\u1ed9c v\u1ec1<span style=\"color: #00ccff;\"> Chuyengiadienmay.com<\/span><\/p>\n<ol start=\"3\">\n<li><strong> C\u00e1ch th\u1ee9c ho\u00e0n ti\u1ec1n<\/strong><\/li>\n<\/ol>\n<p>&#8211; Chuyengiadienmay.com ch\u1ec9 ho\u00e0n ti\u1ec1n trong tr\u01b0\u1eddng h\u1ee3p chuy\u1ec3n sai s\u1ea3n ph\u1ea9m ho\u1eb7c s\u1ea3n ph\u1ea9m kh\u00e1ch h\u00e0ng \u0111\u1eb7t h\u00e0ng \u0111\u00e3 h\u1ebft h\u00e0ng<\/p>\n<p>&#8211; Kh\u00e1ch h\u00e0ng th\u00f4ng b\u00e1o qua SMS\/hotline\/ Email c\u1ee7a <span style=\"color: #00ccff;\">Chuyengiadienmay.com<\/span> th\u00f4ng tin chuy\u1ec3n kho\u1ea3n. <span style=\"color: #00ccff;\">Chuyengiadienmay.com<\/span> s\u1ebd ho\u00e0n ti\u1ec1n l\u1ea1i cho Kh\u00e1ch h\u00e0ng trong v\u00f2ng 24 gi\u1edd nh\u1eadn \u0111\u01b0\u1ee3c y\u00eau c\u1ea7u ho\u00e0n ti\u1ec1n (kh\u00f4ng t\u00ednh th\u1ee9 B\u1ea3y, Ch\u1ee7 nh\u1eadt v\u00e0 c\u00e1c ng\u00e0y l\u1ec5, T\u1ebft).<\/p>\n<p>&nbsp;<\/p>\n<p>&nbsp;<\/p>\n<p>&nbsp;<\/p>\n","protected":false},"excerpt":{"rendered":"<p>CH\u00cdNH S\u00c1CH \u0110\u1ed4I\/ TR\u1ea2 H\u00c0NG &amp; HO\u00c0N TI\u1ec0N \u0110i\u1ec1u ki\u1ec7n \u0111\u1ed5i\/tr\u1ea3 h\u00e0ng Kh\u00e1ch h\u00e0ng c\u00f3 quy\u1ec1n \u0110\u1ed4I s\u1ea3n ph\u1ea9m kh\u00e1c &hellip; <a class=\"link-more\" href=\"http:\/\/maudep.com.vn\/chuyengiadienmay\/?page_id=3253\" class=\"more-link\">\u0110\u1ecdc th\u00eam &raquo;<span class=\"screen-reader-text\"> &#8220;Ch\u00ednh s\u00e1ch \u0111\u1ed5i\/ tr\u1ea3 h\u00e0ng &#038; Ho\u00e0n ti\u1ec1n&#8221;<\/span><\/a><\/p>\n","protected":false},"author":1,"featured_media":0,"parent":0,"menu_order":0,"comment_status":"closed","ping_status":"closed","template":"","meta":[],"_links":{"self":[{"href":"http:\/\/maudep.com.vn\/chuyengiadienmay\/index.php?rest_route=\/wp\/v2\/pages\/3253"}],"collection":[{"href":"http:\/\/maudep.com.vn\/chuyengiadienmay\/index.php?rest_route=\/wp\/v2\/pages"}],"about":[{"href":"http:\/\/maudep.com.vn\/chuyengiadienmay\/index.php?rest_route=\/wp\/v2\/types\/page"}],"author":[{"embeddable":true,"href":"http:\/\/maudep.com.vn\/chuyengiadienmay\/index.php?rest_route=\/wp\/v2\/users\/1"}],"replies":[{"embeddable":true,"href":"http:\/\/maudep.com.vn\/chuyengiadienmay\/index.php?rest_route=%2Fwp%2Fv2%2Fcomments&post=3253"}],"version-history":[{"count":1,"href":"http:\/\/maudep.com.vn\/chuyengiadienmay\/index.php?rest_route=\/wp\/v2\/pages\/3253\/revisions"}],"predecessor-version":[{"id":3254,"href":"http:\/\/maudep.com.vn\/chuyengiadienmay\/index.php?rest_route=\/wp\/v2\/pages\/3253\/revisions\/3254"}],"wp:attachment":[{"href":"http:\/\/maudep.com.vn\/chuyengiadienmay\/index.php?rest_route=%2Fwp%2Fv2%2Fmedia&parent=3253"}],"curies":[{"name":"wp","href":"https:\/\/api.w.org\/{rel}","templated":true}]}}