{"id":3255,"date":"2019-01-14T14:08:26","date_gmt":"2019-01-14T07:08:26","guid":{"rendered":"http:\/\/maudep.com.vn\/chuyengiadienmay\/?page_id=3255"},"modified":"2019-01-14T14:08:58","modified_gmt":"2019-01-14T07:08:58","slug":"3255-2","status":"publish","type":"page","link":"http:\/\/maudep.com.vn\/chuyengiadienmay\/?page_id=3255","title":{"rendered":"Quy \u0111\u1ecbnh &#038; h\u00ecnh th\u1ee9c thanh to\u00e1n"},"content":{"rendered":"<h3 style=\"text-align: center;\"><span style=\"color: #00ccff;\"><strong>QUY \u0110\u1ecaNH V\u00c0 H\u00ccNH TH\u1ee8C THANH TO\u00c1N<\/strong><\/span><\/h3>\n<p>Nh\u1eb1m mang \u0111\u1ebfn cho kh\u00e1ch h\u00e0ng nh\u1eefng tr\u1ea3i nghi\u1ec7m mua s\u1eafm tr\u1ef1c tuy\u1ebfn t\u1ea1i Chuyengiadienmay.com ti\u1ec7n l\u1ee3i v\u00e0 tuy\u1ec7t v\u1eddi nh\u1ea5t. Ch\u00fang t\u00f4i \u0111\u01b0a ra nhi\u1ec1u h\u00ecnh th\u1ee9c thanh to\u00e1n \u0111\u1ec3 Q\u00fay kh\u00e1ch h\u00e0ng d\u1ec5 d\u00e0ng l\u1ef1a ch\u1ecdn:<\/p>\n<ol>\n<li><strong> Thanh to\u00e1n tr\u1ef1c ti\u1ebfp b\u1eb1ng ti\u1ec1n m\u1eb7t:<\/strong><\/li>\n<\/ol>\n<p>Thanh to\u00e1n tr\u1ef1c ti\u1ebfp v\u1edbi ng\u01b0\u1eddi giao h\u00e0ng sau khi nh\u1eadn h\u00e0ng (Ch\u1ec9 \u00e1p d\u1ee5ng v\u1edbi kh\u00e1ch h\u00e0ng \u1edf trong\u00a0 N\u1ed9i th\u00e0nh H\u00e0 N\u1ed9i)<\/p>\n<ol start=\"2\">\n<li><strong> Thanh to\u00e1n chuy\u1ec3n kho\u1ea3n qua t\u00e0i kho\u1ea3n Ng\u00e2n h\u00e0ng:<\/strong><\/li>\n<\/ol>\n<p>Ch\u00fang t\u00f4i lu\u00f4n khuy\u1ebfn kh\u00edch Qu\u00fd kh\u00e1ch thanh to\u00e1n chuy\u1ec3n kho\u1ea3n qua ng\u00e2n h\u00e0ng, hi\u1ec7n<span style=\"color: #00ccff;\"> Chuyengiadienmay.com<\/span> \u0111ang c\u00f3 t\u00e0i kho\u1ea3n t\u1ea1i nhi\u1ec1u Ng\u00e2n h\u00e0ng kh\u00e1c nhau, nh\u1eb1m ph\u1ee5c v\u1ee5 vi\u1ec7c nh\u1eadn v\u00e0 chuy\u1ec3n ti\u1ec1n nhanh ch\u00f3ng t\u1ee9c th\u1eddi. Ngay sau khi nh\u1eadn \u0111\u01b0\u1ee3c th\u00f4ng b\u00e1o t\u1eeb ng\u00e2n h\u00e0ng v\u1ec1 kho\u1ea3n thanh to\u00e1n c\u1ee7a kh\u00e1ch h\u00e0ng\u00a0<em>(b\u1eb1ng tin nh\u1eafn qua \u0111i\u1ec7n tho\u1ea1i ho\u1eb7c ki\u1ec3m tra thanh to\u00e1n online)<\/em>, <span style=\"color: #00ccff;\">Chuyengiadienmay.com<\/span> s\u1ebd th\u1ef1c hi\u1ec7n \u0111\u01a1n h\u00e0ng, chuy\u1ec3n h\u00e0ng theo \u0111\u00fang y\u00eau c\u1ea7u c\u1ee7a Qu\u00fd kh\u00e1ch.<\/p>\n<p>Q\u00fay kh\u00e1ch c\u00f3 th\u1ec3 thanh to\u00e1n cho<span style=\"color: #00ccff;\"> Chuyengiadienmay.com<\/span> th\u00f4ng qua nh\u1eefng t\u00e0i kho\u1ea3n sau:<\/p>\n<table>\n<tbody>\n<tr>\n<td width=\"213\"><strong>NG\u00c2N H\u00c0NG<\/strong><\/td>\n<td colspan=\"2\" width=\"426\"><strong>TH\u00d4NG TIN<\/strong><\/td>\n<\/tr>\n<tr>\n<td rowspan=\"4\" width=\"213\">Techcombank<\/td>\n<td colspan=\"2\" width=\"426\"><strong>Ng\u00e2n h\u00e0ng TMCP K\u1ef9 th\u01b0\u01a1ng Vi\u1ec7t Nam<\/strong><\/td>\n<\/tr>\n<tr>\n<td width=\"213\">Chi nh\u00e1nh<\/td>\n<td width=\"213\">: H\u00e0 T\u00e2y<\/td>\n<\/tr>\n<tr>\n<td width=\"213\">Ch\u1ee7 t\u00e0i kho\u1ea3n<\/td>\n<td width=\"213\">: Nguy\u1ec5n Ng\u1ecdc V\u0103n<\/td>\n<\/tr>\n<tr>\n<td width=\"213\">S\u1ed1 t\u00e0i kho\u1ea3n<\/td>\n<td width=\"213\">: 19021741663889<\/td>\n<\/tr>\n<tr>\n<td rowspan=\"4\" width=\"213\">ACB<\/td>\n<td colspan=\"2\" width=\"426\"><strong>Ng\u00e2n h\u00e0ng TMCP \u00c1 Ch\u00e2u<\/strong><\/td>\n<\/tr>\n<tr>\n<td width=\"213\">Chi nh\u00e1nh<\/td>\n<td width=\"213\">: Ho\u00e0ng C\u1ea7u<\/td>\n<\/tr>\n<tr>\n<td width=\"213\">Ch\u1ee7 t\u00e0i kho\u1ea3n<\/td>\n<td width=\"213\">: Nguy\u1ec5n Ng\u1ecdc V\u0103n<\/td>\n<\/tr>\n<tr>\n<td width=\"213\">S\u1ed1 t\u00e0i kho\u1ea3n<\/td>\n<td width=\"213\">: 565998888<\/td>\n<\/tr>\n<\/tbody>\n<\/table>\n<p>&nbsp;<\/p>\n<p><strong><em>* L\u01b0u \u00fd: <\/em><\/strong><\/p>\n<p>&#8211; trong n\u1ed9i dung giao d\u1ecbch chuy\u1ec3n kho\u1ea3n kh\u00e1ch h\u00e0ng ch\u1ec9 ghi <strong>\u201c t\u00ean v\u00e0 s\u1ed1 \u0111i\u1ec7n tho\u1ea1i \u0111\u1eb7t h\u00e0ng\u201d <\/strong>\u0111\u1ec3 <span style=\"color: #00ccff;\">Chuyengiadienmay.com<\/span> nh\u1eadn bi\u1ebft \u0111\u01a1n h\u00e0ng ch\u00ednh x\u00e1c v\u00e0 x\u1eed l\u00fd nhanh nh\u1ea5t.<\/p>\n<p>&#8211; Sau khi kh\u00e1ch h\u00e0ng th\u1ef1c hi\u1ec7n chuy\u1ec3n kho\u1ea3n cho ch\u00fang t\u00f4i v\u00e0o m\u1ed9t trong nh\u1eefng t\u00e0i kho\u1ea3n tr\u00ean, b\u1ea1n vui l\u00f2ng g\u1ecdi\u00a0<strong>HOTLINE : 0243 9128 555\u00a0<\/strong>\u00a0\u2013 ho\u1eb7c g\u1eedi v\u00e0o Email : <strong>info@maudep.com.vn\/chuyengiadienmay<\/strong> \u0111\u1ec3 th\u00f4ng b\u00e1o cho ch\u00fang t\u00f4i bi\u1ebft chi ti\u1ebft giao d\u1ecbch chuy\u1ec3n ti\u1ec1n c\u1ee7a b\u1ea1n.<\/p>\n<p>&#8211; Qu\u00fd kh\u00e1ch\u00a0n\u00ean chuy\u1ec3n ti\u1ec1n c\u00f9ng h\u1ec7 th\u1ed1ng ng\u00e2n h\u00e0ng\u00a0\u0111\u1ec3 \u0111\u1ea3m b\u1ea3o ti\u1ebft ki\u1ec7m chi ph\u00ed v\u00e0 chuy\u1ec3n ti\u1ec1n nhanh ch\u00f3ng \u2013 ch\u1ec9 m\u1ea5t 10 ph\u00fat.<\/p>\n<p>&#8211; Tr\u01b0\u1eddng h\u1ee3p Qu\u00fd kh\u00e1ch chuy\u1ec3n ti\u1ec1n kh\u00e1c h\u1ec7 th\u1ed1ng Ng\u00e2n h\u00e0ng: trong kho\u1ea3ng 01 ng\u00e0y tu\u1ef3 theo Ng\u00e2n h\u00e0ng (ngo\u1ea1i tr\u1eeb Th\u1ee9 7, Ch\u1ee7 Nh\u1eadt v\u00e0 c\u00e1c ng\u00e0y l\u1ec5 T\u1ebft)\u00a0m\u1edbi c\u00f3 th\u00f4ng b\u00e1o nh\u1eadn ti\u1ec1n giao d\u1ecbch chuy\u1ec3n ti\u1ec1n. C\u00e1c chi ph\u00ed chuy\u1ec3n ti\u1ec1n s\u1ebd do kh\u00e1ch h\u00e0ng chi tr\u1ea3.<\/p>\n<p>&#8211; Khi nh\u1eadn \u0111\u01b0\u1ee3c gi\u1ea5y b\u00e1o nh\u1eadn ti\u1ec1n t\u1eeb Ng\u00e2n h\u00e0ng, ch\u00fang t\u00f4i s\u1ebd th\u1ef1c hi\u1ec7n \u0111\u01a1n h\u00e0ng theo y\u00eau c\u1ea7u c\u1ee7a Qu\u00fd kh\u00e1ch.<\/p>\n<ol start=\"3\">\n<li><strong>C\u00e1c h\u00ecnh th\u1ee9c kh\u00e1c:<\/strong><\/li>\n<\/ol>\n<p>Ch\u00fang t\u00f4i \u0111ang ti\u1ebfn h\u00e0ng \u0111\u00e0m ph\u00e1n, h\u1ee3p t\u00e1c v\u1edbi c\u00e1c \u0111\u1ed1i t\u00e1c, trong t\u01b0\u01a1ng lai s\u1ebd \u0111\u01b0a v\u00e0o s\u1eed d\u1ee5ng m\u1ed9t h\u00ecnh th\u1ee9c thanh to\u00e1n m\u1edbi, b\u1ea3o m\u1eadt, ti\u1ec7n l\u1ee3i h\u01a1n cho Qu\u00fd kh\u00e1ch h\u00e0ng.<\/p>\n<ol start=\"4\">\n<li><strong> Th\u00f4ng tin th\u00eam:<\/strong><\/li>\n<\/ol>\n<p>V\u1edbi b\u1ea5t k\u1ef3 h\u00ecnh th\u1ee9c giao h\u00e0ng v\u00e0 thanh to\u00e1n n\u00e0o, ch\u00fang t\u00f4i \u0111\u1ec1u cung c\u1ea5p \u0111\u1ea7y \u0111\u1ee7 ch\u1ee9ng t\u1eeb nh\u01b0: H\u00f3a \u0111\u01a1n b\u00e1n h\u00e0ng, ho\u1eb7c (v\u00e0) Phi\u1ebfu giao h\u00e0ng, ho\u1eb7c (v\u00e0) Bi\u00ean b\u1ea3n giao h\u00e0ng, ho\u1eb7c (v\u00e0) Phi\u1ebfu thu ti\u1ec1n, ho\u1eb7c (v\u00e0) H\u00f3a \u0111\u01a1n t\u00e0i ch\u00ednh (n\u1ebfu kh\u00e1ch h\u00e0ng y\u00eau c\u1ea7u) \u0111\u1ec3 \u0111\u1ea3m b\u1ea3o r\u1eb1ng Qu\u00fd kh\u00e1ch \u0111ang mua h\u00e0ng v\u00e0 s\u1eed d\u1ee5ng d\u1ecbch v\u1ee5 c\u1ee7a <span style=\"color: #00ccff;\">Chuyengiadienmay.com<\/span><\/p>\n<p>&nbsp;<\/p>\n<p>&nbsp;<\/p>\n<p>&nbsp;<\/p>\n","protected":false},"excerpt":{"rendered":"<p>QUY \u0110\u1ecaNH V\u00c0 H\u00ccNH TH\u1ee8C THANH TO\u00c1N Nh\u1eb1m mang \u0111\u1ebfn cho kh\u00e1ch h\u00e0ng nh\u1eefng tr\u1ea3i nghi\u1ec7m mua s\u1eafm tr\u1ef1c tuy\u1ebfn &hellip; <a class=\"link-more\" href=\"http:\/\/maudep.com.vn\/chuyengiadienmay\/?page_id=3255\" class=\"more-link\">\u0110\u1ecdc th\u00eam &raquo;<span class=\"screen-reader-text\"> &#8220;Quy \u0111\u1ecbnh &#038; h\u00ecnh th\u1ee9c thanh to\u00e1n&#8221;<\/span><\/a><\/p>\n","protected":false},"author":1,"featured_media":0,"parent":0,"menu_order":0,"comment_status":"closed","ping_status":"closed","template":"","meta":[],"_links":{"self":[{"href":"http:\/\/maudep.com.vn\/chuyengiadienmay\/index.php?rest_route=\/wp\/v2\/pages\/3255"}],"collection":[{"href":"http:\/\/maudep.com.vn\/chuyengiadienmay\/index.php?rest_route=\/wp\/v2\/pages"}],"about":[{"href":"http:\/\/maudep.com.vn\/chuyengiadienmay\/index.php?rest_route=\/wp\/v2\/types\/page"}],"author":[{"embeddable":true,"href":"http:\/\/maudep.com.vn\/chuyengiadienmay\/index.php?rest_route=\/wp\/v2\/users\/1"}],"replies":[{"embeddable":true,"href":"http:\/\/maudep.com.vn\/chuyengiadienmay\/index.php?rest_route=%2Fwp%2Fv2%2Fcomments&post=3255"}],"version-history":[{"count":2,"href":"http:\/\/maudep.com.vn\/chuyengiadienmay\/index.php?rest_route=\/wp\/v2\/pages\/3255\/revisions"}],"predecessor-version":[{"id":3257,"href":"http:\/\/maudep.com.vn\/chuyengiadienmay\/index.php?rest_route=\/wp\/v2\/pages\/3255\/revisions\/3257"}],"wp:attachment":[{"href":"http:\/\/maudep.com.vn\/chuyengiadienmay\/index.php?rest_route=%2Fwp%2Fv2%2Fmedia&parent=3255"}],"curies":[{"name":"wp","href":"https:\/\/api.w.org\/{rel}","templated":true}]}}