{"id":3262,"date":"2019-01-14T15:28:33","date_gmt":"2019-01-14T08:28:33","guid":{"rendered":"http:\/\/maudep.com.vn\/chuyengiadienmay\/?page_id=3262"},"modified":"2019-01-14T15:28:33","modified_gmt":"2019-01-14T08:28:33","slug":"huong-dan-mua-hang","status":"publish","type":"page","link":"http:\/\/maudep.com.vn\/chuyengiadienmay\/?page_id=3262","title":{"rendered":"H\u01b0\u1edbng d\u1eabn mua h\u00e0ng"},"content":{"rendered":"<h3 style=\"text-align: center;\"><span style=\"color: #00ccff;\"><strong>H\u01af\u1edaNG D\u1eaaN MUA H\u00c0NG TR\u00caN WEBSITE CHUYENGIADIENMAY.COM<\/strong><\/span><\/h3>\n<p>C\u00f3 2 c\u00e1ch \u0111\u1ec3 mua h\u00e0ng \u0111\u01a1n gi\u1ea3n t\u1ea1i\u00a0<span style=\"color: #00ccff;\">Chuyengiadienmay.com<\/span><\/p>\n<p><strong>C\u00e1ch 1:<\/strong>\u00a0G\u1ecdi \u0111i\u1ec7n tho\u1ea1i \u0111\u1ebfn t\u1ed5ng \u0111\u00e0i\u00a0<strong>0243 9128 555 ho\u1eb7c 0908 488 288 <\/strong>t\u1eeb\u00a0<strong>7:30 &#8211; 22:00<\/strong>\u00a0(c\u1ea3\u00a0<strong>CN<\/strong>\u00a0&amp;\u00a0<strong>ng\u00e0y l\u1ec5<\/strong>), nh\u00e2n vi\u00ean ch\u00fang t\u00f4i lu\u00f4n s\u1eb5n s\u00e0ng ph\u1ee5c v\u1ee5, t\u01b0 v\u1ea5n v\u00e0 h\u1ed7 tr\u1ee3 qu\u00fd kh\u00e1ch mua \u0111\u01b0\u1ee3c s\u1ea3n ph\u1ea9m \u01b0ng \u00fd<\/p>\n<p><strong>C\u00e1ch 2:<\/strong>\u00a0\u0110\u1eb7t mua h\u00e0ng online tr\u00ean website\u00a0<span style=\"color: #00ccff;\">Chuyengiadienmay.com<\/span><\/p>\n<p><span style=\"color: #00ccff;\"><strong>B\u01b0\u1edbc 1: T\u00ecm s\u1ea3n ph\u1ea9m c\u1ea7n mua<\/strong><\/span><\/p>\n<p>B\u1ea1n c\u00f3 th\u1ec3 truy c\u1eadp website: <span style=\"color: #00ccff;\">Chuyengiadienmay.com<\/span> \u0111\u1ec3 t\u00ecm v\u00e0 ch\u1ecdn s\u1ea3n ph\u1ea9m mu\u1ed1n mua b\u1eb1ng nhi\u1ec1u c\u00e1ch:<\/p>\n<p>+ S\u1eed d\u1ee5ng \u00f4 t\u00ecm ki\u1ebfm ph\u00eda tr\u00ean, g\u00f5 t\u00ean s\u1ea3n ph\u1ea9m mu\u1ed1n mua (c\u00f3 th\u1ec3 t\u00ecm \u0111\u00edch danh 1 s\u1ea3n ph\u1ea9m, t\u00ecm theo h\u00e3ng&#8230;). Website s\u1ebd cung c\u1ea5p cho b\u1ea1n nh\u1eefng g\u1ee3i \u00fd ch\u00ednh x\u00e1c \u0111\u1ec3 l\u1ef1a ch\u1ecdn:<img loading=\"lazy\" class=\"aligncenter size-full wp-image-3263\" src=\"http:\/\/maudep.com.vn\/chuyengiadienmay\/wp-content\/uploads\/2019\/01\/k1.png\" alt=\"\" width=\"1024\" height=\"532\" srcset=\"http:\/\/maudep.com.vn\/chuyengiadienmay\/wp-content\/uploads\/2019\/01\/k1.png 1024w, http:\/\/maudep.com.vn\/chuyengiadienmay\/wp-content\/uploads\/2019\/01\/k1-300x156.png 300w, http:\/\/maudep.com.vn\/chuyengiadienmay\/wp-content\/uploads\/2019\/01\/k1-768x399.png 768w, http:\/\/maudep.com.vn\/chuyengiadienmay\/wp-content\/uploads\/2019\/01\/k1-600x312.png 600w\" sizes=\"(max-width: 1024px) 100vw, 1024px\" \/><\/p>\n<p>+ S\u1eed d\u1ee5ng Top menu danh m\u1ee5c s\u1ea3n ph\u1ea9m ho\u1eb7c danh m\u1ee5c s\u1ea3n ph\u1ea9m \u1edf trang ch\u1ee7 tr\u00ean website: ch\u1ecdn lo\u1ea1i s\u1ea3n ph\u1ea9m mu\u1ed1n mua l\u00e0 s\u1ea3n ph\u1ea9m ti\u1ec7n d\u1ee5ng thi\u1ebft th\u1ef1c; \u0110i\u1ec1u h\u00f2a; \u0110i\u1ec1u h\u00f2a th\u01b0\u01a1ng m\u1ea1i; B\u1ebfp t\u1eeb; Tivi, M\u00e1y gi\u1eb7t hay T\u1ee7 l\u1ea1nh\u2026. B\u1ea1n c\u00f3 th\u1ec3 t\u00ecm th\u1ea5y Danh m\u1ee5c nh\u1eefng s\u1ea3n ph\u1ea9m ph\u00f9 h\u1ee3p v\u1edbi nhu c\u1ea7u c\u1ee7a b\u1ea1n<\/p>\n<p><img loading=\"lazy\" class=\"aligncenter size-full wp-image-3264\" src=\"http:\/\/maudep.com.vn\/chuyengiadienmay\/wp-content\/uploads\/2019\/01\/k2.png\" alt=\"\" width=\"1027\" height=\"536\" srcset=\"http:\/\/maudep.com.vn\/chuyengiadienmay\/wp-content\/uploads\/2019\/01\/k2.png 1027w, http:\/\/maudep.com.vn\/chuyengiadienmay\/wp-content\/uploads\/2019\/01\/k2-300x157.png 300w, http:\/\/maudep.com.vn\/chuyengiadienmay\/wp-content\/uploads\/2019\/01\/k2-768x401.png 768w, http:\/\/maudep.com.vn\/chuyengiadienmay\/wp-content\/uploads\/2019\/01\/k2-1024x534.png 1024w, http:\/\/maudep.com.vn\/chuyengiadienmay\/wp-content\/uploads\/2019\/01\/k2-600x313.png 600w\" sizes=\"(max-width: 1027px) 100vw, 1027px\" \/><\/p>\n<p style=\"text-align: center;\"><em>(T\u00ecm ki\u1ebfm s\u1ea3n ph\u1ea9m tr\u00ean Top Menu)<\/em><\/p>\n<p><img loading=\"lazy\" class=\"aligncenter size-full wp-image-3265\" src=\"http:\/\/maudep.com.vn\/chuyengiadienmay\/wp-content\/uploads\/2019\/01\/k3.png\" alt=\"\" width=\"1022\" height=\"475\" srcset=\"http:\/\/maudep.com.vn\/chuyengiadienmay\/wp-content\/uploads\/2019\/01\/k3.png 1022w, http:\/\/maudep.com.vn\/chuyengiadienmay\/wp-content\/uploads\/2019\/01\/k3-300x139.png 300w, http:\/\/maudep.com.vn\/chuyengiadienmay\/wp-content\/uploads\/2019\/01\/k3-768x357.png 768w, http:\/\/maudep.com.vn\/chuyengiadienmay\/wp-content\/uploads\/2019\/01\/k3-600x279.png 600w\" sizes=\"(max-width: 1022px) 100vw, 1022px\" \/><\/p>\n<p style=\"text-align: center;\"><em>(T\u00ecm ki\u1ebfm s\u1ea3n ph\u1ea9m trong Danh m\u1ee5c s\u1ea3n ph\u1ea9m \u1edf trang ch\u1ee7)<\/em><\/p>\n<p><strong>V\u00ed d\u1ee5: Ch\u1ecdn\u00a0H\u00e0ng \u0110i\u1ec1u h\u00f2a treo t\u01b0\u1eddng Daikin trong danh m\u1ee5c \u0111\u00f3 s\u1ebd c\u00f3 chi ti\u1ebft v\u1ec1 nh\u1eefng m\u1eb7t h\u00e0ng thu\u1ed9c nh\u00f3m s\u1ea3n ph\u1ea9m \u201c\u0110i\u1ec1u h\u00f2a \u201d \u1edf Top Menu ho\u1eb7c \u201c\u0110i\u1ec1u h\u00f2a treo t\u01b0\u1eddng\u201d \u1edf danh m\u1ee5c trang ch\u1ee7 \u0111\u1ec3 d\u1ec5 d\u00e0ng h\u01a1n cho vi\u1ec7c t\u00ecm ki\u1ebfm \u0111\u01b0\u1ee3c s\u1ea3n ph\u1ea9m ph\u00f9 h\u1ee3p nh\u1ea5t<\/strong><\/p>\n<p>\u0110\u1ec3 ph\u1ea7n t\u00ecm ki\u1ebfm s\u1ea3n ph\u1ea9m ph\u00f9 h\u1ee3p v\u1edbi nhu c\u1ea7u c\u1ee7a kh\u00e1ch h\u00e0ng nhanh nh\u1ea5t, Chuyengiadienmay.com c\u00f2n t\u00edch h\u1ee3p th\u00eam t\u00ednh n\u0103ng B\u1ed9 l\u1ecdc \u0111\u1ec3 kh\u00e1ch h\u00e0ng c\u00f3 th\u1ec3 t\u00ecm ki\u1ebfm \u0111\u01b0\u1ee3c nh\u1eefng s\u1ea3n ph\u1ea9m \u01b0ng \u00fd.<\/p>\n<p>(H\u00ecnh \u1ea3nh b\u1ed9 l\u1ecdc)<\/p>\n<p><strong>B\u01b0\u1edbc 2: L\u1ef1a ch\u1ecdn s\u1ea3n ph\u1ea9m<\/strong><\/p>\n<p>Sau khi l\u1ef1a ch\u1ecdn \u0111\u01b0\u1ee3c s\u1ea3n ph\u1ea9m \u01b0ng \u00fd kh\u00e1ch h\u00e0ng click v\u00e0o s\u1ea3n ph\u1ea9m mu\u1ed1n mua<\/p>\n<p><img loading=\"lazy\" class=\"aligncenter size-full wp-image-3266\" src=\"http:\/\/maudep.com.vn\/chuyengiadienmay\/wp-content\/uploads\/2019\/01\/k4..png\" alt=\"\" width=\"1022\" height=\"558\" srcset=\"http:\/\/maudep.com.vn\/chuyengiadienmay\/wp-content\/uploads\/2019\/01\/k4..png 1022w, http:\/\/maudep.com.vn\/chuyengiadienmay\/wp-content\/uploads\/2019\/01\/k4.-300x164.png 300w, http:\/\/maudep.com.vn\/chuyengiadienmay\/wp-content\/uploads\/2019\/01\/k4.-768x419.png 768w, http:\/\/maudep.com.vn\/chuyengiadienmay\/wp-content\/uploads\/2019\/01\/k4.-600x328.png 600w\" sizes=\"(max-width: 1022px) 100vw, 1022px\" \/><\/p>\n<p>&nbsp;<\/p>\n<p>&nbsp;<\/p>\n<p>&nbsp;<\/p>\n<p>&nbsp;<\/p>\n<p>&nbsp;<\/p>\n<p>&nbsp;<\/p>\n<p>&nbsp;<\/p>\n","protected":false},"excerpt":{"rendered":"<p>H\u01af\u1edaNG D\u1eaaN MUA H\u00c0NG TR\u00caN WEBSITE CHUYENGIADIENMAY.COM C\u00f3 2 c\u00e1ch \u0111\u1ec3 mua h\u00e0ng \u0111\u01a1n gi\u1ea3n t\u1ea1i\u00a0Chuyengiadienmay.com C\u00e1ch 1:\u00a0G\u1ecdi \u0111i\u1ec7n tho\u1ea1i &hellip; <a class=\"link-more\" href=\"http:\/\/maudep.com.vn\/chuyengiadienmay\/?page_id=3262\" class=\"more-link\">\u0110\u1ecdc th\u00eam &raquo;<span class=\"screen-reader-text\"> &#8220;H\u01b0\u1edbng d\u1eabn mua h\u00e0ng&#8221;<\/span><\/a><\/p>\n","protected":false},"author":1,"featured_media":0,"parent":0,"menu_order":0,"comment_status":"closed","ping_status":"closed","template":"","meta":[],"_links":{"self":[{"href":"http:\/\/maudep.com.vn\/chuyengiadienmay\/index.php?rest_route=\/wp\/v2\/pages\/3262"}],"collection":[{"href":"http:\/\/maudep.com.vn\/chuyengiadienmay\/index.php?rest_route=\/wp\/v2\/pages"}],"about":[{"href":"http:\/\/maudep.com.vn\/chuyengiadienmay\/index.php?rest_route=\/wp\/v2\/types\/page"}],"author":[{"embeddable":true,"href":"http:\/\/maudep.com.vn\/chuyengiadienmay\/index.php?rest_route=\/wp\/v2\/users\/1"}],"replies":[{"embeddable":true,"href":"http:\/\/maudep.com.vn\/chuyengiadienmay\/index.php?rest_route=%2Fwp%2Fv2%2Fcomments&post=3262"}],"version-history":[{"count":1,"href":"http:\/\/maudep.com.vn\/chuyengiadienmay\/index.php?rest_route=\/wp\/v2\/pages\/3262\/revisions"}],"predecessor-version":[{"id":3267,"href":"http:\/\/maudep.com.vn\/chuyengiadienmay\/index.php?rest_route=\/wp\/v2\/pages\/3262\/revisions\/3267"}],"wp:attachment":[{"href":"http:\/\/maudep.com.vn\/chuyengiadienmay\/index.php?rest_route=%2Fwp%2Fv2%2Fmedia&parent=3262"}],"curies":[{"name":"wp","href":"https:\/\/api.w.org\/{rel}","templated":true}]}}