{"id":1310,"date":"2018-12-17T15:14:13","date_gmt":"2018-12-17T08:14:13","guid":{"rendered":"http:\/\/maudep.com.vn\/chuyengiadienmay\/?post_type=product&#038;p=1310"},"modified":"2021-10-14T11:14:06","modified_gmt":"2021-10-14T04:14:06","slug":"dieu-hoa-panasonic-2-chieu-12000btu-inverter-yz12wkh-8","status":"publish","type":"product","link":"http:\/\/maudep.com.vn\/chuyengiadienmay\/?product=dieu-hoa-panasonic-2-chieu-12000btu-inverter-yz12wkh-8","title":{"rendered":"\u0110i\u1ec1u h\u00f2a Panasonic 2 chi\u1ec1u 12000BTU inverter YZ12WKH-8"},"content":{"rendered":"<div class=\"pd-news-content\">\n<h2>Panasonic\u00a0YZ12WKH-8, model \u0111i\u1ec1u h\u00f2a Panasonic 2020<\/h2>\n<p>\u0110i\u1ec1u h\u00f2a\u00a0<strong>Panasonic\u00a0YZ12WKH-8<\/strong>\u00a02\u00a0chi\u1ec1u 12000BTU (1.5HP) d\u00f2ng inverter ti\u00eau chu\u1ea9n t\u00edch h\u1ee3p c\u00f4ng ngh\u1ec7 Nanoe-G\u00a0nh\u1eadp kh\u1ea9u ch\u00ednh h\u00e3ng Malaysia, model\u00a0\u0111i\u1ec1u h\u00f2a Panasonic\u00a02020.<\/p>\n<p><img src=\"https:\/\/banhangtaikho.com.vn\/Images\/Product\/yz12wkh8-8zHYn9.jpg\" alt=\"Panasonic YZ12WKH-8, \u0110i\u1ec1u h\u00f2a Panasonic 2 chi\u1ec1u 12000BTU\" \/><\/p>\n<p><em><strong>Qu\u00fd kh\u00e1ch h\u00e0ng l\u01b0u \u00fd: YZ12WKH-8\u00a0s\u1ebd thay th\u1ebf model YZ12UKH-8\u00a0(2019)<\/strong><\/em><\/p>\n<h2>Panasonic ch\u00ednh h\u00e3ng: Th\u01b0\u01a1ng hi\u1ec7u Nh\u1eadt, Nh\u1eadp kh\u1ea9u Malaysia<\/h2>\n<p><strong>Panasonic th\u01b0\u01a1ng hi\u1ec7u h\u00e0ng \u0111\u1ea7u Nh\u1eadt B\u1ea3n<\/strong>\u00a0\u2013 th\u01b0\u01a1ng hi\u1ec7u \u0111i\u1ec7n t\u1eed, \u0111i\u1ec7n l\u1ea1nh cao c\u1ea5p \u0111\u01b0\u1ee3c c\u1ea3 th\u1ebf gi\u1edbi tin d\u00f9ng v\u1edbi r\u1ea5t nhi\u1ec1u d\u00f2ng s\u1ea3n ph\u1ea9m: Tivi, T\u1ee7 l\u1ea1nh, m\u00e1y gi\u1eb7t, \u0111i\u1ec1u h\u00f2a\u2026<\/p>\n<p>V\u1edbi b\u1ec1 d\u00e0y l\u1ecbch s\u1eed tr\u00ean 100 n\u0103m, Panasonic \u0111\u00e3 kh\u1eb3ng \u0111\u1ecbnh \u0111\u01b0\u1ee3c gi\u00e1 tr\u1ecb ni\u1ec1m tin \u0111\u1ed1i v\u1edbi ng\u01b0\u1eddi ti\u00eau d\u00f9ng tr\u00ean to\u00e0n th\u1ebf gi\u1edbi tr\u00ean m\u1ecdi ph\u01b0\u01a1ng di\u1ec7n: T\u00ednh n\u0103ng c\u00f4ng ngh\u1ec7, ch\u1ea5t l\u01b0\u1ee3ng s\u1ea3n ph\u1ea9m&#8230;d\u1ecbch v\u1ee5 h\u1ed7 tr\u1ee3 sau b\u00e1n h\u00e0ng.<\/p>\n<p><img src=\"https:\/\/banhangtaikho.com.vn\/Images\/Upload\/images\/panasonic-nhat-ban-malaysia.jpg\" alt=\"\" \/><\/p>\n<p>H\u01a1n n\u1eefa,\u00a0\u0110i\u1ec1u h\u00f2a\u00a0Panasonic\u00a0YZ12WKH-8\u00a0ch\u00ednh h\u00e3ng \u0111\u01b0\u1ee3c\u00a0<strong>s\u1ea3n xu\u1ea5t nh\u1eadp kh\u1ea9u Malaysia<\/strong>\u00a0v\u1edbi d\u00e2y truy\u1ec1n hi\u1ec7n \u0111\u1ea1i, quy tr\u00ecnh ki\u1ec3m tra s\u1ea3n xu\u1ea5t nghi\u00eam ng\u1eb7t, c\u00f9ng \u0111\u1ed9i ng\u0169 k\u1ef9 thu\u1eadt vi\u00ean l\u00e2u n\u0103m tr\u00ecnh \u0111\u1ed9 cao\u2026t\u1ea1o ra nh\u1eefng s\u1ea3n ph\u1ea9m mang ch\u1ea5t l\u01b0\u1ee3ng to\u00e0n c\u1ea7u.<\/p>\n<h2>\u0110\u1ec9nh cao c\u1ee7a thi\u1ebft k\u1ebf SANG TR\u1eccNG<\/h2>\n<p>N\u00f3i v\u1ec1 thi\u1ebft k\u1ebf ki\u1ec3u d\u00e1ng m\u00e1y \u0111i\u1ec1u h\u00f2a Panasonic th\u00ec tr\u00ean th\u1ecb tr\u01b0\u1eddng kh\u00f4ng c\u00f3 b\u1ea5t k\u1ef3 h\u00e3ng \u0111i\u1ec1u h\u00f2a n\u00e0o c\u00f3 th\u1ec3 so s\u00e1nh \u0111\u01b0\u1ee3c.T\u1eeb m\u1ecdi g\u00f3c nh\u00ecn\u00a0\u0111i\u1ec1u h\u00f2a Panasonic 12000BTU\u00a02\u00a0chi\u1ec1u YZ12WKH-8 \u0111\u1ec1u to\u00e1t l\u00ean v\u1ebb \u0111\u1eb9p sang tr\u1ecdng &amp; \u0111\u1eb3ng c\u1ea5p.<\/p>\n<p><img src=\"https:\/\/banhangtaikho.com.vn\/Images\/Upload\/images\/panasonic-yz12wkh8-2.jpg\" alt=\"\" \/><\/p>\n<p>C\u00f4ng su\u1ea5t 12.000BTU, Panasonic inverter\u00a0YZ12WKH-8\u00a0l\u1ef1a ch\u1ecdn tinh t\u1ebf\u00a0<strong>l\u1eafp \u0111\u1eb7t cho di\u1ec7n t\u00edch d\u01b0\u1edbi 20m<sup>2<\/sup><\/strong>: ph\u00f2ng ng\u1ee7, ph\u00f2ng \u0111\u1ecdc s\u00e1ch,\u2026<\/p>\n<p>H\u01a1n n\u1eefa: Panasonic l\u00e0 th\u01b0\u01a1ng hi\u1ec7u \u0111i\u1ec1u h\u00f2a cao c\u1ea5p: T\u00edch h\u1ee3p nh\u1eefng t\u00ednh n\u0103ng c\u00f4ng ngh\u1ec7 ti\u00ean ti\u1ebfn nh\u1ea5t mang \u0111\u1ebfn cho ng\u01b0\u1eddi ti\u00eau d\u00f9ng nh\u1eefng tr\u1ea3i nghi\u1ec7m tuy\u1ec7t v\u1eddi nh\u1ea5t.<\/p>\n<h2>M\u00e1t l\u1ea1nh m\u00f9a h\u00e8, \u1ea5m \u00e1p m\u00f9a \u0111\u00f4ng<\/h2>\n<p>M\u00e1y \u0111i\u1ec1u h\u00f2a Panasonic YZ12WKH-8 2 chi\u1ec1u gi\u00fap b\u1ea1n t\u1eadn h\u01b0\u1edfng &amp; tr\u1ea3i nghi\u1ec7m c\u1ea3m gi\u00e1c m\u00e1t l\u1ea1nh v\u00e0o m\u00f9a h\u00e8, \u1ea5m \u00e1p v\u00e0o m\u00f9a \u0111\u00f4ng. Mang \u0111\u1ebfn cu\u1ed9c s\u1ed1ng 4 m\u00f9a nh\u01b0 \u00fd.<\/p>\n<p>\u0110i\u1ec1u h\u00f2a Panasonic 2 chi\u1ec1u YZ12WKH-8 x\u1ee9ng \u0111\u00e1ng l\u00e0 ng\u01b0\u1eddi b\u1ea1n \u0111\u1ed3ng h\u00e0ng c\u1ee7a m\u1ecdi nh\u00e0. V\u1edbi th\u1eddi ti\u1ebft mi\u1ec1n B\u1eafc \u0111ang b\u01b0\u1edbc v\u00e0o nh\u1eefng \u0111\u1ee3t r\u00e9t \u0111\u1eadm, r\u00e9t h\u1ea1i th\u00ec chi\u1ebfc \u0111i\u1ec1u h\u00f2a Panasonic 2 chi\u1ec1u th\u1eadt s\u1ef1 c\u1ea7n thi\u1ebft nh\u1ea5t l\u00e0 \u0111\u1ed1i v\u1edbi gia \u0111\u00ecnh c\u00f3 ng\u01b0\u1eddi gi\u00e0 v\u00e0 tr\u1ebb nh\u1ecf.<\/p>\n<h3><img src=\"https:\/\/banhangtaikho.com.vn\/Images\/Upload\/images\/panasonic-lam-lanh-nhanh.jpg\" alt=\"\" \/><\/h3>\n<h2>Panasonic \u0111\u1ec9nh cao ti\u1ebft ki\u1ec7m \u0111i\u1ec7n<\/h2>\n<p>M\u00e1y \u0111i\u1ec1u h\u00f2a Panasonic 2\u00a0chi\u1ec1u\u00a0YZ12WKH-8\u00a0\u0111\u01b0\u1ee3c trang b\u1ecb c\u00f4ng ngh\u1ec7 inverter v\u00ec th\u1ebf c\u00f2n \u0111\u01b0\u1ee3c g\u1ecdi l\u00e0 \u0111i\u1ec1u h\u00f2a inverter hay \u0111i\u1ec1u h\u00f2a ti\u1ebft ki\u1ec7m \u0111i\u1ec7n.<\/p>\n<p>M\u00e0 c\u00f4ng ngh\u1ec7 Inverter l\u00e0 c\u00f4ng ngh\u1ec7 cao c\u1ea5p nh\u1ea5t hi\u1ec7n nay \u0111\u01b0\u1ee3c t\u00edch h\u1ee3p trong m\u00e1y \u0111i\u1ec1u h\u00f2a kh\u00f4ng kh\u00ed m\u00e0 b\u1ea5t k\u1ef3 h\u00e3ng \u0111i\u1ec1u h\u00f2a n\u00e0o c\u0169ng trang b\u1ecb cho d\u00f2ng s\u1ea3n ph\u1ea9m cao c\u1ea5p nh\u1ea5t c\u1ee7a m\u00ecnh b\u1edfi nh\u1eefng\u00a0\u01b0u \u0111i\u1ec3m \u0111i\u1ec1u h\u00f2a inverter\u00a0mang l\u1ea1i: Ti\u1ebft ki\u1ec7m \u0111i\u1ec7n n\u0103ng t\u1edbi 30% \u0111\u1ed3ng ngh\u0129a v\u1edbi B\u1ea1n s\u1ebd ti\u1ebft ki\u1ec7m \u0111\u01b0\u1ee3c 30% s\u1ed1 ti\u1ec1n ph\u1ea3i thanh to\u00e1n h\u00e0ng th\u00e1ng n\u1ebfu d\u00f9ng m\u00e1y \u0111i\u1ec1u h\u00f2a th\u00f4ng th\u01b0\u1eddng, bi\u00ean \u0111\u1ed9 ch\u00eanh l\u1ec7ch nhi\u1ec7t \u0111\u1ed9 r\u1ea5t th\u1ea5p ch\u1ec9 0.5<sup>0<\/sup>C mang \u0111\u1ebfn c\u1ea3m gi\u00e1c tho\u1ea3i m\u00e1i th\u01b0 gi\u00e3n d\u1ec5 ch\u1ecbu, \u0111\u1ed3ng th\u1eddi m\u00e1y v\u1eadn h\u00e0nh \u00eam \u00e1i h\u01a1n.<\/p>\n<p><img src=\"https:\/\/banhangtaikho.com.vn\/Images\/Upload\/images\/icon-inverter.jpg\" \/><\/p>\n<h2>C\u00f4ng ngh\u1ec7 Nanoe-G\u00a0di\u1ec7t khu\u1ea9n t\u1edbi 99,9%<\/h2>\n<p>Nh\u01b0 c\u00e1c B\u1ea1n bi\u1ebft: N\u0103m 2019 l\u00e0 n\u0103m b\u00f9ng n\u1ed5 c\u1ee7a t\u00ecnh tr\u1ea1ng \u00f4 nhi\u1ec5m kh\u00f4ng kh\u00ed v\u1edbi m\u1ee9c b\u00e1o \u0111\u1ed9ng c\u1ef1c k\u1ef3 nghi\u00eam tr\u1ecdng \u0111\u1eb7c bi\u1ec7t \u1edf c\u00e1c th\u00e0nh ph\u1ed1 l\u1edbn: H\u00e0 N\u1ed9i, TP, H\u1ed3 Ch\u00ed Minh.<\/p>\n<p>\u00d4 nhi\u1ec5m kh\u00f4ng kh\u00ed\u00a0v\u1eeba l\u00e0 nguy\u00ean nh\u00e2n h\u00ecnh th\u00e0nh, v\u1eeba l\u00e0 y\u1ebfu t\u1ed1 l\u00e0m tr\u1ea7m tr\u1ecdng th\u00eam m\u1ed9t s\u1ed1 b\u1ec7nh, li\u00ean quan \u0111\u1ebfn h\u00f4 h\u1ea5p: S\u1ed5 m\u0169i, C\u00fam A, vi r\u00fat, v\u00e0 c\u00e1c b\u1ec7nh tim m\u1ea1ch,\u2026C\u00e1c h\u1ea1t b\u1ee5i m\u1ecbn v\u00e0 si\u00eau m\u1ecbn k\u00edch th\u01b0\u1edbc &lt; PM2.5 m\u1ed9t trong nh\u1eefng th\u00e0nh ph\u1ea7n ch\u00ednh c\u1ee7a kh\u00f4ng kh\u00ed \u00f4 nhi\u1ec5m, \u0111\u00e3 \u0111\u01b0\u1ee3c C\u01a1 quan Nghi\u00ean c\u1ee9u Ung th\u01b0 Qu\u1ed1c t\u1ebf x\u1ebfp v\u00e0o nh\u00f3m ch\u1ea5t g\u00e2y ung th\u01b0 cho con ng\u01b0\u1eddi.<\/p>\n<p>V\u00ec th\u1ebf ng\u01b0\u1eddi ti\u00eau d\u00f9ng ng\u00e0y c\u00e0ng ch\u00fa tr\u1ecdng h\u01a1n \u0111\u1ebfn c\u00e1c s\u1ea3n ph\u1ea9m \u0111\u01b0\u1ee3c t\u00edch h\u1ee3p c\u00f4ng ngh\u1ec7 di\u1ec7t khu\u1ea9n. Th\u1ea5u hi\u1ec3u \u0111\u01b0\u1ee3c \u0111i\u1ec1u n\u00e0y, n\u0103m 2020\u00a0m\u00e1y \u0111i\u1ec1u h\u00f2a Panasonic 2\u00a0chi\u1ec1u 12000BTU\u00a0YZ12WKH-8\u00a0\u0111\u01b0\u1ee3c t\u00edch h\u1ee3p\u00a0<strong>c\u00f4ng ngh\u1ec7 Nanoe-G<\/strong>\u00a0c\u00f3 ch\u1ee9c n\u0103ng kh\u1eed m\u00f9i, \u1ee9c ch\u1ebf s\u1ef1 ph\u00e1t tri\u1ec3n c\u1ee7a vi khu\u1ea9n v\u00e0 vi r\u00fat, lo\u1ea1i b\u1ecf b\u1ee5i b\u1ea9n hi\u1ec7u qu\u1ea3 t\u1edbi 99,9%, mang l\u1ea1i m\u00f4i tr\u01b0\u1eddng s\u1ed1ng trong l\u00e0nh h\u01a1n. \u0110\u00e2y \u0111\u01b0\u1ee3c m\u1ed9t\u00a0trong nh\u1eefng\u00a0c\u00f4ng ngh\u1ec7 n\u1ed5i b\u1eadt c\u1ee7a \u0111i\u1ec1u h\u00f2a 2020<\/p>\n<p>V\u00ec th\u1ebf, m\u00e1y \u0111i\u1ec1u h\u00f2a Panasonic\u00a0YZ12WKH8\u00a0kh\u00f4ng ch\u1ec9 l\u00e0 thi\u1ebft b\u1ecb l\u00e0m l\u1ea1nh m\u00e0 c\u00f2n nh\u01b0 b\u00e1c s\u0129 b\u1ea3o v\u1ec7 s\u1ee9c kh\u1ecfe nh\u1eefng th\u00e0nh vi\u00ean th\u00e2n y\u00eau cho gia \u0111\u00ecnh B\u1ea1n.<\/p>\n<h2>D\u00e0n n\u00f3ng Panasonic\u00a0YZ12WKH-8\u00a0blue fin ch\u1ed1ng \u0103n m\u00f2n<\/h2>\n<p>D\u1ea3n t\u1ea3n nhi\u1ec7t c\u1ee5c n\u00f3ng Panasonic CU-YZ12WKH-8\u00a0ph\u1ee7 l\u1edbp m\u00e0u xanh blue fin ch\u1ed1ng \u0103n m\u00f2n b\u1edfi h\u1edfi m\u1eb7n v\u00e0 n\u01b0\u1edbc m\u01b0a\u2026v\u00ec th\u1ebf m\u00e1y \u0111i\u1ec1u h\u00f2a Panasonic inverter YZ12WKH-8 b\u1ec1n b\u1ec9 v\u1edbi th\u1eddi gian. \u0110\u1eb7c bi\u1ec7t Panasonic l\u00e0 th\u01b0\u01a1ng hi\u1ec7u r\u1ea5t \u0111\u01b0\u1ee3c \u01b0a chu\u1ed9ng l\u1eafp \u0111\u1eb7t t\u1ea1i c\u00e1c khu v\u1ef1c ven bi\u1ec3n n\u01b0\u1edbc ta: H\u1ea3i Ph\u00f2ng, Qu\u1ea3ng Ninh, Thanh H\u00f3a, \u0110\u00e0 N\u1eb5ng\u2026n\u01a1i c\u00f3 s\u1ef1 \u0103n m\u00f2n cao c\u1ee7a mu\u1ed1i bi\u1ec3n v\u00e0 c\u00e1t.<\/p>\n<h2>S\u1eed d\u1ee5ng gas R32 \u2013 Th\u00e2n thi\u1ec7n m\u00f4i tr\u01b0\u1eddng<\/h2>\n<p>\u0110i\u1ec1u h\u00f2a Panasonic 12000BTU\u00a0YZ12WKH-8\u00a0s\u1eed d\u1ee5ng\u00a0gas R32\u00a0l\u00e0 m\u00f4i ch\u1ea5t l\u00e0m l\u1ea1nh m\u1edbi nh\u1ea5t v\u1edbi nhi\u1ec1u \u01b0u \u0111i\u1ec3m: Hi\u1ec7u su\u1ea5t l\u00e0m l\u1ea1nh cao gi\u00fap ti\u1ebft ki\u1ec7m \u0111i\u1ec7n n\u0103ng, kh\u00f4ng t\u00e1c \u0111\u1ed9ng \u0111\u1ebfn t\u1ea7ng \u00f4-z\u00f4n th\u00e2n thi\u1ec7n v\u1edbi m\u00f4i tr\u01b0\u1eddng.<\/p>\n<p><img src=\"https:\/\/banhangtaikho.com.vn\/Images\/Upload\/images\/panasonic-gas-r32.jpg\" \/><\/p>\n<div class=\"cl\"><\/div>\n<\/div>\n<div class=\"nav-news-epx\"><\/div>\n","protected":false},"excerpt":{"rendered":"<ul class=\"l pr-des-featured\">\n<li>\u0110i\u1ec1u h\u00f2a Panasonic 2 chi\u1ec1u 12000BTU inverter YZ12WKH-8<\/li>\n<li>Ti\u1ebft ki\u1ec7m \u0111i\u1ec7n n\u0103ng, v\u1eadn h\u00e0nh \u00eam \u00e1i<\/li>\n<li>C\u00f4ng ngh\u1ec7 Nanoe-G kh\u1eed m\u00f9i, di\u1ec7t khu\u1ea9n<\/li>\n<li>D\u00e0n n\u00f3ng Blue fin tu\u1ed5i th\u1ecd cao, ch\u1ed1ng \u0103n m\u00f2n<\/li>\n<li>Xu\u1ea5t x\u1ee9: Ch\u00ednh h\u00e3ng Malaysia<\/li>\n<li>B\u1ea3o h\u00e0nh: M\u00e1y 1 n\u0103m, m\u00e1y n\u00e9n 7 n\u0103m<\/li>\n<\/ul>\n","protected":false},"featured_media":6604,"comment_status":"open","ping_status":"closed","template":"","meta":[],"_links":{"self":[{"href":"http:\/\/maudep.com.vn\/chuyengiadienmay\/index.php?rest_route=\/wp\/v2\/product\/1310"}],"collection":[{"href":"http:\/\/maudep.com.vn\/chuyengiadienmay\/index.php?rest_route=\/wp\/v2\/product"}],"about":[{"href":"http:\/\/maudep.com.vn\/chuyengiadienmay\/index.php?rest_route=\/wp\/v2\/types\/product"}],"replies":[{"embeddable":true,"href":"http:\/\/maudep.com.vn\/chuyengiadienmay\/index.php?rest_route=%2Fwp%2Fv2%2Fcomments&post=1310"}],"wp:featuredmedia":[{"embeddable":true,"href":"http:\/\/maudep.com.vn\/chuyengiadienmay\/index.php?rest_route=\/wp\/v2\/media\/6604"}],"wp:attachment":[{"href":"http:\/\/maudep.com.vn\/chuyengiadienmay\/index.php?rest_route=%2Fwp%2Fv2%2Fmedia&parent=1310"}],"curies":[{"name":"wp","href":"https:\/\/api.w.org\/{rel}","templated":true}]}}