{"id":1312,"date":"2018-12-17T15:24:49","date_gmt":"2018-12-17T08:24:49","guid":{"rendered":"http:\/\/maudep.com.vn\/chuyengiadienmay\/?post_type=product&#038;p=1312"},"modified":"2021-10-14T11:14:59","modified_gmt":"2021-10-14T04:14:59","slug":"dieu-hoa-panasonic-2-chieu-18-000btu-inverter-yz18ukh-8","status":"publish","type":"product","link":"http:\/\/maudep.com.vn\/chuyengiadienmay\/?product=dieu-hoa-panasonic-2-chieu-18-000btu-inverter-yz18ukh-8","title":{"rendered":"\u0110i\u1ec1u h\u00f2a Panasonic 2 chi\u1ec1u 18.000BTU Inverter YZ18UKH-8"},"content":{"rendered":"<h3>\u0110i\u1ec1u h\u00f2a 2 chi\u1ec1u l\u00e0m l\u1ea1nh v\u00e0 s\u01b0\u1edfi \u1ea5m<\/h3>\n<p>Kh\u00e1c v\u1edbi \u0111i\u1ec1u h\u00f2a m\u1ed9t chi\u1ec1u th\u00f4ng th\u01b0\u1eddng ch\u1ec9 c\u00f3 kh\u1ea3 n\u0103ng l\u00e0m m\u00e1t, \u0111i\u1ec1u h\u00f2a 2 chi\u1ec1u Panasonic n\u00e0y c\u00f2n c\u00f3 th\u00eam ch\u1ee9c n\u0103ng s\u01b0\u1edfi \u1ea5m v\u00f4 c\u00f9ng ti\u1ec7n l\u1ee3i v\u00e0 th\u00edch h\u1ee3p cho nh\u1eefng n\u01a1i c\u00f3 ki\u1ec3u kh\u00ed h\u1eadu l\u1ea1nh nh\u01b0 mi\u1ec1n B\u1eafc n\u01b0\u1edbc ta.<\/p>\n<p><img loading=\"lazy\" class=\"lazy\" title=\"Ch\u1ebf \u0111\u1ed9 s\u01b0\u1edfi \u1ea5m - \u0110i\u1ec1u h\u00f2a 2 chi\u1ec1u Panasonic 17700 BTU CU\/CS-YZ18UKH-8\" src=\"https:\/\/cdn.tgdd.vn\/Products\/Images\/2002\/185767\/may-lanh-panasonic-cu-cs-yz18ukh-8-11.jpg\" alt=\"Ch\u1ebf \u0111\u1ed9 s\u01b0\u1edfi \u1ea5m - \u0110i\u1ec1u h\u00f2a 2 chi\u1ec1u Panasonic 17700 BTU CU\/CS-YZ18UKH-8\" width=\"800\" height=\"383\" \/><\/p>\n<h3>Thi\u1ebft k\u1ebf tinh t\u1ebf, sang tr\u1ecdng<\/h3>\n<p>\u0110i\u1ec1u h\u00f2a 2 chi\u1ec1u Panasonic 17700 BTU CU\/CS-YZ18UKH-8 \u0111\u01b0\u1ee3c l\u1eafp r\u00e1p t\u1ea1i Malaysia c\u00f3 thi\u1ebft k\u1ebf \u0111\u01b0\u1eddng cong th\u1eddi trang c\u00f9ng m\u00e0u tr\u1eafng tinh t\u1ebf h\u1ee9a h\u1eb9n l\u00e0m kh\u00f4ng gian c\u0103n ph\u00f2ng b\u1ea1n ch\u1eafc ch\u1eafn th\u00eam ph\u1ea7n sang tr\u1ecdng. C\u00f4ng su\u1ea5t l\u00e0m l\u1ea1nh 17700 BTU s\u1ebd l\u00e0m l\u1ea1nh hi\u1ec7u qu\u1ea3 trong ph\u1ea1m vi t\u1eeb 20 &#8211; 30m2.<\/p>\n<p><img class=\"lazy\" title=\"\u0110i\u1ec1u h\u00f2a 2 chi\u1ec1u Panasonic 17700 BTU CU\/CS-YZ18UKH-8\" src=\"https:\/\/cdn.tgdd.vn\/Products\/Images\/2002\/185767\/may-lanh-panasonic-cu-cs-yz18ukh-8-12.jpg\" alt=\"\u0110i\u1ec1u h\u00f2a 2 chi\u1ec1u Panasonic 17700 BTU CU\/CS-YZ18UKH-8\" \/><\/p>\n<h3>C\u00f4ng ngh\u1ec7 Inverter ti\u1ebft ki\u1ec7m \u0111i\u1ec7n<\/h3>\n<p>\u0110i\u1ec1u h\u00f2a \u0111\u01b0\u1ee3c trang b\u1ecb c\u00f4ng ngh\u1ec7 Inverter ti\u00ean ti\u1ebfn n\u00ean b\u1ea1n ho\u00e0n to\u00e0n c\u00f3 th\u1ec3 y\u00ean t\u00e2m v\u1ec1 hi\u1ec7u su\u1ea5t ti\u1ebft ki\u1ec7m n\u0103ng l\u01b0\u1ee3ng khi s\u1eed d\u1ee5ng \u0111i\u1ec1u h\u00f2a n\u00e0y. Ngo\u00e0i ra, kh\u1ea3 n\u0103ng l\u00e0m l\u1ea1nh \u1ed5n \u0111\u1ecbnh, \u00eam \u00e1i v\u00e0 c\u1ef1c k\u1ef3 b\u1ec1n b\u1ec9 theo th\u1eddi gian c\u0169ng l\u00e0 nh\u1eefng l\u1ee3i \u00edch \u0111\u00e1ng quan t\u00e2m m\u00e0 c\u00f4ng ngh\u1ec7 n\u00e0y mang l\u1ea1i ng\u01b0\u1eddi d\u00f9ng.<\/p>\n<p><img loading=\"lazy\" class=\"lazy\" title=\"Ti\u1ebft ki\u1ec7m \u0111i\u1ec7n n\u0103ng - \u0110i\u1ec1u h\u00f2a 2 chi\u1ec1u Panasonic 17700 BTU CU\/CS-YZ18UKH-8\" src=\"https:\/\/cdn.tgdd.vn\/Products\/Images\/2002\/185767\/may-lanh-panasonic-cu-cs-yz18ukh-8-2.PNG\" alt=\"Ti\u1ebft ki\u1ec7m \u0111i\u1ec7n n\u0103ng - \u0110i\u1ec1u h\u00f2a 2 chi\u1ec1u Panasonic 17700 BTU CU\/CS-YZ18UKH-8\" width=\"800\" height=\"362\" \/><\/p>\n<h3>L\u00e0m l\u1ea1nh nhanh ch\u00f3ng<\/h3>\n<p>C\u00f4ng ngh\u1ec7 P-TECH hi\u1ec7n \u0111\u1ea1i s\u1ebd cho lu\u1ed3ng gi\u00f3 c\u1ef1c m\u00e1t l\u1ea1nh nh\u1edd m\u00e1y n\u00e9n v\u00e0 qu\u1ea1t gi\u00f3 ho\u1ea1t \u0111\u1ed9ng t\u1ed1i \u0111a c\u00f4ng su\u1ea5t, gi\u00fap t\u1eadn h\u01b0\u1edfng h\u01a1i l\u1ea1nh nhanh nh\u1ea5t c\u00f3 th\u1ec3 trong nh\u1eefng ng\u00e0y n\u1eafng n\u00f3ng nh\u01b0 hi\u1ec7n nay.<\/p>\n<p><img loading=\"lazy\" class=\"lazy\" title=\"L\u00e0m l\u1ea1nh nhanh - \u0110i\u1ec1u h\u00f2a 2 chi\u1ec1u Panasonic 17700 BTU CU\/CS-YZ18UKH-8\" src=\"https:\/\/cdn.tgdd.vn\/Products\/Images\/2002\/185767\/may-lanh-panasonic-cu-cs-yz18ukh-8-9.jpg\" alt=\"L\u00e0m l\u1ea1nh nhanh - \u0110i\u1ec1u h\u00f2a 2 chi\u1ec1u Panasonic 17700 BTU CU\/CS-YZ18UKH-8\" width=\"800\" height=\"444\" \/><\/p>\n<h3>Kh\u00e1ng khu\u1ea9n, kh\u1eed m\u00f9i hi\u1ec7u qu\u1ea3 v\u1edbi\u00a0Nanoe-G<\/h3>\n<p>B\u1ed9 l\u1ecdc Nanoe &#8211; G tr\u00ean \u0111i\u1ec1u h\u00f2a Panasonic\u00a0c\u00f3 kh\u1ea3 n\u0103ng l\u1ecdc s\u1ea1ch kh\u00f4ng kh\u00ed nh\u1edd\u00a0s\u1eed d\u1ee5ng h\u00e0ng ng\u00e0n t\u1ef7 ph\u00e2n t\u1eed si\u00eau nh\u1ecf c\u00f3 k\u00edch th\u01b0\u1edbc Nano. B\u00ean c\u1ea1nh \u0111\u00f3\u00a0c\u00f3 t\u00e1c d\u1ee5ng ti\u00eau di\u1ec7t \u0111\u1ebfn h\u01a1n 99% vi khu\u1ea9n t\u1ed3n t\u1ea1i xung quanh b\u1ea1n v\u00e0\u00a0kh\u1eed \u0111\u01b0\u1ee3c c\u00e1c m\u00f9i kh\u00f3 ch\u1ecbu t\u1eeb \u0111\u00f3\u00a0c\u0103n ph\u00f2ng s\u1ebd an to\u00e0n h\u01a1n cho s\u1ee9c kh\u1ecfe c\u1ee7a gia \u0111\u00ecnh b\u1ea1n.<\/p>\n<p><img loading=\"lazy\" class=\"lazy\" title=\"Kh\u00e1ng khu\u1ea9n, kh\u1eed m\u00f9i - \u0110i\u1ec1u h\u00f2a 2 chi\u1ec1u Panasonic 17700 BTU CU\/CS-YZ18UKH-8\" src=\"https:\/\/cdn.tgdd.vn\/Products\/Images\/2002\/185767\/may-lanh-panasonic-cu-cs-yz18ukh-8-8.jpg\" alt=\"Kh\u00e1ng khu\u1ea9n, kh\u1eed m\u00f9i - \u0110i\u1ec1u h\u00f2a 2 chi\u1ec1u Panasonic 17700 BTU CU\/CS-YZ18UKH-8\" width=\"800\" height=\"444\" \/><\/p>\n<h3>Ch\u1ebf \u0111\u1ed9 th\u1ed5i gi\u00f3 d\u1ec5 ch\u1ecbu th\u00edch h\u1ee3p cho tr\u1ebb em ho\u1eb7c ng\u01b0\u1eddi l\u1edbn tu\u1ed5i<\/h3>\n<p>N\u1ebfu nh\u01b0 b\u1ea1n d\u1ef1 \u0111\u1ecbnh l\u1eafp \u0111i\u1ec1u h\u00f2a cho ph\u00f2ng c\u00f3 ng\u01b0\u1eddi gi\u00e0 v\u00e0 tr\u1ebb nh\u1ecf th\u00ec \u0111i\u1ec1u h\u00f2a hai chi\u1ec1u n\u00e0y v\u1edbi t\u00ednh n\u0103ng th\u1ed5i gi\u00f3 d\u1ec5 ch\u1ecbu s\u1ebd l\u00e0 m\u1ed9t \u0111i\u1ec3m c\u1ed9ng l\u1edbn. V\u1edbi t\u00ednh n\u0103ng n\u00e0y, h\u01a1i l\u1ea1nh s\u1ebd h\u01b0\u1edbng l\u00ean tr\u1ea7n nh\u00e0, kh\u00f4ng th\u1ed5i tr\u1ef1c ti\u1ebfp v\u00e0o ng\u01b0\u1eddi, gi\u00fap ng\u01b0\u1eddi gi\u00e0 v\u00e0 tr\u1ebb nh\u1ecf kh\u00f4ng b\u1ecb c\u1ea3m l\u1ea1nh.<\/p>\n<p><img loading=\"lazy\" class=\"lazy\" title=\"Ch\u1ebf \u0111\u1ed9 gi\u00f3 d\u1ec5 ch\u1ecbu - \u0110i\u1ec1u h\u00f2a 2 chi\u1ec1u Panasonic 17700 BTU CU\/CS-YZ18UKH-8\" src=\"https:\/\/cdn.tgdd.vn\/Products\/Images\/2002\/185767\/may-lanh-panasonic-cu-cs-yz18ukh-8-3.PNG\" alt=\"Ch\u1ebf \u0111\u1ed9 gi\u00f3 d\u1ec5 ch\u1ecbu - \u0110i\u1ec1u h\u00f2a 2 chi\u1ec1u Panasonic 17700 BTU CU\/CS-YZ18UKH-8\" width=\"800\" height=\"575\" \/><\/p>\n<h3>Ho\u1ea1t \u0111\u1ed9ng si\u00eau \u00eam<\/h3>\n<p>Khi v\u1eadn h\u00e0nh \u1edf ch\u1ebf \u0111\u1ed9 n\u00e0y, \u0111i\u1ec1u h\u00f2a s\u1ebd th\u1ed5i ra lu\u1ed3ng kh\u00ed nh\u1eb9 nh\u00e0ng, d\u1ec5 ch\u1ecbu, ho\u1ea1t \u0111\u1ed9ng \u00eam \u00e1i, mang \u0111\u1ebfn kh\u00f4ng gian y\u00ean t\u0129nh tuy\u1ec7t \u0111\u1ed1i cho kh\u00f4ng gian ph\u00f2ng nh\u1edd v\u1eady m\u00e0\u00a0c\u1ea3 gia \u0111\u00ecnh b\u1ea1n s\u1ebd c\u00f3 \u0111\u01b0\u1ee3c nh\u1eefng tr\u1ea3i nghi\u1ec7m tuy\u1ec7t v\u1eddi v\u1edbi kh\u00f4ng gian y\u00ean t\u0129nh, nhanh ch\u00f3ng ch\u00ecm v\u00e0o gi\u1ea5c ng\u1ee7 ngon v\u00e0 s\u00e2u sau m\u1ed9t ng\u00e0y ho\u1ea1t \u0111\u1ed9ng.<\/p>\n<p><img loading=\"lazy\" class=\"lazy\" title=\"Ho\u1ea1t \u0111\u1ed9ng si\u00eau \u00eam - \u0110i\u1ec1u h\u00f2a 2 chi\u1ec1u Panasonic 17700 BTU CU\/CS-YZ18UKH-8\" src=\"https:\/\/cdn.tgdd.vn\/Products\/Images\/2002\/185767\/may-lanh-panasonic-cu-cs-yz18ukh-8-13.jpg\" alt=\"Ho\u1ea1t \u0111\u1ed9ng si\u00eau \u00eam - \u0110i\u1ec1u h\u00f2a 2 chi\u1ec1u Panasonic 17700 BTU CU\/CS-YZ18UKH-8\" width=\"800\" height=\"444\" \/><\/p>\n<div class=\"likeshare\">\n<div id=\"fb-root\"><\/div>\n<div class=\"fb-like fb_iframe_widget\"><\/div>\n<\/div>\n<p>&nbsp;<\/p>\n","protected":false},"excerpt":{"rendered":"<ul class=\"l pr-des-featured\">\n<li>\u0110i\u1ec1u h\u00f2a Panasonic CU\/CS-YZ18UKH-8<\/li>\n<li>2 chi\u1ec1u &#8211; 18000BTU (2HP) &#8211; Gas R32<\/li>\n<li>Inverter ti\u1ebft ki\u1ec7m \u0111i\u1ec7n 30% gi\u00e1 r\u1ebb<\/li>\n<li>L\u00e0m l\u1ea1nh\/s\u01b0\u1edfi \u1ea5m hi\u1ec7u hi\u1ec7u qu\u1ea3<\/li>\n<li>Xu\u1ea5t x\u1ee9: Ch\u00ednh h\u00e3ng Malaysia<\/li>\n<li>B\u1ea3o h\u00e0nh: M\u00e1y 1 n\u0103m, m\u00e1y n\u00e9n 7 n\u0103m<\/li>\n<\/ul>\n","protected":false},"featured_media":1309,"comment_status":"open","ping_status":"closed","template":"","meta":[],"_links":{"self":[{"href":"http:\/\/maudep.com.vn\/chuyengiadienmay\/index.php?rest_route=\/wp\/v2\/product\/1312"}],"collection":[{"href":"http:\/\/maudep.com.vn\/chuyengiadienmay\/index.php?rest_route=\/wp\/v2\/product"}],"about":[{"href":"http:\/\/maudep.com.vn\/chuyengiadienmay\/index.php?rest_route=\/wp\/v2\/types\/product"}],"replies":[{"embeddable":true,"href":"http:\/\/maudep.com.vn\/chuyengiadienmay\/index.php?rest_route=%2Fwp%2Fv2%2Fcomments&post=1312"}],"wp:featuredmedia":[{"embeddable":true,"href":"http:\/\/maudep.com.vn\/chuyengiadienmay\/index.php?rest_route=\/wp\/v2\/media\/1309"}],"wp:attachment":[{"href":"http:\/\/maudep.com.vn\/chuyengiadienmay\/index.php?rest_route=%2Fwp%2Fv2%2Fmedia&parent=1312"}],"curies":[{"name":"wp","href":"https:\/\/api.w.org\/{rel}","templated":true}]}}