{"id":1375,"date":"2018-12-18T18:06:47","date_gmt":"2018-12-18T11:06:47","guid":{"rendered":"http:\/\/maudep.com.vn\/chuyengiadienmay\/?post_type=product&#038;p=1375"},"modified":"2021-10-14T13:55:36","modified_gmt":"2021-10-14T06:55:36","slug":"dieu-hoa-panasonic-inverter-1-chieu-9000btu-xu9ukh-8","status":"publish","type":"product","link":"http:\/\/maudep.com.vn\/chuyengiadienmay\/?product=dieu-hoa-panasonic-inverter-1-chieu-9000btu-xu9ukh-8","title":{"rendered":"\u0110i\u1ec1u h\u00f2a Panasonic inverter 1 chi\u1ec1u 9000BTU XU9UKH-8"},"content":{"rendered":"<div id=\"chitiet-1\" class=\"w-pd-i-content\">\n<p>M\u00e1y\u00a0\u0111i\u1ec1u h\u00f2a Panasonic<strong>\u00a0XU9UKH-8<\/strong>\u00a0lo\u1ea1i 1 chi\u1ec1u inverter cao c\u1ea5p c\u00f4ng su\u1ea5t 9000BTU (1HP) gas R32\u00a0nh\u1eadp kh\u1ea9u ch\u00ednh h\u00e3ng Malaysia, b\u1ea3o h\u00e0nh to\u00e0n b\u1ed9 m\u00e1y 1 n\u0103m &amp; m\u00e1y n\u00e9n 7 n\u0103m t\u00edch h\u1ee3p t\u00ednh n\u0103ng c\u00f4ng ngh\u1ec7 ti\u00ean ti\u1ebfn nh\u1ea5t, mang l\u1ea1i tr\u1ea3i nghi\u1ec7m tuy\u1ec7t v\u1eddi nh\u1ea5t t\u1edbi ng\u01b0\u1eddi ti\u00eau d\u00f9ng.<\/p>\n<p><img src=\"https:\/\/banhangtaikho.com.vn\/Images\/Product\/inverter-1-chieu-9000btu-xu9tkh8-l6w3dw.jpg\" alt=\"Panasonic XU9UKH-8, \u0110i\u1ec1u h\u00f2a Panasonic 1 chi\u1ec1u 9000BTU inverter\" \/><\/p>\n<h3>L\u1ef1a ch\u1ecdn ho\u00e0n h\u1ea3o cho c\u0103n ph\u00f2ng d\u01b0\u1edbi 15m2<\/h3>\n<p>Thi\u1ebft k\u1ebf AERO SLIM \u0111\u01b0\u1ee3c th\u1ec3 hi\u1ec7n th\u00f4ng qua c\u00e1c \u0111\u01b0\u1eddng n\u00e9t thanh m\u1ea3nh c\u00f9ng nh\u1eefng \u0111\u01b0\u1eddng cong m\u1ec1m m\u1ea1i tinh t\u1ebf, l\u1edbp v\u1ecf b\u00ean ngo\u00e0i \u00e1nh ng\u1ecdc trai sang tr\u1ecdng v\u1edbi \u0111\u01b0\u1eddng vi\u1ec1n \u00e1nh b\u1ea1c gi\u00fap t\u00f4n l\u00ean v\u1ebb \u0111\u1eb9p \u0111\u1eb3ng c\u1ea5p c\u1ee7a s\u1ea3n ph\u1ea9m. H\u01a1n n\u1eefa m\u00e1y \u0111i\u1ec1u h\u00f2a 1 chi\u1ec1u\u00a0<strong>Panasonic XU9UKH-8<\/strong>\u00a0\u0111\u01b0\u1ee3c trang b\u1ecb nh\u1eefng c\u00f4ng ngh\u1ec7 t\u00ednh n\u0103ng hi\u1ec7n \u0111\u1ea1i nh\u1ea5t cho ng\u01b0\u1eddi ti\u00eau d\u00f9ng.<\/p>\n<p><img src=\"https:\/\/banhangtaikho.com.vn\/Images\/Upload\/images\/panasonic-xu9ukh8-thiet-ke-sang-trong.jpg\" alt=\"\" \/><\/p>\n<h3>C\u00f4ng ngh\u1ec7 Inverter ti\u1ebft ki\u1ec7m \u0111i\u1ec7n<\/h3>\n<p>C\u00f4ng ngh\u1ec7 Inverter, c\u00f4ng ngh\u1ec7 bi\u1ebfn t\u1ea7n\u00a0bi\u1ebfn \u0111\u1ed5i t\u1ea7n su\u1ea5t ngu\u1ed3n c\u1ea5p cho m\u00e1y n\u00e9n \u0111\u1ec3 duy tr\u00ec m\u00e1y ho\u1ea1t \u0111\u1ed9ng li\u00ean t\u1ee5c, tr\u00e1nh t\u00ecnh tr\u1ea1ng b\u1eadt t\u1eaft m\u00e1y qu\u00e1 nhi\u1ec1u l\u1ea7n trong qu\u00e1 tr\u00ecnh s\u1eed d\u1ee5ng, g\u00e2y l\u00e3ng ph\u00ed \u0111i\u1ec7n n\u0103ng kh\u00f4ng c\u1ea7n thi\u1ebft. B\u00ean c\u1ea1nh \u0111\u00f3 c\u00f4ng ngh\u1ec7 Inverter c\u00f2n gi\u00fap duy tr\u00ec nhi\u1ec7t \u0111\u1ed9 \u1edf 1 kho\u1ea3ng nh\u1ea5t \u0111\u1ecbnh, mang l\u1ea1i c\u1ea3m gi\u00e1c tho\u1ea3i m\u00e1i cho ng\u01b0\u1eddi d\u00f9ng, thay v\u00ec th\u01b0\u1eddng xuy\u00ean c\u1ea3m th\u1ea5y qu\u00e1 n\u00f3ng ho\u1eb7c qu\u00e1 l\u1ea1nh nh\u01b0 \u0111i\u1ec1u h\u00f2a th\u00f4ng th\u01b0\u1eddng.<\/p>\n<p><img src=\"https:\/\/banhangtaikho.com.vn\/Images\/Upload\/images\/panasonic-inverter-2.jpg\" alt=\"\" \/><\/p>\n<h3>C\u00e1nh \u0111\u1ea3o gi\u00f3 AEROWINGS<\/h3>\n<p>D\u00f2ng m\u00e1y \u0111i\u1ec1u h\u00f2a Panasonic XU-UKH-8 series n\u00f3i chung v\u00e0\u00a0\u0111i\u1ec1u h\u00f2a 9000BTU\u00a0Panasonic\u00a0<strong>CU\/CS-XU9UKH-8<\/strong>\u00a0n\u00f3i ri\u00eang s\u1eed d\u1ee5ng c\u00e1nh \u0111\u1ea3o gi\u00f3 k\u00e9p h\u01b0\u1edbng xu\u1ed1ng, mang \u0111\u1ebfn lu\u1ed3ng kh\u00ed l\u1ea1nh ngay khi kh\u1edfi \u0111\u1ed9ng m\u00e1y.<\/p>\n<h3>C\u00f4ng ngh\u1ec7 di\u1ec7t khu\u1ea9n kh\u1eed m\u00f9i Nanoe-G<\/h3>\n<p>\u0110\u1ec3 b\u1ea3o v\u1ec7 s\u1ee9c kh\u1ecfe c\u1ee7a B\u1ea1n, m\u00e1y \u0111i\u1ec1u h\u00f2a kh\u00f4ng kh\u00ed Panasonic \u0111\u00e3 t\u00edch h\u1ee3p c\u00f4ng ngh\u1ec7 l\u1ecdc kh\u00ed ti\u00ean ti\u1ebfn Nanoe-G. Nanoe-G gi\u1ea3i ph\u00f3ng 3 ng\u00e0n t\u1ef7 h\u1ea1t si\u00eau nh\u1ecf gi\u00fap l\u00e0m s\u1ea1ch kh\u00f4ng kh\u00ed\u00a0trong ph\u00f2ng, \u0111em l\u1ea1i kh\u00f4ng gian s\u1ed1ng trong l\u00e0nh v\u00e0 s\u1ea1ch s\u1ebd h\u01a1n.<\/p>\n<p><img src=\"https:\/\/banhangtaikho.com.vn\/Images\/Upload\/images\/dieu%20hoa%20panasonic%20nanoeg.jpg\" alt=\"\" \/><\/p>\n<p><strong>1. LO\u1ea0I B\u1ece B\u1ee4I B\u1ea8N TRONG KH\u00d4NG KH\u00cd<\/strong><\/p>\n<p>nanoe-G c\u00f3 th\u1ec3 lo\u1ea1i b\u1ecf t\u1edbi 99% c\u00e1c h\u1ea1t PM2.5*\u00a0v\u00e0 c\u00e1c h\u1ea1t l\u01a1 l\u1eedng\u00a0trong kh\u00f4ng kh\u00ed\u00a0nh\u01b0 virus, vi khu\u1ea9n v\u00e0 n\u1ea5m m\u1ed1c.<\/p>\n<p><strong>2. V\u00d4 HI\u1ec6U H\u00d3A C\u00c1C VI SINH V\u1eacT B\u00c1M D\u00cdNH V\u00c0 KH\u1eec\u00a0M\u00d9I H\u00d4I C\u1ee6A C\u00c1C CH\u1ea4T B\u00c1M D\u00cdNH TR\u00caN \u0110\u1ed2 V\u1eacT<\/strong><\/p>\n<p>nanoe-G c\u00f3 th\u1ec3 v\u00f4 hi\u1ec7u h\u00f3a t\u1edbi 99%\u00a0vi khu\u1ea9n, virus v\u00e0 ng\u0103n ng\u1eeba n\u1ea5m m\u1ed1c ph\u00e1t tri\u1ec3n tr\u00ean c\u00e1c b\u1ec1 m\u1eb7t\u00a0xung quanh nh\u00e0 b\u1ea1n. M\u00f9i h\u00f4i tr\u00ean r\u00e8m c\u1eeda v\u00e0 b\u00e0n gh\u1ebf c\u0169ng b\u1ecb lo\u1ea1i tr\u1eeb.<\/p>\n<p><strong>3. V\u00d4 HI\u1ec6U H\u00d3A T\u1ea0I M\u00c0NG L\u1eccC<\/strong><\/p>\n<p>Nh\u1edd c\u01a1 ch\u1ebf v\u00f4 hi\u1ec7u h\u00f3a t\u1ea1i m\u00e0ng l\u1ecdc, nanoe-G v\u00f4 hi\u1ec7u h\u00f3a t\u1edbi 99%\u00a0vi khu\u1ea9n v\u00e0 virus b\u1ecb gi\u1eef l\u1ea1i t\u1ea1i m\u00e0ng l\u1ecdc.<\/p>\n<h3>C\u00f4ng ngh\u1ec7 l\u00e0m l\u1ea1nh nhanh P-Tech<\/h3>\n<p>C\u00f9ng v\u1edbi m\u00e1y n\u00e9n inverter c\u00f4ng su\u1ea5t cao, c\u00f4ng ngh\u1ec7 t\u0103ng c\u01b0\u1eddng nhi\u1ec7t (P-TECh)\u00a0c\u1ee7a Panasonic gi\u00fap m\u00e1y \u0111i\u1ec1u h\u00f2a Panasonic inverter\u00a0XU9UKH-8 c\u00f3 kh\u1ea3 n\u0103ng mang l\u1ea1i kh\u00f4ng kh\u00ed m\u00e1t l\u1ea1nh ngay t\u1ee9c th\u00ec trong th\u1eddi gian c\u1ef1c ng\u1eafn.<\/p>\n<p><img src=\"https:\/\/banhangtaikho.com.vn\/Images\/Upload\/images\/dieu-hoa-panasonic-p-tech.jpg\" alt=\"\" \/><\/p>\n<h3>\u0110i\u1ec1u khi\u1ec3n t\u1eeb xa d\u1ec5 s\u1eed d\u1ee5ng<\/h3>\n<p>\u0110i\u1ec1u khi\u1ec3n t\u1eeb xa kh\u00f4ng d\u00e2y c\u1ee7a Panasonic \u0111\u01b0\u1ee3c trang b\u1ecb m\u00e0n h\u00ecnh LCD l\u1edbn d\u1ec5 s\u1eed d\u1ee5ng. Nh\u1edd th\u1ebf b\u1ea1n c\u00f3 th\u1ec3 tho\u1ea3i m\u00e1i s\u1eed d\u1ee5ng d\u1ec5 d\u00e0ng v\u00e0 t\u1eadn h\u01b0\u1edfng nh\u1eefng ti\u1ec7n \u00edch c\u1ee7a m\u00e1y \u0111i\u1ec1u h\u00f2a Panasonic mang l\u1ea1i.<\/p>\n<div class=\"cl\"><\/div>\n<\/div>\n<div id=\"chitiet-2\" class=\"w-pd-i-content\">\n<p class=\"w-pd-i-c-head\">\u00a0Th\u1ed1ng s\u1ed1 k\u1ef9 thu\u1eadt \u0110i\u1ec1u h\u00f2a Panasonic inverter 1 chi\u1ec1u 9000BTU XU9UKH-8<\/p>\n<div class=\"cl\"><\/div>\n<table border=\"0\" cellspacing=\"0\" cellpadding=\"0\">\n<tbody>\n<tr>\n<td colspan=\"3\" rowspan=\"2\">\n<h3><strong>\u0110i\u1ec1u h\u00f2a Panasonic 1 chi\u1ec1u 9000BTU inverter<\/strong><\/h3>\n<\/td>\n<td><strong>(50Hz)<\/strong><\/td>\n<td><strong>CS-XU9UKH-8<\/strong><\/td>\n<\/tr>\n<tr>\n<td><\/td>\n<td><strong>(CU-XU9UKH-8)<\/strong><\/td>\n<\/tr>\n<tr>\n<td rowspan=\"2\">C\u00f4ng su\u1ea5t l\u00e0m l\u1ea1nh<\/td>\n<td colspan=\"2\">( Nh\u1ecf nh\u1ea5t -l\u1edbn nh\u1ea5t )<\/td>\n<td>kW<\/td>\n<td>2,55(0,84-3,20)<\/td>\n<\/tr>\n<tr>\n<td colspan=\"2\">( Nh\u1ecf nh\u1ea5t -l\u1edbn nh\u1ea5t )<\/td>\n<td>Btu\/h<\/td>\n<td>8,700(2,860-10,900)<\/td>\n<\/tr>\n<tr>\n<td colspan=\"3\">Ch\u1ec9 s\u1ed1 hi\u1ec7u su\u1ea5t n\u0103ng l\u01b0\u1ee3ng( CSPF)<\/td>\n<td><\/td>\n<td>5.39<\/td>\n<\/tr>\n<tr>\n<td rowspan=\"2\">EER<\/td>\n<td colspan=\"2\">( Nh\u1ecf nh\u1ea5t -l\u1edbn nh\u1ea5t )<\/td>\n<td>Btu\/hW<\/td>\n<td>12,79(12,71-12,39)<\/td>\n<\/tr>\n<tr>\n<td colspan=\"2\">( Nh\u1ecf nh\u1ea5t -l\u1edbn nh\u1ea5t )<\/td>\n<td>W\/W<\/td>\n<td>3,75(3,73-3,64)<\/td>\n<\/tr>\n<tr>\n<td rowspan=\"3\">Th\u00f4ng s\u1ed1 \u0111i\u1ec7n<\/td>\n<td colspan=\"2\">\u0110i\u1ec7n \u00e1p<\/td>\n<td><\/td>\n<td>220<\/td>\n<\/tr>\n<tr>\n<td colspan=\"2\">C\u01b0\u1eddng \u0111\u1ed9 d\u00f2ng \u0111i\u1ec7n<\/td>\n<td>A<\/td>\n<td>3.4<\/td>\n<\/tr>\n<tr>\n<td colspan=\"2\">C\u00f4ng su\u1ea5t \u0111i\u1ec7n ( Nh\u1ecf nh\u1ea5t &#8211; L\u1edbn nh\u1ea5t)<\/td>\n<td>W<\/td>\n<td>680(225-880)<\/td>\n<\/tr>\n<tr>\n<td rowspan=\"2\">Kh\u1eed \u1ea9m<\/td>\n<td colspan=\"2\"><\/td>\n<td>L\/h<\/td>\n<td>1.6<\/td>\n<\/tr>\n<tr>\n<td colspan=\"2\"><\/td>\n<td>Pt\/h<\/td>\n<td>3.4<\/td>\n<\/tr>\n<tr>\n<td rowspan=\"2\">L\u01b0u L\u01b0\u1ee3ng gi\u00f3<\/td>\n<td>Kh\u1ed1i trong nh\u00e0<\/td>\n<td colspan=\"2\">m\u00b3\/min(ft\u00b3\/min)<\/td>\n<td>10,8(380)<\/td>\n<\/tr>\n<tr>\n<td>Kh\u1ed1i ngo\u00e0i tr\u1eddi<\/td>\n<td colspan=\"2\">m\u00b3\/min(ft\u00b3\/min)<\/td>\n<td>26,5(940)<\/td>\n<\/tr>\n<tr>\n<td rowspan=\"2\">\u0110\u1ed9 \u1ed3n<\/td>\n<td>Kh\u1ed1i trong nh\u00e0( H \/L \/Q-Lo)<\/td>\n<td><\/td>\n<td>dB-A<\/td>\n<td>38\/26\/23<\/td>\n<\/tr>\n<tr>\n<td>Kh\u1ed1i ngo\u00e0i tr\u1eddi(H\/L)<\/td>\n<td><\/td>\n<td>dB-A<\/td>\n<td>47<\/td>\n<\/tr>\n<tr>\n<td rowspan=\"6\">K\u00edch Th\u01b0\u1edbc<\/td>\n<td colspan=\"2\" rowspan=\"2\">Cao<\/td>\n<td>mm<\/td>\n<td>295(511)<\/td>\n<\/tr>\n<tr>\n<td>inch<\/td>\n<td>11-5\/8(20-1\/8)<\/td>\n<\/tr>\n<tr>\n<td colspan=\"2\" rowspan=\"2\">R\u1ed9ng<\/td>\n<td>mm<\/td>\n<td>919(650)<\/td>\n<\/tr>\n<tr>\n<td>inch<\/td>\n<td>36-3\/16(25-19\/32)<\/td>\n<\/tr>\n<tr>\n<td colspan=\"2\" rowspan=\"2\">S\u00e2u<\/td>\n<td>mm<\/td>\n<td>199(230)<\/td>\n<\/tr>\n<tr>\n<td>inch<\/td>\n<td>7-27\/32(9-1,16)<\/td>\n<\/tr>\n<tr>\n<td rowspan=\"2\">Kh\u1ed1i L\u01b0\u1ee3ng<\/td>\n<td colspan=\"2\">Kh\u1ed1i trong nh\u00e0<\/td>\n<td>kg(lb)<\/td>\n<td>9(20)<\/td>\n<\/tr>\n<tr>\n<td colspan=\"2\">Kh\u1ed1i ngo\u00e0i tr\u1eddi<\/td>\n<td>kg(lb)<\/td>\n<td>19(42)<\/td>\n<\/tr>\n<tr>\n<td rowspan=\"4\">\u0110\u01b0\u1eddng k\u00ednh \u1ed1ng d\u1eabn<\/td>\n<td colspan=\"2\" rowspan=\"2\">\u1ed0ng l\u1ecfng<\/td>\n<td>mm<\/td>\n<td>\u00d86,35<\/td>\n<\/tr>\n<tr>\n<td>inch<\/td>\n<td>1\/4<\/td>\n<\/tr>\n<tr>\n<td colspan=\"2\" rowspan=\"2\">\u1ed0ng ga<\/td>\n<td>mm<\/td>\n<td>\u00d89,52<\/td>\n<\/tr>\n<tr>\n<td>inch<\/td>\n<td>\u00a03\/8<\/td>\n<\/tr>\n<tr>\n<td rowspan=\"4\">Gi\u1edbi h\u1ea1n \u0111\u01b0\u1eddng \u1ed1ng<\/td>\n<td colspan=\"2\">Chi\u1ec1u d\u00e0i ti\u00eau chu\u1ea9n<\/td>\n<td>m<\/td>\n<td>7.5<\/td>\n<\/tr>\n<tr>\n<td colspan=\"2\">Chi\u1ec1u d\u00e0i t\u1ed1i \u0111a<\/td>\n<td>m<\/td>\n<td>20<\/td>\n<\/tr>\n<tr>\n<td colspan=\"2\">Ch\u00eanh l\u1ec7ch \u0111\u1ed9 cao t\u1ed1i \u0111a<\/td>\n<td>m<\/td>\n<td>15<\/td>\n<\/tr>\n<tr>\n<td colspan=\"2\">Ga n\u1ea1p b\u1ed5 sung<\/td>\n<td>g\/m<\/td>\n<td>10<\/td>\n<\/tr>\n<tr>\n<td colspan=\"4\">Ngu\u1ed3n c\u1ea5p \u0111i\u1ec7n<\/td>\n<td>Kh\u1ed1i trong nh\u00e0<\/td>\n<\/tr>\n<\/tbody>\n<\/table>\n<\/div>\n<div class=\"nav-news-epx\"><\/div>\n","protected":false},"excerpt":{"rendered":"<ul class=\"l pr-des-featured\">\n<li>\u0110i\u1ec1u h\u00f2a Panasonic CU\/CS-XU9UKH-8<\/li>\n<li>1 chi\u1ec1u &#8211; 9000BTU (1HP) &#8211; Gas R32<\/li>\n<li>Inverter cao c\u1ea5p ti\u1ebft ki\u1ec7m \u0111i\u1ec7n 65%<\/li>\n<li>C\u00f4ng ngh\u1ec7 Econavi &amp; NanoeG<\/li>\n<li>Xu\u1ea5t x\u1ee9: Ch\u00ednh h\u00e3ng Malaysia<\/li>\n<li>B\u1ea3o h\u00e0nh: M\u00e1y 1 n\u0103m, m\u00e1y n\u00e9n 7 n\u0103m<\/li>\n<\/ul>\n","protected":false},"featured_media":6610,"comment_status":"open","ping_status":"closed","template":"","meta":[],"_links":{"self":[{"href":"http:\/\/maudep.com.vn\/chuyengiadienmay\/index.php?rest_route=\/wp\/v2\/product\/1375"}],"collection":[{"href":"http:\/\/maudep.com.vn\/chuyengiadienmay\/index.php?rest_route=\/wp\/v2\/product"}],"about":[{"href":"http:\/\/maudep.com.vn\/chuyengiadienmay\/index.php?rest_route=\/wp\/v2\/types\/product"}],"replies":[{"embeddable":true,"href":"http:\/\/maudep.com.vn\/chuyengiadienmay\/index.php?rest_route=%2Fwp%2Fv2%2Fcomments&post=1375"}],"wp:featuredmedia":[{"embeddable":true,"href":"http:\/\/maudep.com.vn\/chuyengiadienmay\/index.php?rest_route=\/wp\/v2\/media\/6610"}],"wp:attachment":[{"href":"http:\/\/maudep.com.vn\/chuyengiadienmay\/index.php?rest_route=%2Fwp%2Fv2%2Fmedia&parent=1375"}],"curies":[{"name":"wp","href":"https:\/\/api.w.org\/{rel}","templated":true}]}}