{"id":1406,"date":"2018-12-19T16:14:01","date_gmt":"2018-12-19T09:14:01","guid":{"rendered":"http:\/\/maudep.com.vn\/chuyengiadienmay\/?post_type=product&#038;p=1406"},"modified":"2021-10-15T10:22:59","modified_gmt":"2021-10-15T03:22:59","slug":"dieu-hoa-daikin-1-chieu-18-000btu-ftc50nv1v","status":"publish","type":"product","link":"http:\/\/maudep.com.vn\/chuyengiadienmay\/?product=dieu-hoa-daikin-1-chieu-18-000btu-ftc50nv1v","title":{"rendered":"\u0110i\u1ec1u h\u00f2a Daikin 1 chi\u1ec1u 18.000BTU FTC50NV1V"},"content":{"rendered":"<div class=\"pd-news-content\">\n<h3>Ki\u1ec3u d\u00e1ng \u0111\u01a1n gi\u1ea3n, thanh l\u1ecbch \u0111i c\u00f9ng c\u00f4ng su\u1ea5t l\u1edbn<\/h3>\n<p>M\u00e1y l\u1ea1nh Daikin 18.000 BTU FTC50NV1V\u00a0c\u00f3 ki\u1ec3u d\u00e1ng b\u00ean ngo\u00e0i bo tr\u00f2n g\u00f3c v\u00f4 c\u00f9ng m\u1ec1m m\u1ea1i, k\u1ebft h\u1ee3p v\u1edbi s\u1eafc tr\u1eafng thanh l\u1ecbch s\u1ebd ph\u00f9 h\u1ee3p v\u1edbi nh\u1eefng v\u1ecb gia ch\u1ee7 y\u00eau th\u00edch s\u1ef1 \u0111\u01a1n gi\u1ea3n nh\u01b0ng kh\u00f4ng k\u00e9m ph\u1ea7n tinh t\u1ebf. \u0110i c\u00f9ng\u00a0c\u00f4ng su\u1ea5t l\u00e0m l\u1ea1nh 18.000 BTU, m\u00e1y l\u1ea1nh l\u00e0 s\u1ef1 l\u1ef1a ch\u1ecdn l\u00fd t\u01b0\u1edfng cho ph\u00f2ng 20 &#8211; 30 m2.<\/p>\n<p><img class=\"lazy\" src=\"https:\/\/cdn.tgdd.vn\/Products\/Images\/2002\/158749\/daikin-ftc50nv1v-550-1601.jpg\" \/><\/p>\n<h3>Ch\u1ebf \u0111\u1ed9 l\u00e0m l\u1ea1nh nhanh cho b\u1ea1n tho\u1ea3i m\u00e1i t\u1eadn h\u01b0\u1edfng kh\u00f4ng gian m\u00e1t l\u1ea1nh ngay l\u1eadp t\u1ee9c<\/h3>\n<p>\u0110\u01b0\u1ee3c trang b\u1ecb\u00a0<strong>ch\u1ebf \u0111\u1ed9 l\u00e0m l\u1ea1nh nhanh<\/strong>, m\u00e1y l\u1ea1nh Daikin\u00a0FTC50NV1V s\u1ebd nhanh ch\u00f3ng mang \u0111\u1ebfn cho b\u1ea1n m\u1ed9t c\u0103n ph\u00f2ng m\u00e1t l\u1ea1nh, th\u01b0 gi\u00e3n ch\u1ec9 trong ch\u1edbp m\u1eaft sau khi b\u1eadt m\u00e1y.<\/p>\n<p><img class=\"lazy\" src=\"https:\/\/cdn.tgdd.vn\/Products\/Images\/2002\/158749\/daikin-ftc50nv1v-550-1602.jpg\" \/><\/p>\n<h3>Gi\u1ea3m h\u01a1i \u1ea9m kh\u00f3 ch\u1ecbu trong kh\u00f4ng kh\u00ed v\u1edbi ch\u1ebf \u0111\u1ed9 l\u00e0m kh\u00f4<\/h3>\n<p>B\u1ea1n kh\u00f4ng c\u00f2n ph\u1ea3i lo l\u1eafng v\u00e0o nh\u1eefng ng\u00e0y m\u01b0a, h\u01a1i \u1ea9m trong kh\u00f4ng kh\u00ed t\u0103ng cao khi\u1ebfn b\u1ea1n tr\u1edf n\u00ean kh\u00f3 ch\u1ecbu v\u00ec \u0111\u00e3 c\u00f3\u00a0ch\u1ebf \u0111\u1ed9 l\u00e0m kh\u00f4\u00a0v\u1edbi kh\u1ea3 n\u0103ng gi\u1ea3m thi\u1ec3u h\u01a1i \u1ea9m trong kh\u00f4ng kh\u00ed, tr\u1ea3 l\u1ea1i cho b\u1ea1n m\u1ed9t kh\u00f4ng gian d\u1ec5 ch\u1ecbu nh\u1ea5t c\u1ee7a chi\u1ebfc\u00a0m\u00e1y l\u1ea1nh Daikin\u00a0n\u00e0y.<\/p>\n<p><img class=\"lazy\" src=\"https:\/\/cdn.tgdd.vn\/Products\/Images\/2002\/158749\/daikin-ftc50nv1v-550-1603.jpg\" \/><\/p>\n<h3>Phin l\u1ecdc x\u00fac t\u00e1c quang Apatit Titan kh\u00e1ng khu\u1ea9n, kh\u1eed m\u00f9i m\u1ea1nh m\u1ebd<\/h3>\n<p>Nh\u1edd v\u00e0o trang b\u1ecb\u00a0phin l\u1ecdc kh\u1eed m\u00f9i x\u00fac t\u00e1c quang Apatit Titan\u00a0tr\u00ean\u00a0m\u00e1y l\u1ea1nh, m\u1ecdi vi khu\u1ea9n, b\u1ee5i b\u1ea9n c\u0169ng nh\u01b0 m\u00f9i h\u00f4i, \u1ea9m m\u1ed1c, trong kh\u00f4ng kh\u00ed s\u1ebd b\u1ecb lo\u1ea1i b\u1ecf ho\u00e0n to\u00e0n. Gi\u1edd \u0111\u00e2y c\u0103n ph\u00f2ng c\u1ee7a b\u1ea1n lu\u00f4n \u0111\u01b0\u1ee3c trong l\u00e0nh, s\u1ea1ch khu\u1ea9n, an to\u00e0n cho s\u1ee9c kh\u1ecfe h\u00f4 h\u1ea5p c\u1ee7a c\u00e1c th\u00e0nh vi\u00ean trong gia \u0111\u00ecnh.<\/p>\n<p><img class=\"lazy\" src=\"https:\/\/cdn.tgdd.vn\/Products\/Images\/2002\/158749\/daikin-ftc50nv1v-550-1604.jpg\" \/><\/p>\n<h3>T\u00ednh n\u0103ng h\u1eb9n gi\u1edd b\u1eadt t\u1eaft m\u00e1y v\u00f4 c\u00f9ng ti\u1ec7n l\u1ee3i<\/h3>\n<p>V\u1edbi t\u00ednh n\u0103ng\u00a0h\u1eb9n gi\u1edd b\u1eadt t\u1eaft m\u00e1y,\u00a0b\u1ea1n c\u00f3 th\u1ec3 ch\u1ee7 \u0111\u1ed9ng c\u00e0i \u0111\u1eb7t th\u1eddi gian b\u1eadt\/t\u1eaft cho chi\u1ebfc m\u00e1y l\u1ea1nh\u00a0Daikin\u00a0FTC50NV1V,c\u1ee7a m\u00ecnh. V\u00f4 c\u00f9ng ti\u1ec7n l\u1ee3i ph\u1ea3i kh\u00f4ng n\u00e0o?<\/p>\n<p><img class=\"lazy\" src=\"https:\/\/cdn.tgdd.vn\/Products\/Images\/2002\/158749\/daikin-ftc50nv1v-550-1605.jpg\" \/><\/p>\n<div class=\"cl\"><\/div>\n<\/div>\n<div class=\"nav-news-epx\"><\/div>\n","protected":false},"excerpt":{"rendered":"<div class=\"w-pd-b-r-col6\"><\/div>\n<div class=\"w-pd-b-r-col5\">\n<div class=\"w-pd-b-r-col6\">\n<ul class=\"l pr-des-featured\">\n<li>\u0110i\u1ec1u h\u00f2a Daikin FTC50NV1V\/RC50NV1V<\/li>\n<li>1 chi\u1ec1u &#8211; 18.000BTU (2HP) &#8211; Gas R32<\/li>\n<li>L\u00e0m l\u1ea1nh nhanh, \u0111\u1ed9 \u1ed3n th\u1ea5p<\/li>\n<li>Phin l\u1ecdc Apatit Titan kh\u1eed m\u00f9i di\u1ec7t khu\u1ea9n<\/li>\n<li>Xu\u1ea5t x\u1ee9: Ch\u00ednh h\u00e3ng Th\u00e1i Lan<\/li>\n<li>B\u1ea3o h\u00e0nh: M\u00e1y 1 n\u0103m, m\u00e1y n\u00e9n 4 n\u0103m<\/li>\n<\/ul>\n<\/div>\n<div class=\"w-pd-b-r-col5\"><\/div>\n<\/div>\n","protected":false},"featured_media":1402,"comment_status":"open","ping_status":"closed","template":"","meta":[],"_links":{"self":[{"href":"http:\/\/maudep.com.vn\/chuyengiadienmay\/index.php?rest_route=\/wp\/v2\/product\/1406"}],"collection":[{"href":"http:\/\/maudep.com.vn\/chuyengiadienmay\/index.php?rest_route=\/wp\/v2\/product"}],"about":[{"href":"http:\/\/maudep.com.vn\/chuyengiadienmay\/index.php?rest_route=\/wp\/v2\/types\/product"}],"replies":[{"embeddable":true,"href":"http:\/\/maudep.com.vn\/chuyengiadienmay\/index.php?rest_route=%2Fwp%2Fv2%2Fcomments&post=1406"}],"wp:featuredmedia":[{"embeddable":true,"href":"http:\/\/maudep.com.vn\/chuyengiadienmay\/index.php?rest_route=\/wp\/v2\/media\/1402"}],"wp:attachment":[{"href":"http:\/\/maudep.com.vn\/chuyengiadienmay\/index.php?rest_route=%2Fwp%2Fv2%2Fmedia&parent=1406"}],"curies":[{"name":"wp","href":"https:\/\/api.w.org\/{rel}","templated":true}]}}