{"id":1408,"date":"2018-12-19T16:21:09","date_gmt":"2018-12-19T09:21:09","guid":{"rendered":"http:\/\/maudep.com.vn\/chuyengiadienmay\/?post_type=product&#038;p=1408"},"modified":"2021-10-15T10:23:36","modified_gmt":"2021-10-15T03:23:36","slug":"dieu-hoa-daikin-1-chieu-21-000btu-ftc60nv1v","status":"publish","type":"product","link":"http:\/\/maudep.com.vn\/chuyengiadienmay\/?product=dieu-hoa-daikin-1-chieu-21-000btu-ftc60nv1v","title":{"rendered":"\u0110i\u1ec1u h\u00f2a Daikin 1 chi\u1ec1u 21.000BTU FTC60NV1V"},"content":{"rendered":"<div class=\"pd-news-content\">\n<h3>Thi\u1ebft k\u1ebf m\u1edbi m\u1ebb, tr\u1ebb trung<\/h3>\n<p>M\u00e1y l\u1ea1nh Daikin 22.000 BTU FTC60NV1V\u00a0l\u00e0 s\u1ea3n ph\u1ea9m m\u1edbi ra m\u1eaft c\u1ee7a Daikin trong n\u0103m 2018. V\u1edbi v\u1ebb ngo\u00e0i m\u00e0u tr\u1eafng tinh t\u1ebf, thanh l\u1ecbch, chi\u1ebfc m\u00e1y l\u1ea1nh n\u00e0y s\u1ebd mang l\u1ea1i v\u1ebb \u0111\u1eb9p tr\u1ebb trung, hi\u1ec7n \u0111\u1ea1i cho kh\u00f4ng gian ph\u00f2ng. C\u00f4ng su\u1ea5t l\u00e0m l\u1ea1nh l\u00e0\u00a022.000 BTU\u00a0s\u1ebd l\u00e0m l\u1ea1nh hi\u1ec7u qu\u1ea3 cho nh\u1eefng c\u0103n ph\u00f2ng l\u1edbn c\u00f3 di\u1ec7n t\u00edch t\u1eeb 30-40m2.<\/p>\n<p><img class=\"lazy\" src=\"https:\/\/cdn.tgdd.vn\/Products\/Images\/2002\/158760\/daikin-ftc60nv1v-1-1.jpg\" \/><\/p>\n<h3>Ch\u1ee9c n\u0103ng l\u00e0m l\u1ea1nh nhanh<\/h3>\n<p>V\u1edbi\u00a0ch\u1ee9c n\u0103ng l\u00e0m l\u1ea1nh nhanh, m\u00e1y l\u1ea1nh s\u1ebd ho\u1ea1t \u0111\u1ed9ng v\u1edbi c\u00f4ng su\u1ea5t c\u1ef1c \u0111\u1ea1i \u0111\u1ec3 nhanh ch\u00f3ng xua \u0111i kh\u00f4ng kh\u00ed n\u00f3ng b\u1ee9c trong ph\u00f2ng. Sau khi \u0111\u00e3 \u0111\u1ea1t m\u1ee9c nhi\u1ec7t c\u00e0i \u0111\u1eb7t, m\u00e1y s\u1ebd t\u1ef1 \u0111\u1ed9ng chuy\u1ec3n sang ch\u1ebf \u0111\u1ed9 v\u1eadn h\u00e0nh m\u00e1t d\u1ecbu t\u1ea1o s\u1ef1 tho\u1ea3i m\u00e1i, d\u1ec5 ch\u1ecbu \u0111\u1ea3m b\u1ea3o s\u1ee9c kh\u1ecfe cho ng\u01b0\u1eddi s\u1eed d\u1ee5ng.<\/p>\n<p><img class=\"lazy\" src=\"https:\/\/cdn.tgdd.vn\/Products\/Images\/2002\/158070\/daikin-ftc25nv1v-550-160-lam-lanh-nhanh.jpg\" \/><\/p>\n<h3>Ch\u1ebf \u0111\u1ed9 l\u00e0m kh\u00f4, kh\u1eed \u1ea9m<\/h3>\n<p>Ch\u1ebf \u0111\u1ed9 l\u00e0m kh\u00f4\u00a0tr\u00ean\u00a0m\u00e1y l\u1ea1nh Daikin\u00a0c\u00f3 kh\u1ea3 n\u0103ng kh\u1eed \u1ea9m trong kh\u00f4ng kh\u00ed. Khi k\u00edch ho\u1ea1t ch\u1ebf \u0111\u1ed9 n\u00e0y, kh\u00f4ng kh\u00ed trong ph\u00f2ng s\u1ebd tr\u1edf n\u00ean kh\u00f4 r\u00e1o h\u01a1n, tr\u00e1nh t\u00ecnh tr\u1ea1ng \u1ea9m \u01b0\u1edbt, tr\u00e1nh ph\u00e1t sinh n\u1ea5m m\u1ed1c g\u00e2y b\u1ec7nh. Ti\u1ec7n \u00edch n\u00e0y \u0111\u1eb7c bi\u1ec7t th\u00edch h\u1ee3p \u0111\u1ec3 s\u1eed d\u1ee5ng trong m\u00f9a m\u01b0a \u1ea9m.<\/p>\n<p><img class=\"lazy\" src=\"https:\/\/cdn.tgdd.vn\/Products\/Images\/2002\/158760\/daikin-ftc60nv1v-1.jpg\" \/><\/p>\n<h3>B\u1ea3o v\u1ec7 s\u1ee9c kh\u1ecfe v\u1edbi t\u1ea5m l\u1ecdc vi b\u1ee5i<\/h3>\n<p>M\u00e1y l\u1ea1nh Daikin \u0111\u01b0\u1ee3c trang b\u1ecb\u00a0t\u1ea5m l\u1ecdc vi b\u1ee5i\u00a0v\u00e0\u00a0phin l\u1ecdc kh\u1eed m\u00f9i x\u00fac t\u00e1c quang Apatit Titan\u00a0n\u00ean ng\u01b0\u1eddi d\u00f9ng c\u00f3 th\u1ec3 y\u00ean t\u00e2m v\u1ec1 s\u1ee9c kh\u1ecfe khi s\u1eed d\u1ee5ng\u00a0m\u00e1y l\u1ea1nh\u00a0n\u00e0y. T\u1ea5m l\u1ecdc vi b\u1ee5i c\u00f3 kh\u1ea3 n\u0103ng l\u1ecdc s\u1ea1ch vi khu\u1ea9n v\u00e0 b\u1ee5i b\u1ea9n trong kh\u00f4ng kh\u00ed, k\u1ebft h\u1ee3p v\u1edbi phin l\u1ecdc gi\u00fap kh\u1eed m\u00f9i t\u1ed1i \u01b0u, mang \u0111\u1ebfn kh\u00f4ng gian s\u1ed1ng trong l\u00e0nh, s\u1ea1ch khu\u1ea9n cho ng\u01b0\u1eddi d\u00f9ng.<\/p>\n<p><img class=\"lazy\" src=\"https:\/\/cdn.tgdd.vn\/Products\/Images\/2002\/158760\/daikin-ftc60nv1v-3.jpg\" \/><\/p>\n<h3>Ch\u1ee9c n\u0103ng h\u1eb9n gi\u1edd b\u1eadt t\u1eaft m\u00e1y<\/h3>\n<p>V\u1edbi\u00a0ch\u1ee9c n\u0103ng h\u1eb9n gi\u1edd b\u1eadt t\u1eaft, b\u1ea1n c\u00f3 th\u1ec3 c\u00e0i \u0111\u1eb7t th\u1eddi gian \u0111\u1ec3 m\u00e1y l\u1ea1nh \u0111\u01b0\u1ee3c b\u1eadt l\u00ean tr\u01b0\u1edbc khi v\u1ec1 nh\u00e0 c\u0169ng nh\u01b0 t\u1eaft \u0111i l\u00fac g\u1ea7n s\u00e1ng \u0111\u1ec3 ti\u1ebft ki\u1ec7m \u0111i\u1ec7n.<\/p>\n<p><img class=\"lazy\" src=\"https:\/\/cdn.tgdd.vn\/Products\/Images\/2002\/158760\/daikin-ftc60nv1v-5.jpg\" \/><\/p>\n<div class=\"cl\"><\/div>\n<\/div>\n<div class=\"nav-news-epx\"><\/div>\n","protected":false},"excerpt":{"rendered":"<ul class=\"l pr-des-featured\">\n<li>\u0110i\u1ec1u h\u00f2a Daikin FTC60NV1V\/RC60NV1V<\/li>\n<li>1 chi\u1ec1u &#8211; 21.000BTU (2.5HP) &#8211; Gas R32<\/li>\n<li>L\u00e0m l\u1ea1nh nhanh, \u0111\u1ed9 \u1ed3n th\u1ea5p<\/li>\n<li>Phin l\u1ecdc Apatit Titan kh\u1eed m\u00f9i di\u1ec7t khu\u1ea9n<\/li>\n<li>Xu\u1ea5t x\u1ee9: Ch\u00ednh h\u00e3ng Th\u00e1i Lan<\/li>\n<li>B\u1ea3o h\u00e0nh: M\u00e1y 1 n\u0103m, m\u00e1y n\u00e9n 4 n\u0103m<\/li>\n<\/ul>\n","protected":false},"featured_media":1402,"comment_status":"open","ping_status":"closed","template":"","meta":[],"_links":{"self":[{"href":"http:\/\/maudep.com.vn\/chuyengiadienmay\/index.php?rest_route=\/wp\/v2\/product\/1408"}],"collection":[{"href":"http:\/\/maudep.com.vn\/chuyengiadienmay\/index.php?rest_route=\/wp\/v2\/product"}],"about":[{"href":"http:\/\/maudep.com.vn\/chuyengiadienmay\/index.php?rest_route=\/wp\/v2\/types\/product"}],"replies":[{"embeddable":true,"href":"http:\/\/maudep.com.vn\/chuyengiadienmay\/index.php?rest_route=%2Fwp%2Fv2%2Fcomments&post=1408"}],"wp:featuredmedia":[{"embeddable":true,"href":"http:\/\/maudep.com.vn\/chuyengiadienmay\/index.php?rest_route=\/wp\/v2\/media\/1402"}],"wp:attachment":[{"href":"http:\/\/maudep.com.vn\/chuyengiadienmay\/index.php?rest_route=%2Fwp%2Fv2%2Fmedia&parent=1408"}],"curies":[{"name":"wp","href":"https:\/\/api.w.org\/{rel}","templated":true}]}}