{"id":1410,"date":"2018-12-19T16:37:57","date_gmt":"2018-12-19T09:37:57","guid":{"rendered":"http:\/\/maudep.com.vn\/chuyengiadienmay\/?post_type=product&#038;p=1410"},"modified":"2021-10-15T10:30:23","modified_gmt":"2021-10-15T03:30:23","slug":"dieu-hoa-daikin-9000-btu-1-chieu-inverter-ftka25vavmv","status":"publish","type":"product","link":"http:\/\/maudep.com.vn\/chuyengiadienmay\/?product=dieu-hoa-daikin-9000-btu-1-chieu-inverter-ftka25vavmv","title":{"rendered":"\u0110i\u1ec1u h\u00f2a Daikin 9000 BTU 1 chi\u1ec1u inverter FTKA25VAVMV"},"content":{"rendered":"<div class=\"pd-news-content\">\n<h2>FTKA25VAVMV &#8211; \u0110i\u1ec1u h\u00f2a Daikin 2021 model m\u1edbi nh\u1ea5t<\/h2>\n<p>\u0110i\u1ec1u ho\u00e0 Daikin 9000 BTU 1 chi\u1ec1u inverter FTKA25VAVMV\u00a0s\u1eed d\u1ee5ng gas R32 model \u0111i\u1ec1u h\u00f2a Daikin m\u1edbi nh\u1ea5t 2021 s\u1ebd thay th\u1ebf cho model tr\u01b0\u1edbc \u0111\u00f3 FTKA25UAVMV\u00a0v\u00e0 \u0111\u01b0\u1ee3c d\u1ef1 b\u00e1o ti\u1ebfp t\u1ee5c n\u1ed1i ti\u1ebfp s\u1ee9c h\u00fat \u0111\u1eb7c bi\u1ec7t v\u1edbi ng\u01b0\u1eddi ti\u00eau d\u00f9ng b\u1edfi nh\u1eefng t\u00ednh n\u0103ng, c\u00f4ng ngh\u1ec7 v\u01b0\u1ee3t tr\u1ed9i.<\/p>\n<p><img src=\"https:\/\/banhangtaikho.com.vn\/Images\/Product\/ftka25vavmv-Wi18X9.jpg\" alt=\"FTKA25VAVMV, \u0110i\u1ec1u h\u00f2a Daikin 9000 BTU 1 chi\u1ec1u inverter [2021]\" \/><\/p>\n<h2>Daikin &#8211; \u0110i\u1ec1u h\u00f2a Nh\u1eadt B\u1ea3n, t\u1ef1 h\u00e0o s\u1ea3n xu\u1ea5t t\u1ea1i Vi\u1ec7t Nam<\/h2>\n<p>Daikin l\u00e0 chuy\u00ean gia trong l\u0129nh v\u1ef1c \u0111i\u1ec1u ho\u00e0 kh\u00f4ng kh\u00ed h\u00e0ng \u0111\u1ea7u t\u1ea1i Nh\u1eadt B\u1ea3n, b\u00e1n ch\u1ea1y s\u1ed1 1 To\u00e0n C\u1ea7u.<\/p>\n<p>Daikin v\u1edbi b\u1ec1 d\u00e0y l\u1ecbch s\u1eed 100 n\u0103m ho\u1ea1t \u0111\u1ed9ng \u0111\u01b0\u1ee3c c\u1ea3 th\u1ebf gi\u1edbi tin t\u01b0\u1edfng b\u1edfi ti\u00ean phong trong c\u00f4ng ngh\u1ec7, kh\u00f4ng ch\u1ec9 quan t\u00e2m t\u1edbi\u00a0gi\u00e1 tr\u1ecb thi\u1ebft th\u1ef1c cho ng\u01b0\u1eddi ti\u00eau d\u00f9ng m\u00e0 c\u00f2n h\u01b0\u1edbng t\u1edbi s\u1ef1 ph\u00e1t tri\u1ec3n b\u1ec1n v\u1eefng v\u00ec\u00a0c\u1ed9ng \u0111\u1ed3ng.<\/p>\n<p>Tuy\u1ec7t v\u1eddi h\u01a1n khi m\u00e1y\u00a0\u0111i\u1ec1u h\u00f2a Daikin\u00a0FTKA25VAVMV \u0111\u01b0\u1ee3c s\u1ea3n xu\u1ea5t t\u1ea1i Nh\u00e0 m\u00e1y Daikin Vi\u1ec7t Nam &#8211;\u00a0KCN Th\u0103ng Long II, T\u1ec9nh H\u01b0ng Y\u00ean. Nh\u00e0 m\u00e1y hi\u1ec7n \u0111\u1ea1i quy m\u00f4 l\u1edbn nh\u1ea5t\u00a0\u0110\u00f4ng Nam \u00c1\u00a0v\u1edbi quy tr\u00ecnh s\u1ea3n xu\u1ea5t tu\u00e2n th\u1ee7 theo ti\u00eau chu\u1ea9n c\u1ee7a h\u00e3ng, \u0111\u00e1p \u1ee9ng ti\u00eau chu\u1ea9n ch\u1ea5t l\u01b0\u1ee3ng to\u00e0n c\u1ea7u cung \u1ee9ng\u00a0\u0111i\u1ec1u h\u00f2a\u00a0cho th\u1ecb tr\u01b0\u1eddng to\u00e0n th\u1ebf gi\u1edbi.\u00a0Ch\u00ednh v\u00ec v\u1eady ch\u00fang ta ho\u00e0n to\u00e0n y\u00ean t\u00e2m tin t\u01b0\u1edfng v\u00e0o ch\u1ea5t l\u01b0\u1ee3ng c\u1ee7a s\u1ea3n ph\u1ea9m.<\/p>\n<h2>Thi\u1ebft k\u1ebf hi\u1ec7n \u0111\u1ea1i, sang tr\u1ecdng, l\u1ef1a ch\u1ecdn l\u1eafp \u0111\u1eb7t tuy\u1ec7t v\u1eddi cho ph\u00f2ng &lt; 15m<sup>2<\/sup><\/h2>\n<p>\u0110i\u1ec1u h\u00f2a Daikin 9000 BTU inverter FTKA25VAVMV\u00a0thi\u1ebft k\u1ebf Coanda \u0111\u01b0\u1eddng cong m\u1ec1m m\u1ea1i \u1edf tr\u00ean m\u1eb7t n\u1ea1 l\u00e0m t\u0103ng th\u00eam gi\u00e1 tr\u1ecb th\u1ea9m m\u1ef9 cho s\u1ea3n ph\u1ea9m c\u0169ng \u0111\u1ed3ng th\u1eddi t\u1ea1o n\u00ean v\u1ebb \u0111\u1eb9p sang tr\u1ecdng, hi\u1ec7n \u0111\u1ea1i cho kh\u00f4ng gian c\u1ee7a ng\u01b0\u1eddi s\u1eed d\u1ee5ng.<\/p>\n<p><img src=\"https:\/\/banhangtaikho.com.vn\/Images\/Upload\/images\/dieu-hoa-daikin-ftka-vavmv.jpg\" alt=\"\" \/><\/p>\n<p>V\u1edbi c\u00f4ng su\u1ea5t\u00a0\u0111i\u1ec1u h\u00f2a\u00a09000BTU, Daikin\u00a0FTKA25VAVMV\u00a0ph\u00f9 h\u1ee3p\u00a0<strong>l\u1eafp \u0111\u1eb7t cho ph\u00f2ng di\u1ec7n t\u00edch d\u01b0\u1edbi 15m<sup>2<\/sup><\/strong>:\u00a0Ph\u00f2ng ng\u1ee7, ph\u00f2ng l\u00e0m vi\u1ec7c, ph\u00f2ng h\u1ecdp&#8230;<\/p>\n<h2>\u0110i\u1ec1u h\u00f2a Daikin 1 chi\u1ec1u\u00a0l\u00e0m l\u1ea1nh nhanh, m\u00e1t l\u1ea1nh d\u1ec5 ch\u1ecbu<\/h2>\n<p>Trong qu\u00e1\u00a0tr\u00ecnh l\u00e0m l\u1ea1nh, c\u00e1c c\u00e1nh \u0111\u1ea3o gi\u00f3 s\u1ebd m\u1edf r\u1ed9ng k\u1ebft h\u1ee3p v\u1edbi thi\u1ebft k\u1ebf m\u1eb7t n\u1ea1 Coanda \u0111\u1ed9c \u0111\u00e1o \u0111\u01b0a lu\u1ed3ng gi\u00f3 \u0111i d\u1ecdc theo tr\u1ea7n nh\u00e0, ph\u00e2n b\u1ed5 kh\u00f4ng kh\u00ed t\u01b0\u01a1i m\u00e1t \u0111\u1ec1u kh\u1eafp ph\u00f2ng tr\u00e1nh gi\u00f3 l\u00f9a tr\u1ef1c ti\u1ebfp v\u00e0o c\u01a1 th\u1ec3, gi\u00fap mang l\u1ea1i c\u1ea3m gi\u00e1c tho\u1ea3i m\u00e1i t\u1ed1i \u0111a. V\u00ec th\u1ebf m\u00e1y \u0111i\u1ec1u h\u00f2a Daikin\u00a0FTKA25VAVMV\u00a0l\u00e0m l\u1ea1nh nhanh, m\u00e1t l\u1ea1nh d\u1ec5 ch\u1ecbu ch\u1ec9 sau v\u00e0i ph\u00fat kh\u1edfi \u0111\u1ed9ng.<\/p>\n<h2>\u0110i\u1ec1u h\u00f2a Daikin inverter ti\u00ean phong ti\u1ebft ki\u1ec7m \u0111i\u1ec7n<\/h2>\n<p>\u0110i\u1ec1u h\u00f2a Daikin FTKA25VAVMV \u0111\u01b0\u1ee3c trang b\u1ecb c\u00f4ng ngh\u1ec7 inverter &#8211;\u00a0\u0110i\u1ec1u h\u00f2a inverter\u00a0\u0111\u00e2y l\u00e0 c\u00f4ng\u00a0ngh\u1ec7 ti\u00ean ti\u1ebfn nh\u1ea5t m\u00e0 h\u1ea7u h\u1ebft c\u00e1c h\u00e3ng \u0111i\u1ec1u h\u00f2a \u0111\u1ec1u trang b\u1ecb cho d\u00f2ng s\u1ea3n ph\u1ea9m cao c\u1ea5p nh\u1ea5t c\u1ee7a m\u00ecnh b\u1edfi nh\u1eefng \u01b0u \u0111i\u1ec3m v\u01b0\u1ee3t tr\u1ed9i m\u00e0 n\u00f3 mang l\u1ea1i. Ti\u1ebft ki\u1ec7m \u0111i\u1ec7n t\u1edbi 50%,\u00a0m\u00e1y ho\u1ea1t \u0111\u1ed9ng v\u1eadn h\u00e0nh\u00a0\u00eam \u00e1i, v\u00e0 t\u0103ng tu\u1ed5i th\u1ecd s\u1ea3n ph\u1ea9m.<\/p>\n<p><img src=\"https:\/\/banhangtaikho.com.vn\/Images\/Upload\/images\/dieu-hoa-daikin-inverter.jpg\" alt=\"\" \/><\/p>\n<h2>Tinh l\u1ecdc kh\u00f4ng kh\u00ed v\u1edbi m\u00e0ng l\u1ecdc ENZYME BLUE<\/h2>\n<p>Daikin lu\u00f4n ch\u00fa tr\u1ecdng c\u00f4ng ngh\u1ec7 l\u00e0m s\u1ea1ch kh\u00f4ng kh\u00ed \u0111\u1ec3 mang l\u1ea1i lu\u1ed3ng kh\u00f4ng kh\u00ed m\u00e1t trong l\u00e0nh cho ng\u01b0\u1eddi s\u1eed d\u1ee5ng. \u0110i\u1ec1u ho\u00e0 Daikin inverter 1\u00a0chi\u1ec1u 9000BTU\u00a0FTKA25VAVMV\u00a0\u0111\u01b0\u1ee3c trang b\u1ecb h\u1ec7 th\u1ed1ng l\u1ecdc kh\u00f4ng kh\u00ed v\u1edbi\u00a0t\u1ea5m l\u1ecdc\u00a0Enzyme Blue.<\/p>\n<p>T\u1ea5m l\u1ecdc n\u00e0y t\u1ea1o ra 1 l\u1edbp l\u00e1 ch\u1eafn b\u1ea3o v\u1ec7 \u0111\u01b0a ra gi\u1ea3i ph\u00e1t t\u1ed1i \u01b0u nh\u1eb1m mang l\u1ea1i b\u1ea7u kh\u00f4ng kh\u00ed trong l\u00e0nh cho c\u0103n ph\u00f2ng c\u1ee7a b\u1ea1n. Phin l\u1ecdc Enzyme Blue s\u1ebd kh\u1eed \u0111\u01b0\u1ee3c m\u00f9i h\u00f4i kh\u00f3 ch\u1ecbu, \u1ea9m m\u1ed1c v\u00e0 c\u00e1c t\u00e1c nh\u00e2n g\u00e2y d\u1ecb \u1ee9ng hi\u1ec7u qu\u1ea3 t\u1edbi 99,9%.<\/p>\n<p><img src=\"https:\/\/banhangtaikho.com.vn\/Images\/Upload\/images\/phin-loc-enzyme-blue-2.jpg\" \/><\/p>\n<p>V\u1edbi hi\u1ec7n tr\u1ea1ng \u00f4 nhi\u1ec5m kh\u00f4ng kh\u00ed \u1edf H\u00e0 N\u1ed9i, TP H\u1ed3 Ch\u00ed Minh trong th\u1eddi gian v\u1eeba qua th\u00ec B\u1ea1n ho\u00e0n to\u00e0n y\u00ean t\u00e2m r\u1eb1ng t\u1ea5m l\u1ecdc n\u00e0y s\u1ebd l\u00e0 gi\u1ea3i ph\u00e1p l\u00fd t\u01b0\u1edfng b\u1ea3o v\u1ec7 s\u1ee9c kh\u1ecfe c\u1ee7a nh\u1eefng ng\u01b0\u1eddi th\u00e2n y\u00eau c\u1ee7a m\u00ecnh.<\/p>\n<p><strong>H\u01a1n n\u1eefa:<\/strong><\/p>\n<p>\u0110i\u1ec1u h\u00f2a Daikin 1 chi\u1ec1u 9000BTU inverter FTKA25VAVMV\u00a0\u0111\u01b0\u1ee3c t\u00edch h\u1ee3p th\u00eam t\u00ednh n\u0103ng ch\u1ed1ng \u1ea9m m\u1ed1c b\u1eb1ng c\u01a1 ch\u1ebf t\u1ef1 \u0111\u1ed9ng: Sau khi t\u1eaft m\u00e1y, trong v\u00f2ng 1 gi\u1edd qu\u1ea1t s\u1ebd ho\u1ea1t \u0111\u1ed9ng gi\u00fap lo\u1ea1i b\u1ecfnh\u1eefng h\u01a1i \u1ea9m c\u00f2n l\u1ea1i b\u00ean trong d\u00e0n l\u1ea1nh, ng\u0103n s\u1ef1 ph\u00e1t tri\u1ec3n c\u1ee7a n\u1ea5m m\u1ed1c, m\u00f9i h\u00f4i v\u00e0 t\u0103ng \u0111\u1ed9 b\u1ec1n c\u1ee7a m\u00e1y.<\/p>\n<h2>Ho\u1ea1t \u0111\u1ed9ng \u00eam \u00e1i<\/h2>\n<p>Khi ch\u1ecdn ch\u1ebf \u0111\u1ed9 &#8220;Ho\u1ea1t \u0111\u1ed9ng \u00eam&#8221;, \u00e2m thanh v\u1eadn h\u00e0nh c\u1ee7a d\u00e0n l\u1ea1nh gi\u1ea3m xu\u1ed1ng m\u1ee9c \u201cY\u00caN T\u0128NH\u201d v\u00e0 \u00e2m thanh v\u1eadn h\u00e0nh c\u1ee7a d\u00e0n n\u00f3ng Daikin RKA25VAVMV c\u0169ng \u0111\u01b0\u1ee3c gi\u1ea3m xu\u1ed1ng, gi\u00fap mang l\u1ea1i gi\u1ea5c ng\u1ee7 ngon. \u0110\u00e2y l\u00e0 \u0111\u1eb7c \u0111i\u1ec3m \u0111\u1eb7c bi\u1ec7t m\u00e0 ch\u1ec9 c\u00f3 d\u00f2ng m\u00e1y \u0111i\u1ec1u h\u00f2a Daikin inverter FTKA25VAVMV<\/p>\n<h2>B\u1ec1n b\u1ec9 th\u00e1ch th\u1ee9c th\u1eddi gian<\/h2>\n<p>M\u00e1y \u0111i\u1ec1u h\u00f2a Daikin 9000BTU 1 chi\u1ec1u FTKA25VAVMV \u0111\u01b0\u1ee3c trang b\u1ecb d\u00e0n \u0111\u1ed3ng, c\u00e1n t\u1ea3n nhi\u1ec7t b\u1eb1ng nh\u00f4m\u00a0\u0111\u01b0\u1ee3c s\u01a1n ph\u1ee7 2 l\u1edbp t\u0129nh \u0111i\u1ec7n: l\u1edbp nh\u1ef1a Acrylic v\u00e0 l\u1edbp ch\u1ed1ng th\u1ea5m n\u01b0\u1edbc. Hai l\u1edbp ph\u1ee7 n\u00e0y gi\u00fap t\u0103ng c\u01b0\u1eddng kh\u1ea3 n\u0103ng ch\u1ed1ng \u0103n m\u00f2n c\u1ee7a m\u01b0a axit, h\u01a1i mu\u1ed1i, v\u00e0 ch\u1ed1ng r\u1ec9 s\u00e9t. Ch\u00ednh c\u1ea5u t\u1ea1o n\u00e0y \u0111\u00e3 gi\u00fap \u0111i\u1ec1u h\u00f2a Daikin kh\u00f4ng nh\u1eefng\u00a0t\u0103ng \u0111\u01b0\u1ee3c hi\u1ec7u su\u1ea5t l\u00e0m l\u1ea1nh m\u00e0 c\u00f2n b\u1ec1n b\u1ec9 th\u00e1ch th\u1ee9c th\u1eddi gian.<\/p>\n<p><img src=\"https:\/\/banhangtaikho.com.vn\/Images\/Upload\/images\/daikin-dan-dong.jpg\" \/><\/p>\n<h2>S\u1eed d\u1ee5ng m\u00f4i ch\u1ea5t l\u1ea1nh gas R32 th\u00e2n thi\u1ec7n v\u1edbi m\u00f4i tr\u01b0\u1eddng<\/h2>\n<p>Gas R32 l\u00e0 m\u00f4i ch\u1ea5t l\u00e0m l\u1ea1nh ti\u00ean ti\u1ebfn nh\u1ea5t hi\u1ec7n nay, \u0111ang l\u00e0 xu h\u01b0\u1edbng \u0111\u01b0\u1ee3c c\u00e1c h\u00e3ng s\u1ea3n xu\u1ea5t \u0111\u1ec3 thay th\u1ebf cho c\u00e1c lo\u1ea1i Gas c\u0169: R22, R410a.<\/p>\n<p><img src=\"https:\/\/banhangtaikho.com.vn\/Images\/Upload\/images\/dieu-hoa-gas-r32-2.jpg\" alt=\"\" \/><\/p>\n<p>D\u00f2ng Gas R32\u00a0mang nhi\u1ec1u\u00a0\u01b0u \u0111i\u1ec3m ti\u00ean ti\u1ebfn v\u01b0\u1ee3t tr\u1ed9i: Hi\u1ec7u su\u1ea5t l\u00e0m l\u1ea1nh cao, th\u00e2n thi\u1ec7n v\u1edbi m\u00f4i tr\u01b0\u1eddng kh\u00f4ng g\u00e2y hi\u1ec7u \u1ee9ng nh\u00e0 k\u00ednh.<\/p>\n<h2>Th\u1eddi gian b\u1ea3o h\u00e0nh \u0111i\u1ec1u h\u00f2a Daikin\u00a01\u00a0n\u0103m, 5 n\u0103m m\u00e1y n\u00e9n<\/h2>\n<p>Th\u1eddi gian b\u1ea3o h\u00e0nh \u0111i\u1ec1u h\u00f2a Daikin ch\u00ednh h\u00e3ng to\u00e0n b\u1ed9 s\u1ea3n ph\u1ea9m 1 n\u0103m v\u00e0 m\u00e1y n\u00e9n (block) 5 n\u0103m t\u1ea1i ch\u00e2n c\u00f4ng tr\u00ecnh \/ t\u1ea1i nh\u00e0.<\/p>\n<p><img src=\"https:\/\/banhangtaikho.com.vn\/Images\/Upload\/images\/dieu-hoa-daikin-bao-hanh-may-nam.jpg\" alt=\"\" \/><\/p>\n<p class=\"w-pd-i-c-head\">Th\u1ed1ng s\u1ed1 k\u1ef9 thu\u1eadt \u0110i\u1ec1u h\u00f2a Daikin 9000 BTU 1 chi\u1ec1u inverter FTKA25VAVMV<\/p>\n<div class=\"cl\"><\/div>\n<table border=\"0\" cellspacing=\"0\" cellpadding=\"0\">\n<tbody>\n<tr>\n<td colspan=\"3\">\u0110i\u1ec1u h\u00f2a Daikin<\/td>\n<td>FTKA25VAVMV\/RKA25VAVMV<\/td>\n<\/tr>\n<tr>\n<td colspan=\"2\">D\u00e3y c\u00f4ng su\u1ea5t<\/td>\n<td><\/td>\n<td>9,000Btu\/h<\/td>\n<\/tr>\n<tr>\n<td rowspan=\"2\">C\u00f4ng su\u1ea5t danh \u0111\u1ecbnh<\/td>\n<td>(T\u1ed1i thi\u1ec3u &#8211; T\u1ed1i \u0111a)<\/td>\n<td>kW<\/td>\n<td>2.5 (1.0~2.9)<\/td>\n<\/tr>\n<tr>\n<td>(T\u1ed1i thi\u1ec3u &#8211; T\u1ed1i \u0111a)<\/td>\n<td>Btu\/h<\/td>\n<td>8,500<br \/>\n(3,400~9,900)<\/td>\n<\/tr>\n<tr>\n<td colspan=\"2\">Ngu\u1ed3n \u0111i\u1ec7n<\/td>\n<td><\/td>\n<td>1 pha, 220-240V, 50Hz\/220-230V,60Hz<\/td>\n<\/tr>\n<tr>\n<td colspan=\"2\">D\u00f2ng \u0111i\u1ec7n ho\u1ea1t \u0111\u1ed9ng<\/td>\n<td>A<\/td>\n<td>4,4<\/td>\n<\/tr>\n<tr>\n<td>\u0110i\u1ec7n n\u0103ng ti\u00eau th\u1ee5<\/td>\n<td>(T\u1ed1i thi\u1ec3u &#8211; T\u1ed1i \u0111a)<\/td>\n<td>W<\/td>\n<td>920 (200-1,100)<\/td>\n<\/tr>\n<tr>\n<td colspan=\"2\">CSPF<\/td>\n<td><\/td>\n<td>4,66<\/td>\n<\/tr>\n<tr>\n<td colspan=\"2\">D\u00c0N L\u1ea0NH<\/td>\n<td><\/td>\n<td>FTKA25VAVMV<\/td>\n<\/tr>\n<tr>\n<td colspan=\"2\">M\u00e0u m\u1eb7t n\u1ea1<\/td>\n<td><\/td>\n<td>Tr\u1eafng<\/td>\n<\/tr>\n<tr>\n<td rowspan=\"4\">L\u01b0u l\u01b0\u1ee3ng gi\u00f3<\/td>\n<td>Cao<\/td>\n<td>m\u00b3\/ph\u00fat<\/td>\n<td>9,9<\/td>\n<\/tr>\n<tr>\n<td>Trung B\u00ecnh<\/td>\n<td>m\u00b3\/ph\u00fat<\/td>\n<td>8,4<\/td>\n<\/tr>\n<tr>\n<td>Th\u1ea5p<\/td>\n<td>m\u00b3\/ph\u00fat<\/td>\n<td>7,1<\/td>\n<\/tr>\n<tr>\n<td>Y\u00ean t\u0129nh<\/td>\n<td>m\u00b3\/ph\u00fat<\/td>\n<td>6,0<\/td>\n<\/tr>\n<tr>\n<td colspan=\"2\">T\u1ed1c \u0111\u1ed9 qu\u1ea1t<\/td>\n<td><\/td>\n<td>5 b\u01b0\u1edbc, \u00eam v\u00e0 t\u1ef1 \u0111\u1ed9ng<\/td>\n<\/tr>\n<tr>\n<td colspan=\"2\">\u0110\u1ed9 \u1ed3n (Cao\/Trung b\u00ecnh\/Th\u1ea5p\/ Y\u00ean t\u0129nh)<\/td>\n<td>dB(A)<\/td>\n<td>36\/32\/27\/23<\/td>\n<\/tr>\n<tr>\n<td colspan=\"2\">K\u00edch th\u01b0\u1edbc (Cao x R\u1ed9ng x D\u00e0y)<\/td>\n<td>mm<\/td>\n<td>285 x 770 x 226<\/td>\n<\/tr>\n<tr>\n<td colspan=\"2\">Kh\u1ed1i l\u01b0\u1ee3ng<\/td>\n<td>kg<\/td>\n<td>8<\/td>\n<\/tr>\n<tr>\n<td colspan=\"2\">D\u00c0N N\u00d3NG<\/td>\n<td><\/td>\n<td>RKA25VAVMV<\/td>\n<\/tr>\n<tr>\n<td colspan=\"2\">M\u00e0u v\u1ecf m\u00e1y<\/td>\n<td><\/td>\n<td>Tr\u1eafng ng\u00e0<\/td>\n<\/tr>\n<tr>\n<td rowspan=\"2\">M\u00e1y n\u00e9n<\/td>\n<td>Lo\u1ea1i<\/td>\n<td><\/td>\n<td>M\u00e1y n\u00e9n Swing d\u1ea1ng k\u00edn<\/td>\n<\/tr>\n<tr>\n<td>C\u00f4ng su\u1ea5t \u0111\u1ea7u ra<\/td>\n<td>W<\/td>\n<td>650<\/td>\n<\/tr>\n<tr>\n<td rowspan=\"2\">M\u00f4i ch\u1ea5t l\u1ea1nh<\/td>\n<td>Lo\u1ea1i<\/td>\n<td><\/td>\n<td>R-32<\/td>\n<\/tr>\n<tr>\n<td>Kh\u1ed1i l\u01b0\u1ee3ng n\u1ea1p<\/td>\n<td>Kg<\/td>\n<td>0,41<\/td>\n<\/tr>\n<tr>\n<td>\u0110\u1ed9 \u1ed3n (Cao\/R\u1ea5t th\u1ea5p)<\/td>\n<td><\/td>\n<td>dB(A)<\/td>\n<td>48\/45<\/td>\n<\/tr>\n<tr>\n<td>K\u00edch th\u01b0\u1edbc (Cao x R\u1ed9ng x D\u00e0y)<\/td>\n<td><\/td>\n<td>mm<\/td>\n<td>418 x 695 x 244<\/td>\n<\/tr>\n<tr>\n<td colspan=\"2\">Kh\u1ed1i l\u01b0\u1ee3ng<\/td>\n<td>Kg<\/td>\n<td>19<\/td>\n<\/tr>\n<tr>\n<td>Gi\u1edbi h\u1ea1n ho\u1ea1t \u0111\u1ed9ng<\/td>\n<td><\/td>\n<td>\u00b0CDB<\/td>\n<td>19.4 \u0111\u1ebfn 46<\/td>\n<\/tr>\n<tr>\n<td rowspan=\"3\">K\u1ebft n\u1ed1i \u1ed1ng<\/td>\n<td>L\u1ecfng<\/td>\n<td>mm<\/td>\n<td>\u03a66.4<\/td>\n<\/tr>\n<tr>\n<td>H\u01a1i<\/td>\n<td>mm<\/td>\n<td>\u03a69.5<\/td>\n<\/tr>\n<tr>\n<td>N\u01b0\u1edbc x\u1ea3<\/td>\n<td>mm<\/td>\n<td>\u03a616<\/td>\n<\/tr>\n<tr>\n<td colspan=\"2\">Chi\u1ec1u d\u00e0i t\u1ed1i \u0111a<\/td>\n<td>m<\/td>\n<td>15<\/td>\n<\/tr>\n<tr>\n<td>Ch\u00eanh l\u1ec7ch \u0111\u1ed9 cao t\u1ed1i \u0111a<\/td>\n<td><\/td>\n<td>m<\/td>\n<td>12<\/td>\n<\/tr>\n<\/tbody>\n<\/table>\n<\/div>\n","protected":false},"excerpt":{"rendered":"<ul class=\"l pr-des-featured\">\n<li>C\u00f4ng ngh\u1ec7 inverter ti\u1ebft ki\u1ec7m \u0111i\u1ec7n, v\u1eadn h\u00e0nh \u00eam \u00e1i<\/li>\n<li>Phin l\u1ecdc Apatit Titan, Ezymblue di\u1ec7t khu\u1ea9n t\u1edbi 99,9%<\/li>\n<li>M\u00e1ng n\u01b0\u1edbc x\u1ea3 th\u00e1o r\u1eddi d\u1ec5 d\u00e0ng v\u1ec7 sinh b\u1ea3o d\u01b0\u1ee1ng<\/li>\n<li>D\u00e0n \u0111\u1ed3ng, c\u00e1nh t\u1ea3n nhi\u1ec7t ph\u1ee7 l\u1edbp ch\u1ed1ng \u0103n m\u00f2n<\/li>\n<li>Xu\u1ea5t x\u1ee9: Ch\u00ednh h\u00e3ng Vi\u1ec7t Nam<\/li>\n<li>B\u1ea3o h\u00e0nh: M\u00e1y 1 n\u0103m, m\u00e1y n\u00e9n 5 n\u0103m<\/li>\n<\/ul>\n","protected":false},"featured_media":6618,"comment_status":"open","ping_status":"closed","template":"","meta":[],"_links":{"self":[{"href":"http:\/\/maudep.com.vn\/chuyengiadienmay\/index.php?rest_route=\/wp\/v2\/product\/1410"}],"collection":[{"href":"http:\/\/maudep.com.vn\/chuyengiadienmay\/index.php?rest_route=\/wp\/v2\/product"}],"about":[{"href":"http:\/\/maudep.com.vn\/chuyengiadienmay\/index.php?rest_route=\/wp\/v2\/types\/product"}],"replies":[{"embeddable":true,"href":"http:\/\/maudep.com.vn\/chuyengiadienmay\/index.php?rest_route=%2Fwp%2Fv2%2Fcomments&post=1410"}],"wp:featuredmedia":[{"embeddable":true,"href":"http:\/\/maudep.com.vn\/chuyengiadienmay\/index.php?rest_route=\/wp\/v2\/media\/6618"}],"wp:attachment":[{"href":"http:\/\/maudep.com.vn\/chuyengiadienmay\/index.php?rest_route=%2Fwp%2Fv2%2Fmedia&parent=1410"}],"curies":[{"name":"wp","href":"https:\/\/api.w.org\/{rel}","templated":true}]}}