{"id":1422,"date":"2018-12-20T11:39:32","date_gmt":"2018-12-20T04:39:32","guid":{"rendered":"http:\/\/maudep.com.vn\/chuyengiadienmay\/?post_type=product&#038;p=1422"},"modified":"2021-10-15T11:08:36","modified_gmt":"2021-10-15T04:08:36","slug":"dieu-hoa-daikin-2-chieu-12000btu-inverter-fthf35vavmv","status":"publish","type":"product","link":"http:\/\/maudep.com.vn\/chuyengiadienmay\/?product=dieu-hoa-daikin-2-chieu-12000btu-inverter-fthf35vavmv","title":{"rendered":"\u0110i\u1ec1u h\u00f2a Daikin 2 chi\u1ec1u 12000BTU inverter FTHF35VAVMV"},"content":{"rendered":"<h3>\u0110i\u1ec1u h\u00f2a 2 chi\u1ec1u, thi\u1ebft k\u1ebf trang nh\u00e3, thanh l\u1ecbch<\/h3>\n<div id=\"chitiet-1\" class=\"w-pd-i-content\">\n<h2>FTHF35VAVMV &#8211; \u0110i\u1ec1u h\u00f2a Daikin 2021 model m\u1edbi nh\u1ea5t<\/h2>\n<p>\u0110i\u1ec1u ho\u00e0\u00a0Daikin FTHF35VAVMV\u00a02 chi\u1ec1u 12000BTU inverter s\u1eed d\u1ee5ng gas R32 model\u00a0\u0111i\u1ec1u h\u00f2a Daikin m\u1edbi nh\u1ea5t 2021\u00a0s\u1ebd thay th\u1ebf cho model tr\u01b0\u1edbc \u0111\u00f3 FTHF35RAVMV\u00a0v\u00e0 \u0111\u01b0\u1ee3c d\u1ef1 b\u00e1o ti\u1ebfp t\u1ee5c n\u1ed1i ti\u1ebfp s\u1ee9c h\u00fat \u0111\u1eb7c bi\u1ec7t v\u1edbi ng\u01b0\u1eddi ti\u00eau d\u00f9ng b\u1edfi nh\u1eefng t\u00ednh n\u0103ng, c\u00f4ng ngh\u1ec7 v\u01b0\u1ee3t tr\u1ed9i.<\/p>\n<p><img src=\"https:\/\/banhangtaikho.com.vn\/Images\/Product\/fthf35vavmv-PByTtM.jpg\" alt=\"FTHF35VAVMV, \u0110i\u1ec1u h\u00f2a Daikin 2 chi\u1ec1u 12000BTU inverter [2021]\" \/><\/p>\n<h2>Daikin &#8211; H\u00e3ng \u0111i\u1ec1u h\u00f2a Nh\u1eadt B\u1ea3n, t\u1ef1 h\u00e0o s\u1ea3n xu\u1ea5t Vi\u1ec7t Nam<\/h2>\n<p>Daikin &#8211; H\u00e3ng \u0111i\u1ec1u h\u00f2a Nh\u1eadt B\u1ea3n v\u1edbi tr\u00ean 100\u00a0n\u0103m ho\u1ea1t \u0111\u1ed9ng trong l\u0129nh v\u1ef1c \u0111i\u1ec1u ho\u00e0 kh\u00f4ng kh\u00ed v\u00e0 25 n\u0103m c\u00f3 m\u1eb7t t\u1ea1i th\u1ecb tr\u01b0\u1eddng Vi\u1ec7t Nam. Daikin \u0111\u00e3 \u0111ang v\u00e0 lu\u00f4n kh\u1eb3ng \u0111\u1ecbnh v\u1ecb th\u1ebf b\u00e1n t\u1ed1t s\u1ed1 1 tr\u00ean To\u00e0n C\u1ea7u. (Theo s\u1ed1 li\u1ec7u b\u00e1n ra 2019 Daikin chi\u1ebfm 16% th\u1ecb ph\u1ea7n To\u00e0n C\u1ea7u) =&gt; Ch\u1ee9ng minh \u0111\u01b0\u1ee3c uy t\u00edn, ch\u1ea5t l\u01b0\u1ee3ng &amp; d\u1ecbch v\u1ee5 c\u1ee7a Daikin.<\/p>\n<p>Nh\u1eb1m \u0111\u00e1p \u1ee9ng nhu c\u1ea7u ch\u1ecdn mua \u0111i\u1ec1u h\u00f2a Daikin tr\u00ean to\u00e0n th\u1ebf gi\u1edbi c\u0169ng nh\u01b0 c\u1ee7a n\u01b0\u1edbc ta. Nam 2018 h\u00e3ng Daikin ch\u00ednh th\u1ee9c v\u1eadn h\u00e0nh nh\u00e0 m\u00e1y Daikin t\u1ea1i Vi\u1ec7t Nam v\u1edbi quy m\u00f4 s\u1ea3n xu\u1ea5t h\u00e0ng \u0111\u1ea7u \u0110\u00f4ng Nam \u00c1. (D\u00e2y truy\u1ec1n s\u1ea3n xu\u1ea5t hi\u1ec7n \u0111\u1ea1i, c\u00f4ng ngh\u1ec7 ti\u00ean ti\u1ebfn nh\u1ea5t v\u00e0 quy m\u00f4\u00a0 l\u1edbn h\u01a1n c\u1ea3 nh\u00e0 m\u00e1y Daikin Th\u00e1i Lan) =&gt; V\u00ec th\u1ebf ch\u00fang ta ho\u00e0n to\u00e0n tin t\u01b0\u1edfng r\u1eb1ng m\u00e1y\u00a0\u0111i\u1ec1u h\u00f2a\u00a0Daikin \u0111\u00e1p \u1ee9ng ch\u1ea5t l\u01b0\u1ee3ng ti\u00eau chu\u1ea9n To\u00e0n C\u1ea7u\u00a0&#8220;Made in Viet Nam, Made by Daikin&#8221;. Kh\u00f4ng n\u00ean s\u1ee3 r\u1eb1ng \u0111i\u1ec1u h\u00f2a Daikin s\u1ea3n xu\u1ea5t t\u1ea1i Vi\u1ec7t Nam ch\u1ea5t l\u01b0\u1ee3ng k\u00e9m h\u01a1n \u0111i\u1ec1u h\u00f2a Daikin nh\u1eadp kh\u1ea9u Th\u00e1i Lan.<\/p>\n<h2>Thi\u1ebft k\u1ebf sang tr\u1ecdng, \u0111\u01b0\u1eddng n\u00e9t tinh t\u1ebf l\u1ef1a ch\u1ecdn tuy\u1ec7t v\u1eddi cho di\u1ec7n t\u00edch d\u01b0\u1edbi 20m<sup>2<\/sup><\/h2>\n<p>D\u00e0n l\u1ea1nh m\u00e1y \u0111i\u1ec1u h\u00f2a Daikin 2 chi\u1ec1u 12000BTU inverter FTHF35VAVMV\u00a0\u0111\u01b0\u1ee3c thi\u1ebft k\u1ebf v\u1edbi \u0111\u01b0\u1eddng n\u00e9t sang tr\u1ecdng, m\u00e0u s\u1eafc tinh t\u1ebf t\u00f4n vinh\u00a0gi\u00e1 tr\u1ecb th\u1ea9m m\u1ef9 cho c\u0103n ph\u00f2ng c\u1ee7a B\u1ea1n.<\/p>\n<p><img src=\"https:\/\/banhangtaikho.com.vn\/Images\/Upload\/images\/dieu-hoa-daikin-fthf-vavmv-series.jpg\" alt=\"\" \/><\/p>\n<p>V\u1edbi c\u00f4ng su\u1ea5t \u0111i\u1ec1u h\u00f2a 12000BTU, Daikin\u00a0FTHF35VAVMV\u00a0 l\u1ef1a ch\u1ecdn tuy\u1ec7t v\u1eddi cho di\u1ec7n t\u00edch d\u01b0\u1edbi 20m<sup>2<\/sup>: Ph\u00f2ng ng\u1ee7, Ph\u00f2ng \u0111\u1ecdc s\u00e1ch,&#8230;<\/p>\n<h2>\u0110i\u1ec1u h\u00f2a 2 chi\u1ec1u t\u1eadn h\u01b0\u1edfng cu\u1ed9c s\u1ed1ng 2 trong 1: M\u00e1t l\u1ea1nh m\u00f9a h\u00e8, \u1ea5m \u00e1p m\u00f9a \u0111\u00f4ng<\/h2>\n<p>\u0110i\u1ec1u h\u00f2a Daikin 2 chi\u1ec1u 12000BTU\u00a0FTHF35VAVMV\u00a0mang \u0111\u1ebfn cho b\u1ea1n t\u1eadn h\u01b0\u1edfng cu\u1ed9c s\u1ed1ng 4 m\u00f9a nh\u01b0 \u00fd: M\u00e1t l\u1ea1nh s\u1ea3ng kho\u00e1i v\u00e0o m\u00f9a h\u00e8, \u1ea5m \u00e1p d\u1ec5 ch\u1ecbu khi s\u1eed d\u1ee5ng v\u00e0o m\u00f9a \u0111\u00f4ng.<\/p>\n<p>H\u01a1n n\u1eefa:<\/p>\n<p>\u1ee8ng d\u1ee5ng hi\u1ec7n t\u01b0\u1ee3ng v\u1eadt l\u00fd\u00a0Coanda\u00a0n\u1ed5i ti\u1ebfng, Daikin mang \u0111\u1ebfn thi\u1ebft k\u1ebf m\u1eb7t n\u1ea1 Coanda \u0111\u1ed9c \u0111\u00e1o \u0111\u01b0a lu\u1ed3ng gi\u00f3 \u0111i d\u1ecdc theo tr\u1ea7n, gi\u00fap mang l\u1ea1i lu\u1ed3ng kh\u00f4ng kh\u00ed t\u01b0\u01a1i m\u00e1t cho to\u00e0n b\u1ed9 c\u0103n ph\u00f2ng, c\u0169ng nh\u01b0 tr\u00e1nh \u0111\u01b0\u1ee3c gi\u00f3 th\u1ed5i tr\u1ef1c ti\u1ebfp v\u00e0o c\u01a1 th\u1ec3 g\u00e2y kh\u00f3 ch\u1ecbu cho ng\u01b0\u1eddi s\u1eed d\u1ee5ng.<\/p>\n<h2>C\u00f4ng ngh\u1ec7 inverter ti\u1ebft ki\u1ec7m n\u0103ng l\u01b0\u1ee3ng<\/h2>\n<p>\u0110i\u1ec1u h\u00f2a 2 chi\u1ec1u\u00a0Daikin\u00a0FTHF35VAVMV\u00a0\u0111\u01b0\u1ee3c trang b\u1ecb c\u00f4ng ngh\u1ec7 inverter\u00a0&#8211; \u0110\u00e2y l\u00e0 gi\u1ea3i ph\u00e1p \u0111i\u1ec1u h\u00f2a ti\u00ean ti\u1ebfn m\u1edbi nh\u1ea5t hi\u1ec7n nay m\u00e0 c\u00e1c h\u00e3ng \u0111i\u1ec1u h\u00f2a \u0111\u1ec1u h\u01b0\u1edbng t\u1edbi b\u1edfi nh\u1eefng gi\u00e1 tr\u1ecb \u01b0u vi\u1ec7t m\u00e0 n\u00f3 mang l\u1ea1i. Ti\u1ebft ki\u1ec7m \u0111i\u1ec7n n\u0103ng t\u1edbi 50%, m\u00e1y v\u1eadn h\u00e0nh \u00eam \u00e1i, v\u00e0 gi\u00fap t\u0103ng tu\u1ed5i th\u1ecd cho s\u1ea3n ph\u1ea9m.<\/p>\n<p><img src=\"https:\/\/banhangtaikho.com.vn\/Images\/Upload\/images\/dieu-hoa-daikin-inverter.jpg\" \/><\/p>\n<h2>\u0110i\u1ec1u h\u00f2a Daikin \u0111\u00e3 ti\u1ebft ki\u1ec7m \u0111i\u1ec7n, nay c\u00f2n ti\u1ebft ki\u1ec7m h\u01a1n n\u1eefa nh\u1edd m\u1eaft th\u1ea7n th\u00f4ng minh<\/h2>\n<p>\u0110i\u1ec1u h\u00f2a Daikin ti\u1ebft ki\u1ec7m \u0111i\u1ec7n do \u0111\u01b0\u1ee3c trang b\u1ecb c\u00f4ng ngh\u1ec7 inverter nay c\u00f2n ti\u1ebft ki\u1ec7m \u0111i\u1ec7n h\u01a1n n\u1eefa b\u1edfi \u0111\u01b0\u1ee3c trang b\u1ecb m\u1eaft th\u1ea7n c\u1ea3m bi\u1ebfn th\u00f4ng minh ng\u0103n vi\u1ec7c hao ph\u00ed \u0111i\u1ec7n n\u0103ng b\u1eb1ng vi\u1ec7c ph\u00e1t hi\u1ec7n chuy\u1ec3n \u0111\u1ed9ng c\u1ee7a ng\u01b0\u1eddi trong ph\u00f2ng. N\u1ebfu kh\u00f4ng c\u00f3 chuy\u1ec3n \u0111\u1ed9ng n\u00e0o trong v\u00f2ng 20 ph\u00fat, m\u00e1y s\u1ebd t\u1ef1 \u0111\u1ed9ng \u0111i\u1ec1u ch\u1ec9nh t\u0103ng nhi\u1ec7t \u0111\u1ed9 2\u00b0C v\u00e0 tr\u1edf l\u1ea1i nhi\u1ec7t \u0111\u1ed9 c\u00e0i \u0111\u1eb7t n\u1ebfu ph\u00e1t hi\u1ec7n c\u00f3 ng\u01b0\u1eddi quay l\u1ea1i.<\/p>\n<p>Ch\u00fang ta d\u1ec5 th\u1ea5y r\u1eb1ng: C\u00f4ng ngh\u1ec7 c\u1ea3m bi\u1ebfn m\u1eaft th\u1ea7n c\u1ee7a Daikin c\u00f3 ph\u01b0\u01a1ng th\u1ee9c ho\u1ea1t \u0111\u1ed9ng t\u01b0\u01a1ng t\u1ef1 nh\u01b0 c\u00f4ng ngh\u1ec7 Econavi c\u1ee7a \u0111i\u1ec1u h\u00f2a Panasonic.<\/p>\n<h2>Tinh l\u1ecdc kh\u00f4ng kh\u00ed v\u1edbi m\u00e0ng l\u1ecdc ENZYME BLUE<\/h2>\n<p>Daikin lu\u00f4n ch\u00fa tr\u1ecdng c\u00f4ng ngh\u1ec7 l\u00e0m s\u1ea1ch kh\u00f4ng kh\u00ed \u0111\u1ec3 mang l\u1ea1i lu\u1ed3ng kh\u00f4ng kh\u00ed m\u00e1t trong l\u00e0nh cho ng\u01b0\u1eddi s\u1eed d\u1ee5ng. \u0110i\u1ec1u ho\u00e0 Daikin inverter 2 chi\u1ec1u 12000BTU\u00a0FTHF35VAVMV\u00a0\u0111\u01b0\u1ee3c trang b\u1ecb h\u1ec7 th\u1ed1ng l\u1ecdc kh\u00f4ng kh\u00ed v\u1edbi\u00a0t\u1ea5m l\u1ecdc\u00a0Enzyme Blue.<\/p>\n<p>T\u1ea5m l\u1ecdc n\u00e0y t\u1ea1o ra 1 l\u1edbp l\u00e1 ch\u1eafn b\u1ea3o v\u1ec7 \u0111\u01b0a ra gi\u1ea3i ph\u00e1t t\u1ed1i \u01b0u nh\u1eb1m mang l\u1ea1i b\u1ea7u kh\u00f4ng kh\u00ed trong l\u00e0nh cho c\u0103n ph\u00f2ng c\u1ee7a b\u1ea1n. Phin l\u1ecdc Enzyme Blue s\u1ebd kh\u1eed \u0111\u01b0\u1ee3c m\u00f9i h\u00f4i kh\u00f3 ch\u1ecbu, \u1ea9m m\u1ed1c v\u00e0 c\u00e1c t\u00e1c nh\u00e2n g\u00e2y d\u1ecb \u1ee9ng hi\u1ec7u qu\u1ea3 t\u1edbi 99,9%.<\/p>\n<p><img src=\"https:\/\/banhangtaikho.com.vn\/Images\/Upload\/images\/phin-loc-enzyme-blue-2.jpg\" \/><\/p>\n<p>V\u1edbi hi\u1ec7n tr\u1ea1ng \u00f4 nhi\u1ec5m kh\u00f4ng kh\u00ed \u1edf H\u00e0 N\u1ed9i, TP H\u1ed3 Ch\u00ed Minh trong th\u1eddi gian v\u1eeba qua th\u00ec B\u1ea1n ho\u00e0n to\u00e0n y\u00ean t\u00e2m r\u1eb1ng t\u1ea5m l\u1ecdc n\u00e0y s\u1ebd l\u00e0 gi\u1ea3i ph\u00e1p l\u00fd t\u01b0\u1edfng b\u1ea3o v\u1ec7 s\u1ee9c kh\u1ecfe c\u1ee7a nh\u1eefng ng\u01b0\u1eddi th\u00e2n y\u00eau c\u1ee7a m\u00ecnh.<\/p>\n<h2>\u0110i\u1ec1u h\u00f2a Daikin b\u1ec1n b\u1ec9 th\u00e1ch th\u1ee9c th\u1eddi gian<\/h2>\n<p>M\u00e1y \u0111i\u1ec1u h\u00f2a Daikin 12000 BTU FTHF35VAVMV\u00a0s\u1eed d\u1ee5ng d\u00e0n\u00a0\u0111\u1ed3ng, c\u00e1c\u00a0c\u00e1nh t\u1ea3n nhi\u1ec7t \u0111\u01b0\u1ee3c s\u01a1n ph\u1ee7 2 l\u1edbp t\u0129nh \u0111i\u1ec7n: l\u1edbp nh\u01b0a Acrylic v\u00e0 l\u1edbp ch\u1ed1ng th\u1ea5m n\u01b0\u1edbc. Hai l\u1edbp ph\u1ee7 n\u00e0y gi\u00fap t\u0103ng c\u01b0\u1eddng kh\u1ea3 n\u0103ng ch\u1ed1ng \u0103n m\u00f2n c\u1ee7a m\u01b0a axit, h\u01a1i mu\u1ed1i, v\u00e0 ch\u1ed1ng r\u1ec9 s\u00e9t. Ch\u00ednh c\u1ea5u t\u1ea1o n\u00e0y \u0111\u00e3 gi\u00fap \u0111i\u1ec1u h\u00f2a Daikin kh\u00f4ng nh\u1eefng\u00a0t\u0103ng \u0111\u01b0\u1ee3c hi\u1ec7u xu\u1ea5t l\u00e0m l\u1ea1nh m\u00e0 c\u00f2n b\u1ec1n b\u1ec9 theo n\u0103m th\u00e1ng c\u1ee7a th\u1eddi gian.<\/p>\n<p><img src=\"https:\/\/banhangtaikho.com.vn\/Images\/Upload\/images\/daikin-dan-dong.jpg\" \/><\/p>\n<p>H\u01a1n n\u1eefa: M\u00e1y \u0111i\u1ec1u h\u00f2a Daikin hai chi\u1ec1u FTHF35VAVMV\u00a0c\u00f3 kh\u1ea3 n\u0103ng ch\u1ecbu \u0111\u01b0\u1ee3c \u0111i\u1ec7n \u00e1p l\u00ean \u0111\u1ebfn 440V gi\u00fap v\u00ec th\u1ebf m\u00e1y \u0111i\u1ec1u h\u00f2a Daikin v\u1eabn ho\u1ea1t \u0111\u1ed3ng an to\u00e0n, b\u1ec1n b\u1ec9 trong m\u00f4i tr\u01b0\u1eddng \u0111i\u1ec7n \u00e1p kh\u00f4ng \u1ed5n \u0111\u1ecbnh.<\/p>\n<h2>Daikin gas R32\u00a0ti\u00ean phong s\u1eed d\u1ee5ng m\u00f4i ch\u1ea5t l\u1ea1nh<\/h2>\n<p>\u0110\u1ec3 \u1ee9ng ph\u00f3 v\u1edbi t\u00ecnh tr\u1ea1ng bi\u1ebfn \u0111\u1ed5i kh\u00ed h\u1eadu, Daikin l\u00e0 h\u00e3ng \u0111i\u1ec1u h\u00f2a \u0111\u1ea7u ti\u00ean tr\u00ean th\u1ebf gi\u1edbi \u0111\u00e3 s\u1eed d\u1ee5ng gas R-32 cho s\u1ea3n ph\u1ea9m c\u1ee7a m\u00ecnh.<\/p>\n<p><img src=\"https:\/\/banhangtaikho.com.vn\/Images\/Upload\/images\/dieu-hoa-gas-r32-2.jpg\" \/><\/p>\n<p>\u0110\u00e2y l\u00e0 m\u00f4i ch\u1ea5t l\u1ea1nh ti\u00ean ti\u1ebfn m\u1edbi nh\u1ea5t m\u00e0 c\u00e1c h\u00e3ng \u0111i\u1ec1u h\u00f2a \u0111\u00e3 v\u00e0 \u0111ang h\u01b0\u1edbng t\u1edbi. Gas R32 gi\u00fap m\u00e1y\u00a0c\u00f3 hi\u1ec7u su\u1ea5t l\u00e0m l\u1ea1nh cao, th\u00e2n thi\u1ec7n v\u1edbi m\u00f4i tr\u01b0\u1eddng kh\u00f4ng g\u00e2y hi\u1ec7u \u1ee9ng nh\u00e0 k\u00ednh.<\/p>\n<h2>B\u1ea3o h\u00e0nh \u0111i\u1ec1u h\u00f2a Daikin to\u00e0n m\u00e1y 1 n\u0103m, m\u00e1y n\u00e9n 5 n\u0103m t\u1ea1i nh\u00e0 \/ C\u00f4ng tr\u00ecnh<\/h2>\n<p>Th\u1eddi gian b\u1ea3o h\u00e0nh \u0111i\u1ec1u h\u00f2a Daikin ch\u00ednh h\u00e3ng\u00a01 n\u0103m cho to\u00e0n b\u1ed9 m\u00e1y v\u00e0 m\u00e1y n\u00e9n 5 n\u0103m t\u1ea1i nh\u00e0 \/ t\u1ea1i ch\u00e2n c\u00f4ng tr\u00ecnh.<\/p>\n<p><img src=\"https:\/\/banhangtaikho.com.vn\/Images\/Upload\/images\/dieu-hoa-daikin-bao-hanh-may-nam.jpg\" \/><\/p>\n<p>Danh s\u00e1ch trung t\u00e2m, tr\u1ea1m b\u1ea3o h\u00e0nh Daikin\u00a0\u0111\u01b0\u1ee3c ph\u1ee7 r\u1ed9ng kh\u1eafp 63 t\u1ec9nh th\u00e0nh tr\u00ean To\u00e0n Qu\u1ed1c. T\u1ed5ng \u0111\u00e0i ti\u1ebfp nh\u1eadn x\u1eed l\u00fd th\u00f4ng tin nhanh ch\u00f3ng,\u00a0k\u1ef9 thu\u1eadt vi\u00ean tr\u00ecnh \u0111\u1ed9 tay ngh\u1ec1 cao v\u00ec th\u1ebf m\u1ecdi s\u1ef1 c\u1ed1 B\u1ea1n g\u1eb7p ph\u1ea3i s\u1ebd \u0111\u01b0\u1ee3c x\u1eed l\u00fd trong v\u00f2ng t\u1ed1i \u0111a kh\u00f4ng qu\u00e1 48 gi\u1edd.<\/p>\n<div class=\"cl\"><\/div>\n<\/div>\n<div id=\"chitiet-2\" class=\"w-pd-i-content\">\n<p class=\"w-pd-i-c-head\">\u00a0Th\u1ed1ng s\u1ed1 k\u1ef9 thu\u1eadt \u0110i\u1ec1u h\u00f2a Daikin 2 chi\u1ec1u 12000BTU inverter FTHF35VAVMV<\/p>\n<div class=\"cl\"><\/div>\n<table border=\"0\" cellspacing=\"0\" cellpadding=\"0\">\n<tbody>\n<tr>\n<td colspan=\"3\"><strong>\u0110i\u1ec1u h\u00f2a Daikin 2 chi\u1ec1u<\/strong><\/td>\n<td><strong>FTHF35VAVMV\/RHF35VAVMV<\/strong><\/td>\n<\/tr>\n<tr>\n<td colspan=\"3\">D\u00e3y c\u00f4ng su\u1ea5t<\/td>\n<td>12,000Btu\/h<\/td>\n<\/tr>\n<tr>\n<td rowspan=\"4\">C\u00f4ng su\u1ea5t danh \u0111\u1ecbnh<br \/>\n(t\u1ed1i thi\u1ec3u &#8211; t\u1ed1i \u0111a)<\/td>\n<td rowspan=\"2\">L\u1ea1nh<\/td>\n<td>kW<\/td>\n<td>3.5 (1.2-3.8)<\/td>\n<\/tr>\n<tr>\n<td>Btu\/h<\/td>\n<td>11,900<br \/>\n(4,100-13,000)<\/td>\n<\/tr>\n<tr>\n<td rowspan=\"2\">S\u01b0\u1edfi<\/td>\n<td>kW<\/td>\n<td>3.5(1.2-3.8)<\/td>\n<\/tr>\n<tr>\n<td>Btu\/h<\/td>\n<td>11,900<br \/>\n(4,100-13,000)<\/td>\n<\/tr>\n<tr>\n<td colspan=\"2\">Ngu\u1ed3n \u0111i\u1ec7n<\/td>\n<td><\/td>\n<td>1 pha, 220-240V, 50Hz\/220-230V, 60Hz<\/td>\n<\/tr>\n<tr>\n<td rowspan=\"2\">D\u00f2ng \u0111i\u1ec7n ho\u1ea1t \u0111\u1ed9ng \u0111\u1ecbnh m\u1ee9c<\/td>\n<td>L\u1ea1nh<\/td>\n<td rowspan=\"2\">A<\/td>\n<td>4,6<\/td>\n<\/tr>\n<tr>\n<td>S\u01b0\u1eddi<\/td>\n<td>4,6<\/td>\n<\/tr>\n<tr>\n<td rowspan=\"2\">\u0110i\u1ec7n n\u0103ng ti\u00eau th\u1ee5<br \/>\n(t\u1ed1i thi\u1ec3u &#8211; t\u1ed1i \u0111a)<\/td>\n<td>L\u1ea1nh<\/td>\n<td rowspan=\"2\">W<\/td>\n<td>980 (160~1,070)<\/td>\n<\/tr>\n<tr>\n<td>S\u01b0\u1edfi<\/td>\n<td>980 (160~1,070)<\/td>\n<\/tr>\n<tr>\n<td colspan=\"2\">CSPF<\/td>\n<td><\/td>\n<td>5,50<\/td>\n<\/tr>\n<tr>\n<td colspan=\"2\">D\u00c0N L\u1ea0NH<\/td>\n<td><\/td>\n<td>FTHF35VAVMV<\/td>\n<\/tr>\n<tr>\n<td colspan=\"2\">M\u00e0u m\u1eb7t n\u1ea1<\/td>\n<td><\/td>\n<td>Tr\u1eafng s\u00e1ng<\/td>\n<\/tr>\n<tr>\n<td rowspan=\"2\">L\u01b0u l\u01b0\u1ee3ng gi\u00f3 (Cao)<\/td>\n<td>L\u1ea1nh<\/td>\n<td rowspan=\"2\">m\u00b3\/ ph\u00fat<br \/>\n(cfm)<\/td>\n<td>11.5 (406)<\/td>\n<\/tr>\n<tr>\n<td>S\u01b0\u1edfi<\/td>\n<td>12.1 (427)<\/td>\n<\/tr>\n<tr>\n<td colspan=\"2\">T\u1ed1c \u0111\u1ed9 qu\u1ea1t<\/td>\n<td><\/td>\n<td>5 b\u01b0\u1edbc \u00eam v\u00e0 t\u1ef1 \u0111\u1ed9ng<\/td>\n<\/tr>\n<tr>\n<td rowspan=\"2\">\u0110\u1ed9 \u1ed3n<br \/>\n(Cao\/Trung b\u00ecnh\/Th\u1ea5p\/Y\u00ean t\u0129nh)<\/td>\n<td>L\u1ea1nh<\/td>\n<td rowspan=\"2\">dB(A)<\/td>\n<td>41\/36\/30\/26<\/td>\n<\/tr>\n<tr>\n<td>S\u01b0\u1edfi<\/td>\n<td>41\/36\/31\/28<\/td>\n<\/tr>\n<tr>\n<td>K\u00edch th\u01b0\u1edbc<\/td>\n<td>CxRxD<\/td>\n<td>mm<\/td>\n<td>285 x 770 x 242<\/td>\n<\/tr>\n<tr>\n<td colspan=\"2\">Kh\u1ed1i l\u01b0\u1ee3ng<\/td>\n<td>Kg<\/td>\n<td>9<\/td>\n<\/tr>\n<tr>\n<td colspan=\"2\">D\u00c0N N\u00d3NG<\/td>\n<td><\/td>\n<td>RHF35VAVMV<\/td>\n<\/tr>\n<tr>\n<td colspan=\"2\">M\u00e0u v\u1ecf m\u00e1y<\/td>\n<td><\/td>\n<td>Tr\u1eafng ng\u00e0<\/td>\n<\/tr>\n<tr>\n<td rowspan=\"2\">M\u00e1y n\u00e9n<\/td>\n<td>Lo\u1ea1i<\/td>\n<td><\/td>\n<td>M\u00e1y n\u00e9n Swing lo\u1ea1i k\u00edn<\/td>\n<\/tr>\n<tr>\n<td>C\u00f4ng su\u1ea5t \u0111\u1ea7u ra<\/td>\n<td>W<\/td>\n<td>650<\/td>\n<\/tr>\n<tr>\n<td rowspan=\"2\">M\u00f4i ch\u1ea5t l\u1ea1nh<\/td>\n<td>Lo\u1ea1i<\/td>\n<td><\/td>\n<td>R-32<\/td>\n<\/tr>\n<tr>\n<td>Kh\u1ed1i l\u01b0\u1ee3ng n\u1ea1p<\/td>\n<td>kg<\/td>\n<td>0,70<\/td>\n<\/tr>\n<tr>\n<td rowspan=\"2\">\u0110\u1ed9 \u1ed3n (Cao\/ R\u1ea5t th\u1ea5p)<\/td>\n<td>L\u00e0m l\u1ea1nh<\/td>\n<td>dB(A)<\/td>\n<td>48\/45<\/td>\n<\/tr>\n<tr>\n<td>S\u01b0\u1edfi<\/td>\n<td>dB(A)<\/td>\n<td>48\/45<\/td>\n<\/tr>\n<tr>\n<td>K\u00edch th\u01b0\u1edbc<\/td>\n<td>CxRxD<\/td>\n<td>mm<\/td>\n<td>550 x 675 x 284<\/td>\n<\/tr>\n<tr>\n<td colspan=\"2\">Kh\u1ed1i l\u01b0\u1ee3ng m\u00e1y<\/td>\n<td>Kg<\/td>\n<td>26<\/td>\n<\/tr>\n<tr>\n<td rowspan=\"2\">Gi\u1edbi h\u1ea1n ho\u1ea1t \u0111\u1ed9ng<\/td>\n<td>L\u00e0m l\u1ea1nh<\/td>\n<td>\u00baCDB<\/td>\n<td>10 \u0111\u1ebfn 46<\/td>\n<\/tr>\n<tr>\n<td>S\u01b0\u1edfi<\/td>\n<td>\u00baCDB<\/td>\n<td>1 \u0111\u1ebfn 18<\/td>\n<\/tr>\n<tr>\n<td rowspan=\"3\">\u1ed0ng k\u1ebft n\u1ed1i<\/td>\n<td>L\u1ecfng<\/td>\n<td rowspan=\"3\">mm<\/td>\n<td>\u03a66.4<\/td>\n<\/tr>\n<tr>\n<td>H\u01a1i<\/td>\n<td>\u03a69.5<\/td>\n<\/tr>\n<tr>\n<td>N\u01b0\u1edbc x\u1ea3<\/td>\n<td>\u03a616.0<\/td>\n<\/tr>\n<tr>\n<td colspan=\"2\">Chi\u1ec1u d\u00e0i t\u1ed1i \u0111a<\/td>\n<td>m<\/td>\n<td>15<\/td>\n<\/tr>\n<tr>\n<td colspan=\"2\">Ch\u00eanh l\u1ec7ch \u0111\u1ed9 cao t\u1ed1i \u0111a<\/td>\n<td><\/td>\n<td>12<\/td>\n<\/tr>\n<\/tbody>\n<\/table>\n<\/div>\n<div class=\"likeshare\">\n<div class=\"fb-like fb_iframe_widget\"><\/div>\n<\/div>\n<p>&nbsp;<\/p>\n","protected":false},"excerpt":{"rendered":"<ul class=\"l pr-des-featured\">\n<li>C\u00f4ng ngh\u1ec7 inverter ti\u1ebft ki\u1ec7m \u0111i\u1ec7n, v\u1eadn h\u00e0nh \u00eam \u00e1i<\/li>\n<li>Thi\u1ebft k\u1ebf coanda l\u00e0m l\u1ea1nh tho\u1ea3i m\u00e1i d\u1ec5 ch\u1ecbu<\/li>\n<li>Phin l\u1ecdc Apatit Titan di\u1ec7t khu\u1ea9n kh\u1eed m\u00f9i hi\u1ec7u qu\u1ea3<\/li>\n<li>D\u00e0n \u0111\u1ed3ng, c\u00e1nh t\u1ea3n nhi\u1ec7t x\u1eed l\u00fd ch\u1ed1ng \u0103n m\u00f2n<\/li>\n<li>Xu\u1ea5t x\u1ee9: Ch\u00ednh h\u00e3ng Vi\u1ec7t Nam<\/li>\n<li>B\u1ea3o h\u00e0nh: M\u00e1y 1 n\u0103m, m\u00e1y n\u00e9n 5 n\u0103m<\/li>\n<\/ul>\n","protected":false},"featured_media":6636,"comment_status":"open","ping_status":"closed","template":"","meta":[],"_links":{"self":[{"href":"http:\/\/maudep.com.vn\/chuyengiadienmay\/index.php?rest_route=\/wp\/v2\/product\/1422"}],"collection":[{"href":"http:\/\/maudep.com.vn\/chuyengiadienmay\/index.php?rest_route=\/wp\/v2\/product"}],"about":[{"href":"http:\/\/maudep.com.vn\/chuyengiadienmay\/index.php?rest_route=\/wp\/v2\/types\/product"}],"replies":[{"embeddable":true,"href":"http:\/\/maudep.com.vn\/chuyengiadienmay\/index.php?rest_route=%2Fwp%2Fv2%2Fcomments&post=1422"}],"wp:featuredmedia":[{"embeddable":true,"href":"http:\/\/maudep.com.vn\/chuyengiadienmay\/index.php?rest_route=\/wp\/v2\/media\/6636"}],"wp:attachment":[{"href":"http:\/\/maudep.com.vn\/chuyengiadienmay\/index.php?rest_route=%2Fwp%2Fv2%2Fmedia&parent=1422"}],"curies":[{"name":"wp","href":"https:\/\/api.w.org\/{rel}","templated":true}]}}