{"id":1444,"date":"2018-12-20T17:12:15","date_gmt":"2018-12-20T10:12:15","guid":{"rendered":"http:\/\/maudep.com.vn\/chuyengiadienmay\/?post_type=product&#038;p=1444"},"modified":"2019-05-27T18:01:43","modified_gmt":"2019-05-27T11:01:43","slug":"dieu-hoa-daikin-inverter-2-chieu-9-000btu-ftxv25qvmv-rxv25qvmv","status":"publish","type":"product","link":"http:\/\/maudep.com.vn\/chuyengiadienmay\/?product=dieu-hoa-daikin-inverter-2-chieu-9-000btu-ftxv25qvmv-rxv25qvmv","title":{"rendered":"\u0110i\u1ec1u h\u00f2a Daikin 2 chi\u1ec1u 9.000BTU  Inverter cao c\u1ea5p FTXV25QVMV"},"content":{"rendered":"<div id=\"chitiet-1\" class=\"w-pd-i-content\">\n<p class=\"w-pd-i-c-head\">\u0110i\u1ec1u h\u00f2a Daikin Inverter 2 chi\u1ec1u 9.000BTU FTXV25QVMV\/RXV25QVMV<\/p>\n<p style=\"text-align: justify;\"><span style=\"color: #000000;\">\u0110i\u1ec1u h\u00f2a Daikin\u00a0<strong>FTXV25QVMV <\/strong>inverter cao c\u1ea5p, c\u00f4ng su\u1ea5t 9000BTU 2 chi\u1ec1u (l\u00e0m l\u1ea1nh \/ s\u01b0\u1edfi \u1ea5m) mang l\u1ea1i c\u1ea3m gi\u00e1c s\u1ea3ng kho\u00e1i 4 m\u00f9a nh\u01b0 \u00fd: m\u00e1t m\u1ebb m\u00f9a h\u00e8, \u1ea5m \u00e1p m\u00f9a \u0111\u00f4ng ph\u00f9 h\u1ee3p l\u1eafp \u0111\u1eb7t cho ph\u00f2ng c\u00f3 di\u1ec7n t\u00edch &lt; 15m2.<\/span><\/p>\n<p style=\"text-align: justify;\"><span style=\"color: #000000;\">M\u00e1y \u0111i\u1ec1u h\u00f2a treo t\u01b0\u1eddng Daikin 1 chi\u1ec1u <strong>FTXV25QVMV\/RXV25QVMV <\/strong>v\u1edbi c\u00f4ng ngh\u1ec7 inverter th\u00f4ng minh gi\u00fap ti\u1ebft ki\u1ec7m \u0111i\u1ec7n n\u0103ng l\u00ean t\u1edbi 30% so v\u1edbi m\u00e1y \u0111i\u1ec1u h\u00f2a th\u00f4ng th\u01b0\u1eddng. Sau khi \u0111\u1ea1t \u0111\u01b0\u1ee3c nhi\u1ec7t \u0111\u1ed9 c\u00e0i \u0111\u1eb7t, m\u00e1y \u0111i\u1ec1u h\u00f2a kh\u00f4ng kh\u00ed inverter s\u1ebd h\u1ea1 c\u00f4ng su\u1ea5t \u0111\u1ec3 duy tr\u00ec nhi\u1ec7t \u0111\u1ed9 ph\u00f2ng, gi\u00fap ti\u1ebft ki\u1ec7m \u0111i\u1ec7n h\u01a1n so v\u1edbi m\u00e1y \u0111i\u1ec1u h\u00f2a kh\u00f4ng kh\u00ed kh\u00f4ng inverter.<\/span><\/p>\n<p style=\"text-align: justify;\"><span style=\"color: #000000;\"><img style=\"height: 284px; width: 837px;\" src=\"\/Images\/Upload\/images\/dieu%20hoa%20inverter%20em%20ai%20mat%20lanh.jpg\" alt=\"\" \/><img loading=\"lazy\" class=\"aligncenter size-full wp-image-5988\" src=\"http:\/\/maudep.com.vn\/chuyengiadienmay\/wp-content\/uploads\/2018\/12\/dieu-hoa-inverter-em-ai-mat-lanh.jpg\" alt=\"\" width=\"837\" height=\"284\" srcset=\"http:\/\/maudep.com.vn\/chuyengiadienmay\/wp-content\/uploads\/2018\/12\/dieu-hoa-inverter-em-ai-mat-lanh.jpg 837w, http:\/\/maudep.com.vn\/chuyengiadienmay\/wp-content\/uploads\/2018\/12\/dieu-hoa-inverter-em-ai-mat-lanh-300x102.jpg 300w, http:\/\/maudep.com.vn\/chuyengiadienmay\/wp-content\/uploads\/2018\/12\/dieu-hoa-inverter-em-ai-mat-lanh-768x261.jpg 768w, http:\/\/maudep.com.vn\/chuyengiadienmay\/wp-content\/uploads\/2018\/12\/dieu-hoa-inverter-em-ai-mat-lanh-600x204.jpg 600w\" sizes=\"(max-width: 837px) 100vw, 837px\" \/><\/span><\/p>\n<p style=\"text-align: justify;\"><span style=\"color: #000000;\">\u0110i\u1ec1u h\u00f2a Daikin inverter <strong>FTKC25QVMV <\/strong>\u0111\u01b0\u1ee3c trang b\u1ecb m\u1eaft th\u1ea7n th\u00f4ng minh ng\u0103n hao ph\u00ed \u0111i\u1ec7n n\u0103ng b\u1eb1ng c\u00e1ch s\u1eed d\u1ee5ng c\u1ea3m bi\u1ebfn h\u1ed3ng ngo\u1ea1i ph\u00e1t hi\u1ec7n chuy\u1ec3n \u0111\u1ed9ng c\u1ee7a ng\u01b0\u1eddi trong ph\u00f2ng. <\/span>M\u1eaft th\u1ea7n ng\u0103n hao ph\u00ed n\u0103ng l\u01b0\u1ee3ng b\u1eb1ng c\u00e1ch s\u1eed d\u1ee5ng c\u1ea3m bi\u1ebfn h\u1ed3ng ngo\u1ea1i \u0111\u1ec3 ph\u00e1t hi\u1ec7n chuy\u1ec3n \u0111\u1ed9ng c\u1ee7a ng\u01b0\u1eddi trong ph\u00f2ng. N\u1ebfu kh\u00f4ng c\u00f3 chuy\u1ec3n \u0111\u1ed9ng trong v\u00f2ng 20 ph\u00fat, m\u1eaft th\u1ea7n s\u1ebd t\u1ef1 \u0111\u1ed9ng \u0111i\u1ec1u ch\u1ec9nh nhi\u1ec7t \u0111\u1ed9 c\u00e0i \u0111\u1eb7t kho\u1ea3ng 2 \u0111\u1ed9 C. M\u1ed9t khi m\u1eaft th\u1ea7n \u0111\u01b0\u1ee3c b\u1eadt, n\u00f3 s\u1ebd v\u1eadn h\u00e0nh t\u1ef1 \u0111\u1ed9ng m\u00e0 kh\u00f4ng c\u1ea7n ph\u1ea3i c\u00e0i \u0111\u1eb7t th\u00eam.<\/p>\n<p style=\"text-align: justify;\"><span style=\"color: #000000;\"><img class=\"aligncenter\" src=\"https:\/\/banhangtaikho.com.vn\/Images\/Upload\/images\/mat%20than%20dieu%20hoa%20daikin.jpg\" \/><\/span><\/p>\n<p style=\"text-align: justify;\"><span style=\"color: #000000;\">M\u1eaft th\u1ea7n n\u00e0y c\u00f3 \u0111\u1eb7c \u0111i\u1ec3m g\u1ea7n gi\u1ed1ng nh\u01b0 c\u00f4ng ngh\u1ec7 c\u1ea3m bi\u1ebfn Econavi trong m\u00e1y \u0111i\u1ec1u h\u00f2a Panasonic 2 chi\u1ec1u\u00a0<\/span><span style=\"color: #000000;\">inverter Z9TKH-8.<\/span><\/p>\n<p style=\"text-align: justify;\">\u0110\u1eb7c bi\u1ec7t h\u01a1n \u0111i\u1ec1u h\u00f2a Daikin inverter 2 chi\u1ec1u <strong>FTXV25QVMV <\/strong>\u1ee9ng d\u1ee5ng \u0111i\u1ec1u khi\u1ec3n di \u0111\u1ed9ng c\u1ee7a Daikin cho ph\u00e9p ng\u01b0\u1eddi d\u00f9ng qu\u1ea3n l\u00fd m\u00e1y \u0111i\u1ec1u h\u00f2a inverter Daikin t\u1eeb b\u1ea5t c\u1ee9 n\u01a1i n\u00e0o trong nh\u00e0, gi\u00fap duy tr\u00ec m\u00f4i tr\u01b0\u1eddng tho\u1ea3i m\u00e1i trong khi v\u1eabn ti\u1ebft ki\u1ec7m \u0111\u01b0\u1ee3c n\u0103ng l\u01b0\u1ee3ng \u1ee8ng d\u1ee5ng ti\u1ec7n \u00edch n\u00e0y cho ph\u00e9p ng\u01b0\u1eddi d\u00f9ng c\u00f3 th\u1ec3 ho\u00e0n to\u00e0n \u0111i\u1ec1u khi\u1ec3n c\u00e1c ch\u1ee9c n\u0103ng ch\u00ednh nh\u01b0 b\u1eadt\/t\u1eaft, ch\u1ebf \u0111\u1ed9 v\u1eadn h\u00e0nh v\u00e0 nhi\u1ec7t \u0111\u1ed9 c\u00e0i \u0111\u1eb7t c\u0169ng nh\u01b0 c\u00e1c t\u00ednh n\u0103ng cao c\u1ea5p nh\u01b0 c\u00e0i \u0111\u1eb7t l\u1ecbch tu\u1ea7n. \u1ee8ng d\u1ee5ng n\u00e0y c\u0169ng gi\u00fap ng\u01b0\u1eddi d\u00f9ng ki\u1ec3m so\u00e1t h\u1ec7 th\u1ed1ng \u0111\u1ec3 \u0111\u1ea3m b\u1ea3o h\u1ec7 th\u1ed1ng ho\u1ea1t \u0111\u1ed9ng nh\u01b0 \u00fd mu\u1ed1n. Vi\u1ec7c c\u00e0i \u0111\u1eb7t r\u1ea5t d\u1ec5 d\u00e0ng. Sau khi t\u1ea3i ph\u1ea7n m\u1ec1m, ng\u01b0\u1eddi d\u00f9ng ch\u1ec9 c\u1ea7n k\u1ebft n\u1ed1i v\u1edbim\u1ed9t m\u1ea1ng kh\u00f4ng d\u00e2y c\u00e1 nh\u00e2n \u1edf nh\u00e0 ho\u1eb7c m\u1ed9t m\u1ea1ng kh\u00f4ng d\u00e2y \u1edf b\u00ean ngo\u00e0i.<\/p>\n<p style=\"text-align: justify;\"><img src=\"https:\/\/banhangtaikho.com.vn\/Images\/Upload\/images\/cau%20hinh%20he%20thong%20ke%20noi%20smart%20phone%20daikin.jpg\" \/><\/p>\n<p style=\"text-align: justify;\">\u0110\u1ed3ng th\u1eddi m\u00e1y \u0111i\u1ec1u h\u00f2a Daikin 2 chi\u1ec1u inverter <strong>FTXV25QVMV <\/strong>gi\u00fap x\u00f3a b\u1ecf nh\u1eefng n\u1ed7i lo qu\u00ean t\u1eaft m\u00e1y \u0111i\u1ec1u h\u00f2a khi ra ngo\u00e0i v\u00e0 \u0111\u1ea3m b\u1ea3o t\u1ea1o ra m\u1ed9t m\u00f4i tr\u01b0\u1eddng \u0111i\u1ec1u h\u00f2a kh\u00f4ng kh\u00ed s\u1ea3ng kho\u00e1i tr\u01b0\u1edbc khi ng\u01b0\u1eddi d\u00f9ng v\u1ec1 nh\u00e0. Ngay c\u1ea3 khi ng\u01b0\u1eddi d\u00f9ng kh\u00f4ng \u1edf trong nh\u00e0, ng\u01b0\u1eddi d\u00f9ng v\u1eabn c\u00f3 th\u1ec3 d\u1ec5 d\u00e0ng ki\u1ec3m so\u00e1t v\u00e0 \u0111i\u1ec1u ch\u1ec9nh ch\u1ebf \u0111\u1ed9 v\u1eadn h\u00e0nh v\u00e0 nhi\u1ec7t \u0111\u1ed9 ph\u00f2ng ho\u1eb7c b\u1eadt t\u1eaft to\u00e0n b\u1ed9 c\u00e1c m\u00e1y \u0111i\u1ec1u h\u00f2a trong nh\u00e0.<\/p>\n<p style=\"text-align: justify;\"><span style=\"color: #000000;\">C\u00e1nh t\u1ea3n nhi\u1ec7t d\u00e0n n\u00f3ng \u0111\u01b0\u1ee3c x\u1eed l\u00fd ch\u1ed1ng \u0103n m\u00f2n<\/span><\/p>\n<p style=\"text-align: justify;\"><span style=\"color: #000000;\"><img class=\"aligncenter\" src=\"https:\/\/banhangtaikho.com.vn\/Images\/Upload\/images\/dan%20nong%20dieu%20hoa%20daikin%20ftxs.jpg\" alt=\"\" \/><\/span><\/p>\n<p style=\"text-align: justify;\"><span style=\"color: #000000;\">B\u1ec1 m\u1eb7t c\u00e1nh t\u1ea3n nhi\u1ec7t d\u00e0n n\u00f3ng \u0111\u01b0\u1ee3c ph\u1ee7 l\u1edbp nh\u1ef1a acrylic l\u00e0m t\u0103ng c\u01b0\u1eddng kh\u1ea3 n\u0103ng ch\u1ed1ng l\u1ea1i m\u01b0a ax\u00edt v\u00e0 h\u01a1i mu\u1ed1i. K\u1ebf \u0111\u1ebfn l\u00e0 l\u1edbp m\u00e0ng c\u00f3 kh\u1ea3 n\u0103ng th\u1ea5m n\u01b0\u1edbc c\u00f3 t\u00e1c d\u1ee5ng ch\u1ed1ng r\u1ec9 s\u00e9t g\u00e2y ra do n\u01b0\u1edbc \u0111\u1ecdng.<\/span><\/p>\n<\/div>\n<p>&nbsp;<\/p>\n","protected":false},"excerpt":{"rendered":"<div class=\"w-pd-b-r-col4\">\n<ul class=\"l pr-des-featured\">\n<li>\u0110i\u1ec1u h\u00f2a Daikin 2 chi\u1ec1u 9000BTU inverter<\/li>\n<li>\u0110i\u1ec1u h\u00f2a ti\u1ebft ki\u1ec7m \u0111i\u1ec7n cao c\u1ea5p &#8211; Gas R32<\/li>\n<li>M\u1eaft th\u1ea7n th\u00f4ng minh, Phin l\u1ecdc x\u00fac t\u00e1c quang Apatit Titan<\/li>\n<li>Di\u1ec7n t\u00edch l\u1eafp \u0111\u1eb7t &lt; 15m2<\/li>\n<li>Xu\u1ea5t x\u1ee9: Ch\u00ednh h\u00e3ng Th\u00e1i Lan<\/li>\n<li>B\u1ea3o h\u00e0nh: Ch\u00ednh h\u00e3ng 12 th\u00e1ng, ma\u0301y ne\u0301n 4 n\u0103m<\/li>\n<\/ul>\n<\/div>\n<div class=\"w-pd-b-r-col6\"><\/div>\n<div class=\"w-pd-b-r-col5\"><\/div>\n","protected":false},"featured_media":1446,"comment_status":"open","ping_status":"closed","template":"","meta":[],"_links":{"self":[{"href":"http:\/\/maudep.com.vn\/chuyengiadienmay\/index.php?rest_route=\/wp\/v2\/product\/1444"}],"collection":[{"href":"http:\/\/maudep.com.vn\/chuyengiadienmay\/index.php?rest_route=\/wp\/v2\/product"}],"about":[{"href":"http:\/\/maudep.com.vn\/chuyengiadienmay\/index.php?rest_route=\/wp\/v2\/types\/product"}],"replies":[{"embeddable":true,"href":"http:\/\/maudep.com.vn\/chuyengiadienmay\/index.php?rest_route=%2Fwp%2Fv2%2Fcomments&post=1444"}],"wp:featuredmedia":[{"embeddable":true,"href":"http:\/\/maudep.com.vn\/chuyengiadienmay\/index.php?rest_route=\/wp\/v2\/media\/1446"}],"wp:attachment":[{"href":"http:\/\/maudep.com.vn\/chuyengiadienmay\/index.php?rest_route=%2Fwp%2Fv2%2Fmedia&parent=1444"}],"curies":[{"name":"wp","href":"https:\/\/api.w.org\/{rel}","templated":true}]}}