{"id":1447,"date":"2018-12-21T11:23:07","date_gmt":"2018-12-21T04:23:07","guid":{"rendered":"http:\/\/maudep.com.vn\/chuyengiadienmay\/?post_type=product&#038;p=1447"},"modified":"2021-10-15T11:43:15","modified_gmt":"2021-10-15T04:43:15","slug":"dieu-hoa-daikin-inverter-2-chieu-12-000btu-ftxv35qvmv-rxv35qvmv","status":"publish","type":"product","link":"http:\/\/maudep.com.vn\/chuyengiadienmay\/?product=dieu-hoa-daikin-inverter-2-chieu-12-000btu-ftxv35qvmv-rxv35qvmv","title":{"rendered":"\u0110i\u1ec1u h\u00f2a Daikin 2 chi\u1ec1u 12.000BTU  Inverter cao c\u1ea5p FTXV35QVMV"},"content":{"rendered":"<div id=\"chitiet-1\" class=\"w-pd-i-content\">\n<p class=\"w-pd-i-c-head\">\u0110i\u1ec1u h\u00f2a Daikin Inverter 2 chi\u1ec1u 12.000BTU FTXV35QVMV\/RXV35QVMV<\/p>\n<p style=\"text-align: justify\"><span style=\"color: #000000\">M\u00e1y \u0111i\u1ec1u h\u00f2a Daikin<\/span><span style=\"color: #000000\">\u00a02 chi\u1ec1u 12.000Btu &#8211; Model: <strong>FTXV35QVMV <\/strong>d\u00f2ng s\u1ea3n ph\u1ea9m m\u00e1y \u0111i\u1ec1u h\u00f2a cao c\u1ea5p nh\u1ea5t v\u00e0 m\u1edbi nh\u1ea5t c\u1ee7a Daikin trong n\u0103m 2016 s\u1eed d\u1ee5ng m\u00f4i ch\u1ea5t l\u00e0m l\u1ea1nh m\u1edbi Gas R32 v\u1edbi s\u1ef1 k\u1ebft h\u1ee3p c\u00f4ng ngh\u1ec7 inverter v\u00e0 c\u1ea3m bi\u1ebfn m\u1eaft th\u1ea7n th\u00f4ng minh gi\u00fap ti\u1ebft ki\u1ec7m \u0111i\u1ec7n n\u0103ng hi\u1ec7u qu\u1ea3 c\u00f3 \u0111\u1eb7c \u0111i\u1ec3m g\u1ea7n gi\u1ed1ng nh\u01b0 c\u00f4ng ngh\u1ec7 c\u1ea3m bi\u1ebfn Econavi c\u00f3 trong m\u00e1y \u0111i\u1ec1u h\u00f2a Panasonic.<\/span><\/p>\n<p style=\"text-align: justify\"><span style=\"color: #000000\">\u0110i\u1ec1u h\u00f2a Daikin inverter 2 chi\u1ec1u 12000BTU <strong>FTXV35QVMV <\/strong>\u0111\u01b0\u1ee3c trang b\u1ecb th\u00eam m\u1eaft th\u1ea7n th\u00f4ng minh ng\u0103n hao ph\u00ed n\u0103ng l\u01b0\u1ee3ng b\u1eb1ng c\u00e1ch s\u1eed d\u1ee5ng c\u1ea3m bi\u1ebfn h\u1ed3ng ngo\u1ea1i \u0111\u1ec3 ph\u00e1t hi\u1ec7n chuy\u1ec3n \u0111\u1ed9ng c\u1ee7a ng\u01b0\u1eddi trong ph\u00f2ng. N\u1ebfu kh\u00f4ng c\u00f3 chuy\u1ec3n \u0111\u1ed9ng trong v\u00f2ng 20 ph\u00fat, m\u1eaft th\u1ea7n s\u1ebd t\u1ef1 \u0111\u1ed9ng \u0111i\u1ec1u ch\u1ec9nh nhi\u1ec7t \u0111\u1ed9 c\u00e0i \u0111\u1eb7t kho\u1ea3ng 2 \u0111\u1ed9 C. M\u1ed9t khi m\u1eaft th\u1ea7n \u0111\u01b0\u1ee3c b\u1eadt, n\u00f3 s\u1ebd v\u1eadn h\u00e0nh t\u1ef1 \u0111\u1ed9ng m\u00e0 kh\u00f4ng c\u1ea7nph\u1ea3i c\u00e0i \u0111\u1eb7t th\u00eam.<\/span><\/p>\n<p style=\"text-align: justify\"><span style=\"color: #000000\"><img class=\"aligncenter\" src=\"https:\/\/banhangtaikho.com.vn\/Images\/Upload\/images\/mat%20than%20dieu%20hoa%20daikin.jpg\" \/><\/span><\/p>\n<p style=\"text-align: justify\"><span style=\"color: #000000\">\u0110i\u1ec1u h\u00f2a Daikin inverter gi\u00fap l\u00e0m l\u1ea1nh v\u00e0 s\u01b0\u1edfi \u1ea5m nhanh ch\u00f3ng v\u00e0 hi\u1ec7u qu\u1ea3 ti\u1ebft ki\u1ec7m \u0111i\u1ec7n n\u0103ng l\u00ean t\u1edbi 30% so v\u1edbi m\u00e1y \u0111i\u1ec1u h\u00f2a th\u00f4ng th\u01b0\u1eddng \u0111\u1ed3ng th\u1eddi c\u00f4ng ngh\u1ec7 inverter \u0111i\u1ec1u ch\u1ec9nh c\u00f4ng su\u1ea5t d\u1ef1a theo s\u1ef1 thay \u0111\u1ed5i nhu c\u1ea7u v\u1ec1 t\u1ea3i l\u1ea1nh \/ s\u01b0\u1edfi v\u00e0 ch\u00eanh l\u1ec7ch gi\u1eefa nhi\u1ec7t \u0111\u1ed9 ph\u00f2ng v\u00e0 nhi\u1ec7t \u0111\u1ed9 c\u00e0i \u0111\u1eb7t nh\u1ecf, n\u00ean ch\u00fang ta c\u1ea3m th\u1ea5y tho\u1ea3i m\u00e1i h\u01a1n so v\u1edbi khi s\u1eed d\u1ee5ng m\u00e1y kh\u00f4ng inverter<\/span><\/p>\n<p style=\"text-align: justify\"><span style=\"color: #000000\"><img class=\"aligncenter\" src=\"https:\/\/banhangtaikho.com.vn\/Images\/Upload\/images\/dieu%20hoa%20daikin%20inverter%20de%20chiu.jpg\" \/><\/span><\/p>\n<p style=\"text-align: justify\"><span style=\"color: #000000\">\u0110i\u1ec1u h\u00f2a Daikin inverter FTXV35QVMV\/RXV35QVMV v\u1edbi thi\u1ebft k\u1ebf v\u00f4 c\u00f9ng tinh t\u1ebf mang l\u1ea1i s\u1ef1 sang tr\u1ecdng di\u1ec7t khu\u1ea9n kh\u1eed m\u00f9i hi\u1ec7u qu\u1ea3 b\u1edfi phin l\u1ecdc x\u00fac t\u00e1c quang Apatit Titan ph\u00f9 h\u1ee3p l\u1eafp \u0111\u1eb7t cho di\u1ec7n t\u00edch &lt; 20m2.<\/span><\/p>\n<p style=\"text-align: justify\"><img class=\"aligncenter\" style=\"color: #000000;line-height: 20.8px;text-align: justify\" src=\"https:\/\/banhangtaikho.com.vn\/Images\/Upload\/images\/dieu%20hoa%20daikin%20phin%20loc%20xuc%20tac%20quang.jpg\" alt=\"\" \/><\/p>\n<p style=\"text-align: justify\"><span style=\"color: #000000\">Apatit Titan l\u00e0 v\u1eadt li\u1ec7u x\u00fac t\u00e1c quang cao c\u1ea5p v\u1edbi kh\u1ea3 n\u0103ng h\u1ea5p th\u1ee5 v\u01b0\u1ee3t tr\u1ed9i. Khi b\u1ee5i b\u1ea9n \u0111\u01b0\u1ee3c h\u00fat v\u00e0o phin l\u1ecdc, Apatit Titan s\u1ebd h\u1ea5p thu v\u00e0 lo\u1ea1i b\u1ecf m\u00f9i h\u00f4i v\u00e0 b\u1ee5i b\u1ea9n m\u1ed9t c\u00e1ch hi\u1ec7u qu\u1ea3. Tinh l\u1ecdc kh\u00f4ng kh\u00ed b\u1eb1ng x\u00fac t\u00e1c quang l\u00e0 c\u00f4ng ngh\u1ec7 kh\u1eed m\u00f9i v\u00e0 di\u1ec7t khu\u1ea9n. Daikin l\u00e0 c\u00f4ng ty \u0111\u1ea7u ti\u00ean \u00e1p d\u1ee5ng x\u00fac t\u00e1c quang cho c\u00e1c lo\u1ea1i phin l\u1ecdc kh\u00f4ng kh\u00ed s\u1eed d\u1ee5ng cho c\u00e1c m\u00e1y l\u1ecdc kh\u00f4ng kh\u00ed d\u00e2n d\u1ee5ng. Th\u00e0nh c\u00f4ng c\u1ee7a Daikin \u0111\u00e3 gi\u00fap c\u00e1c nh\u00e0 s\u1ea3n xu\u1ea5t trong nhi\u1ec1u ng\u00e0nh ngh\u1ec1 \u1ee9ng d\u1ee5ng c\u00f4ng ngh\u1ec7 n\u00e0y v\u00e0o c\u00e1c s\u1ea3n ph\u1ea9m di\u1ec7t khu\u1ea9n.<\/span><\/p>\n<p style=\"text-align: justify\"><span style=\"color: #000000\">Apatit Titan l\u00e0 v\u1eadt li\u1ec7u x\u00fac t\u00e1c quang ti\u00ean ti\u1ebfn v\u1edbi kh\u1ea3 n\u0103ng h\u1ea5p th\u1ee5 v\u01b0\u1ee3t tr\u1ed9i. Khi c\u00e1c h\u1ea1t b\u1ee5i b\u1ecb h\u00fat v\u00e0o phin l\u1ecdc, ch\u1ea5t x\u00fac t\u00e1c quang s\u1ebd h\u1ea5p thu v\u00e0 lo\u1ea1i b\u1ecf b\u1ee5i b\u1ea9n v\u00e0 m\u00f9i h\u00f4i m\u1ed9t c\u00e1ch hi\u1ec7u qu\u1ea3. Ch\u1ea5t x\u00fac t\u00e1c quang s\u1ebd ho\u1ea1t \u0111\u1ed9ng ngay khi ti\u1ebfp x\u00fac v\u1edbi \u00e1nh s\u00e1ng m\u1eb7t tr\u1eddi. Tu\u1ed5i th\u1ecd c\u1ee7a phin l\u1ecdc c\u00f3 th\u1ec3 l\u00ean \u0111\u1ebfn 3 n\u0103m n\u1ebfu \u0111\u01b0\u1ee3c v\u1ec7 sinh b\u1eb1ng n\u01b0\u1edbc m\u1ed7i 6 th\u00e1ng.<\/span><\/p>\n<p style=\"text-align: justify\"><span style=\"color: #000000\">\u0110\u1eb7t \u0111i\u1ec3m n\u1ed5i b\u1eadt h\u01a1n n\u1eefa d\u00e0nh cho s\u1ea3n ph\u1ea9m m\u00e1y \u0111i\u1ec1u h\u00f2a Daikin inverter FTXV35QVMV c\u00f3 th\u1ec3 k\u1ebft n\u1ed1i v\u1edbi \u0111i\u1ec7n tho\u1ea1i smart phone<\/span><\/p>\n<p style=\"text-align: justify\"><img src=\"https:\/\/banhangtaikho.com.vn\/Images\/Upload\/images\/cau%20hinh%20he%20thong%20ke%20noi%20smart%20phone%20daikin.jpg\" \/><\/p>\n<p style=\"text-align: justify\"><span style=\"color: #000000\">\u1ee8ng d\u1ee5ng \u0111i\u1ec1u khi\u1ec3n di \u0111\u1ed9ng Daikin gi\u00fap x\u00f3a b\u1ecf nh\u1eefng n\u1ed7i lo qu\u00ean t\u1eaft m\u00e1y \u0111i\u1ec1u h\u00f2a khi ra ngo\u00e0i v\u00e0 \u0111\u1ea3m b\u1ea3o t\u1ea1o ra m\u1ed9t m\u00f4i tr\u01b0\u1eddng \u0111i\u1ec1u h\u00f2a kh\u00f4ng kh\u00ed s\u1ea3ng kho\u00e1i tr\u01b0\u1edbc khi ng\u01b0\u1eddi d\u00f9ng v\u1ec1 nh\u00e0. Ngay c\u1ea3 khi ng\u01b0\u1eddi d\u00f9ng kh\u00f4ng \u1edf trong nh\u00e0, ng\u01b0\u1eddi d\u00f9ng v\u1eabn c\u00f3 th\u1ec3 d\u1ec5 d\u00e0ng ki\u1ec3m so\u00e1t v\u00e0 \u0111i\u1ec1u ch\u1ec9nh ch\u1ebf \u0111\u1ed9 v\u1eadn h\u00e0nh v\u00e0 nhi\u1ec7t \u0111\u1ed9 ph\u00f2ng ho\u1eb7c b\u1eadt t\u1eaft to\u00e0n b\u1ed9 c\u00e1c m\u00e1y \u0111i\u1ec1u h\u00f2a trong nh\u00e0.<\/span><\/p>\n<p style=\"text-align: justify\"><span style=\"color: #000000\">M\u00e1y \u0111i\u1ec1u h\u00f2a Daikin inverter 12000BTU 2 chi\u1ec1u <strong>FTX35QVMV <\/strong>c\u00f4ng ngh\u1ec7 bi\u1ebfn t\u1ea7n c\u00f3 kh\u1ea3 n\u0103ng thay \u0111\u1ed5i c\u00f4ng su\u1ea5t trong qu\u00e1 tr\u00ecnh ho\u1ea1 \u0111\u1ed9ng b\u1eb1ng c\u00e1ch \u0111i\u1ec1u ch\u1ec9nh t\u1ea7n su\u1ea5t v\u1eadn h\u00e0nh. \u0110i\u1ec1u n\u00e0y gi\u00fap cho c\u00e1c m\u00e1y \u0111i\u1ec1u h\u00f2a bi\u1ebfn t\u1ea7n c\u00f3 th\u1ec3 c\u1eaft gi\u1ea3m m\u1ee9c \u0111i\u1ec7n n\u0103ng ti\u00eau th\u1ee5 so v\u1edbi c\u00e1c lo\u1ea1i m\u00e1y th\u00f4ng th\u01b0\u1eddng. H\u1ec7 th\u1ed1ng \u0111i\u1ec1u h\u00f2a bi\u1ebfn t\u1ea7n c\u00f3 th\u1ec3 gi\u00fap gi\u1ea3m \u0111\u00e1ng k\u1ec3 chi ph\u00ed s\u1eed d\u1ee5ng \u0111i\u1ec7n gia d\u1ee5ng.N\u1ebfu ng\u01b0\u1eddi d\u00f9ng ch\u1ecdn ch\u1ebf \u0111\u1ed9 T\u1ed1c \u0111\u1ed9 qu\u1ea1t t\u1ef1 \u0111\u1ed9ng, m\u00e1y \u0111i\u1ec1u h\u00f2a bi\u1ebfn t\u1ea7n c\u00f3 th\u1ec3 v\u1eadn h\u00e0nh \u1edf hi\u1ec7u su\u1ea5t cao nh\u1ea5t m\u00e0 kh\u00f4ng c\u1ea7n c\u00e0i \u0111\u1eb7t th\u00eam c\u00e1c ch\u1ee9c n\u0103ng kh\u00e1c. M\u00e1y \u0111i\u1ec1u h\u00f2a s\u1ebd kh\u00f4ng ng\u1eaft ho\u1ea1t \u0111\u1ed9ng m\u00e1y n\u00e9n \u0111\u1ec3 duy tr\u00ec nhi\u1ec7t \u0111\u1ed9 ph\u00f2ng. Ng\u01b0\u1eddi d\u00f9ng c\u00f3 th\u1ec3 ra kh\u1ecfi ph\u00f2ng trong m\u1ed9t kho\u1ea3ng th\u1eddi gian m\u00e0 kh\u00f4ng c\u1ea7n lo l\u1eafng.<\/span><\/p>\n<p style=\"text-align: justify\"><span style=\"color: #000000\">D\u1ef1 b\u00e1o m\u00e1y \u0111i\u1ec1u h\u00f2a Daikin inverter 2 chi\u1ec1u FTXV35 s\u1ebd l\u00e0 \u0111\u1ed1i th\u1ee7 \u0111\u00e1ng g\u1eddm c\u1ee7a m\u00e1y \u0111i\u1ec1u h\u00f2a Panasonic 2 chi\u1ec1u\u00a0<\/span><span style=\"color: #000000\">inverter Z12TKH-8<\/span><\/p>\n<\/div>\n<p>&nbsp;<\/p>\n","protected":false},"excerpt":{"rendered":"<ul class=\"l pr-des-featured\">\n<li>\u0110i\u1ec1u h\u00f2a Daikin 2 chi\u1ec1u 12000BTU inverter<\/li>\n<li>Ti\u1ebft ki\u1ec7m \u0111i\u1ec7n cao c\u1ea5p &#8211; Gas R32<\/li>\n<li>M\u1eaft th\u1ea7n th\u00f4ng minh, lu\u1ed3ng gi\u00f3 3 chi\u1ec1u<\/li>\n<li>Di\u1ec7n t\u00edch l\u1eafp \u0111\u1eb7t &lt; 20m2<\/li>\n<li>Xu\u1ea5t x\u1ee9: Ch\u00ednh h\u00e3ng Th\u00e1i Lan<\/li>\n<li>B\u1ea3o h\u00e0nh: Ch\u00ednh h\u00e3ng 12 th\u00e1ng, ma\u0301y ne\u0301n 4 n\u0103m<\/li>\n<\/ul>\n","protected":false},"featured_media":1446,"comment_status":"open","ping_status":"closed","template":"","meta":[],"_links":{"self":[{"href":"http:\/\/maudep.com.vn\/chuyengiadienmay\/index.php?rest_route=\/wp\/v2\/product\/1447"}],"collection":[{"href":"http:\/\/maudep.com.vn\/chuyengiadienmay\/index.php?rest_route=\/wp\/v2\/product"}],"about":[{"href":"http:\/\/maudep.com.vn\/chuyengiadienmay\/index.php?rest_route=\/wp\/v2\/types\/product"}],"replies":[{"embeddable":true,"href":"http:\/\/maudep.com.vn\/chuyengiadienmay\/index.php?rest_route=%2Fwp%2Fv2%2Fcomments&post=1447"}],"wp:featuredmedia":[{"embeddable":true,"href":"http:\/\/maudep.com.vn\/chuyengiadienmay\/index.php?rest_route=\/wp\/v2\/media\/1446"}],"wp:attachment":[{"href":"http:\/\/maudep.com.vn\/chuyengiadienmay\/index.php?rest_route=%2Fwp%2Fv2%2Fmedia&parent=1447"}],"curies":[{"name":"wp","href":"https:\/\/api.w.org\/{rel}","templated":true}]}}