{"id":1449,"date":"2018-12-21T11:29:46","date_gmt":"2018-12-21T04:29:46","guid":{"rendered":"http:\/\/maudep.com.vn\/chuyengiadienmay\/?post_type=product&#038;p=1449"},"modified":"2021-10-18T11:28:22","modified_gmt":"2021-10-18T04:28:22","slug":"dieu-hoa-daikin-inverter-2-chieu-18-000btu-ftxv50qvmv-rxv50qvmv","status":"publish","type":"product","link":"http:\/\/maudep.com.vn\/chuyengiadienmay\/?product=dieu-hoa-daikin-inverter-2-chieu-18-000btu-ftxv50qvmv-rxv50qvmv","title":{"rendered":"\u0110i\u1ec1u h\u00f2a Daikin  2 chi\u1ec1u 18.000BTU Inverter  cao c\u1ea5p FTXV50QVMV"},"content":{"rendered":"<div id=\"chitiet-1\" class=\"w-pd-i-content\">\n<p class=\"w-pd-i-c-head\">\u0110i\u1ec1u h\u00f2a Daikin Inverter 2 chi\u1ec1u 18.000BTU FTXV50QVMV\/RXV50QVMV<\/p>\n<p style=\"text-align: justify;\"><span style=\"color: #000000;\">M\u00e1y \u0111i\u1ec1u h\u00f2a Daikin\u00a0<\/span><span style=\"color: #000000;\"><strong>FTXV50QVMV\/RXV50QVMV<\/strong> d\u00f2ng \u0111i\u1ec1u h\u00f2a inverter cao c\u1ea5p 2 chi\u1ec1u (l\u00e0m l\u1ea1nh \/ s\u01b0\u1edfi \u1ea5m) 18000BTU s\u1eed d\u1ee5ng gas R32 m\u1edbi nh\u1ea5t 2016 c\u1ee7a Daikin thay th\u1ebf model FTXD50HVMV s\u1eed d\u1ee5ng gas R22 ph\u00f9 h\u1ee3p l\u1eafp \u0111\u1eb7t cho ph\u00f2ng c\u00f3 di\u1ec7n t\u00edch d\u01b0\u1edbi 30m2.<\/span><\/p>\n<p style=\"text-align: justify;\"><span style=\"color: #000000;\">\u0110i\u1ec1u h\u00f2a treo t\u01b0\u1eddng Daikin <strong>FTXV50QVMV <\/strong>v\u1edbi c\u00e1c t\u00ednh n\u0103ng v\u00e0 c\u00f4ng ngh\u1ec7 nh\u01b0:<\/span><\/p>\n<p style=\"text-align: justify;\"><span style=\"color: #000000;\"><strong>M\u1eaft th\u1ea7n th\u00f4ng minh<\/strong><\/span><\/p>\n<p style=\"text-align: justify;\"><span style=\"color: #000000;\"><img class=\"aligncenter\" src=\"https:\/\/banhangtaikho.com.vn\/Images\/Upload\/images\/mat%20than%20dieu%20hoa%20daikin.jpg\" alt=\"\" \/><\/span><\/p>\n<p style=\"text-align: justify;\"><span style=\"color: #000000;\">M\u1eaft th\u1ea7n th\u00f4ng minh ng\u0103n hao ph\u00ed \u0111i\u1ec7n n\u0103ng b\u1eb1ng c\u00e1ch s\u1eed d\u1ee5ng c\u1ea3m bi\u1ebfn h\u1ed3ng ngo\u1ea1i ph\u00e1t hi\u1ec7n chuy\u1ec3n \u0111\u1ed9ng c\u1ee7a ng\u01b0\u1eddi trong ph\u00f2ng. Khi kh\u00f4ng c\u00f3 ng\u01b0\u1eddi, m\u1eaft th\u1ea7n th\u00f4ng minh s\u1ebd t\u1ef1 \u0111\u1ed9ng t\u0103ng nhi\u1ec7t \u0111\u1ed9 l\u00ean 2 \u0111\u1ed9 C \u0111\u1ec3 ti\u1ebft ki\u1ec7m n\u0103ng l\u01b0\u1ee3ng. Trong tr\u01b0\u1eddng h\u1ee3p ch\u00fang ta ra ngo\u00e0i m\u00e0 qu\u00ean t\u1eaft m\u00e1y th\u00ec ch\u1ee9c n\u0103ng n\u00e0y l\u00e0m gi\u1ea3m l\u00e3ng ph\u00ed \u0111i\u1ec7n n\u0103ng hi\u1ec7u qu\u1ea3 nh\u1ea5t. D\u1ec5 d\u00e0ng s\u1eed d\u1ee5ng ch\u1ee9c n\u0103ng n\u00e0y b\u1eb1ng \u0111i\u1ec1u khi\u1ec3n t\u1eeb xa.<\/span><\/p>\n<p style=\"text-align: justify;\"><span style=\"color: #000000;\">\u0110i\u1ec1u h\u00f2a Daikin inverter 2 chi\u1ec1u 18000BTU &#8211; <strong>FTXV50QVMV <\/strong>v\u1edbi tinh l\u1ecdc kh\u00f4ng kh\u00ed b\u1eb1ng x\u00fac t\u00e1c quang l\u00e0 c\u00f4ng ngh\u1ec7 kh\u1eed m\u00f9i v\u00e0 di\u1ec7t khu\u1ea9n. Daikin l\u00e0 C\u00f4ng ty \u0111\u1ea7u ti\u00ean \u00e1p d\u1ee5ng x\u00fac t\u00e1c quang cho c\u00e1c lo\u1ea1i phin l\u1ecdc kh\u00f4ng kh\u00ed s\u1eed d\u1ee5ng cho c\u00e1c m\u00e1y l\u1ecdc kh\u00f4ng kh\u00ed d\u00e2n d\u1ee5ng. Th\u00e0nh c\u00f4ng c\u1ee7a Daikin l\u00e0 gi\u00fap c\u00e1c nh\u00e0 s\u1ea3n xu\u1ea5t trong nhi\u1ec1u ng\u00e0nh ngh\u1ec1 \u1ee9ng d\u1ee5ng c\u00f4ng ngh\u1ec7 n\u00e0y v\u00e0o c\u00e1c s\u1ea3n ph\u1ea9m di\u1ec7t khu\u1ea9n.<\/span><\/p>\n<p style=\"text-align: justify;\"><span style=\"color: #000000;\"><img class=\"aligncenter\" src=\"https:\/\/banhangtaikho.com.vn\/Images\/Upload\/images\/dieu%20hoa%20daikin%20phin%20loc%20xuc%20tac%20quang.jpg\" alt=\"\" \/><\/span><\/p>\n<p style=\"text-align: justify;\"><span style=\"color: #000000;\"><strong>Ch\u1ee9c n\u0103ng Econo<\/strong><\/span><\/p>\n<p style=\"text-align: justify;\"><span style=\"color: #000000;\"><img class=\"aligncenter\" src=\"https:\/\/banhangtaikho.com.vn\/Images\/Upload\/images\/dieu%20hoa%20daikin%20econo.jpg\" alt=\"\" \/><br \/>\n<em>&#8211; Bi\u1ec3u \u0111\u1ed3 ch\u1ec9 mang t\u00ednh ch\u1ea5t minh h\u1ecda.<br \/>\n&#8211; C\u00f4ng su\u1ea5t t\u1ed1i \u0111a s\u1ebd gi\u1ea3m khi s\u1eed d\u1ee5ng ch\u1ee9c n\u0103ng Econo. C\u1ea7n ph\u1ea3i c\u00f3 nhi\u1ec1u th\u1eddi gian h\u01a1n \u0111\u1ec3 \u0111\u1ea1t \u0111\u01b0\u1ee3c nhi\u1ec7t \u0111\u1ed9 c\u00e0i \u0111\u1eb7t.<\/em><br \/>\nCh\u1ee9c n\u0103ng n\u00e0y h\u1ea1 ch\u1ebf d\u00f2ng kh\u1edfi \u0111\u1ed9ng v\u00e0 \u0111i\u1ec7n n\u0103ng ti\u00eau th\u1ee5 ho\u1ea1t \u0111\u1ed9ng \u1edf m\u1ee9c t\u1ed1i \u0111a. N\u00f3 s\u1ebd \u0111\u1eb7c bi\u1ec7t hi\u1ec7u qu\u1ea3 khi c\u00f3 nhu c\u1ea7u t\u1ea3i qu\u00e1 l\u1edbn nh\u01b0 khi m\u1edbi kh\u1edfi \u0111\u1ed9ng m\u00e1y, n\u01a1i \u0111\u00f4ng ng\u01b0\u1eddi, ph\u00f2ng ti\u1ebfp x\u00fac nhi\u1ec1u \u00e1nh n\u1eafng. Ch\u1ee9c n\u0103ng Econo c\u00f2n c\u00f3 t\u00e1c d\u1ee5ng ng\u0103n ng\u1eeba CB qu\u00e1 t\u1ea3i t\u1ea1i nh\u1eefng th\u1eddi \u0111i\u1ec3m t\u1ea3i l\u00e0m l\u1ea1nh \/ s\u01b0\u1edfi l\u1edbn t\u1ea1m th\u1eddi. D\u1ec5 d\u00e0ng k\u00edch ho\u1ea1t ch\u1ee9c n\u0103ng n\u00e0y t\u1eeb b\u1ed9 \u0111i\u1ec1u khi\u1ec3n qua vi\u1ec7c nh\u1ea5n n\u00fat Econo.<\/span><\/p>\n<p style=\"text-align: justify;\"><span style=\"color: #000000;\">\u0110\u1eb7t \u0111i\u1ec3m n\u1ed9i b\u1eadt h\u01a1n n\u1eefa d\u00e0nh cho s\u1ea3n ph\u1ea9m m\u00e1y \u0111i\u1ec1u h\u00f2a Daikin 2 chi\u1ec1u inverter FTXV50QVMV l\u00e0 m\u00e1y c\u00f3 th\u1ec3 k\u1ebft n\u1ed1i v\u1edbi \u0111i\u1ec7n tho\u1ea1i Smart Phone<\/span><\/p>\n<p style=\"text-align: justify;\"><span style=\"color: #000000;\"><img class=\"aligncenter\" style=\"border: none; display: block; margin: 4px auto; max-width: 95%; outline: none medium; padding: 0px; text-align: center; vertical-align: middle;\" src=\"https:\/\/banhangtaikho.com.vn\/Images\/Upload\/images\/cau%20hinh%20he%20thong%20ke%20noi%20smart%20phone%20daikin.jpg\" \/><\/span><\/p>\n<p style=\"text-align: justify;\"><span style=\"color: #000000;\">\u1ee8ng d\u1ee5ng \u0111i\u1ec1u khi\u1ec3n di \u0111\u1ed9ng Daikin gi\u00fap x\u00f3a b\u1ecf nh\u1eefng n\u1ed7i lo qu\u00ean t\u1eaft m\u00e1y \u0111i\u1ec1u h\u00f2a khi ra ngo\u00e0i v\u00e0 \u0111\u1ea3m b\u1ea3o t\u1ea1o ra m\u1ed9t m\u00f4i tr\u01b0\u1eddng \u0111i\u1ec1u h\u00f2a kh\u00f4ng kh\u00ed s\u1ea3ng kho\u00e1i tr\u01b0\u1edbc khi ng\u01b0\u1eddi d\u00f9ng v\u1ec1 nh\u00e0. Ngay c\u1ea3 khi ng\u01b0\u1eddi d\u00f9ng kh\u00f4ng \u1edf trong nh\u00e0, ng\u01b0\u1eddi d\u00f9ng v\u1eabn c\u00f3 th\u1ec3 d\u1ec5 d\u00e0ng ki\u1ec3m so\u00e1t v\u00e0 \u0111i\u1ec1u ch\u1ec9nh ch\u1ebf \u0111\u1ed9 v\u1eadn h\u00e0nh v\u00e0 nhi\u1ec7t \u0111\u1ed9 ph\u00f2ng ho\u1eb7c b\u1eadt t\u1eaft to\u00e0n b\u1ed9 c\u00e1c m\u00e1y \u0111i\u1ec1u h\u00f2a trong nh\u00e0.<\/span><\/p>\n<p style=\"text-align: justify;\"><span style=\"color: #000000;\">\u0110i\u1ec1u h\u00f2a Daikin 2 chi\u1ec1u <strong>FTXV50QVMV <\/strong>\u0111\u01b0\u1ee3c d\u1ef1 b\u00e1o s\u1ebd l\u00e0 s\u1ea3n ph\u1ea9m c\u1ea1nh tranh tr\u1ef1c ti\u1ebfp v\u1edbi m\u00e1y \u0111i\u1ec1u h\u00f2a Panasonic 2 chi\u1ec1u\u00a0<\/span><span style=\"color: #000000;\">inverter CU\/CS-E18RKH-8\/YZ18SKH-8<\/span><\/p>\n<\/div>\n<p>&nbsp;<\/p>\n","protected":false},"excerpt":{"rendered":"<ul class=\"l pr-des-featured\">\n<li>\u0110i\u1ec1u h\u00f2a Daikin 2 chi\u1ec1u 18000BTU inverter<\/li>\n<li>\u0110i\u1ec1u h\u00f2a ti\u1ebft ki\u1ec7m \u0111i\u1ec7n cao c\u1ea5p &#8211; Gas R32<\/li>\n<li>C\u1ea3m bi\u1ebfn m\u1eaft th\u1ea7n th\u00f4ng minh<\/li>\n<li>T\u1ea5m l\u1ecdc Apatit Titan di\u1ec7t khu\u1ea9n kh\u1eed m\u00f9i<\/li>\n<li>Xu\u1ea5t x\u1ee9: Ch\u00ednh h\u00e3ng Th\u00e1i Lan<\/li>\n<li>B\u1ea3o h\u00e0nh: Ch\u00ednh h\u00e3ng 12 th\u00e1ng, ma\u0301y ne\u0301n 4 n\u0103m<\/li>\n<\/ul>\n","protected":false},"featured_media":1446,"comment_status":"open","ping_status":"closed","template":"","meta":[],"_links":{"self":[{"href":"http:\/\/maudep.com.vn\/chuyengiadienmay\/index.php?rest_route=\/wp\/v2\/product\/1449"}],"collection":[{"href":"http:\/\/maudep.com.vn\/chuyengiadienmay\/index.php?rest_route=\/wp\/v2\/product"}],"about":[{"href":"http:\/\/maudep.com.vn\/chuyengiadienmay\/index.php?rest_route=\/wp\/v2\/types\/product"}],"replies":[{"embeddable":true,"href":"http:\/\/maudep.com.vn\/chuyengiadienmay\/index.php?rest_route=%2Fwp%2Fv2%2Fcomments&post=1449"}],"wp:featuredmedia":[{"embeddable":true,"href":"http:\/\/maudep.com.vn\/chuyengiadienmay\/index.php?rest_route=\/wp\/v2\/media\/1446"}],"wp:attachment":[{"href":"http:\/\/maudep.com.vn\/chuyengiadienmay\/index.php?rest_route=%2Fwp%2Fv2%2Fmedia&parent=1449"}],"curies":[{"name":"wp","href":"https:\/\/api.w.org\/{rel}","templated":true}]}}