{"id":1456,"date":"2018-12-21T11:53:30","date_gmt":"2018-12-21T04:53:30","guid":{"rendered":"http:\/\/maudep.com.vn\/chuyengiadienmay\/?post_type=product&#038;p=1456"},"modified":"2019-05-30T13:58:37","modified_gmt":"2019-05-30T06:58:37","slug":"dieu-hoa-lg-1-chieu-18-000btu-v18enf","status":"publish","type":"product","link":"http:\/\/maudep.com.vn\/chuyengiadienmay\/?product=dieu-hoa-lg-1-chieu-18-000btu-v18enf","title":{"rendered":"\u0110i\u1ec1u h\u00f2a LG 1 chi\u1ec1u 18.000BTU inverter V18ENF"},"content":{"rendered":"<h3 class=\"pd-news-title\">\u0110i\u1ec1u h\u00f2a 1 chi\u1ec1u Inverter LG V18ENF 18.000BTU Dual Cool<\/h3>\n<div class=\"pd-news-content\">\n<h3>Thi\u1ebft k\u1ebf sang tr\u1ecdng, thanh l\u1ecbch, l\u00e0m n\u1ed5i b\u1eadt l\u00ean kh\u00f4ng gian n\u1ed9i th\u1ea5t c\u1ee7a gia \u0111\u00ecnh<\/h3>\n<p>M\u00e1y l\u1ea1nh LG Inverter 18000BTU V18ENF\u00a0c\u00f3 thi\u1ebft k\u1ebf s\u1eafc tr\u1eafng thanh l\u1ecbch v\u00e0 sang tr\u1ecdng s\u1ebd l\u00e0m n\u1ed5i b\u1eadt l\u00ean kh\u00f4ng gian n\u1ed9i th\u1ea5t c\u1ee7a gia \u0111\u00ecnh b\u1ea1n. N\u1ebfu b\u1ea1n c\u00f3 nhu c\u1ea7u l\u1eafp m\u00e1y l\u1ea1nh cho ph\u00f2ng 20-30 m2 th\u00ec\u00a0m\u00e1y l\u1ea1nh LG 18000BTU ch\u00ednh l\u00e0 m\u1ed9t s\u1ef1 l\u1ef1a ch\u1ecdn ph\u00f9 h\u1ee3p.<\/p>\n<p><img class=\"lazy\" src=\"https:\/\/cdn.mediamart.vn\/Upload\/download\/2018-2-News\/NFnmMLrf530f0x7.jpg\" data-original=\"https:\/\/cdn.mediamart.vn\/Upload\/download\/2018-2-News\/NFnmMLrf530f0x7.jpg\" \/><\/p>\n<h3>M\u00e1y l\u1ea1nh si\u00eau ti\u1ebft ki\u1ec7m \u0111i\u1ec7n n\u0103ng nh\u1edd t\u00ednh n\u0103ng t\u00f9y ch\u1ec9nh m\u1ee9c \u0111i\u1ec7n ti\u00eau th\u1ee5<\/h3>\n<p>B\u00ean c\u1ea1nh c\u00f4ng ngh\u1ec7\u00a0Dual\u00a0Inverter, chi\u1ebfc m\u00e1y l\u1ea1nh n\u00e0y c\u00f2n \u0111\u01b0\u1ee3c\u00a0LG\u00a0trang b\u1ecb\u00a0n\u00fat WATT Option\u00a0cho b\u1ea1n c\u00f3 th\u1ec3 t\u00f9y\u00a0ch\u1ec9nh 4 m\u1ee9c \u0111i\u1ec7n n\u0103ng ti\u00eau th\u1ee5 (100%, 80%, 60%, 40%.) t\u00f9y theo nhu c\u1ea7u s\u1eed d\u1ee5ng, gi\u00fap ti\u1ebft ki\u1ec7m \u0111\u00e1ng k\u1ec3 chi ph\u00ed \u0111i\u1ec7n h\u1eb1ng th\u00e1ng cho gia \u0111\u00ecnh.<\/p>\n<p><img class=\"lazy\" src=\"https:\/\/cdn.mediamart.vn\/Upload\/download\/2018-2-News\/5fpq3OnQ3hR3ILa.jpg\" data-original=\"https:\/\/cdn.mediamart.vn\/Upload\/download\/2018-2-News\/5fpq3OnQ3hR3ILa.jpg\" \/><\/p>\n<h3>M\u1ecdi vi khu\u1ea9n c\u00f3 k\u00edch th\u01b0\u1edbc c\u1ef1c nh\u1ecf s\u1ebd b\u1ecb ti\u00eau di\u1ec7t ho\u00e0n to\u00e0n v\u1edbi t\u1ea5m vi l\u1ecdc b\u1ee5i hi\u1ec7n \u0111\u1ea1i<\/h3>\n<p>Gi\u1edd \u0111\u00e2y s\u1ee9c kh\u1ecfe c\u1ee7a c\u1ea3 gia \u0111\u00ecnh b\u1ea1n \u0111\u01b0\u1ee3c b\u1ea3o v\u1ec7 ho\u00e0n to\u00e0n kh\u1ecfi vi khu\u1ea9n, b\u1ee5i b\u1ea9n v\u00e0 c\u00e1c t\u00e1c nh\u00e2n g\u00e2y d\u1ecb \u1ee9ng c\u00f3 k\u00edch th\u01b0\u1edbc si\u00eau nh\u1ecf c\u00f3 trong kh\u00f4ng kh\u00ed nh\u1edd v\u00e0o\u00a0t\u1ea5m vi l\u1ecdc b\u1ee5i\u00a0hi\u1ec7n \u0111\u1ea1i c\u1ee7a\u00a0m\u00e1y l\u1ea1nh.<\/p>\n<p><img class=\"lazy\" src=\"https:\/\/cdn.mediamart.vn\/Upload\/download\/2018-2-News\/uxMrHpQuHxa84m0.jpg\" data-original=\"https:\/\/cdn.mediamart.vn\/Upload\/download\/2018-2-News\/uxMrHpQuHxa84m0.jpg\" \/><\/p>\n<h3>Ch\u1ebf \u0111\u1ed9 Jet Cool cho b\u1ea1n nhanh ch\u00f3ng \u0111\u01b0\u1ee3c t\u1eadn h\u01b0\u1edfng b\u1ea7u kh\u00f4ng kh\u00ed m\u00e1t l\u1ea1nh ch\u1ec9 trong t\u00edch t\u1eafc<\/h3>\n<p>Ch\u1ec9 v\u1edbi m\u1ed9t n\u00fat b\u1ea5m,\u00a0ch\u1ebf \u0111\u1ed9 Jet Cool\u00a0c\u1ee7a m\u00e1y l\u1ea1nh nhanh ch\u00f3ng l\u00e0m l\u1ea1nh c\u0103n ph\u00f2ng ch\u1ec9 trong v\u00f2ng 3 ph\u00fat \u0111\u1ed3ng h\u1ed3. B\u1ea1n kh\u00f4ng c\u00f2n ph\u1ea3i ch\u1edd \u0111\u1ee3i qu\u00e1 l\u00e2u \u0111\u1ec3 \u0111\u01b0\u1ee3c t\u1eadn h\u01b0\u1edfng b\u1ea7u kh\u00f4ng kh\u00ed m\u00e1t l\u1ea1nh, th\u01b0 gi\u00e3n n\u1eefa.<\/p>\n<p><img class=\"lazy\" src=\"https:\/\/cdn.mediamart.vn\/Upload\/download\/2018-2-News\/446vwgV8vpROEo3.jpg\" data-original=\"https:\/\/cdn.mediamart.vn\/Upload\/download\/2018-2-News\/446vwgV8vpROEo3.jpg\" \/><\/p>\n<h3>M\u00e1y l\u1ea1nh ph\u00f9 h\u1ee3p cho gia \u0111\u00ecnh c\u00f3 ng\u01b0\u1eddi l\u1edbn tu\u1ed5i v\u00e0 tr\u1ebb em nh\u1edd t\u00ednh n\u0103ng th\u1ed5i gi\u00f3 d\u1ec5 ch\u1ecbu<\/h3>\n<p>N\u1ebfu gia \u0111\u00ecnh b\u1ea1n c\u00f3 ng\u01b0\u1eddi l\u1edbn tu\u1ed5i ho\u1eb7c tr\u1ebb em, chi\u1ebfc\u00a0m\u00e1y l\u1ea1nh\u00a0v\u1edbi t\u00ednh n\u0103ng\u00a0th\u1ed5i gi\u00f3 d\u1ec5 ch\u1ecbu\u00a0s\u1ebd l\u00e0 m\u1ed9t s\u1ef1 l\u1ef1a ch\u1ecdn \u0111\u00e1ng c\u00e2n nh\u1eafc. V\u1edbi t\u00ednh n\u0103ng n\u00e0y, lu\u1ed3ng gi\u00f3 l\u1ea1nh s\u1ebd kh\u00f4ng th\u1ed5i tr\u1ef1c ti\u1ebfp v\u00e0o ng\u01b0\u1eddi, tr\u00e1nh nguy c\u01a1 g\u00e2y c\u1ea3m l\u1ea1nh.<\/p>\n<p><img class=\"lazy\" src=\"https:\/\/cdn.mediamart.vn\/Upload\/download\/2018-2-News\/449z7xZJP11o89a.jpg\" data-original=\"https:\/\/cdn.mediamart.vn\/Upload\/download\/2018-2-News\/449z7xZJP11o89a.jpg\" \/><\/p>\n<h3>Kh\u00f4ng kh\u00ed trong ph\u00f2ng lu\u00f4n \u0111\u01b0\u1ee3c kh\u00f4 tho\u00e1ng, d\u1ec5 ch\u1ecbu v\u1edbi ch\u1ebf \u0111\u1ed9 l\u00e0m kh\u00f4 c\u1ee7a m\u00e1y<\/h3>\n<p>V\u00e0o nh\u1eefng ng\u00e0y m\u01b0a, kh\u00f4ng kh\u00ed trong ph\u00f2ng tr\u1edf n\u00ean \u1ea9m th\u1ea5p v\u00e0 kh\u00f3 ch\u1ecbu. Tuy nhi\u00ean, v\u1edbi\u00a0ch\u1ebf \u0111\u1ed9 l\u00e0m kh\u00f4\u00a0c\u1ee7a m\u00e1y l\u1ea1nh LG\u00a0V18ENF kh\u00f4ng kh\u00ed trong ph\u00f2ng s\u1ebd gi\u1eef l\u1ea1i 60% \u0111\u1ed9 \u1ea9m v\u00e0 lu\u00f4n \u0111\u01b0\u1ee3c kh\u00f4 tho\u00e1ng, mang \u0111\u1ebfn cho b\u1ea1n c\u1ea3m gi\u00e1c d\u1ec5 ch\u1ecbu h\u01a1n.<\/p>\n<p><img class=\"lazy\" src=\"https:\/\/cdn.mediamart.vn\/Upload\/download\/2018-2-News\/E8YjAF9aXtwB9g2.jpg\" data-original=\"https:\/\/cdn.mediamart.vn\/Upload\/download\/2018-2-News\/E8YjAF9aXtwB9g2.jpg\" \/><\/p>\n<\/div>\n","protected":false},"excerpt":{"rendered":"<ul class=\"l pr-des-featured\">\n<li>\u0110i\u1ec1u h\u00f2a LG inverter V18ENF<\/li>\n<li>1 chi\u1ec1u &#8211; 18.000BTU (2HP) &#8211; Gas R32<\/li>\n<li>Ti\u1ebft ki\u1ec7m \u0111i\u1ec7n, l\u00e0m l\u1ea1nh nhanh<\/li>\n<li>Ch\u0103m s\u00f3c s\u1ee9c kh\u1ecfe to\u00e0n di\u1ec7n<\/li>\n<li>Xu\u1ea5t x\u1ee9: Ch\u00ednh h\u00e3ng Th\u00e1i Lan<\/li>\n<li>B\u1ea3o h\u00e0nh: M\u00e1y 2 n\u0103m, m\u00e1y n\u00e9n 10 n\u0103m<\/li>\n<\/ul>\n","protected":false},"featured_media":1453,"comment_status":"open","ping_status":"closed","template":"","meta":[],"_links":{"self":[{"href":"http:\/\/maudep.com.vn\/chuyengiadienmay\/index.php?rest_route=\/wp\/v2\/product\/1456"}],"collection":[{"href":"http:\/\/maudep.com.vn\/chuyengiadienmay\/index.php?rest_route=\/wp\/v2\/product"}],"about":[{"href":"http:\/\/maudep.com.vn\/chuyengiadienmay\/index.php?rest_route=\/wp\/v2\/types\/product"}],"replies":[{"embeddable":true,"href":"http:\/\/maudep.com.vn\/chuyengiadienmay\/index.php?rest_route=%2Fwp%2Fv2%2Fcomments&post=1456"}],"wp:featuredmedia":[{"embeddable":true,"href":"http:\/\/maudep.com.vn\/chuyengiadienmay\/index.php?rest_route=\/wp\/v2\/media\/1453"}],"wp:attachment":[{"href":"http:\/\/maudep.com.vn\/chuyengiadienmay\/index.php?rest_route=%2Fwp%2Fv2%2Fmedia&parent=1456"}],"curies":[{"name":"wp","href":"https:\/\/api.w.org\/{rel}","templated":true}]}}