{"id":1469,"date":"2018-12-21T15:09:39","date_gmt":"2018-12-21T08:09:39","guid":{"rendered":"http:\/\/maudep.com.vn\/chuyengiadienmay\/?post_type=product&#038;p=1469"},"modified":"2019-05-30T14:01:04","modified_gmt":"2019-05-30T07:01:04","slug":"dieu-hoa-lg-9-000btu-1-chieu-v10enw","status":"publish","type":"product","link":"http:\/\/maudep.com.vn\/chuyengiadienmay\/?product=dieu-hoa-lg-9-000btu-1-chieu-v10enw","title":{"rendered":"\u0110i\u1ec1u h\u00f2a LG 1 chi\u1ec1u 9.000BTU inverter V10ENW"},"content":{"rendered":"<h3 class=\"pd-news-title\">\u0110i\u1ec1u h\u00f2a 1 chi\u1ec1u Inverter LG V10ENW 9.200BTU Dual Cool<\/h3>\n<h3>Thi\u1ebft k\u1ebf b\u0103\u0301t m\u0103\u0301t, sang tr\u1ecdng<\/h3>\n<p>\u0110i\u1ec1u h\u00f2a 1 chi\u1ec1u Inverter LG V10ENW v\u1edbi s\u1eafc tr\u1eafng trung ti\u0301nh, k\u1ebft h\u1ee3p v\u1edbi d\u1ea1ng ch\u1eef nh\u1eadt mang c\u1ea3m gi\u00e1c c\u1ee9ng c\u00e1p v\u00e0 ch\u1eafc ch\u1eafn. C\u00f3 thi\u1ebft k\u1ebf \u0111\u1eb9p tinh t\u1ebf v\u1edbi c\u00e1c \u0111\u01b0\u1eddng cong 2 b\u00ean h\u00f4ng m\u00e1y, trang b\u1ecb mi\u1ec7ng h\u00fat kh\u00ed \u0111\u1eb7c bi\u1ec7t gi\u00fap lu\u1ed3ng kh\u00f4ng kh\u00ed \u0111\u01b0\u1ee3c h\u00fat v\u00e0o nhanh v\u00e0 nhi\u1ec1u h\u01a1n.<\/p>\n<h3>C\u00f4ng ngh\u1ec7 Dual Cool Inverter ti\u1ebft ki\u1ec7m \u0111i\u1ec7n<\/h3>\n<p>C\u00f4ng ngh\u1ec7\u00a0<strong>Dual Cool<\/strong>\u00a0Inverter tr\u00ean\u00a0<strong>\u0111i\u1ec1u h\u00f2a LG V10ENW<\/strong>\u00a0gi\u00fap m\u00e1y n\u00e9n thay \u0111\u1ed5i t\u1ed1c \u0111\u1ed9 \u0111\u1ec3 duy tr\u00ec nhi\u1ec7t \u0111\u1ed9 mong mu\u1ed1n m\u00e0 kh\u00f4ng c\u1ea7n b\u1eadt\/t\u1eaft li\u00ean t\u1ee5c nh\u01b0 c\u00e1c m\u00e1y l\u1ea1nh th\u00f4ng th\u01b0\u1eddng. Nh\u1edd \u0111\u00f3 gi\u00fap ti\u1ebft ki\u1ec7m \u0111i\u1ec7n \u0111\u00e1ng k\u1ec3 cho ng\u01b0\u1eddi d\u00f9ng. Ngo\u00e0i ra, c\u00f4ng ngh\u1ec7 Inverter c\u00f2n gi\u00fap m\u00e1y n\u00e9n v\u1eadn h\u00e0nh \u1ed5n \u0111\u1ecbnh \u00eam \u00e1i, \u0111\u1ed9 b\u1ec1n l\u00e2u.<\/p>\n<p><img class=\"lazy\" src=\"https:\/\/cdn.mediamart.vn\/Upload\/download\/2018-3-News\/Flii43mb9e2GXzz.jpg\" data-original=\"https:\/\/cdn.mediamart.vn\/Upload\/download\/2018-3-News\/Flii43mb9e2GXzz.jpg\" \/><\/p>\n<h3>B\u1ea2O H\u00c0NH 10 N\u0102M M\u00c1Y N\u00c9N<\/h3>\n<p>V\u1edbi ch\u1ebf \u0111\u1ed9 b\u1ea3o h\u00e0nh 10 n\u0103m m\u00e1y n\u00e9n, b\u1ea1n c\u00f3 th\u1ec3 t\u1eadn h\u01b0\u1edfng nh\u1eefng l\u1ee3i \u00edch c\u1ee7a m\u00e1y \u0111i\u1ec1u h\u00f2a kh\u00f4ng kh\u00ed LG trong m\u1ed9t th\u1eddi gian d\u00e0i.<\/p>\n<h3>C\u00f4ng su\u1ea5t l\u00e0m l\u1ea1nh 1HP (9200BTU)<\/h3>\n<p>V\u1edbi c\u00f4ng su\u1ea5t l\u00e0m l\u1ea1nh 1HP(1 ng\u1ef1a), m\u00e1y la\u0323nh LG V10ENW r\u1ea5t ph\u00f9 h\u1ee3p v\u1edbi kh\u00f4ng gian ph\u00f2ng kh\u00e1ch, ph\u00f2ng l\u00e0m vi\u1ec7c, ph\u00f2ng ng\u1ee7 v\u1eeba v\u00e0 nh\u1ecf, di\u1ec7n t\u00edch t\u1eeb 15m2 tr\u1edf xu\u1ed1ng, mang l\u1ea1i nh\u1eefng lu\u1ed3ng kh\u00f4ng kh\u00ed m\u00e1t l\u1ea1nh cho b\u1ea1n v\u00e0 c\u1ea3 nh\u00e0 lu\u00f4n c\u1ea3m th\u1ea5y tho\u1ea3i m\u00e1i v\u00e0 d\u1ec5 ch\u1ecbu nh\u1ea5t.<\/p>\n<h3>L\u00c0M L\u1ea0NH NHANH<\/h3>\n<p>V\u1edbi kh\u1ea3 n\u0103ng l\u00e0m l\u1ea1nh nhanh \u0111\u1ebfn h\u01a1n 40% so v\u1edbi \u0111i\u1ec1u h\u00f2a th\u00f4ng th\u01b0\u1eddng kh\u00e1c nh\u1edd hi\u1ec7u su\u1ea5t m\u1ea1nh m\u1ebd c\u1ee7a m\u00e1y n\u00e9n k\u00e9p\u00a0<strong>DUAL INVERTER<\/strong>\u00a0\u0111\u01b0\u1ee3c t\u00edch h\u1ee3p 2 motor tr\u00ean\u00a0 tr\u00ean \u0111i\u1ec1u h\u00f2a LG th\u1ebf h\u1ec7 m\u1edbi, lu\u1ed3ng kh\u00ed l\u1ea1nh s\u1ebd nhanh ch\u00f3ng lan t\u1ecfa kh\u1eafp c\u0103n ph\u00f2ng, b\u1ea1n s\u1ebd tho\u1ea3i m\u00e1i t\u1eadn h\u01b0\u1edfng s\u1ef1 m\u00e1t l\u1ea1nh m\u00e0 kh\u00f4ng h\u1ec1 lo l\u1eafng \u0111\u1ebfn nhi\u1ec7t \u0111\u1ed9 ngo\u00e0i tr\u1eddi n\u00f3ng b\u1ee9c.<\/p>\n<p><img class=\"lazy\" src=\"https:\/\/cdn.mediamart.vn\/Upload\/download\/2018-3-News\/BVL6l3KwXLbXu68.jpg\" data-original=\"https:\/\/cdn.mediamart.vn\/Upload\/download\/2018-3-News\/BVL6l3KwXLbXu68.jpg\" \/><\/p>\n<h3>H\u01b0\u1edbng gi\u00f3 d\u1ec5 ch\u1ecbu<\/h3>\n<p>B\u1eadt m\u00e1y l\u1ea1nh trong khi ng\u1ee7 c\u00f3 th\u1ec3 g\u00e2y nh\u1eefng phi\u1ec1n to\u00e1i, kh\u00f3 ch\u1ecbu, h\u1ea1 th\u1ea5p th\u00e2n nhi\u1ec7t c\u01a1 th\u1ec3 \u0111\u1eb7c bi\u1ec7t khi lu\u1ed3ng gi\u00f3 th\u1ed5i tr\u1ef1c ti\u1ebfp v\u00e0o c\u01a1 th\u1ec3. Ch\u1ebf \u0111\u1ed9 h\u01b0\u1edbng gi\u00f3 d\u1ec5 ch\u1ecbu gi\u00fap b\u1ea1n tr\u00e1nh kh\u1ecfi nh\u1eefng phi\u1ec1n to\u00e1i n\u00e0y, \u0111em \u0111\u1ebfn cho b\u1ea1n gi\u1ea5c ng\u1ee7 th\u01b0 gi\u00e3n h\u01a1n.<\/p>\n<h3>Ch\u1ebf \u0111\u1ed9 v\u1eadn h\u00e0nh khi ng\u1ee7<\/h3>\n<p>Ch\u1ee9c n\u0103ng ng\u1ee7 ngon v\u00e0o ban \u0111\u00eam, gi\u00fap b\u1ea1n c\u00f3 m\u1ed9t gi\u1ea5c ng\u1ee7 th\u1eadt tho\u1ea3i m\u00e1i. Ch\u1ebf \u0111\u1ed9 ng\u1ee7 \u0111\u00eam s\u1ebd t\u1ef1 \u0111\u1ed9ng \u0111i\u1ec1u ch\u1ec9nh, c\u1ee9 30 ph\u00fat l\u1ea1i t\u0103ng l\u00ean 1 \u0111\u1ed9 C (t\u1ed1i \u0111a t\u0103ng 2 \u0111\u1ed9 C) \u0111\u1ec3 ph\u00f9 h\u1ee3p v\u1edbi th\u00e2n nhi\u1ec7t gi\u00fap b\u1ea1n kh\u00f4ng c\u1ea3m th\u1ea5y qu\u00e1 l\u1ea1nh v\u00e0o ban \u0111\u00eam g\u00e2y th\u1ee9c gi\u1ea5c, tr\u1ea3 l\u1ea1i m\u1ed9t gi\u1ea5c ng\u1ee7 th\u1eadt s\u00e2u, gi\u00fap s\u1ee9c kh\u1ecfe \u0111\u01b0\u1ee3c t\u1ed1t h\u01a1n, ch\u1ea5t l\u01b0\u1ee3ng l\u00e0m vi\u1ec7c v\u00e0o ng\u00e0y h\u00f4m sau c\u0169ng t\u1ed1t h\u01a1n.<\/p>\n<p><img class=\"lazy\" src=\"https:\/\/cdn.mediamart.vn\/Upload\/download\/2018-3-News\/gUM53q88Y6C3ouL.jpg\" data-original=\"https:\/\/cdn.mediamart.vn\/Upload\/download\/2018-3-News\/gUM53q88Y6C3ouL.jpg\" \/><\/p>\n<h3>D\u00e0n t\u1ea3n nhi\u1ec7t m\u1ea1 v\u00e0ng<\/h3>\n<p>L\u1edbp ph\u1ee7 \u0111\u1eb7c bi\u1ec7t m\u00e0u v\u00e0ng, b\u1ea3o v\u1ec7 b\u1ec1 m\u1eb7t d\u00e0n t\u1ea3n nhi\u1ec7t, h\u1ea1n ch\u1ebf qu\u00e1 tr\u00ecnh \u0103n m\u00f2n, n\u00e2ng cao tu\u1ed5i th\u1ecd s\u1ea3n ph\u1ea9m.<\/p>\n<p><img class=\"lazy\" src=\"https:\/\/cdn.mediamart.vn\/Upload\/download\/2018-3-News\/euAjlkLpMbbYHR3.jpg\" data-original=\"https:\/\/cdn.mediamart.vn\/Upload\/download\/2018-3-News\/euAjlkLpMbbYHR3.jpg\" \/><\/p>\n<h3>Ch\u1ee9c n\u0103ng t\u1ef1 l\u00e0m s\u1ea1ch<\/h3>\n<p>M\u00e1y l\u1ea1nh LG c\u00f3 ch\u1ee9c n\u0103ng t\u1ef1 \u0111\u1ed9ng hong kh\u00f4 d\u00e0n t\u1ea3n nhi\u1ec7t trong v\u00f2ng 30 ph\u00fat b\u1eb1ng qu\u1ea1t c\u1ee7a d\u00e0n l\u1ea1nh. Ch\u1ee9c n\u0103ng n\u00e0y gi\u00fap ng\u0103n ch\u1eb7n vi\u1ec7c h\u00ecnh th\u00e0nh c\u00e1c lo\u1ea1i n\u1ea5m m\u1ed1c, vi khu\u1ea9n v\u00e0 c\u00e1c m\u00f9i kh\u00f3 ch\u1ecbu b\u1eb1ng c\u00e1ch lo\u1ea1i b\u1ecf \u0111i m\u00f4i tr\u01b0\u1eddng \u1ea9m th\u1ea5p n\u01a1i m\u00e0 c\u00e1c t\u00e1c nh\u00e2n g\u00e2y h\u1ea1i c\u00f3 th\u1ec3 ph\u00e1t tri\u1ec3n g\u00e2y h\u1ea1i \u0111\u1ebfn s\u1ee9c kh\u1ecfe c\u1ee7a b\u1ea1n v\u00e0 c\u1ea3 gia \u0111\u00ecnh.<\/p>\n<h3>Gas R-32 th\u00e2n thi\u1ec7n v\u1edbi m\u00f4i tr\u01b0\u1eddng<\/h3>\n<p>Ma\u0301y la\u0323nh s\u1eed d\u1ee5ng Gas R-32 th\u00e2n thi\u1ec7n v\u1edbi m\u00f4i tr\u01b0\u1eddng a\u0301p su\u1ea5t cao, th\u00e2n thi\u1ec7n v\u1edbi m\u00f4i tr\u01b0\u1eddng, h\u1ea1n ch\u1ebf t\u00e1c \u0111\u1ed9ng t\u1edbi t\u1ea7ng ozon, ti\u1ebft ki\u1ec7m \u0111i\u1ec7n n\u0103ng, t\u0103ng c\u01b0\u1eddng kh\u1ea3 n\u0103ng l\u00e0m l\u1ea1nh s\u00e2u<\/p>\n<p>&nbsp;<\/p>\n<p>&nbsp;<\/p>\n","protected":false},"excerpt":{"rendered":"<ul class=\"l pr-des-featured\">\n<li>\u0110i\u1ec1u h\u00f2a LG inverter V10ENW<\/li>\n<li>1 chi\u1ec1u &#8211; 9000BTU (1HP) &#8211; Gas R32<\/li>\n<li>Ti\u1ebft ki\u1ec7m \u0111i\u1ec7n, l\u00e0m l\u1ea1nh nhanh<\/li>\n<li>DI\u1ec7t khu\u1ea9n, kh\u1eed m\u00f9i hi\u1ec7u qu\u1ea3<\/li>\n<li>Xu\u1ea5t x\u1ee9: Ch\u00ednh h\u00e3ng Th\u00e1i Lan<\/li>\n<li>B\u1ea3o h\u00e0nh: M\u00e1y 2 n\u0103m, m\u00e1y n\u00e9n 10 n\u0103m<\/li>\n<\/ul>\n","protected":false},"featured_media":1453,"comment_status":"open","ping_status":"closed","template":"","meta":[],"_links":{"self":[{"href":"http:\/\/maudep.com.vn\/chuyengiadienmay\/index.php?rest_route=\/wp\/v2\/product\/1469"}],"collection":[{"href":"http:\/\/maudep.com.vn\/chuyengiadienmay\/index.php?rest_route=\/wp\/v2\/product"}],"about":[{"href":"http:\/\/maudep.com.vn\/chuyengiadienmay\/index.php?rest_route=\/wp\/v2\/types\/product"}],"replies":[{"embeddable":true,"href":"http:\/\/maudep.com.vn\/chuyengiadienmay\/index.php?rest_route=%2Fwp%2Fv2%2Fcomments&post=1469"}],"wp:featuredmedia":[{"embeddable":true,"href":"http:\/\/maudep.com.vn\/chuyengiadienmay\/index.php?rest_route=\/wp\/v2\/media\/1453"}],"wp:attachment":[{"href":"http:\/\/maudep.com.vn\/chuyengiadienmay\/index.php?rest_route=%2Fwp%2Fv2%2Fmedia&parent=1469"}],"curies":[{"name":"wp","href":"https:\/\/api.w.org\/{rel}","templated":true}]}}