{"id":1471,"date":"2018-12-21T15:18:01","date_gmt":"2018-12-21T08:18:01","guid":{"rendered":"http:\/\/maudep.com.vn\/chuyengiadienmay\/?post_type=product&#038;p=1471"},"modified":"2019-06-03T14:27:18","modified_gmt":"2019-06-03T07:27:18","slug":"dieu-hoa-gree-1-chieu-9-000btu-gwc09qb","status":"publish","type":"product","link":"http:\/\/maudep.com.vn\/chuyengiadienmay\/?product=dieu-hoa-gree-1-chieu-9-000btu-gwc09qb","title":{"rendered":"\u0110i\u1ec1u h\u00f2a Gree 1 chi\u1ec1u 9.000BTU GWC09QB"},"content":{"rendered":"<h3 class=\"pd-news-title\">\u0110i\u1ec1u h\u00f2a 1 chi\u1ec1u Gree GWC09QB-K3NNC2H &#8211; 9000BTU<\/h3>\n<div class=\"pd-news-content\">\n<p><strong>&#8211; Ch\u1ebf \u0111\u1ed9 Tubor:<\/strong>\u00a0L\u00e0m l\u1ea1nh c\u1ef1c nhanh trong v\u00f2ng 3 ph\u00fat<\/p>\n<p><img class=\"lazy aligncenter\" src=\"https:\/\/cdn.mediamart.vn\/Upload\/download\/2018-3-News\/U0j4PkqrtS7h2M9.jpg\" data-original=\"https:\/\/cdn.mediamart.vn\/Upload\/download\/2018-3-News\/U0j4PkqrtS7h2M9.jpg\" \/><\/p>\n<p><strong>-S\u1eed d\u1ee5ng gas:<\/strong>\u00a0R410A cho hi\u1ec7u su\u1ea5t l\u1ea1nh cao v\u00e0 b\u1ea3o v\u1ec7 m\u1ed9i tr\u01b0\u1eddng<\/p>\n<p><img class=\"lazy\" src=\"https:\/\/cdn.mediamart.vn\/Upload\/download\/2018-3-News\/rX5643LwQV9CJ6c.jpg\" data-original=\"https:\/\/cdn.mediamart.vn\/Upload\/download\/2018-3-News\/rX5643LwQV9CJ6c.jpg\" \/><\/p>\n<p><strong>-IFEED:<\/strong>\u00a0Gi\u00fap \u0111i\u1ec1u ch\u1ec9nh nhi\u1ec7t \u0111\u1ed9 ph\u00f2ng ph\u00f9 h\u1ee3p v\u1edbi th\u00e2n nhi\u1ec7t ng\u01b0\u1eddi d\u00f9ng th\u00f4ng qua c\u1ea3m bi\u1ebfn tr\u00ean Remote<\/p>\n<p><img class=\"lazy aligncenter\" src=\"https:\/\/cdn.mediamart.vn\/Upload\/download\/2018-3-News\/tC27lrXUf098cQC.jpg\" data-original=\"https:\/\/cdn.mediamart.vn\/Upload\/download\/2018-3-News\/tC27lrXUf098cQC.jpg\" \/><\/p>\n<p><strong>-M\u00e0ng l\u1ecdc s\u1ee9c kh\u1ecfe b\u1ea3o m\u1eadt cao:<\/strong>\u00a0Gi\u00fap ng\u0103n ng\u1eeba hi\u1ec7u qu\u1ea3 c\u00e1c b\u1ee5i nh\u1ecf mang \u0111\u1ebfn cho b\u1ea1n l\u00e0n gi\u00f3 t\u1ef1 nhi\u00ean<\/p>\n<p><img class=\"lazy aligncenter\" src=\"https:\/\/cdn.mediamart.vn\/Upload\/download\/2018-3-News\/1fE0z7413s0EY76.jpg\" data-original=\"https:\/\/cdn.mediamart.vn\/Upload\/download\/2018-3-News\/1fE0z7413s0EY76.jpg\" \/><\/p>\n<p><strong>-T\u1ef1 hi\u1ec3n th\u1ecb b\u00e1o l\u1ed7i:<\/strong>\u00a0Gi\u00fap d\u1ec5 d\u00e0ng s\u1eeda ch\u1eefa v\u00e0o b\u1ea3o d\u01b0\u1ee1ng<\/p>\n<p><img class=\"lazy aligncenter\" src=\"https:\/\/cdn.mediamart.vn\/Upload\/download\/2018-3-News\/srC1RwU3M4Rf1R7.jpg\" data-original=\"https:\/\/cdn.mediamart.vn\/Upload\/download\/2018-3-News\/srC1RwU3M4Rf1R7.jpg\" \/><\/p>\n<p><strong>-Ch\u1ebf \u0111\u1ed9 auto t\u1ef1 l\u00e0m s\u1ea1ch:<\/strong>\u00a0Sau khi t\u1eaft b\u1eb1n remote \u0111i\u1ec1u h\u00f2a v\u1eabn th\u1ed5i 2 ph\u00fat \u0111\u1ec3\u00a0l\u00e0m kh\u00f4 gi\u00e0n l\u1ea1nh gi\u00fap ph\u00f2ng th\u00f4ng tho\u00e1ng h\u01a1n ng\u0103n ng\u1eeba c\u00e1c lo\u1ea1i vi khu\u1ea9n<\/p>\n<p><img class=\"lazy aligncenter\" src=\"https:\/\/cdn.mediamart.vn\/Upload\/download\/2018-3-News\/2srS6v3xk8AQ4Xa.jpg\" data-original=\"https:\/\/cdn.mediamart.vn\/Upload\/download\/2018-3-News\/2srS6v3xk8AQ4Xa.jpg\" \/><\/p>\n<p>-Ch\u1ebf \u0111\u1ed9 kh\u1eed \u1ea9m v\u00f4 c\u00f9ng hi\u1ec7u qu\u1ea3<\/p>\n<p>&#8211; T\u1ef1 \u0111\u1ed9ng kh\u1edfi \u0111\u00f4ng l\u1ea1i khi m\u1ea5t \u0111i\u1ec7n<\/p>\n<p>-Ch\u1ebf \u0111\u1ed9 ch\u1edd ch\u1ec9 m\u1ea5t c\u00f3 0.5W v\u00f4 c\u00f9ng ti\u1ebfp ki\u1ec7m \u0111i\u1ec7n<\/p>\n<\/div>\n<p>&nbsp;<\/p>\n","protected":false},"excerpt":{"rendered":"<ul class=\"l pr-des-featured\">\n<li>\u0110i\u1ec1u h\u00f2a Gree 1 chi\u1ec1u 9.000BTU<\/li>\n<li>\u0110i\u1ec1u h\u00f2a Gree d\u00f2ng Lomo cao c\u1ea5p<\/li>\n<li>L\u00e0m l\u1ea1nh nhanh, di\u1ec7t khu\u1ea9n hi\u1ec7u qu\u1ea3 98%<\/li>\n<li>Di\u1ec7n t\u00edch l\u1eafp \u0111\u1eb7t &lt; 15m2<\/li>\n<li>Xu\u1ea5t x\u1ee9: Ch\u00ednh h\u00e3ng Trung Qu\u1ed1c<\/li>\n<li>B\u1ea3o h\u00e0nh: Ch\u00ednh h\u00e3ng 36 th\u00e1ng, m\u00e1y n\u00e9n 5 n\u0103m<\/li>\n<\/ul>\n","protected":false},"featured_media":1473,"comment_status":"open","ping_status":"closed","template":"","meta":[],"_links":{"self":[{"href":"http:\/\/maudep.com.vn\/chuyengiadienmay\/index.php?rest_route=\/wp\/v2\/product\/1471"}],"collection":[{"href":"http:\/\/maudep.com.vn\/chuyengiadienmay\/index.php?rest_route=\/wp\/v2\/product"}],"about":[{"href":"http:\/\/maudep.com.vn\/chuyengiadienmay\/index.php?rest_route=\/wp\/v2\/types\/product"}],"replies":[{"embeddable":true,"href":"http:\/\/maudep.com.vn\/chuyengiadienmay\/index.php?rest_route=%2Fwp%2Fv2%2Fcomments&post=1471"}],"wp:featuredmedia":[{"embeddable":true,"href":"http:\/\/maudep.com.vn\/chuyengiadienmay\/index.php?rest_route=\/wp\/v2\/media\/1473"}],"wp:attachment":[{"href":"http:\/\/maudep.com.vn\/chuyengiadienmay\/index.php?rest_route=%2Fwp%2Fv2%2Fmedia&parent=1471"}],"curies":[{"name":"wp","href":"https:\/\/api.w.org\/{rel}","templated":true}]}}