{"id":1474,"date":"2018-12-21T15:23:18","date_gmt":"2018-12-21T08:23:18","guid":{"rendered":"http:\/\/maudep.com.vn\/chuyengiadienmay\/?post_type=product&#038;p=1474"},"modified":"2019-06-03T14:28:18","modified_gmt":"2019-06-03T07:28:18","slug":"dieu-hoa-gree-1-chieu-12-000btu-gwc12qc","status":"publish","type":"product","link":"http:\/\/maudep.com.vn\/chuyengiadienmay\/?product=dieu-hoa-gree-1-chieu-12-000btu-gwc12qc","title":{"rendered":"\u0110i\u1ec1u h\u00f2a Gree 1 chi\u1ec1u 12.000BTU GWC12QC"},"content":{"rendered":"<h3 class=\"pd-news-title\">\u0110i\u1ec1u h\u00f2a 1 chi\u1ec1u Gree GWC12QC-K3NNB2H &#8211; 12.000BTU<\/h3>\n<div class=\"pd-news-content\">\n<p><strong>H\u00fat \u1ea9m ,Kh\u1eed m\u00f9i b\u1ea3o v\u1ec7 s\u1ee9c kh\u1ecfe gia \u0111\u00ecnh b\u1ea1n<\/strong><\/p>\n<p><img class=\"lazy\" src=\"https:\/\/cdn.mediamart.vn\/Upload\/images\/family-01.jpg\" data-original=\"https:\/\/cdn.mediamart.vn\/Upload\/images\/family-01.jpg\" \/><\/p>\n<p>V\u1edbi ch\u1ee9c n\u0103ng n\u00e0y, kh\u00f4ng c\u00f2n m\u00f9i kh\u00f3 ch\u1ecbu sau khi kh\u1edfi \u0111\u1ed9ng m\u00e1y. \u0110i\u1ec1u n\u00e0y c\u00f3 \u0111\u01b0\u1ee3c do qu\u1ea1t gi\u00f3 t\u1ea1m ng\u01b0ng ho\u1ea1t \u0111\u1ed9ng trong th\u1eddi gian m\u00f9i kh\u00f3 ch\u1ecbu \u0111\u01b0\u1ee3c x\u1eed l\u00fd. (M\u00e1y \u0111i\u1ec1u h\u00f2a ph\u1ea3i \u1edf ch\u1ebf \u0111\u1ed9 l\u00e0m l\u1ea1nh ho\u1eb7c kh\u1eed \u1ea9m, v\u00e0 t\u1ed1c \u0111\u1ed9 qu\u1ea1t \u1edf ch\u1ebf \u0111\u1ed9 t\u1ef1 \u0111\u1ed9ng).<\/p>\n<p><strong>L\u1ecdc kh\u00f4ng kh\u00ed, T\u1ef1 \u0111\u1ed9ng l\u00e0m s\u1ea1ch<\/strong><\/p>\n<p><strong><img class=\"lazy\" src=\"https:\/\/cdn.mediamart.vn\/Upload\/images\/neutral-01.jpg\" data-original=\"https:\/\/cdn.mediamart.vn\/Upload\/images\/neutral-01.jpg\" \/><\/strong><\/p>\n<p>Ch\u1ebf \u0111\u1ed9 t\u1ef1 \u0111\u1ed9ng l\u00e0m s\u1ea1ch v\u00e0 hong kh\u00f4 d\u00e0n trao \u0111\u1ed5i nhi\u1ec7t \u0111\u1ec3 ng\u0103n ch\u1eb7n c\u00e1c lo\u1ea1i n\u1ea5m m\u1ed1c v\u00e0 vi khu\u1ea9n ph\u00e1t tri\u1ec3n.<\/p>\n<p><strong>Jet cool l\u00e0m l\u1ea1nh si\u00eau nhanh<\/strong><\/p>\n<p><img class=\"lazy\" src=\"https:\/\/cdn.mediamart.vn\/Upload\/images\/lg-jet-cool.jpg\" data-original=\"https:\/\/cdn.mediamart.vn\/Upload\/images\/lg-jet-cool.jpg\" \/><\/p>\n<p>Trong 3 ph\u00fat ch\u1ebf \u0111\u1ed9 Jet cool c\u00f3 th\u1ec3 l\u00e0m l\u1ea1nh t\u1eeb 35 \u0111\u1ed9 C xu\u1ed1ng 26 \u0111\u1ed9 C \u1edf kho\u1ea3ng c\u00e1ch 10m.<\/p>\n<p><strong>Ch\u1ed1ng \u0103n m\u00f2n<\/strong><\/p>\n<p>D\u00e0n n\u00f3ng c\u1ee7a m\u00e1y l\u1ea1nh\u00a0c\u00f3 c\u00e1c c\u00e1nh t\u1ea3n nhi\u1ec7t \u0111\u01b0\u1ee3c ph\u1ee7 l\u1edbp ch\u1ed1ng \u0103n m\u00f2n \u0111\u1eb7c bi\u1ec7t. B\u1ec1 m\u1eb7t l\u00e0 l\u1edbp nh\u1ef1a Acrylic t\u0103ng c\u01b0\u1eddng kh\u1ea3 n\u0103ng ch\u1ed1ng l\u1ea1i m\u01b0a axit v\u00e0 h\u01a1i mu\u1ed1i gi\u00fap \u0111\u1ea3m b\u1ea3o t\u00ednh b\u1ec1n cho s\u1ea3n ph\u1ea9m v\u00e0 r\u1ea5t ph\u00f9 h\u1ee3p cho c\u00e1c ng\u00f4i nh\u00e0 v\u00f9ng bi\u1ec3n.<\/p>\n<p><strong>T\u1ef1 \u0111\u1ed9ng \u0111\u1ea3o gi\u00f3<\/strong><\/p>\n<p><strong><img class=\"lazy\" src=\"https:\/\/cdn.mediamart.vn\/Upload\/images\/lam-lanh-nhanh.jpg\" data-original=\"https:\/\/cdn.mediamart.vn\/Upload\/images\/lam-lanh-nhanh.jpg\" \/><\/strong><\/p>\n<p>\u0110i\u1ec1u ch\u1ec9nh \u0111\u1ed9 m\u1edf cho gi\u00f3 ra m\u1ed9t c\u00e1ch t\u1ef1 \u0111\u1ed9ng v\u00e0 s\u1edf h\u1eefu ch\u1ebf \u0111\u1ed9 ho\u1ea1t \u0111\u1ed9ng \u00eam \u00e1i, nh\u1eb9 nh\u00e0ng cho h\u01a1i l\u1ea1nh tr\u1ea3i \u0111\u1ec1u.<\/p>\n<p><strong>Ch\u1ebf \u0111\u1ed9 v\u1eadn h\u00e0nh khi ng\u1ee7<\/strong><\/p>\n<p><strong><img class=\"lazy\" src=\"https:\/\/cdn.mediamart.vn\/Upload\/images\/sleep-01.jpg\" data-original=\"https:\/\/cdn.mediamart.vn\/Upload\/images\/sleep-01.jpg\" \/><\/strong><\/p>\n<p>Nhi\u1ec7t \u0111\u1ed9 ph\u00f2ng \u0111\u01b0\u1ee3c t\u1ef1 \u0111\u1ed9ng \u0111i\u1ec1u khi\u1ec3n trong th\u1eddi gian \u0111\u1eb7t ch\u1ebf \u0111\u1ed9 ng\u1ee7 (sleep) \u0111\u1ec3 \u0111\u1ea3m b\u1ea3o nhi\u1ec7t \u0111\u1ed9 ph\u00f2ng kh\u00f4ng tr\u1edf n\u00ean qu\u00e1 l\u1ea1nh ho\u1eb7c qu\u00e1 n\u00f3ng.<\/p>\n<p><strong>Ho\u1ea1t \u0111\u1ed9ng \u00eam \u00e1i<\/strong><\/p>\n<p><strong><img class=\"lazy\" src=\"https:\/\/cdn.mediamart.vn\/Upload\/images\/hoat-dong-em-ai.jpg\" data-original=\"https:\/\/cdn.mediamart.vn\/Upload\/images\/hoat-dong-em-ai.jpg\" \/><\/strong><\/p>\n<p>V\u1edbi ch\u1ec9 s\u1ed1 hi\u1ec7u qu\u1ea3 n\u0103ng l\u01b0\u1ee3ng COP t\u1eeb 3.2 tr\u1edf l\u00ean,\u00a0 m\u00e1y l\u1ea1nh Gree r\u1ea5t hi\u1ec7u qu\u1ea3 trong qu\u00e1 tr\u00ecnh s\u1eed d\u1ee5ng l\u00e2u d\u00e0i. Ngo\u00e0i ra, c\u1ea3 d\u00e0n n\u00f3ng, l\u1ea1nh \u0111\u1ec1u ch\u1ea1y r\u1ea5t \u00eam, kh\u00f4ng g\u00e2y ti\u1ebfng \u1ed3n \u1ea3nh h\u01b0\u1edfng \u0111\u1ebfn nh\u1eefng ng\u01b0\u1eddi xung quanh.<\/p>\n<p><strong>T\u1ef1 kh\u1edfi \u0111\u1ed9ng khi c\u00f3 \u0111i\u1ec7n l\u1ea1i<\/strong><\/p>\n<p>Trong tr\u01b0\u1eddng h\u1ee3p m\u1ea5t \u0111i\u1ec7n \u0111\u1ed9t ng\u1ed9t v\u00e0 khi c\u00f3 \u0111i\u1ec7n tr\u1edf l\u1ea1i, m\u00e1y l\u1ea1nh Gree GWBA-09C s\u1ebd t\u1ef1 \u0111\u1ed9ng c\u00e0i \u0111\u1eb7t v\u00e0 gi\u1eef nguy\u00ean c\u00e1c ch\u1ebf \u0111\u1ed9 nh\u01b0 th\u1eddi \u0111i\u1ec3m tr\u01b0\u1edbc khi m\u1ea5t \u0111i\u1ec7n.<\/p>\n<p><strong>Ch\u1ea9n \u0111o\u00e1n m\u00e3 l\u1ed7i<\/strong><\/p>\n<p>Trong tr\u01b0\u1eddng h\u1ee3p m\u00e1y c\u00f3 s\u1ef1 c\u1ed1, nh\u1edd v\u1ecb x\u1eed l\u00fd ch\u1ea9n \u0111o\u00e1n m\u00e3 l\u1ed7i gi\u00fap cho vi\u1ec7c kh\u1eafc ph\u1ee5c l\u1ed7i v\u00e0 b\u1ea3o tr\u00ec nhanh ch\u00f3ng.<\/p>\n<\/div>\n","protected":false},"excerpt":{"rendered":"<ul class=\"l pr-des-featured\">\n<li>\u0110i\u1ec1u h\u00f2a Gree 1 chi\u1ec1u 12.000BTU<\/li>\n<li>D\u00f2ng Lomo cao c\u1ea5p sang tr\u1ecdng<\/li>\n<li>Thi\u1ebft k\u1ebf \u0111\u1eb9p, l\u00e0m l\u1ea1nh nhanh<\/li>\n<li>Di\u1ec7n t\u00edch l\u1eafp \u0111\u1eb7t &lt; 20m2<\/li>\n<li>Xu\u1ea5t x\u1ee9: Ch\u00ednh h\u00e3ng Trung Qu\u1ed1c<\/li>\n<li>B\u1ea3o h\u00e0nh: Ch\u00ednh h\u00e3ng 36 th\u00e1ng, m\u00e1y n\u00e9n 5 n\u0103m<\/li>\n<\/ul>\n","protected":false},"featured_media":1473,"comment_status":"open","ping_status":"closed","template":"","meta":[],"_links":{"self":[{"href":"http:\/\/maudep.com.vn\/chuyengiadienmay\/index.php?rest_route=\/wp\/v2\/product\/1474"}],"collection":[{"href":"http:\/\/maudep.com.vn\/chuyengiadienmay\/index.php?rest_route=\/wp\/v2\/product"}],"about":[{"href":"http:\/\/maudep.com.vn\/chuyengiadienmay\/index.php?rest_route=\/wp\/v2\/types\/product"}],"replies":[{"embeddable":true,"href":"http:\/\/maudep.com.vn\/chuyengiadienmay\/index.php?rest_route=%2Fwp%2Fv2%2Fcomments&post=1474"}],"wp:featuredmedia":[{"embeddable":true,"href":"http:\/\/maudep.com.vn\/chuyengiadienmay\/index.php?rest_route=\/wp\/v2\/media\/1473"}],"wp:attachment":[{"href":"http:\/\/maudep.com.vn\/chuyengiadienmay\/index.php?rest_route=%2Fwp%2Fv2%2Fmedia&parent=1474"}],"curies":[{"name":"wp","href":"https:\/\/api.w.org\/{rel}","templated":true}]}}