{"id":1478,"date":"2018-12-21T15:34:34","date_gmt":"2018-12-21T08:34:34","guid":{"rendered":"http:\/\/maudep.com.vn\/chuyengiadienmay\/?post_type=product&#038;p=1478"},"modified":"2019-06-03T14:29:57","modified_gmt":"2019-06-03T07:29:57","slug":"dieu-hoa-gree-1-chieu-24-000btu-gwc24qe","status":"publish","type":"product","link":"http:\/\/maudep.com.vn\/chuyengiadienmay\/?product=dieu-hoa-gree-1-chieu-24-000btu-gwc24qe","title":{"rendered":"\u0110i\u1ec1u h\u00f2a Gree 1 chi\u1ec1u 24.000BTU GWC24QE"},"content":{"rendered":"<h2><strong>\u0110i\u1ec1u h\u00f2a Gree 1 chi\u1ec1u\u00a0 GWC24QE-E3NNC2A<\/strong><\/h2>\n<p>\u0110i\u1ec1u h\u00f2a Gree 1 chi\u1ec1u cao c\u1ea5p GWC24QE-K1NNA1C\u00a0v\u1edbi thi\u1ebft k\u1ebf g\u1ecdn nh\u1eb9. Ch\u1ebf \u0111\u1ed9 l\u1ea1nh nhanh Turbo. G\u00f3c gi\u00f3 th\u1ed5i r\u1ed9ng. \u0110\u1ea3o gi\u00f3 theo g\u00f3c c\u1ed1 \u0111\u1ecbnh. Hi\u1ec3n th\u1ecb gi\u1edd b\u1eadt t\u1eaft. T\u1ef1 \u0111\u1ed9ng hi\u1ec3n th\u1ecb l\u1ed7i. T\u1ef1 \u0111\u1ed9ng l\u00e0m s\u1ea1ch. T\u1ef1 kh\u1edfi \u0111\u1ed9ng l\u1ea1i khi c\u00f3 \u0111i\u1ec7n.<\/p>\n<p><img src=\"https:\/\/hc.com.vn\/media\/wysiwyg\/huynq\/dieu-hoa\/gree\/Dieu-hoa-Gree-1-chieu-cao-cap-GWC24QE-K1NNA1C.jpg\" alt=\"Dieu-hoa-Gree-1-chieu-cao-cap-GWC24QE-K1NNA1C\" \/><\/p>\n<p><strong>T\u00cdNH N\u0102NG N\u1ed4I B\u1eacT<\/strong><\/p>\n<p>&#8211; M\u00e0n h\u00ecnh hi\u1ec3n th\u1ecb LED: sang tr\u1ecdng v\u00e0 ti\u1ebft ki\u1ec7m \u0111i\u1ec7n.<\/p>\n<p>&#8211; Thi\u1ebft k\u1ebf nh\u1ecf g\u1ecdn: thi\u1ebft k\u1ebf c\u1ee7a \u0111i\u1ec1u h\u00f2a GREE nh\u1ecf g\u1ecdn v\u00e0 ti\u1ebft ki\u1ec7m kh\u00f4ng gian, mang l\u1ea1i cho n\u1ed9i th\u1ea5t v\u1ebb \u0111\u1eb9p thanh tho\u00e1t.<\/p>\n<p>&#8211; Hi\u1ec3n th\u1ecb gi\u1edd b\u1eadt t\u1eaft: B\u1ed9 vi x\u1eed l\u00fd trong m\u00e1y \u0111i\u1ec1u h\u00f2a kh\u00f4ng kh\u00ed GREE cho ph\u00e9p ng\u01b0\u1eddi s\u1eed d\u1ee5ng c\u00e0i \u0111\u1eb7t ch\u1ebf \u0111\u1ed9 h\u1eb9n gi\u1edd b\u1eadt t\u1eaft trong v\u00f2ng 24h.<\/p>\n<p>&#8211; Hi\u1ec3n th\u1ecb gi\u1edd tr\u00ean \u0111i\u1ec1u khi\u1ec3n: Th\u1eddi gian hi\u1ec7n t\u1ea1i s\u1ebd \u0111\u01b0\u1ee3c hi\u1ec3n th\u1ecb tr\u00ean m\u00e0n h\u00ecnh LED c\u1ee7a \u0111i\u1ec1u khi\u1ec3n t\u1eeb xa.<\/p>\n<p>&#8211; T\u1ef1 \u0111\u1ed9ng l\u00e0m s\u1ea1ch: qu\u1ea1t gi\u00f3 ti\u1ebfp t\u1ee5c ho\u1ea1t \u0111\u1ed9ng khi \u0111i\u1ec1u h\u00f2a ng\u1eebng v\u1eadn h\u00e0nh nh\u1eb1m ng\u0103n ng\u1eeba vi\u1ec7c sinh s\u1ea3n m\u00f9i v\u00e0 n\u1ea5m m\u1ed1c t\u1ea1i d\u00e0n l\u1ea1nh.<\/p>\n<p>&#8211; Cung c\u1ea5p gi\u00f3 3D: Lu\u1ed3ng gi\u00f3 th\u1ed5i theo nhi\u1ec1u h\u01b0\u1edbng v\u00e0 g\u00f3c \u0111\u1ed9 kh\u00e1c nhau, mang l\u1ea1i c\u1ea3m gi\u00e1c m\u00e1t l\u1ea1nh, d\u1ec5 ch\u1ecbu v\u00e0 s\u1ea3ng kho\u00e1i.<\/p>\n<p>&nbsp;<\/p>\n","protected":false},"excerpt":{"rendered":"<ul class=\"l pr-des-featured\">\n<li>\u0110i\u1ec1u h\u00f2a Gree 1 chi\u1ec1u 24.000BTU<\/li>\n<li>D\u00f2ng Lomo cao c\u1ea5p gi\u00e1 r\u1ebb<\/li>\n<li>H\u1ec7 th\u1ed1ng t\u1ea1o kh\u00ed Plasma, l\u00e0m l\u1ea1nh nhanh<\/li>\n<li>Di\u1ec7n t\u00edch l\u1eafp \u0111\u1eb7t &lt; 40m2<\/li>\n<li>Xu\u1ea5t x\u1ee9: Ch\u00ednh h\u00e3ng Trung Qu\u1ed1c<\/li>\n<li>B\u1ea3o h\u00e0nh: Ch\u00ednh h\u00e3ng 3 n\u0103m, m\u00e1y n\u00e9n 5 n\u0103m<\/li>\n<\/ul>\n","protected":false},"featured_media":1473,"comment_status":"open","ping_status":"closed","template":"","meta":[],"_links":{"self":[{"href":"http:\/\/maudep.com.vn\/chuyengiadienmay\/index.php?rest_route=\/wp\/v2\/product\/1478"}],"collection":[{"href":"http:\/\/maudep.com.vn\/chuyengiadienmay\/index.php?rest_route=\/wp\/v2\/product"}],"about":[{"href":"http:\/\/maudep.com.vn\/chuyengiadienmay\/index.php?rest_route=\/wp\/v2\/types\/product"}],"replies":[{"embeddable":true,"href":"http:\/\/maudep.com.vn\/chuyengiadienmay\/index.php?rest_route=%2Fwp%2Fv2%2Fcomments&post=1478"}],"wp:featuredmedia":[{"embeddable":true,"href":"http:\/\/maudep.com.vn\/chuyengiadienmay\/index.php?rest_route=\/wp\/v2\/media\/1473"}],"wp:attachment":[{"href":"http:\/\/maudep.com.vn\/chuyengiadienmay\/index.php?rest_route=%2Fwp%2Fv2%2Fmedia&parent=1478"}],"curies":[{"name":"wp","href":"https:\/\/api.w.org\/{rel}","templated":true}]}}