{"id":1818,"date":"2018-12-31T10:55:13","date_gmt":"2018-12-31T03:55:13","guid":{"rendered":"http:\/\/maudep.com.vn\/chuyengiadienmay\/?post_type=product&#038;p=1818"},"modified":"2018-12-31T10:58:07","modified_gmt":"2018-12-31T03:58:07","slug":"tu-lanh-hitachi-h200pgv4-sls-203l-inverter","status":"publish","type":"product","link":"http:\/\/maudep.com.vn\/chuyengiadienmay\/?product=tu-lanh-hitachi-h200pgv4-sls-203l-inverter","title":{"rendered":"T\u1ee7 l\u1ea1nh Hitachi H200PGV4 (SLS) &#8211; 203L Inverter"},"content":{"rendered":"<div class=\"pd-news-content\">\n<h3>Phong c\u00e1ch m\u1edbi ti\u1ebft ki\u1ec7m \u0111i\u1ec7n<\/h3>\n<p>T\u1ee7 l\u1ea1nh Hitachi R-H200PGV4\u00a0c\u00f3 thi\u1ebft k\u1ebf mang phong c\u00e1ch m\u1edbi, ph\u00f9 h\u1ee3p cho nhi\u1ec1u thi\u1ebft k\u1ebf n\u1ed9i th\u1ea5t c\u1ee7a c\u00e1c gia \u0111\u00ecnh hi\u1ec7n nay. Nh\u1edd dung t\u00edch\u00a0203 l\u00edt, chi\u1ebfc\u00a0t\u1ee7 l\u1ea1nh Hitachi\u00a0n\u00e0y s\u1ebd ph\u00f9 h\u1ee3p h\u01a1n v\u1edbi c\u00e1c gia \u0111\u00ecnh c\u00f3 t\u1eeb 3 \u0111\u1ebfn 5 ng\u01b0\u1eddi.<\/p>\n<p><img class=\"lazy\" src=\"https:\/\/cdn.mediamart.vn\/Upload\/download\/2018-6-News\/w49sZ476lm2u5ep.jpg\" data-original=\"https:\/\/cdn.mediamart.vn\/Upload\/download\/2018-6-News\/w49sZ476lm2u5ep.jpg\" \/><\/p>\n<h3>Kh\u1eed m\u00f9i, kh\u00e1ng khu\u1ea9n nh\u1edd Nano Titanium<\/h3>\n<p>C\u00f4ng ngh\u1ec7 Nano Titanium c\u1ee7a t\u1ee7 l\u1ea1nh Hitachi R-H200PGV4 h\u1ea1n ch\u1ebf s\u1ef1 sinh s\u00f4i vi khu\u1ea9n v\u00e0 n\u1ea5m m\u1ed1c, \u0111\u1ed3ng th\u1eddi kh\u1eed \u0111i m\u00f9i h\u00f4i kh\u00f3 ch\u1ecbu c\u00f3 trong t\u1ee7. Ch\u00ednh v\u00ec th\u1ebf, th\u1ef1c ph\u1ea9m s\u1ebd \u0111\u01b0\u1ee3c t\u01b0\u01a1i ngon h\u01a1n, thu\u1ea7n v\u1ecb h\u01a1n.<\/p>\n<p><img class=\"lazy\" src=\"https:\/\/cdn.mediamart.vn\/Upload\/download\/2018-6-News\/87Il22n04PFZbzQ.jpg\" data-original=\"https:\/\/cdn.mediamart.vn\/Upload\/download\/2018-6-News\/87Il22n04PFZbzQ.jpg\" \/><\/p>\n<h3>C\u1ea3m bi\u1ebfn nhi\u1ec7t Eco v\u1edbi t\u00ednh n\u0103ng gi\u1eef nhi\u1ec7t<\/h3>\n<p>T\u1ee7 l\u1ea1nh Hitachi R-H200PGV4 c\u00f3 c\u1ea3m bi\u1ebfn nhi\u1ec7t Eco \u0111\u1ed9c \u0111\u00e1o, ghi nh\u1eadn s\u1ef1 thay \u0111\u1ed5i nhi\u1ec7t \u0111\u1ed9 c\u1ee7a t\u1ee7 l\u1ea1nh v\u00e0 xung quanh r\u1ed3i \u0111\u01b0a ra t\u00f9y ch\u1ec9nh ch\u1ebf \u0111\u1ed9 ph\u00f9 h\u1ee3p.<\/p>\n<p><img class=\"lazy\" src=\"https:\/\/cdn.mediamart.vn\/Upload\/download\/2018-6-News\/XwGadp6rMH2c0iX.jpg\" data-original=\"https:\/\/cdn.mediamart.vn\/Upload\/download\/2018-6-News\/XwGadp6rMH2c0iX.jpg\" \/><\/p>\n<h3>C\u00f4ng ngh\u1ec7 Inverter hi\u1ec7n \u0111\u1ea1i<\/h3>\n<p>C\u00f4ng ngh\u1ec7 Inverter\u00a0hi\u1ec7n \u0111\u1ea1i gi\u00fap cho t\u1ee7 l\u1ea1nh Hitachi R-H200PGV4 c\u00f3 th\u1ec3 gi\u1ea3m \u0111i nh\u1eefng l\u00e3ng ph\u00ed v\u1ec1 \u0111i\u1ec7n n\u0103ng. M\u1ed7i ng\u00e0y, chi\u1ebfc\u00a0t\u1ee7 l\u1ea1nh\u00a0n\u00e0y s\u1ebd ti\u00eau hao kho\u1ea3ng 0.7 kW \u0111i\u1ec7n.<\/p>\n<p><img class=\"lazy\" src=\"https:\/\/cdn.mediamart.vn\/Upload\/download\/2018-6-News\/k58ZLJz5d5oE2K0.jpg\" data-original=\"https:\/\/cdn.mediamart.vn\/Upload\/download\/2018-6-News\/k58ZLJz5d5oE2K0.jpg\" \/><img class=\"lazy\" src=\"https:\/\/cdn.mediamart.vn\/Upload\/download\/2018-6-News\/yByHG13oOTr0745.jpg\" data-original=\"https:\/\/cdn.mediamart.vn\/Upload\/download\/2018-6-News\/yByHG13oOTr0745.jpg\" \/><\/p>\n<h3>Khay k\u00ednh ch\u1ecbu l\u1ef1c v\u00e0 khay \u0111\u00e1 xoay di chuy\u1ec3n \u0111\u01b0\u1ee3c<\/h3>\n<p>T\u1ee7 l\u1ea1nh Hitachi R-H200PGV4 c\u00f3 khay k\u00ednh ch\u1ecbu l\u1ef1c \u0111\u01b0\u1ee3c, l\u00e0 s\u1ef1 ti\u1ec7n \u00edch cho ng\u01b0\u1eddi d\u00f9ng \u0111\u1ec3 h\u1ecd c\u00f3 th\u1ec3 s\u1eafp x\u1ebfp th\u1ee9c \u0103n v\u00e0o t\u1ee7 nh\u01b0ng kh\u00f4ng s\u1ee3 khay h\u1ecfng. \u0110\u1ed3ng th\u1eddi, khay \u0111\u00e1 xoay c\u00f3 th\u1ec3 di chuy\u1ec3n \u0111\u01b0\u1ee3c s\u1ebd gi\u00fap cho t\u1ee7 l\u1ea1nh th\u00eam d\u1ec5 s\u1eed d\u1ee5ng v\u1edbi ng\u01b0\u1eddi d\u00f9ng.\u00a0B\u00ean c\u1ea1nh \u0111\u00f3, ng\u0103n \u0111\u00e1 gi\u1eef nhi\u1ec7t \u0111\u1ebfn h\u01a1n 12 gi\u1edd sau khi c\u00fap \u0111i\u1ec7n.<\/p>\n<p><img class=\"lazy\" src=\"https:\/\/cdn.mediamart.vn\/Upload\/download\/2018-6-News\/0C6a51k0iH0Ow3T.jpg\" data-original=\"https:\/\/cdn.mediamart.vn\/Upload\/download\/2018-6-News\/0C6a51k0iH0Ow3T.jpg\" \/><img class=\"lazy\" src=\"https:\/\/cdn.mediamart.vn\/Upload\/download\/2018-6-News\/VRmk0BCf99I8A9C.jpg\" data-original=\"https:\/\/cdn.mediamart.vn\/Upload\/download\/2018-6-News\/VRmk0BCf99I8A9C.jpg\" \/><\/p>\n<div class=\"cl\"><\/div>\n<\/div>\n<div class=\"nav-news-epx\"><\/div>\n","protected":false},"excerpt":{"rendered":"<p>&#8211; C\u00f4ng ngh\u1ec7 Nano Titanium gi\u00fap cho th\u1ef1c ph\u1ea9m t\u01b0\u01a1i ngon tr\u00f2n v\u1ecb.<br \/>\n&#8211; C\u00f4ng ngh\u1ec7 Inverter k\u1ebft h\u1ee3p c\u1ea3m bi\u1ebfn Eco\u00a0gi\u00fap ti\u1ebft ki\u1ec7m ph\u1ea7n l\u1edbn \u0111i\u1ec7n n\u0103ng.<br \/>\n&#8211; Kh\u1ea3 n\u0103ng gi\u1eef nhi\u1ec7t h\u1ed7 tr\u1ee3 cho th\u1ef1c ph\u1ea9m l\u00e2u h\u1ecfng khi m\u1ea5t \u0111i\u1ec7n.<\/p>\n<p>&nbsp;<\/p>\n","protected":false},"featured_media":1820,"comment_status":"open","ping_status":"closed","template":"","meta":[],"_links":{"self":[{"href":"http:\/\/maudep.com.vn\/chuyengiadienmay\/index.php?rest_route=\/wp\/v2\/product\/1818"}],"collection":[{"href":"http:\/\/maudep.com.vn\/chuyengiadienmay\/index.php?rest_route=\/wp\/v2\/product"}],"about":[{"href":"http:\/\/maudep.com.vn\/chuyengiadienmay\/index.php?rest_route=\/wp\/v2\/types\/product"}],"replies":[{"embeddable":true,"href":"http:\/\/maudep.com.vn\/chuyengiadienmay\/index.php?rest_route=%2Fwp%2Fv2%2Fcomments&post=1818"}],"wp:featuredmedia":[{"embeddable":true,"href":"http:\/\/maudep.com.vn\/chuyengiadienmay\/index.php?rest_route=\/wp\/v2\/media\/1820"}],"wp:attachment":[{"href":"http:\/\/maudep.com.vn\/chuyengiadienmay\/index.php?rest_route=%2Fwp%2Fv2%2Fmedia&parent=1818"}],"curies":[{"name":"wp","href":"https:\/\/api.w.org\/{rel}","templated":true}]}}