{"id":1826,"date":"2018-12-31T11:27:13","date_gmt":"2018-12-31T04:27:13","guid":{"rendered":"http:\/\/maudep.com.vn\/chuyengiadienmay\/?post_type=product&#038;p=1826"},"modified":"2018-12-31T11:27:13","modified_gmt":"2018-12-31T04:27:13","slug":"tu-lanh-hitachi-r-vg470pgv3-gbw-395l-inverter","status":"publish","type":"product","link":"http:\/\/maudep.com.vn\/chuyengiadienmay\/?product=tu-lanh-hitachi-r-vg470pgv3-gbw-395l-inverter","title":{"rendered":"T\u1ee7 l\u1ea1nh Hitachi R-VG470PGV3 (GBW) &#8211; 395L Inverter"},"content":{"rendered":"<h3 class=\"pd-news-title\">T\u1ee7 l\u1ea1nh Hitachi R-VG470PGV3 (GBW) &#8211; 395L Inverter<\/h3>\n<div class=\"pd-news-content\">\n<p><strong>Thi\u1ebft k\u1ebf m\u1edbi t\u00f4 \u0111i\u1ec3m kh\u00f4ng gian s\u1ed1ng hi\u1ec7n \u0111\u1ea1i<\/strong><\/p>\n<p>T\u1ee7 l\u1ea1nh\u00a0Hitachi R-VG470PGV3\u00a0l\u00e0 m\u1ed9t thi\u1ebft b\u1ecb n\u1ed9i th\u1ea5t ti\u1ec7n nghi v\u00e0 sang tr\u1ecdng gi\u00fap t\u00f4 \u0111i\u1ec3m th\u00eam n\u00e9t hi\u1ec7n \u0111\u1ea1i cho kh\u00f4ng gian s\u1ed1ng c\u1ee7a b\u1ea1n.<\/p>\n<p><img class=\"lazy\" src=\"https:\/\/cdn.mediamart.vn\/Upload\/images\/tu-lanh-hitachi-r-vg470pgv3-10-org-1.jpg\" data-original=\"https:\/\/cdn.mediamart.vn\/Upload\/images\/tu-lanh-hitachi-r-vg470pgv3-10-org-1.jpg\" \/><\/p>\n<p><strong>Lo\u1ea1i tr\u1eeb vi khu\u1ea9n v\u00e0 m\u00f9i h\u00f4i kh\u00f3 ch\u1ecbu<\/strong><\/p>\n<p>T\u1ee7 l\u1ea1nh s\u1eed d\u1ee5ng m\u00e0ng l\u1ecdc Nano Titanium \u0111\u1ec3 kh\u00e1ng khu\u1ea9n\u00a0v\u00e0 kh\u1eed m\u00f9i gi\u00fap cho t\u1ea5t c\u1ea3 th\u1ef1c ph\u1ea9m trong t\u1ee7 \u0111\u1ec1u \u0111\u01b0\u1ee3c t\u01b0\u01a1i ngon v\u00e0 gi\u1eef \u0111\u01b0\u1ee3c h\u01b0\u01a1ng v\u1ecb.<\/p>\n<p><img class=\"lazy\" src=\"https:\/\/cdn.mediamart.vn\/Upload\/images\/tu-lanh-hitachi-r-vg470pgv3-2-15.jpg\" data-original=\"https:\/\/cdn.mediamart.vn\/Upload\/images\/tu-lanh-hitachi-r-vg470pgv3-2-15.jpg\" \/><\/p>\n<p><strong>L\u00e0m l\u1ea1nh t\u1eeb h\u1ec7 th\u1ed1ng qu\u1ea1t k\u00e9p<\/strong><\/p>\n<p>T\u1ee7 l\u1ea1nh\u00a0s\u1eed d\u1ee5ng h\u1ec7 th\u1ed1ng qu\u1ea1t k\u00e9p gi\u00fap t\u1eebng ng\u0103n t\u1ee7 \u0111\u01b0\u1ee3c l\u00e0m l\u1ea1nh m\u1ed9t c\u00e1ch \u0111\u1ed9c l\u1eadp, n\u00e2ng cao hi\u1ec7u su\u1ea5t l\u00e0m l\u1ea1nh v\u00e0 ti\u1ebft ki\u1ec7m \u0111i\u1ec7n n\u0103ng.<\/p>\n<p><img class=\"lazy\" src=\"https:\/\/cdn.mediamart.vn\/Upload\/images\/tu-lanh-hitachi-r-vg470pgv3-22.png\" data-original=\"https:\/\/cdn.mediamart.vn\/Upload\/images\/tu-lanh-hitachi-r-vg470pgv3-22.png\" \/><\/p>\n<p><strong>C\u1ea3m bi\u1ebfn nhi\u1ec7t tr\u00e1nh l\u00e3ng ph\u00ed \u0111i\u1ec7n n\u0103ng<\/strong><\/p>\n<p>T\u1ee7 l\u1ea1nh\u00a0Hitachi\u00a0ghi nh\u1eadn thay \u0111\u1ed5i v\u1ec1 nhi\u1ec7t \u0111\u1ed9 b\u00ean trong t\u1ee7 v\u00e0 m\u00f4i tr\u01b0\u1eddng xung quanh r\u1ed3i l\u1ef1a ch\u1ecdn ch\u1ebf \u0111\u1ed9 l\u00e0m l\u1ea1nh hi\u1ec7u qu\u1ea3 gi\u00fap t\u1ee7 l\u1ea1nh kh\u00f4ng hao ph\u00ed \u0111i\u1ec7n n\u0103ng.<\/p>\n<p><img class=\"lazy\" src=\"https:\/\/cdn.mediamart.vn\/Upload\/images\/tu-lanh-hitachi-r-vg470pgv3-3-org-7.jpg\" data-original=\"https:\/\/cdn.mediamart.vn\/Upload\/images\/tu-lanh-hitachi-r-vg470pgv3-3-org-7.jpg\" \/><\/p>\n<p><strong>Khay ch\u1ee9a thu\u1ef7 tinh cao c\u1ea5p<\/strong><\/p>\n<p>T\u1ee7 l\u1ea1nh trang b\u1ecb c\u00e1c\u00a0khay thu\u1ef7 tinh\u00a0c\u00f3 kh\u1ea3 n\u0103ng ch\u1ecbu l\u1ef1c cao gi\u00fap b\u1ea1n tho\u1ea3i m\u00e1i d\u1ef1 tr\u1eef nhi\u1ec1u th\u1ef1c ph\u1ea9m m\u00e0 kh\u00f4ng lo ng\u1ea1i.<\/p>\n<p><img class=\"lazy\" src=\"https:\/\/cdn.mediamart.vn\/Upload\/images\/tu-lanh-hitachi-r-vg470pgv3-2-org-14.jpg\" data-original=\"https:\/\/cdn.mediamart.vn\/Upload\/images\/tu-lanh-hitachi-r-vg470pgv3-2-org-14.jpg\" \/><\/p>\n<p><strong>Sang tr\u1ecdng v\u1edbi \u0111\u00e8n LED ti\u1ebft ki\u1ec7m \u0111i\u1ec7n<\/strong><\/p>\n<p>T\u1ee7 l\u1ea1nh s\u1eed d\u1ee5ng h\u1ec7 th\u1ed1ng \u0111\u00e8n LED gi\u00fap cho b\u1ea1n d\u1ec5 d\u00e0ng nh\u00ecn th\u1ea5y b\u00ean trong v\u00e0 t\u1ea1o v\u1ebb sang tr\u1ecdng cho n\u1ed9i th\u1ea5t c\u1ee7a t\u1ee7. Ngo\u00e0i ra, \u0111\u00e8n LED c\u00f2n gi\u00fap t\u1ee7 l\u1ea1nh tr\u00e1nh l\u00e3ng ph\u00ed n\u0103ng l\u01b0\u1ee3ng.<\/p>\n<p><strong>C\u00f4ng ngh\u1ec7 ch\u1ed1ng \u0111\u00f3ng tuy\u1ebft<\/strong><\/p>\n<p>T\u1ee7 l\u1ea1nh s\u1eed d\u1ee5ng c\u00f4ng ngh\u1ec7 ti\u00ean ti\u1ebfn kh\u00f4ng g\u00e2y ra hi\u1ec7n t\u01b0\u1ee3ng \u0111\u00f3ng tuy\u1ebft gi\u00fap b\u1ea1n d\u1ec5 d\u00e0ng l\u1ea5y \u0111\u00e1 t\u1eeb ng\u0103n \u0111\u00f4ng v\u00e0 s\u1eed d\u1ee5ng cho nhi\u1ec1u m\u1ee5c \u0111\u00edch kh\u00e1c nhau.<\/p>\n<p><img class=\"lazy\" src=\"https:\/\/cdn.mediamart.vn\/Upload\/images\/tu-lanh-hitachi-r-vg470pgv3-1-org-15.jpg\" data-original=\"https:\/\/cdn.mediamart.vn\/Upload\/images\/tu-lanh-hitachi-r-vg470pgv3-1-org-15.jpg\" \/><\/p>\n<p><strong>Duy tr\u00ec vitamin cho rau qu\u1ea3<\/strong><\/p>\n<p>T\u1ee7 l\u1ea1nh b\u1ea3o qu\u1ea3n rau qu\u1ea3 trong ng\u0103n gi\u1eef \u1ea9m gi\u00fap b\u1ea1n lu\u00f4n s\u1eb5n s\u00e0ng rau qu\u1ea3 t\u01b0\u01a1i cho b\u1eefa \u0103n \u0111\u1ea7y dinh d\u01b0\u1ee1ng.<\/p>\n<p><strong>Tho\u1ea3i m\u00e1i l\u01b0u tr\u1eef rau qu\u1ea3<\/strong><\/p>\n<p>T\u1ee7 l\u1ea1nh c\u00f3 ng\u0103n l\u01b0u tr\u1eef rau qu\u1ea3 t\u01b0\u01a1ng \u0111\u1ed1i l\u1edbn gi\u00fap b\u1ea1n tho\u1ea3i m\u00e1i tr\u1eef c\u00e1c lo\u1ea1i rau qu\u1ea3 m\u00e0 v\u1eabn gi\u1eef \u0111\u01b0\u1ee3c \u0111\u1ed9 t\u01b0\u01a1i ngon t\u1ed1i \u01b0u khi s\u1eed d\u1ee5ng.<\/p>\n<\/div>\n","protected":false},"excerpt":{"rendered":"<p>&#8211; Lo\u1ea1i: 2 c\u00e1nh\/ C\u00f4ng ngh\u1ec7 Inverter<br \/>\n&#8211; T\u1ed5ng dung t\u00edch: 395 L\u00edt<br \/>\n&#8211; D\u00f2ng c\u1eeda g\u01b0\u01a1ng\/ C\u00f4ng su\u1ea5t: 170W<br \/>\n&#8211; Kh\u1eed m\u00f9i v\u00e0 di\u1ec7t khu\u1ea9n NANO Titanium<\/p>\n<p>&nbsp;<\/p>\n","protected":false},"featured_media":1823,"comment_status":"open","ping_status":"closed","template":"","meta":[],"_links":{"self":[{"href":"http:\/\/maudep.com.vn\/chuyengiadienmay\/index.php?rest_route=\/wp\/v2\/product\/1826"}],"collection":[{"href":"http:\/\/maudep.com.vn\/chuyengiadienmay\/index.php?rest_route=\/wp\/v2\/product"}],"about":[{"href":"http:\/\/maudep.com.vn\/chuyengiadienmay\/index.php?rest_route=\/wp\/v2\/types\/product"}],"replies":[{"embeddable":true,"href":"http:\/\/maudep.com.vn\/chuyengiadienmay\/index.php?rest_route=%2Fwp%2Fv2%2Fcomments&post=1826"}],"wp:featuredmedia":[{"embeddable":true,"href":"http:\/\/maudep.com.vn\/chuyengiadienmay\/index.php?rest_route=\/wp\/v2\/media\/1823"}],"wp:attachment":[{"href":"http:\/\/maudep.com.vn\/chuyengiadienmay\/index.php?rest_route=%2Fwp%2Fv2%2Fmedia&parent=1826"}],"curies":[{"name":"wp","href":"https:\/\/api.w.org\/{rel}","templated":true}]}}