{"id":1831,"date":"2018-12-31T11:39:07","date_gmt":"2018-12-31T04:39:07","guid":{"rendered":"http:\/\/maudep.com.vn\/chuyengiadienmay\/?post_type=product&#038;p=1831"},"modified":"2018-12-31T11:39:07","modified_gmt":"2018-12-31T04:39:07","slug":"tu-lanh-4-canh-540-lit-hitachi-r-w660pgv3-gbk-den","status":"publish","type":"product","link":"http:\/\/maudep.com.vn\/chuyengiadienmay\/?product=tu-lanh-4-canh-540-lit-hitachi-r-w660pgv3-gbk-den","title":{"rendered":"T\u1ee6 L\u1ea0NH 4 C\u00c1NH 540 L\u00edt HITACHI R-W660PGV3 (GBK) (\u0110en)"},"content":{"rendered":"<h3 class=\"pd-news-title\">T\u1ee6 L\u1ea0NH 4 C\u00c1NH 540 L\u00edt HITACHI R-W660PGV3 (GBK) (\u0110en)<\/h3>\n<div class=\"pd-news-content\">\n<h3>Thi\u1ebft k\u1ebf hi\u1ec7n \u0111\u1ea1i, l\u00f4i cu\u1ed1n<\/h3>\n<p>T\u1ee7 l\u1ea1nh Hitachi R-W660PGV3 540 l\u00edt\u00a0\u0111\u01b0\u1ee3c thi\u1ebft k\u1ebf ki\u1ec3u Ph\u00e1p, chi\u1ebfc\u00a0t\u1ee7 l\u1ea1nh Hitachi Side by Side\u00a0v\u1edbi b\u1ed1n c\u00e1nh c\u1eeda, ph\u00f9 h\u1ee3p v\u1edbi kh\u00f4ng gian r\u1ed9ng, tho\u00e1ng. Ngo\u00e0i ra dung t\u00edch 540 l\u00edt, chi\u1ebfc\u00a0t\u1ee7 l\u1ea1nh Hitachi\u00a0n\u00e0y ph\u00f9 h\u1ee3p cho gia \u0111\u00ecnh \u0111\u00f4ng ng\u01b0\u1eddi (tr\u00ean 7 th\u00e0nh vi\u00ean).<\/p>\n<p><img class=\"lazy\" src=\"https:\/\/cdn.tgdd.vn\/Products\/Images\/1943\/68674\/tu-lanh-hitachi-r-w660pgv3-11-1.jpg\" data-original=\"https:\/\/cdn.tgdd.vn\/Products\/Images\/1943\/68674\/tu-lanh-hitachi-r-w660pgv3-11-1.jpg\" \/><\/p>\n<h3>H\u1ec7 th\u1ed1ng qu\u1ea1t k\u00e9p l\u00e0m l\u1ea1nh c\u1ef1c nhanh<\/h3>\n<p>H\u1ec7 th\u1ed1ng\u00a0l\u00e0m l\u1ea1nh k\u00e9p\u00a0s\u1ebd l\u00e0m t\u0103ng hi\u1ec7u qu\u1ea3 l\u00e0m l\u1ea1nh c\u1ee7a\u00a0t\u1ee7 l\u1ea1nh Hitachi inverter\u00a0R-W660PGV3 540 l\u00edt t\u1ed1i \u0111a. V\u00ec hai qu\u1ea1t k\u00e9p ho\u1ea1t \u0111\u1ed9ng ri\u00eang bi\u1ec7t n\u00ean kh\u00f4ng kh\u00ed l\u1ea1nh c\u0169ng s\u1ebd \u0111\u01b0\u1ee3c cung c\u1ea5p ri\u00eang bi\u1ec7t cho ng\u0103n l\u1ea1nh ho\u1eb7c ng\u0103n \u0111\u00e1.<\/p>\n<p><img class=\"lazy\" src=\"https:\/\/cdn.tgdd.vn\/Products\/Images\/1943\/68674\/tu-lanh-hitachi-r-w660pgv3-gbk-gbw-1-1.jpg\" data-original=\"https:\/\/cdn.tgdd.vn\/Products\/Images\/1943\/68674\/tu-lanh-hitachi-r-w660pgv3-gbk-gbw-1-1.jpg\" \/><\/p>\n<h3>Kh\u1ea3 n\u0103ng kh\u1eed tr\u00f9ng nh\u1edd m\u00e0ng l\u1ecdc Nano Titanium<\/h3>\n<p>\u0110\u01b0\u1ee3c trang b\u1ecb c\u00f4ng ngh\u1ec7 \u0111\u1ed9t ph\u00e1 l\u00e0 m\u00e0ng l\u1ecdc\u00a0Nano Titanium, s\u1eed d\u1ee5ng ch\u1ea5t x\u00fac t\u00e1c TiO2 s\u1ebd gi\u00fap kh\u1eed m\u00f9i v\u00e0 kh\u00e1ng khu\u1ea9n c\u1ef1c m\u1ea1nh. \u0110\u1ea3m b\u1ea3o th\u1ef1c ph\u1ea9m lu\u00f4n t\u01b0\u01a1i s\u1ea1ch h\u1ee3p v\u1ec7 sinh, b\u1ea3o v\u1ec7 s\u1ee9c kh\u1ecfe cho c\u1ea3 gia \u0111\u00ecnh.<\/p>\n<p><img class=\"lazy\" src=\"https:\/\/cdn.tgdd.vn\/Products\/Images\/1943\/68674\/tu-lanh-hitachi-r-w660pgv3-13-1.jpg\" data-original=\"https:\/\/cdn.tgdd.vn\/Products\/Images\/1943\/68674\/tu-lanh-hitachi-r-w660pgv3-13-1.jpg\" \/><\/p>\n<h3>Khay th\u1ee7y tinh ch\u1ecbu l\u1ef1c ch\u1eafc ch\u1eafn<\/h3>\n<p>T\u1ee7 l\u1ea1nh Hitachi\u00a0540 l\u00edt\u00a0 R-W660PGV3 c\u00f2n t\u00edch h\u1ee3p\u00a0khay th\u1ee7y tinh ch\u1ecbu l\u1ef1c. Kh\u00f4ng nh\u1eefng ch\u1ec9 b\u1ec1n v\u00e0 \u0111\u1eb9p m\u1eaft m\u00e0 khay th\u1ee7y tinh n\u00e0y c\u00f2n c\u00f3 kh\u1ea3 n\u0103ng ch\u1ecbu \u0111\u01b0\u1ee3c s\u1ee9c n\u1eb7ng l\u00ean \u0111\u1ebfn 100 kg.<\/p>\n<p><img class=\"lazy\" src=\"https:\/\/cdn.tgdd.vn\/Products\/Images\/1943\/68674\/tu-lanh-hitachi-r-w660pgv3-14-1.jpg\" data-original=\"https:\/\/cdn.tgdd.vn\/Products\/Images\/1943\/68674\/tu-lanh-hitachi-r-w660pgv3-14-1.jpg\" \/><\/p>\n<h3>Khay \u0111\u00e1 xoay ti\u1ec7n d\u1ee5ng k\u1ebft h\u1ee3p l\u1ea5y n\u01b0\u1edbc t\u1eeb b\u00ean ngo\u00e0i (dung t\u00edch 1 l\u00edt)<\/h3>\n<p><img class=\"lazy\" src=\"https:\/\/cdn.tgdd.vn\/Products\/Images\/1943\/68674\/tu-lanh-hitachi-r-w660pgv3-15-1.jpg\" data-original=\"https:\/\/cdn.tgdd.vn\/Products\/Images\/1943\/68674\/tu-lanh-hitachi-r-w660pgv3-15-1.jpg\" \/><img class=\"lazy\" src=\"https:\/\/cdn.tgdd.vn\/Products\/Images\/1943\/68674\/tu-lanh-hitachi-r-w660pgv3-16-1.jpg\" data-original=\"https:\/\/cdn.tgdd.vn\/Products\/Images\/1943\/68674\/tu-lanh-hitachi-r-w660pgv3-16-1.jpg\" \/><\/p>\n<h3>\u0110i\u1ec1u khi\u1ec3n d\u1ec5 d\u00e0ng v\u1edbi b\u1ea3ng \u0111i\u1ec1u khi\u1ec3n b\u00ean ngo\u00e0i t\u1ee7 l\u1ea1nh<\/h3>\n<p>T\u1ee7 l\u1ea1nh\u00a0Hitachi R-W660PGV3 540 l\u00edt v\u1edbi b\u1ea3ng\u00a0\u0111i\u1ec1u khi\u1ec3n ngo\u00e0i\u00a0s\u1ebd gi\u00fap b\u1ea1n d\u1ec5 d\u00e0ng \u0111i\u1ec1u khi\u1ec3n c\u00e1c ch\u1ebf \u0111\u1ed9 c\u1ea7n thi\u1ebft m\u00e0 kh\u00f4ng c\u1ea7n m\u1edf c\u1eeda t\u1ee7, h\u1ea1n ch\u1ebf th\u1ea5t tho\u00e1t \u0111i\u1ec7n n\u0103ng.<\/p>\n<p><img class=\"lazy\" src=\"https:\/\/cdn.tgdd.vn\/Products\/Images\/1943\/68674\/tu-lanh-hitachi-r-w660pgv3-17-1.jpg\" data-original=\"https:\/\/cdn.tgdd.vn\/Products\/Images\/1943\/68674\/tu-lanh-hitachi-r-w660pgv3-17-1.jpg\" \/><\/p>\n<h3>C\u00f4ng ngh\u1ec7 inverter k\u1ebft h\u1ee3p c\u1ea3m bi\u1ebfn Eco si\u00eau ti\u1ebft ki\u1ec7m \u0111i\u1ec7n<\/h3>\n<p>K\u1ebft h\u1ee3p c\u00f4ng ngh\u1ec7 inverter hi\u1ec7n \u0111\u1ea1i v\u00e0 c\u1ea3m bi\u1ebfn theo d\u00f5i\u00a0Eco, t\u1ee7 l\u1ea1nh Hitachi R-W660PGV3 540 l\u00edt c\u00f3 th\u1ec3 \u0111i\u1ec1u ch\u1ec9nh ch\u1ebf \u0111\u1ed9 l\u00e0m l\u1ea1nh kh\u00e1c nhau t\u1eeb cao \u0111\u1ebfn th\u1ea5p, ho\u1ea1t \u0111\u1ed9ng \u1edf ch\u1ebf \u0111\u1ed9 \u1ed5n \u0111\u1ecbnh, gi\u00fap ti\u1ebft ki\u1ec7m \u0111i\u1ec7n n\u0103ng t\u1ed1i \u0111a.<\/p>\n<p><img class=\"lazy\" src=\"https:\/\/cdn.tgdd.vn\/Products\/Images\/1943\/68674\/tu-lanh-hitachi-r-w660pgv3-gbk-gbw-19999.jpg\" data-original=\"https:\/\/cdn.tgdd.vn\/Products\/Images\/1943\/68674\/tu-lanh-hitachi-r-w660pgv3-gbk-gbw-19999.jpg\" \/><img class=\"lazy\" src=\"https:\/\/cdn.tgdd.vn\/Products\/Images\/1943\/68674\/tu-lanh-hitachi-r-w660pgv3-18-1.jpg\" data-original=\"https:\/\/cdn.tgdd.vn\/Products\/Images\/1943\/68674\/tu-lanh-hitachi-r-w660pgv3-18-1.jpg\" \/><\/p>\n<h3>T\u1ee7 l\u1ea1nh ti\u1ebft ki\u1ec7m \u0111i\u1ec7n n\u0103ng<\/h3>\n<p>T\u1ee7 l\u1ea1nh Hitachi R-W660PGV3 540 l\u00edt \u0111\u01b0\u1ee3c x\u1ebfp h\u1ea1ng tem n\u0103ng l\u01b0\u1ee3ng 5 sao, v\u1edbi m\u1ee9c ti\u00eau th\u1ee5 \u0111i\u1ec7n n\u0103ng v\u00e0o kho\u1ea3ng 1.32 kW\/ng\u00e0y. N\u1ebfu b\u1ea1n \u0111ang t\u00ecm ki\u1ebfm m\u1ed9t chi\u1ebfc\u00a0t\u1ee7 l\u1ea1nh\u00a0ti\u1ebft ki\u1ec7m \u0111i\u1ec7n n\u0103ng th\u00ec t\u1ee7 l\u1ea1nh Hitachi R-W660PGV3 l\u00e0 s\u1ef1 l\u1ef1a ch\u1ecdn \u0111\u00e1ng c\u00e2n nh\u1eafc.<\/p>\n<p><img class=\"lazy\" src=\"https:\/\/cdn.tgdd.vn\/Products\/Images\/1943\/68674\/tu-lanh-hitachi-r-w660pgv3-19-1.jpg\" data-original=\"https:\/\/cdn.tgdd.vn\/Products\/Images\/1943\/68674\/tu-lanh-hitachi-r-w660pgv3-19-1.jpg\" \/><\/p>\n<div class=\"cl\"><\/div>\n<\/div>\n<div class=\"nav-news-epx\"><\/div>\n","protected":false},"excerpt":{"rendered":"<p>&#8211; Lo\u1ea1i: 4 c\u00e1nh\/ C\u00f4ng ngh\u1ec7 Inverter<br \/>\n&#8211; T\u1ed5ng dung t\u00edch: 540 L\u00edt<br \/>\n&#8211; C\u00f4ng su\u1ea5t (W): 230<br \/>\n&#8211; Kh\u1eed m\u00f9i v\u00e0 di\u1ec7t khu\u1ea9n NANO Titanium<\/p>\n<p>&nbsp;<\/p>\n","protected":false},"featured_media":1833,"comment_status":"open","ping_status":"closed","template":"","meta":[],"_links":{"self":[{"href":"http:\/\/maudep.com.vn\/chuyengiadienmay\/index.php?rest_route=\/wp\/v2\/product\/1831"}],"collection":[{"href":"http:\/\/maudep.com.vn\/chuyengiadienmay\/index.php?rest_route=\/wp\/v2\/product"}],"about":[{"href":"http:\/\/maudep.com.vn\/chuyengiadienmay\/index.php?rest_route=\/wp\/v2\/types\/product"}],"replies":[{"embeddable":true,"href":"http:\/\/maudep.com.vn\/chuyengiadienmay\/index.php?rest_route=%2Fwp%2Fv2%2Fcomments&post=1831"}],"wp:featuredmedia":[{"embeddable":true,"href":"http:\/\/maudep.com.vn\/chuyengiadienmay\/index.php?rest_route=\/wp\/v2\/media\/1833"}],"wp:attachment":[{"href":"http:\/\/maudep.com.vn\/chuyengiadienmay\/index.php?rest_route=%2Fwp%2Fv2%2Fmedia&parent=1831"}],"curies":[{"name":"wp","href":"https:\/\/api.w.org\/{rel}","templated":true}]}}