{"id":1834,"date":"2018-12-31T11:44:22","date_gmt":"2018-12-31T04:44:22","guid":{"rendered":"http:\/\/maudep.com.vn\/chuyengiadienmay\/?post_type=product&#038;p=1834"},"modified":"2018-12-31T11:44:22","modified_gmt":"2018-12-31T04:44:22","slug":"tu-lanh-hitachi-h230pgv4-sls-230l-inverter","status":"publish","type":"product","link":"http:\/\/maudep.com.vn\/chuyengiadienmay\/?product=tu-lanh-hitachi-h230pgv4-sls-230l-inverter","title":{"rendered":"T\u1ee7 l\u1ea1nh Hitachi H230PGV4 (SLS) &#8211; 230L Inverter"},"content":{"rendered":"<h3 class=\"pd-news-title\">T\u1ee7 l\u1ea1nh Hitachi H230PGV4 (SLS) &#8211; 230L Inverter<\/h3>\n<div class=\"pd-news-content\">\n<h3>T\u1ee7 l\u1ea1nh phong c\u00e1ch m\u1edbi \u0111\u1ed9c \u0111\u00e1o<\/h3>\n<p>T\u1ee7 l\u1ea1nh Hitachi R-H230PGV4\u00a0c\u00f3 m\u00e0u s\u1eafc t\u01b0\u01a1i s\u00e1ng c\u00f9ng d\u00e1ng v\u1ebb hi\u1ec7n \u0111\u1ea1i, \u0111em l\u1ea1i v\u1ebb \u0111\u1eb9p cho ph\u00f2ng b\u1ebfp c\u1ee7a b\u1ea1n. V\u1edbi dung t\u00edch\u00a0230 l\u00edt, chi\u1ebfc t\u1ee7 l\u1ea1nh n\u00e0y s\u1ebd ph\u00f9 h\u1ee3p cho nh\u1eefng gia \u0111\u00ecnh c\u00f3 t\u1eeb 3 \u0111\u1ebfn 5 ng\u01b0\u1eddi.<\/p>\n<p><img class=\"lazy\" src=\"https:\/\/cdn.tgdd.vn\/Products\/Images\/1943\/70759\/tu-lanh-hitachi-r-h230pgv4-31.jpg\" data-original=\"https:\/\/cdn.tgdd.vn\/Products\/Images\/1943\/70759\/tu-lanh-hitachi-r-h230pgv4-31.jpg\" \/><\/p>\n<h3>L\u00e0m l\u1ea1nh Air Jet Flow<\/h3>\n<p>Kh\u1ea3 n\u0103ng l\u00e0m l\u1ea1nh Air Jet Flow gi\u00fap \u0111\u1ea9y lu\u1ed3ng kh\u00ed m\u00e1t \u0111i kh\u1eafp t\u1ee7 l\u1ea1nh Hitachi R-H230PGV4, mang \u0111\u1ebfn s\u1ef1 l\u00e0m l\u1ea1nh \u0111\u1ed3ng \u0111\u1ec1u v\u00e0 \u1ed5n \u0111\u1ecbnh cho nh\u1eefng th\u1ef1c ph\u1ea9m b\u00ean trong t\u1ee7.<\/p>\n<p><img class=\"lazy\" src=\"https:\/\/cdn.tgdd.vn\/Products\/Images\/1943\/70759\/tu-lanh-hitachi-r-h230pgv4-32.jpg\" data-original=\"https:\/\/cdn.tgdd.vn\/Products\/Images\/1943\/70759\/tu-lanh-hitachi-r-h230pgv4-32.jpg\" \/><\/p>\n<h3>M\u00e0ng l\u1ecdc Nano Titanium<\/h3>\n<p>M\u00e0ng l\u1ecdc Nano Titanium \u0111em \u0111\u1ebfn cho t\u1ee7 l\u1ea1nh Hitachi R-H230PGV4 kh\u1ea3 n\u0103ng kh\u00e1ng khu\u1ea9n v\u00e0 kh\u1eed m\u00f9i s\u1ea1ch s\u1ebd. Nh\u1edd v\u1eady, nh\u1eefng th\u1ef1c ph\u1ea9m b\u00ean trong t\u1ee7 s\u1ebd kh\u00f4ng b\u1ecb vi khu\u1ea9n x\u00e2m nh\u1eadp v\u00e0 l\u00e0m ch\u00fang mau h\u1ecfng.<\/p>\n<p><img class=\"lazy\" src=\"https:\/\/cdn.tgdd.vn\/Products\/Images\/1943\/70759\/tu-lanh-hitachi-r-h230pgv4-33.jpg\" data-original=\"https:\/\/cdn.tgdd.vn\/Products\/Images\/1943\/70759\/tu-lanh-hitachi-r-h230pgv4-33.jpg\" \/><\/p>\n<h3>C\u1ea3m bi\u1ebfn nhi\u1ec7t Eco v\u00e0 kh\u1ea3 n\u0103ng gi\u1eef nhi\u1ec7t \u1ed5n \u0111\u1ecbnh<\/h3>\n<p>C\u1ea3m bi\u1ebfn Eco nh\u1eadn bi\u1ebft nhi\u1ec7t \u0111\u1ed9 xung quanh v\u00e0 nhi\u1ec7t \u0111\u1ed9 b\u00ean trong t\u1ee7 l\u1ea1nh Hitachi R-H230PGV4, t\u1ed1i \u01b0u c\u00f4ng su\u1ea5t ho\u1ea1t \u0111\u1ed9ng d\u1ef1a tr\u00ean nhi\u1ec7t \u0111\u1ed9 xung quanh, th\u00f3i quen s\u1eed d\u1ee5ng v\u00e0 l\u01b0\u1ee3ng th\u1ef1c ph\u1ea9m b\u00ean trong nh\u1eb1m ti\u1ebft ki\u1ec7m \u0111i\u1ec7n.<\/p>\n<p><img class=\"lazy\" src=\"https:\/\/cdn.tgdd.vn\/Products\/Images\/1943\/70759\/tu-lanh-hitachi-r-h230pgv4-36.png\" data-original=\"https:\/\/cdn.tgdd.vn\/Products\/Images\/1943\/70759\/tu-lanh-hitachi-r-h230pgv4-36.png\" \/><\/p>\n<h3>C\u00f4ng ngh\u1ec7 Inverter hi\u1ec7n \u0111\u1ea1i<\/h3>\n<p>T\u1ee7 l\u1ea1nh Hitachi R-H230PGV4 c\u00f3\u00a0c\u00f4ng ngh\u1ec7 Inverter\u00a0hi\u1ec7n \u0111\u1ea1i k\u1ebft h\u1ee3p v\u1edbi c\u1ea3m bi\u1ebfn Eco d\u1ec5 d\u00e0ng \u0111em l\u1ea1i hi\u1ec7u qu\u1ea3 ti\u1ebft ki\u1ec7m \u0111i\u1ec7n hi\u1ec7u qu\u1ea3 cho gia \u0111\u00ecnh b\u1ea1n. Trung b\u00ecnh m\u1ed7i ng\u00e0y chi\u1ebfc t\u1ee7 l\u1ea1nh n\u00e0y ch\u1ec9 hao t\u1ed1n 0.63 kW \u0111i\u1ec7n n\u0103ng.<\/p>\n<p><img class=\"lazy\" src=\"https:\/\/cdn.tgdd.vn\/Products\/Images\/1943\/70759\/tu-lanh-hitachi-r-h230pgv4-34.jpg\" data-original=\"https:\/\/cdn.tgdd.vn\/Products\/Images\/1943\/70759\/tu-lanh-hitachi-r-h230pgv4-34.jpg\" \/><img class=\"lazy\" src=\"https:\/\/cdn.tgdd.vn\/Products\/Images\/1943\/70759\/tu-lanh-hitachi-r-h230pgv4-35.jpg\" data-original=\"https:\/\/cdn.tgdd.vn\/Products\/Images\/1943\/70759\/tu-lanh-hitachi-r-h230pgv4-35.jpg\" \/><\/p>\n<\/div>\n","protected":false},"excerpt":{"rendered":"<p>&#8211; L\u00e0m l\u1ea1nh Air Jet Flow \u0111\u1ebfn m\u1ecdi ng\u00f3c ng\u00e1ch c\u1ee7a t\u1ee7 l\u1ea1nh.<br \/>\n&#8211; Nano Titanium kh\u00e1ng khu\u1ea9n, kh\u1eed m\u00f9i m\u1ea1nh m\u1ebd.<br \/>\n&#8211; C\u00f4ng ngh\u1ec7 Inverter k\u1ebft h\u1ee3p c\u1ea3m bi\u1ebfn Eco ti\u1ebft ki\u1ec7m \u0111i\u1ec7n n\u0103ng.<\/p>\n<p>&nbsp;<\/p>\n","protected":false},"featured_media":1836,"comment_status":"open","ping_status":"closed","template":"","meta":[],"_links":{"self":[{"href":"http:\/\/maudep.com.vn\/chuyengiadienmay\/index.php?rest_route=\/wp\/v2\/product\/1834"}],"collection":[{"href":"http:\/\/maudep.com.vn\/chuyengiadienmay\/index.php?rest_route=\/wp\/v2\/product"}],"about":[{"href":"http:\/\/maudep.com.vn\/chuyengiadienmay\/index.php?rest_route=\/wp\/v2\/types\/product"}],"replies":[{"embeddable":true,"href":"http:\/\/maudep.com.vn\/chuyengiadienmay\/index.php?rest_route=%2Fwp%2Fv2%2Fcomments&post=1834"}],"wp:featuredmedia":[{"embeddable":true,"href":"http:\/\/maudep.com.vn\/chuyengiadienmay\/index.php?rest_route=\/wp\/v2\/media\/1836"}],"wp:attachment":[{"href":"http:\/\/maudep.com.vn\/chuyengiadienmay\/index.php?rest_route=%2Fwp%2Fv2%2Fmedia&parent=1834"}],"curies":[{"name":"wp","href":"https:\/\/api.w.org\/{rel}","templated":true}]}}