{"id":1842,"date":"2018-12-31T12:01:49","date_gmt":"2018-12-31T05:01:49","guid":{"rendered":"http:\/\/maudep.com.vn\/chuyengiadienmay\/?post_type=product&#038;p=1842"},"modified":"2018-12-31T12:01:50","modified_gmt":"2018-12-31T05:01:50","slug":"tu-lanh-hitachi-h310pgv4-sls-260l-inverter","status":"publish","type":"product","link":"http:\/\/maudep.com.vn\/chuyengiadienmay\/?product=tu-lanh-hitachi-h310pgv4-sls-260l-inverter","title":{"rendered":"T\u1ee7 l\u1ea1nh Hitachi H310PGV4 (SLS) &#8211; 260L Inverter"},"content":{"rendered":"<h3 class=\"pd-news-title\">T\u1ee7 l\u1ea1nh Hitachi H310PGV4 (SLS) &#8211; 260L Inverter<\/h3>\n<div class=\"pd-news-content\">\n<h3>T\u1ee7 l\u1ea1nh thi\u1ebft k\u1ebf m\u1edbi \u0111\u1ed9c \u0111\u00e1o<\/h3>\n<p>V\u1edbi thi\u1ebft k\u1ebf trang nh\u00e3,\u00a0t\u1ee7 l\u1ea1nh Hitachi R-H310PGV4\u00a0ph\u00f9 h\u1ee3p v\u1edbi ki\u1ebfn tr\u00fac c\u1ee7a nhi\u1ec1u c\u0103n nh\u00e0 hi\u1ec7n nay. Dung t\u00edch\u00a0260 l\u00edt\u00a0c\u1ee7a n\u00f3 \u0111em l\u1ea1i kh\u1ea3 n\u0103ng l\u01b0u tr\u1eef th\u1ef1c ph\u1ea9m cho c\u00e1c gia \u0111\u00ecnh t\u1eeb 3 \u0111\u1ebfn 5 ng\u01b0\u1eddi.<\/p>\n<p><img class=\"lazy\" src=\"https:\/\/cdn.tgdd.vn\/Products\/Images\/1943\/70784\/tu-lanh-hitachi-r-h310pgv41.jpg\" data-original=\"https:\/\/cdn.tgdd.vn\/Products\/Images\/1943\/70784\/tu-lanh-hitachi-r-h310pgv41.jpg\" \/><\/p>\n<h3>C\u00f4ng ngh\u1ec7 l\u00e0m l\u1ea1nh Air Jet Flow<\/h3>\n<p>T\u1ee7 l\u1ea1nh Hitachi R-H310PGV4 s\u1edf h\u1eefu c\u00f4ng ngh\u1ec7 l\u00e0m l\u1ea1nh Air Jet Flow, gi\u00fap l\u00e0m l\u1ea1nh nhanh v\u00e0 \u0111\u1ed3ng \u0111\u1ec1u kh\u1eafp t\u1ee7 l\u1ea1nh. Th\u1ef1c ph\u1ea9m s\u1ebd li\u00ean t\u1ee5c \u0111\u01b0\u1ee3c gi\u1eef trong nhi\u1ec7t \u0111\u1ed9 \u1ed5n \u0111\u1ecbnh v\u00e0 th\u00edch h\u1ee3p, n\u00ean th\u1eddi gian b\u1ea3o qu\u1ea3n s\u1ebd l\u00e2u h\u01a1n th\u00f4ng th\u01b0\u1eddng.<\/p>\n<p><img class=\"lazy\" src=\"https:\/\/cdn.tgdd.vn\/Products\/Images\/1943\/70784\/tu-lanh-hitachi-r-h310pgv42.jpg\" data-original=\"https:\/\/cdn.tgdd.vn\/Products\/Images\/1943\/70784\/tu-lanh-hitachi-r-h310pgv42.jpg\" \/><\/p>\n<h3>M\u00e0ng l\u1ecdc Nano Titanium<\/h3>\n<p>V\u1edbi m\u00e0ng l\u1ecdc Nano Titanium, t\u1ee7 l\u1ea1nh Hitachi R-H310PGV4 kh\u00e1ng khu\u1ea9n hi\u1ec7u qu\u1ea3, c\u0169ng nh\u01b0 h\u1ea1n ch\u1ebf t\u1ed1i \u0111a s\u1ef1 \u00e1m m\u00f9i. Nh\u1edd c\u00f4ng ngh\u1ec7 n\u00e0y, c\u00e1c th\u1ee9c \u0103n s\u1ebd t\u01b0\u01a1i ngon v\u00e0 thu\u1ea7n h\u01b0\u01a1ng v\u1ecb ban \u0111\u1ea7u.<\/p>\n<p><img class=\"lazy\" src=\"https:\/\/cdn.tgdd.vn\/Products\/Images\/1943\/70784\/tu-lanh-hitachi-r-h310pgv4-1-2.jpg\" data-original=\"https:\/\/cdn.tgdd.vn\/Products\/Images\/1943\/70784\/tu-lanh-hitachi-r-h310pgv4-1-2.jpg\" \/><\/p>\n<h3>C\u1ea3m \u1ee9ng nhi\u1ec7t Eco c\u00f9ng kh\u1ea3 n\u0103ng gi\u1eef l\u1ea1nh l\u00e2u<\/h3>\n<p>T\u1ee7 l\u1ea1nh Hitachi R-H310PGV4 c\u00f3 c\u1ea3m \u1ee9ng nhi\u1ec7t Eco, nh\u1eadn bi\u1ebft s\u1ef1 thay \u0111\u1ed5i nhi\u1ec7t \u0111\u1ed9 xung quanh, l\u01b0\u1ee3ng th\u1ef1c ph\u1ea9m c\u0169ng nh\u01b0 t\u1ea7n su\u1ea5t m\u1edf t\u1ee7 \u0111\u1ec3 t\u00f9y ch\u1ec9nh ch\u1ebf \u0111\u1ed9 l\u00e0m l\u1ea1nh ph\u00f9 h\u1ee3p, ti\u1ebft ki\u1ec7m \u0111i\u1ec7n. B\u00ean c\u1ea1nh \u0111\u00f3,\u00a0t\u1ee7 l\u1ea1nh Hitachi\u00a0c\u00f2n c\u00f3 th\u1ec3 gi\u1eef l\u1ea1nh \u0111\u1ebfn 12 gi\u1edd sau khi b\u1ecb m\u1ea5t \u0111i\u1ec7n.<\/p>\n<p><img class=\"lazy\" src=\"https:\/\/cdn.tgdd.vn\/Products\/Images\/1943\/70784\/tu-lanh-hitachi-r-h310pgv44.jpg\" data-original=\"https:\/\/cdn.tgdd.vn\/Products\/Images\/1943\/70784\/tu-lanh-hitachi-r-h310pgv44.jpg\" \/><img class=\"lazy\" src=\"https:\/\/cdn.tgdd.vn\/Products\/Images\/1943\/70784\/tu-lanh-hitachi-r-h310pgv45.jpg\" data-original=\"https:\/\/cdn.tgdd.vn\/Products\/Images\/1943\/70784\/tu-lanh-hitachi-r-h310pgv45.jpg\" \/><\/p>\n<h3>C\u00f4ng ngh\u1ec7 Inverter<\/h3>\n<p>C\u00f4ng ngh\u1ec7 Inverter\u00a0c\u1ee7a t\u1ee7 l\u1ea1nh Hitachi R-H310PGV4 ti\u1ebft ki\u1ec7m ph\u1ea7n l\u1edbn \u0111i\u1ec7n n\u0103ng b\u1ecb hao ph\u00ed. V\u1edbi kh\u1ea3 n\u0103ng ch\u1ed1ng l\u00e3ng ph\u00ed \u0111i\u1ec7n n\u0103ng n\u00e0y, m\u1ed7i ng\u00e0y\u00a0t\u1ee7 l\u1ea1nh\u00a0ch\u1ec9 ti\u00eau hao kho\u1ea3ng 0.77 kW \u0111i\u1ec7n n\u0103ng.<\/p>\n<p><img class=\"lazy\" src=\"https:\/\/cdn.tgdd.vn\/Products\/Images\/1943\/70784\/tu-lanh-hitachi-r-h310pgv47.jpg\" data-original=\"https:\/\/cdn.tgdd.vn\/Products\/Images\/1943\/70784\/tu-lanh-hitachi-r-h310pgv47.jpg\" \/><img class=\"lazy\" src=\"https:\/\/cdn.tgdd.vn\/Products\/Images\/1943\/70784\/tu-lanh-hitachi-r-h310pgv46.jpg\" data-original=\"https:\/\/cdn.tgdd.vn\/Products\/Images\/1943\/70784\/tu-lanh-hitachi-r-h310pgv46.jpg\" \/><\/p>\n<h3>Khay \u0111\u00e1 xoay c\u00f3 th\u1ec3 di chuy\u1ec3n c\u00f9ng khay k\u00ednh ch\u1ecbu l\u1ef1c<\/h3>\n<p>T\u1ee7 l\u1ea1nh Hitachi R-H310PGV4 c\u00f2n c\u00f3 khay \u0111\u00e1 xoay di chuy\u1ec3n \u0111\u01b0\u1ee3c, t\u0103ng s\u1ef1 ti\u1ec7n \u00edch cho ng\u01b0\u1eddi d\u00f9ng khi l\u00e0m \u0111\u00e1 v\u00e0 s\u1eafp x\u1ebfp th\u1ef1c ph\u1ea9m. S\u1ef1 h\u1ed7 tr\u1ee3 c\u1ee7a khay k\u00ednh ch\u1ecbu l\u1ef1c c\u0169ng s\u1ebd g\u00f3p ph\u1ea7n l\u00e0m cho ch\u00fang ta kh\u00f4ng lo s\u1ee3 khay b\u1ecb h\u1ecfng hay v\u1ee1 n\u1ebfu \u0111\u1eb7t v\u1eadt n\u1eb7ng l\u00ean tr\u00ean.<\/p>\n<p><em><img class=\"lazy\" src=\"https:\/\/cdn.tgdd.vn\/Products\/Images\/1943\/70784\/tu-lanh-hitachi-r-h310pgv48.jpg\" data-original=\"https:\/\/cdn.tgdd.vn\/Products\/Images\/1943\/70784\/tu-lanh-hitachi-r-h310pgv48.jpg\" \/><\/em><\/p>\n<div class=\"cl\"><\/div>\n<\/div>\n<div class=\"nav-news-epx\"><\/div>\n","protected":false},"excerpt":{"rendered":"<p>&#8211; Kh\u00e1ng khu\u1ea9n, kh\u1eed m\u00f9i hi\u1ec7u qu\u1ea3 nh\u1edd m\u00e0ng l\u1ecdc Nano Titanium.<br \/>\n&#8211; Ti\u1ebft ki\u1ec7m \u0111i\u1ec7n nh\u1edd c\u00f4ng ngh\u1ec7 Inverter k\u1ebft h\u1ee3p c\u1ea3m bi\u1ebfn Econavi.<br \/>\n&#8211; H\u1ec7 th\u1ed1ng l\u00e0m l\u1ea1nh Air Jet Flow \u0111\u01b0a h\u01a1i l\u1ea1nh lan t\u1ecfa kh\u1eafp b\u00ean trong t\u1ee7.<\/p>\n<p>&nbsp;<\/p>\n","protected":false},"featured_media":1836,"comment_status":"open","ping_status":"closed","template":"","meta":[],"_links":{"self":[{"href":"http:\/\/maudep.com.vn\/chuyengiadienmay\/index.php?rest_route=\/wp\/v2\/product\/1842"}],"collection":[{"href":"http:\/\/maudep.com.vn\/chuyengiadienmay\/index.php?rest_route=\/wp\/v2\/product"}],"about":[{"href":"http:\/\/maudep.com.vn\/chuyengiadienmay\/index.php?rest_route=\/wp\/v2\/types\/product"}],"replies":[{"embeddable":true,"href":"http:\/\/maudep.com.vn\/chuyengiadienmay\/index.php?rest_route=%2Fwp%2Fv2%2Fcomments&post=1842"}],"wp:featuredmedia":[{"embeddable":true,"href":"http:\/\/maudep.com.vn\/chuyengiadienmay\/index.php?rest_route=\/wp\/v2\/media\/1836"}],"wp:attachment":[{"href":"http:\/\/maudep.com.vn\/chuyengiadienmay\/index.php?rest_route=%2Fwp%2Fv2%2Fmedia&parent=1842"}],"curies":[{"name":"wp","href":"https:\/\/api.w.org\/{rel}","templated":true}]}}