{"id":1844,"date":"2018-12-31T12:08:19","date_gmt":"2018-12-31T05:08:19","guid":{"rendered":"http:\/\/maudep.com.vn\/chuyengiadienmay\/?post_type=product&#038;p=1844"},"modified":"2018-12-31T12:08:19","modified_gmt":"2018-12-31T05:08:19","slug":"tu-lanh-405-lit-hitachi-r-wb475pgv2-gbk-den","status":"publish","type":"product","link":"http:\/\/maudep.com.vn\/chuyengiadienmay\/?product=tu-lanh-405-lit-hitachi-r-wb475pgv2-gbk-den","title":{"rendered":"T\u1ee7 l\u1ea1nh 405 L\u00edt Hitachi R-WB475PGV2 (GBK) &#8211; \u0110en"},"content":{"rendered":"<p><strong>\u0110\u1eb7c \u0111i\u1ec3m n\u1ed5i b\u1eadt<\/strong><\/p>\n<p><strong>L\u00e0m l\u1ea1nh kh\u00f4ng \u0111\u00f3ng tuy\u1ebft<\/strong><br \/>\nT\u1ee7 l\u1ea1nh HITACHI th\u1ebf h\u1ec7 c\u0169 th\u01b0\u1eddng \u0111\u00f3ng tuy\u1ebft, g\u00e2y nhi\u1ec1u h\u1ea1n ch\u1ebf trong qu\u00e1 tr\u00ecnh s\u1eed d\u1ee5ng nh\u01b0 t\u1ed1n \u0111i\u1ec7n, l\u00e0m l\u1ea1nh kh\u00f4ng hi\u1ec7u qu\u1ea3 b\u1edfi nh\u1eefng l\u1edbp tuy\u1ebft d\u1ea7y. Th\u1ebf n\u00ean t\u1ee7 l\u1ea1nh kh\u00f4ng \u0111\u00f3ng tuy\u1ebft \u0111ang d\u1ea7n thay th\u1ebf th\u1ebf h\u1ec7 t\u1ee7 l\u1ea1nh c\u0169 \u0111\u00f3.<br \/>\nTh\u1ef1c ch\u1ea5t d\u00f2ng t\u1ee7 l\u00e0m l\u1ea1nh kh\u00f4ng \u0111\u00f3ng tuy\u1ebft l\u00e0 \u0111\u01b0\u1ee3c thi\u1ebft k\u1ebf th\u00eam ch\u1ebf \u0111\u1ed9 x\u1ea3 tuy\u1ebft t\u1ef1 \u0111\u1ed9ng n\u00ean khi c\u00f3 hi\u1ec7n t\u01b0\u1ee3ng \u0111\u00f3ng tuy\u1ebft, b\u1ed9 ph\u1eadn c\u1ea3m \u1ee9ng s\u1ebd t\u1ef1 \u0111\u1ed9ng kh\u00f4ng cung c\u1ea5p h\u01a1i l\u1ea1nh cho ng\u0103n \u0111\u00e1 \u0111\u1ec3 tuy\u1ebft tan b\u1edbt gi\u00fap t\u1ee7 tr\u1edf l\u1ea1i ho\u1ea1t \u0111\u1ed9ng v\u1edbi c\u00f4ng su\u1ea5t b\u00ecnh th\u01b0\u1eddng . C\u00f4ng ngh\u1ec7 kh\u00f4ng \u0111\u00f3ng tuy\u1ebft c\u00f2n gi\u00fap b\u1ea1n ti\u1ebft ki\u1ec7m r\u1ea5t nhi\u1ec1u th\u1eddi gian v\u1ec1 vi\u1ec7c x\u1ea3 tuy\u1ebft cho t\u1ee7 l\u1ea1nh.<\/p>\n<p><strong>H\u1ec7 th\u1ed1ng l\u00e0m m\u00e1t \u0111\u1ed9c l\u1eadp<\/strong><br \/>\nH\u1ec7 th\u1ed1ng s\u1eed d\u1ee5ng 2 qu\u1ea1t th\u1ed5i h\u01a1i l\u1ea1nh \u0111\u1ed9c l\u1eadp, kh\u00f4ng kh\u00ed l\u1ea1nh t\u1ecfa \u0111\u1ec1u v\u00e0 r\u1ed9ng kh\u1eafp t\u1ee7m\u1ed9t c\u00e1ch nhanh ch\u00f3ng.<br \/>\n<img class=\"lazy\" src=\"https:\/\/cdn.mediamart.vn\/Upload\/download\/2015-6\/tu-lanh-405l-hitachi-r-wb475pgv2-gbk_e24d8a7b-0012-4610-93e3-af93f220e595.png\" data-original=\"https:\/\/cdn.mediamart.vn\/Upload\/download\/2015-6\/tu-lanh-405l-hitachi-r-wb475pgv2-gbk_e24d8a7b-0012-4610-93e3-af93f220e595.png\" \/><\/p>\n<p>&nbsp;<\/p>\n<p><img class=\"lazy\" src=\"https:\/\/cdn.mediamart.vn\/Upload\/download\/2015-6\/tu-lanh-405l-hitachi-r-wb475pgv2-gbk_f6173371-0541-45e4-a880-d024efbd6c68.png\" data-original=\"https:\/\/cdn.mediamart.vn\/Upload\/download\/2015-6\/tu-lanh-405l-hitachi-r-wb475pgv2-gbk_f6173371-0541-45e4-a880-d024efbd6c68.png\" \/><\/p>\n<p>&nbsp;<\/p>\n<p><strong>Ng\u0103n m\u00e1t 2 c\u1eeda ti\u1ec7n l\u1ee3i<\/strong><br \/>\nT\u1ee7 l\u1ea1nh thi\u1ebft k\u1ebf ng\u0103n m\u00e1t 2 c\u1eeda gi\u00fap d\u1ec5 quan s\u00e1t, d\u1ec5 l\u1ea5y v\u00e0 d\u1ec5 s\u1eafp x\u1ebfp th\u1ef1c ph\u1ea9m, kh\u00f4ng ph\u1ea3i c\u00fai khom ng\u01b0\u1eddi g\u00e2y tr\u1edf ng\u1ea1i khi s\u1eed d\u1ee5ng.<\/p>\n<p><strong>B\u1ea3ng \u0111i\u1ec1u khi\u1ec3n c\u1ea3m \u1ee9ng<\/strong><br \/>\nCh\u1ec9 c\u1ea7n ch\u1ea1m nh\u1eb9 v\u00e0o b\u1ea3ng \u0111i\u1ec1u khi\u1ec3n c\u00e0i \u0111\u1eb7t b\u00ean ngo\u00e0i \u0111\u1ec3 \u0111i\u1ec1u ch\u1ec9nh nhi\u1ec7t \u0111\u1ed9 cho ph\u00f9 h\u1ee3p r\u1ea5t d\u1ec5 d\u00e0ng.<br \/>\n<img class=\"lazy\" src=\"https:\/\/cdn.mediamart.vn\/Upload\/download\/2015-6\/tu-lanh-405l-hitachi-r-wb475pgv2-gbk_a2872871-b4d6-4aba-92d9-fb43e39f7886.png\" data-original=\"https:\/\/cdn.mediamart.vn\/Upload\/download\/2015-6\/tu-lanh-405l-hitachi-r-wb475pgv2-gbk_a2872871-b4d6-4aba-92d9-fb43e39f7886.png\" \/><\/p>\n<p>&nbsp;<\/p>\n<p><img class=\"lazy\" src=\"https:\/\/cdn.mediamart.vn\/Upload\/download\/2015-6\/tu-lanh-405l-hitachi-r-wb475pgv2-gbk_a9ddb728-0319-4dc1-8aaa-f2a9bd012e5a.png\" data-original=\"https:\/\/cdn.mediamart.vn\/Upload\/download\/2015-6\/tu-lanh-405l-hitachi-r-wb475pgv2-gbk_a9ddb728-0319-4dc1-8aaa-f2a9bd012e5a.png\" \/><\/p>\n<p>&nbsp;<\/p>\n<p><strong>Ng\u0103n rau qu\u1ea3 duy tr\u00ec d\u01b0\u1ee1ng ch\u1ea5t<\/strong><br \/>\nT\u1ee7 l\u1ea1nh thi\u1ebft k\u1ebf h\u1ed9c rau qu\u1ea3 lu\u00f4n duy tr\u00ec \u0111i\u1ec1u ki\u1ec7n l\u00fd t\u01b0\u1edfng nh\u1ea5t cho rau qu\u1ea3 lu\u00f4n t\u01b0\u01a1i ngon, gi\u1eef vitamin nguy\u00ean v\u1eb9n.<\/p>\n<p><strong>K\u1ec7 k\u00ednh c\u01b0\u1eddng l\u1ef1c, ch\u1ed1ng tr\u00e0n<\/strong><br \/>\nKhay k\u00ednh trong su\u1ed1t b\u1eb1ng ch\u1ea5t li\u1ec7u ch\u1ecbu l\u1ef1c cao, vi\u1ec1n ch\u1ed1ng tr\u00e0n gi\u00fap b\u1ea1n ch\u1ee9a \u0111\u01b0\u1ee3c nhi\u1ec1u th\u1ef1c ph\u1ea9m v\u00e0 d\u1ec5 d\u00e0ng v\u1ec7 sinh k\u1ec7.<br \/>\n<img class=\"lazy\" src=\"https:\/\/cdn.mediamart.vn\/Upload\/download\/2015-6\/tu-lanh-405l-hitachi-r-wb475pgv2-gbk_83eb327d-debd-4851-a6bb-7da560abc005.png\" data-original=\"https:\/\/cdn.mediamart.vn\/Upload\/download\/2015-6\/tu-lanh-405l-hitachi-r-wb475pgv2-gbk_83eb327d-debd-4851-a6bb-7da560abc005.png\" \/><\/p>\n<p>&nbsp;<\/p>\n<p><img class=\"lazy\" src=\"https:\/\/cdn.mediamart.vn\/Upload\/download\/2015-6\/tu-lanh-405l-hitachi-r-wb475pgv2-gbk_a474cbe3-aca3-4e0c-9404-0701b0b30839.png\" data-original=\"https:\/\/cdn.mediamart.vn\/Upload\/download\/2015-6\/tu-lanh-405l-hitachi-r-wb475pgv2-gbk_a474cbe3-aca3-4e0c-9404-0701b0b30839.png\" \/><\/p>\n<p><strong>\u0110\u00e8n LED ti\u1ebft ki\u1ec7m n\u0103ng l\u01b0\u1ee3ng<\/strong><\/p>\n<p>\u00c1nh s\u00e1ng t\u1eeb \u0111\u00e8n LED l\u00e0m kh\u00f4ng gian t\u1ee7 s\u00e1ng s\u1ee7a h\u01a1n v\u00e0 ti\u1ebft ki\u1ec7m \u0111i\u1ec7n hi\u1ec7u qu\u1ea3.<\/p>\n<p><strong>C\u00f4ng ngh\u1ec7 Nano b\u1ea3o v\u1ec7 th\u1ef1c ph\u1ea9m kh\u1ecfi vi khu\u1ea9n , n\u1ea5m m\u1ed1c v\u00e0 m\u00f9i h\u00f4i\u00a0<\/strong><\/p>\n<p>Nano Titanium l\u00e0 c\u00f4ng ngh\u1ec7 \u0111\u1ed9t ph\u00e1 s\u1eed d\u1ee5ng ch\u1ea5t x\u00fac t\u00e1c TiO2 c\u00f3 t\u00e1c d\u1ee5ng kh\u1eed m\u00f9i v\u00e0 kh\u00e1ng khu\u1ea9n m\u1ea1nh. Nh\u1eefng ph\u00e2n t\u1eed Nano Titanium c\u00f3 k\u00edch th\u01b0\u1edbc 5nm(nanometer). N\u1ebfu t\u01b0\u1edfng t\u01b0\u1ee3ng \u0111\u01b0\u1eddng k\u00ednh c\u1ee7a Tr\u00e1i \u0110\u1ea5t l\u00e0 1 m th\u00ec nm ch\u1ec9 t\u01b0\u01a1ng \u0111\u01b0\u01a1ng k\u00edch th\u01b0\u1edbc qu\u1ea3 banh golf khi so v\u1edbi Tr\u00e1i \u0110\u1ea5t. Nh\u1edd v\u1eady , m\u00e0ng l\u1ecdc c\u1ea5u t\u1ea1o b\u1edfi nh\u1eefng ph\u00e2n t\u1eed n\u00e0y s\u1ebd b\u1eaft v\u00e0 ti\u00eau di\u1ec7t hi\u1ec7u qu\u1ea3 vi khu\u1ea9n v\u1ed1n c\u00f3 k\u00edch th\u01b0\u1edbc l\u1edbn h\u01a1n 1000 l\u1ea7n, \u0111\u1ed3ng th\u1eddi l\u1ecdc s\u1ea1ch n\u1ea5m m\u1ed1c , m\u00f9i h\u00f4i.<br \/>\n<img class=\"lazy\" src=\"https:\/\/cdn.mediamart.vn\/Upload\/download\/2015-6\/tu-lanh-405l-hitachi-r-wb475pgv2-gbk_74981099-c6d5-487d-a7ff-542336f1449c.png\" data-original=\"https:\/\/cdn.mediamart.vn\/Upload\/download\/2015-6\/tu-lanh-405l-hitachi-r-wb475pgv2-gbk_74981099-c6d5-487d-a7ff-542336f1449c.png\" \/><\/p>\n<p>&nbsp;<\/p>\n","protected":false},"excerpt":{"rendered":"<p>&#8211; Lo\u1ea1i t\u1ee7: 3 c\u1eeda, ng\u0103n \u0111\u00e1 d\u01b0\u1edbi<br \/>\n&#8211; Dung t\u00edch: 405 L\u00edt<br \/>\n&#8211; B\u1ea3ng \u0111i\u1ec1u khi\u1ec3n: C\u1ea3m \u1ee9ng<br \/>\n&#8211; M\u00e0u s\u1eafc: GS\/B\u1ea1c Th\u1ee7y Tinh, GBK\/ \u0110en Th\u1ee7y Tinh, GBW\/ N\u00e2u Th\u1ee7y Tinh<\/p>\n<p>&nbsp;<\/p>\n","protected":false},"featured_media":1846,"comment_status":"open","ping_status":"closed","template":"","meta":[],"_links":{"self":[{"href":"http:\/\/maudep.com.vn\/chuyengiadienmay\/index.php?rest_route=\/wp\/v2\/product\/1844"}],"collection":[{"href":"http:\/\/maudep.com.vn\/chuyengiadienmay\/index.php?rest_route=\/wp\/v2\/product"}],"about":[{"href":"http:\/\/maudep.com.vn\/chuyengiadienmay\/index.php?rest_route=\/wp\/v2\/types\/product"}],"replies":[{"embeddable":true,"href":"http:\/\/maudep.com.vn\/chuyengiadienmay\/index.php?rest_route=%2Fwp%2Fv2%2Fcomments&post=1844"}],"wp:featuredmedia":[{"embeddable":true,"href":"http:\/\/maudep.com.vn\/chuyengiadienmay\/index.php?rest_route=\/wp\/v2\/media\/1846"}],"wp:attachment":[{"href":"http:\/\/maudep.com.vn\/chuyengiadienmay\/index.php?rest_route=%2Fwp%2Fv2%2Fmedia&parent=1844"}],"curies":[{"name":"wp","href":"https:\/\/api.w.org\/{rel}","templated":true}]}}