{"id":1850,"date":"2018-12-31T12:25:07","date_gmt":"2018-12-31T05:25:07","guid":{"rendered":"http:\/\/maudep.com.vn\/chuyengiadienmay\/?post_type=product&#038;p=1850"},"modified":"2018-12-31T12:27:11","modified_gmt":"2018-12-31T05:27:11","slug":"tu-lanh-hitachi-r-wb545pgv2-gs-455-lit-mau-bac","status":"publish","type":"product","link":"http:\/\/maudep.com.vn\/chuyengiadienmay\/?product=tu-lanh-hitachi-r-wb545pgv2-gs-455-lit-mau-bac","title":{"rendered":"T\u1ee7 l\u1ea1nh Hitachi R-WB545PGV2 (GS), 455 L\u00edt, M\u00e0u b\u1ea1c"},"content":{"rendered":"<h3 class=\"pd-news-title\">T\u1ee7 l\u1ea1nh Hitachi R-WB545PGV2 (GS), 455 L\u00edt, M\u00e0u b\u1ea1c<\/h3>\n<div class=\"pd-news-content\">\n<ul>\n<li><strong>\u0110\u1eb7c \u0111i\u1ec3m n\u1ed5i b\u1eadt<\/strong><strong>T\u1ee7 l\u1ea1nh Hitachi R-WB455PGV2\u00a0<\/strong>thu\u1ed9c d\u00f2ng t\u1ee7 l\u1ea1nh c\u00f3 ng\u0103n \u0111\u00e1 ph\u00eda d\u01b0\u1edbi 3 c\u1eeda c\u1ee7a Hitachi\u00a0dung t\u00edch 455 l\u00edt v\u1edbi k\u1ebft c\u1ea5u tr\u01b0\u1ee3t hai t\u1ea7ng ti\u1ec7n l\u1ee3i l\u00e0m t\u0103ng di\u1ec7n t\u00edch s\u1eed d\u1ee5ng, v\u1ecf ngo\u00e0i l\u00e0m t\u1eeb ch\u1ea5t li\u1ec7u m\u1eb7t k\u00ednh sang tr\u1ecdng, cao c\u1ea5p, ph\u00f9 h\u1ee3p v\u1edbi \u0111a d\u1ea1ng kh\u00f4ng gian n\u1ed9i th\u1ea5t \u0111\u1eb7t. T\u1ee7 c\u00f3 thi\u1ebft k\u1ebf tay n\u1eafm h\u00ecnh g\u1ee3n s\u00f3ng v\u00f4 c\u00f9ng thanh l\u1ecbch, \u0111em \u0111\u1ebfn s\u1ef1 h\u00e0i h\u00f2a, tinh t\u1ebf cho kh\u00f4ng gian n\u1ed9i th\u1ea5t gia \u0111\u00ecnh. T\u1ee7 l\u1ea1nh \u0111\u01b0\u1ee3c trang b\u1ecb b\u1ea3ng \u0111i\u1ec1u khi\u1ec3n c\u1ea3m \u1ee9ng hi\u1ec7n \u0111\u1ea1i t\u00edch h\u1ee3p v\u00e0o c\u1eeda g\u01b0\u01a1ng ngay ph\u00eda ngo\u00e0i t\u1ee7.\u00a0T\u1ee7 l\u1ea1nh Hitachi R-WB545PGV2\u00a0trang b\u1ecb h\u1ec7 th\u1ed1ng l\u00e0m l\u1ea1nh qu\u1ea1t k\u00e9p l\u00e0m l\u1ea1nh \u0111\u1ed9c l\u1eadp cho t\u1eebng ng\u0103n t\u1ee7, m\u00e1y n\u00e9n Inverter, b\u1ed9 l\u1ecdc kh\u1eed m\u00f9i Nano Titanium gi\u00fap gi\u1eef th\u1ef1c ph\u1ea9m t\u01b0\u01a1i ngon l\u00e2u h\u01a1n m\u00e0 v\u1eabn ti\u1ebft ki\u1ec7m \u0111\u01b0\u1ee3c \u0111i\u1ec7n n\u0103ng t\u1ed1i \u0111a.\n<p><strong>T\u1ee7 l\u1ea1nh Hitachi\u00a0R-WB545PGV2, 3 c\u1eeda 455 l\u00edt:<\/strong><br \/>\nT\u1ee7 l\u1ea1nh Hitachi R-WB545PGV2 ti\u1ebft ki\u1ec7m \u0111i\u1ec7n h\u00e0ng \u0111\u1ea7u th\u1ebf gi\u1edbi<br \/>\nCh\u1ea5t l\u00e0m l\u1ea1nh R-600A th\u00e2n thi\u1ec7n v\u1edbi m\u00f4i tr\u01b0\u1eddng<br \/>\nC\u00f3 th\u1ec3 l\u00e0m l\u1ea1nh khi nhi\u1ec7t \u0111\u1ed9 b\u00ean ngo\u00e0i l\u00ean t\u1edbi 60 \u0111\u1ed9 C<br \/>\nT\u1ee7 l\u1ea1nh Hitachi R-WB545PGV2 h<br \/>\no\u1ea1t \u0111\u1ed9ng \u1ed5n d\u1ecbnh trong d\u00e3y \u0111i\u1ec7n \u00e1p r\u1ed9ng t\u1eeb 130V \u0111\u1ebfn 300V<br \/>\nB\u1ea3ng \u0111i\u1ec1u khi\u1ec3n c\u1ea3m \u1ee9ng<br \/>\nNg\u0103n rau qu\u1ea3 r\u1ed9ng v\u00e0 ti\u1ec7n d\u1ee5ng: \u0111\u00f3ng m\u1edf d\u1ec5 d\u00e0ng, thi\u1ebft k\u1ebf s\u00e2u v\u00e0 r\u1ed9ng, dung t\u00edch l\u1edbn, gi\u00fap th\u1ef1c ph\u1ea9m lu\u00f4n \u0111\u01b0\u1ee3c b\u1ea3o qu\u1ea3n trong \u0111i\u1ec1u ki\u1ec7n ho\u00e0n h\u1ea3o<br \/>\nNg\u0103n tr\u1eef chuy\u1ec3n \u0111\u1ed5i \u0111\u01b0\u1ee3c<br \/>\nThi\u1ebft k\u1ebf \u0111\u1ed9c \u0111\u00e1o mang \u0111\u1ebfn s\u1ef1 ti\u1ec7n nghi v\u00e0 tho\u1ea3i m\u00e1i<\/p>\n<p><img class=\"lazy\" src=\"https:\/\/cdn.mediamart.vn\/Upload\/download\/2015-6\/tu-lanh-455l-hitachi-r-wb545pgv2-gs-mau-bac-thuy-tinh_f8c4f95c-6ad7-43e2-96af-b1c8b5560771.png\" data-original=\"https:\/\/cdn.mediamart.vn\/Upload\/download\/2015-6\/tu-lanh-455l-hitachi-r-wb545pgv2-gs-mau-bac-thuy-tinh_f8c4f95c-6ad7-43e2-96af-b1c8b5560771.png\" \/><\/p>\n<p>T\u1ee7 l\u1ea1nh Hitachi R-WB545PGV2 3 c\u1eeda 455 l\u00edt, m\u00e0u g\u01b0\u01a1ng \u0111en(GBK\u00a0)<\/p>\n<p><img class=\"lazy\" src=\"https:\/\/cdn.mediamart.vn\/Upload\/download\/2015-6\/tu-lanh-455l-hitachi-r-wb545pgv2-gs-mau-bac-thuy-tinh_748abd12-bc91-4001-8c07-84adb43a32dc.png\" data-original=\"https:\/\/cdn.mediamart.vn\/Upload\/download\/2015-6\/tu-lanh-455l-hitachi-r-wb545pgv2-gs-mau-bac-thuy-tinh_748abd12-bc91-4001-8c07-84adb43a32dc.png\" \/><\/p>\n<p>T\u1ee7 l\u1ea1nh Hitachi R-WB545PGV2, 3 c\u1eeda 455 l\u00edt, m\u00e0u g\u01b0\u01a1ng \u0111en(GBK)<\/p>\n<p><img class=\"lazy\" src=\"https:\/\/cdn.mediamart.vn\/Upload\/download\/2015-6\/tu-lanh-455l-hitachi-r-wb545pgv2-gs-mau-bac-thuy-tinh_414383ff-d724-4ee7-8299-449481ba15b7.png\" data-original=\"https:\/\/cdn.mediamart.vn\/Upload\/download\/2015-6\/tu-lanh-455l-hitachi-r-wb545pgv2-gs-mau-bac-thuy-tinh_414383ff-d724-4ee7-8299-449481ba15b7.png\" \/><\/p>\n<p><img class=\"lazy\" src=\"https:\/\/cdn.mediamart.vn\/Upload\/download\/2015-6\/tu-lanh-455l-hitachi-r-wb545pgv2-gs-mau-bac-thuy-tinh_0703585e-215d-4840-85d8-d3db1762abc0.png\" data-original=\"https:\/\/cdn.mediamart.vn\/Upload\/download\/2015-6\/tu-lanh-455l-hitachi-r-wb545pgv2-gs-mau-bac-thuy-tinh_0703585e-215d-4840-85d8-d3db1762abc0.png\" \/><\/p>\n<p><img class=\"lazy\" src=\"https:\/\/cdn.mediamart.vn\/Upload\/download\/2015-6\/tu-lanh-455l-hitachi-r-wb545pgv2-gs-mau-bac-thuy-tinh_fe5768ab-abcb-46d2-ad7c-18e53de75ef0.png\" data-original=\"https:\/\/cdn.mediamart.vn\/Upload\/download\/2015-6\/tu-lanh-455l-hitachi-r-wb545pgv2-gs-mau-bac-thuy-tinh_fe5768ab-abcb-46d2-ad7c-18e53de75ef0.png\" \/><\/p>\n<p><img class=\"lazy\" src=\"https:\/\/cdn.mediamart.vn\/Upload\/download\/2015-6\/tu-lanh-455l-hitachi-r-wb545pgv2-gs-mau-bac-thuy-tinh_e7e63faf-ecff-4a8a-ae7f-b149e274020c.png\" data-original=\"https:\/\/cdn.mediamart.vn\/Upload\/download\/2015-6\/tu-lanh-455l-hitachi-r-wb545pgv2-gs-mau-bac-thuy-tinh_e7e63faf-ecff-4a8a-ae7f-b149e274020c.png\" \/><\/p>\n<p>H\u00e3y s\u1eed d\u1ee5ng\u00a0t\u1ee7 l\u1ea1nh Hitachi\u00a0R-WB545PGV2, 3 c\u1eeda, 455 l\u00edt l\u00e0m thi\u1ebft b\u1ecb l\u01b0u tr\u1eef th\u1ef1c ph\u1ea9m t\u1ed1t nh\u1ea5t trong gia \u0111\u00ecnh b\u1ea1n, s\u1ea3n ph\u1ea9m h\u00e0ng \u0111i\u1ec7n m\u00e1y th\u00edch h\u1ee3p v\u1edbi m\u1ecdi gia \u0111\u00ecnh Vi\u1ec7t.<\/li>\n<\/ul>\n<\/div>\n","protected":false},"excerpt":{"rendered":"<p>&#8211; Lo\u1ea1i t\u1ee7: 3 c\u1eeda, ng\u0103n \u0111\u00e1 d\u01b0\u1edbi<br \/>\n&#8211; Dung t\u00edch: 455 L\u00edt<br \/>\n&#8211; D\u00f2ng Inverter + 2 qu\u1ea1t \/ C\u00f4ng ngh\u1ec7 ECO<br \/>\n&#8211; B\u1ea3ng \u0111i\u1ec1u khi\u1ec3n: C\u1ea3m \u1ee9ng\/ S\u1eed d\u1ee5ng ch\u00edp \u0111i\u1ec7n t\u1eed<\/p>\n<p>&nbsp;<\/p>\n","protected":false},"featured_media":1852,"comment_status":"open","ping_status":"closed","template":"","meta":[],"_links":{"self":[{"href":"http:\/\/maudep.com.vn\/chuyengiadienmay\/index.php?rest_route=\/wp\/v2\/product\/1850"}],"collection":[{"href":"http:\/\/maudep.com.vn\/chuyengiadienmay\/index.php?rest_route=\/wp\/v2\/product"}],"about":[{"href":"http:\/\/maudep.com.vn\/chuyengiadienmay\/index.php?rest_route=\/wp\/v2\/types\/product"}],"replies":[{"embeddable":true,"href":"http:\/\/maudep.com.vn\/chuyengiadienmay\/index.php?rest_route=%2Fwp%2Fv2%2Fcomments&post=1850"}],"wp:featuredmedia":[{"embeddable":true,"href":"http:\/\/maudep.com.vn\/chuyengiadienmay\/index.php?rest_route=\/wp\/v2\/media\/1852"}],"wp:attachment":[{"href":"http:\/\/maudep.com.vn\/chuyengiadienmay\/index.php?rest_route=%2Fwp%2Fv2%2Fmedia&parent=1850"}],"curies":[{"name":"wp","href":"https:\/\/api.w.org\/{rel}","templated":true}]}}