{"id":1858,"date":"2018-12-31T12:43:27","date_gmt":"2018-12-31T05:43:27","guid":{"rendered":"http:\/\/maudep.com.vn\/chuyengiadienmay\/?post_type=product&#038;p=1858"},"modified":"2018-12-31T12:43:28","modified_gmt":"2018-12-31T05:43:28","slug":"tu-lanh-hitachi-h350pgv4-sls-290l-inverter","status":"publish","type":"product","link":"http:\/\/maudep.com.vn\/chuyengiadienmay\/?product=tu-lanh-hitachi-h350pgv4-sls-290l-inverter","title":{"rendered":"T\u1ee7 l\u1ea1nh Hitachi H350PGV4 (SLS) &#8211; 290L Inverter"},"content":{"rendered":"<h3 class=\"pd-news-title\">\u00a0T\u1ee7 l\u1ea1nh Hitachi H350PGV4 (SLS) &#8211; 290L Inverter<\/h3>\n<div class=\"pd-news-content\">\n<h3>T\u1ee7 l\u1ea1nh Inverter phong c\u00e1ch m\u1edbi<\/h3>\n<p>V\u1edbi thi\u1ebft k\u1ebf m\u1edbi \u0111\u1ed9c \u0111\u00e1o c\u00f9ng m\u00e0u s\u1eafc th\u00fa v\u1ecb,\u00a0t\u1ee7 l\u1ea1nh Hitachi R-H350PGV4\u00a0s\u1ebd \u0111em \u0111\u1ebfn cho ng\u01b0\u1eddi d\u00f9ng m\u1ed9t kh\u00f4ng gian n\u1ed9i th\u1ea5t th\u1eadt sinh \u0111\u1ed9ng. Chi\u1ebfc\u00a0t\u1ee7 l\u1ea1nh Hitachi\u00a0n\u00e0y c\u00f3 dung t\u00edch\u00a0290 l\u00edt, ph\u00f9 h\u1ee3p v\u1edbi c\u00e1c gia \u0111\u00ecnh c\u00f3 t\u1eeb 3 \u0111\u1ebfn 5 ng\u01b0\u1eddi.<\/p>\n<p><img class=\"lazy\" src=\"https:\/\/cdn.tgdd.vn\/Products\/Images\/1943\/70771\/tu-lanh-hitachi-r-h350pgv41.jpg\" data-original=\"https:\/\/cdn.tgdd.vn\/Products\/Images\/1943\/70771\/tu-lanh-hitachi-r-h350pgv41.jpg\" \/><\/p>\n<h3>C\u00f4ng ngh\u1ec7 Nano Titanium<\/h3>\n<p>T\u1ee7 l\u1ea1nh Hitachi R-H350PGV4 c\u00f3 c\u00f4ng ngh\u1ec7 kh\u00e1ng khu\u1ea9n Nano Titanium. C\u00f4ng ngh\u1ec7 n\u00e0y gi\u00fap cho\u00a0t\u1ee7 l\u1ea1nh\u00a0\u0111\u01b0\u1ee3c l\u00e0m s\u1ea1ch kh\u1ecfi nh\u1eefng vi khu\u1ea9n, n\u1ea5m m\u1ed1c c\u0169ng nh\u01b0 m\u00f9i h\u00f4i kh\u00f3 ch\u1ecbu. Nh\u1edd v\u1eady, th\u1ee9c \u0103n s\u1ebd \u0111\u01b0\u1ee3c t\u01b0\u01a1i ngon h\u01a1n.<\/p>\n<p><img class=\"lazy\" src=\"https:\/\/cdn.tgdd.vn\/Products\/Images\/1943\/70771\/tu-lanh-hitachi-r-h350pgv4-112.jpg\" data-original=\"https:\/\/cdn.tgdd.vn\/Products\/Images\/1943\/70771\/tu-lanh-hitachi-r-h350pgv4-112.jpg\" \/><\/p>\n<h3>C\u1ea3m bi\u1ebfn nhi\u1ec7t Eco v\u00e0 kh\u1ea3 n\u0103ng gi\u1eef nhi\u1ec7t l\u00e2u<\/h3>\n<p>C\u1ea3m bi\u1ebfn nhi\u1ec7t Eco gi\u00fap cho t\u1ee7 l\u1ea1nh Hitachi R-H350PGV4 t\u00f9y ch\u1ecdn \u0111\u01b0\u1ee3c ch\u1ebf \u0111\u1ed9 l\u00e0m vi\u1ec7c ph\u00f9 h\u1ee3p d\u1ef1a tr\u00ean nhi\u1ec7t \u0111\u1ed9 b\u00ean ngo\u00e0i v\u00e0 b\u00ean trong t\u1ee7.<\/p>\n<p><img class=\"lazy\" src=\"https:\/\/cdn.tgdd.vn\/Products\/Images\/1943\/70771\/tu-lanh-hitachi-r-h350pgv43.jpg\" data-original=\"https:\/\/cdn.tgdd.vn\/Products\/Images\/1943\/70771\/tu-lanh-hitachi-r-h350pgv43.jpg\" \/><\/p>\n<h3>C\u00f4ng ngh\u1ec7 Inverter hi\u1ec7n \u0111\u1ea1i<\/h3>\n<p>T\u1ee7 l\u1ea1nh Hitachi R-H350PGV4 c\u00f3\u00a0c\u00f4ng ngh\u1ec7 Inverter. \u0110\u00e2y l\u00e0 c\u00f4ng ngh\u1ec7 ti\u1ebft ki\u1ec7m \u0111i\u1ec7n hi\u1ec7u qu\u1ea3, ti\u1ebft ki\u1ec7m chi ph\u00ed cho gia \u0111\u00ecnh b\u1ea1n. Nh\u1edd c\u00f4ng ngh\u1ec7 n\u00e0y, m\u1ed7i ng\u00e0y t\u1ee7 l\u1ea1nh Hitachi R-H350PGV4 ch\u1ec9 ti\u00eau hao kho\u1ea3ng 0.82 kW \u0111i\u1ec7n.<\/p>\n<p><img class=\"lazy\" src=\"https:\/\/cdn.tgdd.vn\/Products\/Images\/1943\/70771\/tu-lanh-hitachi-r-h350pgv4-111.jpg\" data-original=\"https:\/\/cdn.tgdd.vn\/Products\/Images\/1943\/70771\/tu-lanh-hitachi-r-h350pgv4-111.jpg\" \/><img class=\"lazy\" src=\"https:\/\/cdn.tgdd.vn\/Products\/Images\/1943\/70771\/tu-lanh-hitachi-r-h350pgv46.jpg\" data-original=\"https:\/\/cdn.tgdd.vn\/Products\/Images\/1943\/70771\/tu-lanh-hitachi-r-h350pgv46.jpg\" \/><\/p>\n<h3>Khay \u0111\u00e1 xoay v\u00e0 di chuy\u1ec3n \u0111\u01b0\u1ee3c<\/h3>\n<p>V\u1edbi khay \u0111\u00e1 xoay \u0111\u1ed9c \u0111\u00e1o, t\u1ee7 l\u1ea1nh Hitachi R-H350PGV4 gi\u00fap cho ng\u01b0\u1eddi d\u00f9ng nhanh ch\u00f3ng c\u00f3 \u0111\u01b0\u1ee3c nh\u1eefng vi\u00ean \u0111\u00e1 m\u00e1t, gi\u1ea3i kh\u00e1t trong ti\u1ebft tr\u1eddi n\u00f3ng b\u1ee9c n\u00e0y.<\/p>\n<h3>Khay k\u00ednh ch\u1ecbu l\u1ef1c<\/h3>\n<p>T\u1ee7 l\u1ea1nh Hitachi R-H350PGV4 c\u00f3 khay k\u00ednh ch\u1ecbu l\u1ef1c. Nh\u1edd khay k\u00ednh n\u00e0y, d\u00f9 nhi\u1ec1u th\u1ef1c ph\u1ea9m \u0111\u1ef1ng tr\u00ean khay k\u00ednh, b\u1ea1n c\u0169ng kh\u00f4ng c\u1ea7n lo s\u1ee3 r\u1eb1ng ch\u00fang s\u1ebd b\u1ecb h\u1ecfng.<\/p>\n<p><img class=\"lazy\" src=\"https:\/\/cdn.tgdd.vn\/Products\/Images\/1943\/70771\/tu-lanh-hitachi-r-h350pgv47.jpg\" data-original=\"https:\/\/cdn.tgdd.vn\/Products\/Images\/1943\/70771\/tu-lanh-hitachi-r-h350pgv47.jpg\" \/><\/p>\n<\/div>\n","protected":false},"excerpt":{"rendered":"<p>&#8211; C\u00f4ng ngh\u1ec7 Inverter k\u1ebft h\u1ee3p c\u1ea3m bi\u1ebfn Eco ti\u1ebft ki\u1ec7m \u0111i\u1ec7n v\u01b0\u1ee3t tr\u1ed9i.<br \/>\n&#8211; Nano Titanium gi\u00fap cho t\u1ee7 l\u1ea1nh di\u1ec7t khu\u1ea9n ho\u00e0n to\u00e0n, kh\u1eed m\u00f9i tuy\u1ec7t \u0111\u1ed1i.<br \/>\n&#8211; Khay k\u00ednh ch\u1ecbu l\u1ef1c sang tr\u1ecdng, b\u1ec1n b\u1ec9 kh\u00f4ng lo n\u1ee9t v\u1ee1.<\/p>\n<p>&nbsp;<\/p>\n","protected":false},"featured_media":1836,"comment_status":"open","ping_status":"closed","template":"","meta":[],"_links":{"self":[{"href":"http:\/\/maudep.com.vn\/chuyengiadienmay\/index.php?rest_route=\/wp\/v2\/product\/1858"}],"collection":[{"href":"http:\/\/maudep.com.vn\/chuyengiadienmay\/index.php?rest_route=\/wp\/v2\/product"}],"about":[{"href":"http:\/\/maudep.com.vn\/chuyengiadienmay\/index.php?rest_route=\/wp\/v2\/types\/product"}],"replies":[{"embeddable":true,"href":"http:\/\/maudep.com.vn\/chuyengiadienmay\/index.php?rest_route=%2Fwp%2Fv2%2Fcomments&post=1858"}],"wp:featuredmedia":[{"embeddable":true,"href":"http:\/\/maudep.com.vn\/chuyengiadienmay\/index.php?rest_route=\/wp\/v2\/media\/1836"}],"wp:attachment":[{"href":"http:\/\/maudep.com.vn\/chuyengiadienmay\/index.php?rest_route=%2Fwp%2Fv2%2Fmedia&parent=1858"}],"curies":[{"name":"wp","href":"https:\/\/api.w.org\/{rel}","templated":true}]}}