{"id":1860,"date":"2018-12-31T12:49:30","date_gmt":"2018-12-31T05:49:30","guid":{"rendered":"http:\/\/maudep.com.vn\/chuyengiadienmay\/?post_type=product&#038;p=1860"},"modified":"2018-12-31T12:49:30","modified_gmt":"2018-12-31T05:49:30","slug":"tu-lanh-405-lit-hitachi-r-wb475pgv2-gbw-nau","status":"publish","type":"product","link":"http:\/\/maudep.com.vn\/chuyengiadienmay\/?product=tu-lanh-405-lit-hitachi-r-wb475pgv2-gbw-nau","title":{"rendered":"T\u1ee7 l\u1ea1nh 405 L\u00edt Hitachi R-WB475PGV2 (GBW) &#8211; N\u00e2u"},"content":{"rendered":"<h3 class=\"pd-news-title\">T\u1ee7 l\u1ea1nh 405 L\u00edt Hitachi R-WB475PGV2 (GBW) &#8211; N\u00e2u<\/h3>\n<div class=\"pd-news-content\">\n<p><strong>T\u1ee7 l\u1ea1nh 405L Hitachi R-WB475PGV2 (GBW)- L\u00e0m l\u1ea1nh t\u1ed1i \u01b0u<\/strong><\/p>\n<p>Gia \u0111\u00ecnh b\u1ea1n c\u00f3 \u0111\u00f4ng th\u00e0nh vi\u00ean v\u00e0 \u0111ang t\u00ecm ch\u1ecdn mua 1 chi\u1ebfc t\u1ee7 l\u1ea1nh \u0111\u1ec3 b\u1ea3o qu\u1ea3n th\u1ef1c ph\u1ea9m t\u01b0\u01a1i ngon l\u00e2u h\u01a1n v\u00ec cu\u1ed9c s\u1ed1ng ng\u00e0y nay kh\u00e1 b\u1eadn r\u1ed9n, b\u1ea1n kh\u00f4ng th\u01b0\u1eddng xuy\u00ean \u0111i ch\u1ee3 mua th\u1ef1c ph\u1ea9m h\u00e0ng ng\u00e0y \u0111\u01b0\u1ee3c. Ch\u00fang t\u00f4i xin ph\u00e9p gi\u1edbi thi\u1ec7u \u0111\u1ebfn b\u1ea1n d\u00f2ng s\u1ea3n ph\u1ea9m T\u1ee7 l\u1ea1nh 405L Hitachi R-WB475PGV2 (GBW) c\u00f3 dung t\u00edch 405 l\u00edt \u0111\u00e1p \u1ee9ng t\u1ed1t nhu c\u1ea7u d\u00f9ng th\u1ef1c ph\u1ea9m t\u01b0\u01a1i m\u00e1t c\u1ee7a kho\u1ea3ng 6 \u0111\u1ebfn 7 ng\u01b0\u1eddi, t\u1ee7 l\u1ea1nh c\u00f3 h\u1ec7 th\u1ed1ng l\u00e0m l\u1ea1nh nhanh gi\u00fap rau c\u1ee7, tr\u00e1i c\u00e2y, th\u1ecbt, c\u00e1 lu\u00f4n t\u01b0\u01a1i nh\u01b0 m\u1edbi mua. T\u1ee7 l\u1ea1nh Hitachi R-WB475PGV2 405 l\u00edt l\u00e0 t\u1ee7 l\u1ea1nh 3 c\u1eeda hi\u1ec7n \u0111\u1ea1i, tay c\u00e2m ch\u1eafc ch\u1eafc gi\u00fap ng\u01b0\u1eddi d\u00f9ng d\u1ec5 d\u00e0ng m\u1edf v\u00e0 \u0111\u00f3ng c\u1eeda t\u1ee7 l\u1ea1nh.<\/p>\n<p><img class=\"lazy\" src=\"https:\/\/cdn.mediamart.vn\/Upload\/images\/tulanh3.jpg\" data-original=\"https:\/\/cdn.mediamart.vn\/Upload\/images\/tulanh3.jpg\" \/><\/p>\n<p><strong>T\u1ee7 l\u1ea1nh 405 l\u00edt<\/strong><\/p>\n<p>T\u1ee7 l\u1ea1nh 405L Hitachi R-WB475PGV2 (GBW) c\u00f3 dung t\u00edch 405 l\u00edt ph\u00f9 h\u1ee3p v\u1edbi gia \u0111\u00ecnh c\u00f3 6 \u0111\u1ebfn 7 th\u00e0nh vi\u00ean s\u1eed d\u1ee5ng l\u01b0\u1ee3ng th\u1ef1c ph\u1ea9m trong 2 ng\u00e0y, t\u1ee7 l\u1ea1nh c\u00f3 thi\u1ebft k\u1ebf 3 c\u1eeda hi\u1ec7n \u0111\u1ea1i v\u1edbi ng\u0103n \u0111\u00f4ng \u0111\u01b0\u1ee3c \u0111\u1eb7t n\u1eb1m ph\u00eda d\u01b0\u1edbi ng\u01b0\u1eddi d\u00f9ng thu\u1eadn ti\u1ec7n h\u01a1n khi l\u1ea5y c\u00e1c th\u1ef1c ph\u1ea9m l\u00e0m l\u1ea1nh, m\u1eb7t tr\u01b0\u1edbc c\u1ee7a t\u1ee7 l\u1ea1nh s\u00e1ng b\u00f3ng v\u00e0 ch\u1ed1ng b\u00e1m b\u1ee5i t\u1ed1t c\u0169ng r\u1ea5t d\u1ec5 d\u00e0ng cho b\u1ea1n khi lau ch\u00f9i, v\u1ec7 sinh t\u1ee7 l\u1ea1nh.<\/p>\n<p><img class=\"lazy\" src=\"https:\/\/cdn.mediamart.vn\/Upload\/images\/tulanh7.jpg\" data-original=\"https:\/\/cdn.mediamart.vn\/Upload\/images\/tulanh7.jpg\" \/><\/p>\n<p><strong>C\u00f4ng ngh\u1ec7 Inverter<\/strong><\/p>\n<p>C\u00f4ng ngh\u1ec7 Inverter c\u1ee7a h\u00e3ng Hitachi \u0111\u00e3 \u0111\u01b0\u1ee3c \u00e1p d\u1ee5ng v\u00e0o T\u1ee7 l\u1ea1nh 405L Hitachi R-WB475PGV2 (GBW) gi\u00fap b\u1ea3o qu\u1ea3n th\u1ef1c ph\u1ea9m t\u1ed1t h\u01a1n v\u00e0 m\u00e1y n\u00e9n ho\u1ea1t \u0111\u1ed9ng \u00eam \u00e1i, kh\u00f4ng rung l\u1eafc v\u00e0 \u1ed3n \u00e0o. Kh\u00f4ng ch\u1ec9 l\u00e0m l\u1ea1nh th\u1ef1c ph\u1ea9m hi\u1ec7u qu\u1ea3 m\u00e0 c\u00f2n gi\u1ea3m hao ph\u00ed \u0111i\u1ec7n n\u0103ng r\u1ea5t t\u1ed1i \u01b0u gi\u00fap gia \u0111\u00ecnh b\u1ea1n gi\u1ea3m chi ph\u00ed \u0111i\u1ec7n h\u00e0ng th\u00e1ng t\u1ed1t h\u01a1n.<\/p>\n<p><img class=\"lazy\" src=\"https:\/\/cdn.mediamart.vn\/Upload\/images\/tulanh1.jpg\" data-original=\"https:\/\/cdn.mediamart.vn\/Upload\/images\/tulanh1.jpg\" \/><\/p>\n<p><strong>H\u1ec7 th\u1ed1ng l\u00e0m l\u1ea1nh qu\u1ea1t k\u00e9p<\/strong><\/p>\n<p>V\u1edbi h\u1ec7 th\u1ed1ng qu\u1ea1t k\u00e9p gi\u00fap t\u1eebng ng\u0103n c\u1ee7a t\u1ee7 l\u1ea1nh \u0111\u01b0\u1ee3c l\u00e0m l\u1ea1nh \u0111\u1ed9c l\u1eadp gi\u00fap n\u00e2ng cao hi\u1ec7u su\u1ea5t l\u00e0m l\u1ea1nh, h\u01a1i l\u1ea1nh s\u1ebd lan to\u1ea3n \u0111\u1ec1u kh\u1eafp n\u01a1i b\u00ean trong t\u1ee7 gi\u00fap th\u1ef1c ph\u1ea9m t\u01b0\u01a1i s\u1ed1ng, rau c\u1ee7, tr\u00e1i c\u00e2y \u0111\u01b0\u1ee3c b\u1ea3o qu\u1ea3n t\u01b0\u01a1i ngon v\u00e0 l\u00e2u h\u01a1n. V\u1edbi c\u00f4ng ngh\u1ec7 hi\u1ec7n \u0111\u1ea1i lu\u00f4n mang l\u1ea1i cho gia \u0111\u00ecnh b\u1ea1n nh\u1eefng th\u1ef1c ph\u1ea9m t\u01b0\u01a1i m\u1edbi \u0111\u1ec3 ph\u1ee5c v\u1ee5 cho c\u00e1c b\u1eefa \u0103n h\u00e0ng ng\u00e0y th\u00eam ngon v\u00e0 \u0111\u1ea7y dinh d\u01b0\u1ee1ng.<\/p>\n<p><img class=\"lazy\" src=\"https:\/\/cdn.mediamart.vn\/Upload\/images\/tulanh5.jpg\" data-original=\"https:\/\/cdn.mediamart.vn\/Upload\/images\/tulanh5.jpg\" \/><\/p>\n<p><strong>Kh\u00e1ng khu\u1ea9n, kh\u1eed m\u00f9i hi\u1ec7u qu\u1ea3<\/strong><\/p>\n<p>T\u1ee7 l\u1ea1nh 405L Hitachi R-WB475PGV2 (GBW) s\u1edf h\u1eefu c\u00f4ng ngh\u1ec7 kh\u00e1ng khu\u1ea9n Nano Titanium s\u1ebd gi\u00fap b\u1ea1n b\u1ea3o qu\u1ea3n th\u1ee9c \u0103n kh\u1ecfi vi khu\u1ea9n, n\u1ea5m m\u1ed1c v\u00e0 m\u00f9i h\u00f4i. V\u1edbi kh\u1ea3 n\u0103ng kh\u00e1ng khu\u1ea9n v\u00e0 kh\u1eed m\u00f9i hi\u1ec7u qu\u1ea3, b\u1ea1n s\u1ebd an t\u00e2m h\u01a1n v\u00ec s\u1ee9c kh\u1ecfe \u0111\u01b0\u1ee3c b\u1ea3o \u0111\u1ea3m khi d\u00f9ng th\u1ef1c ph\u1ea9m v\u00e0 khi ti\u1ebfp x\u00fac v\u1edbi lu\u1ed3ng kh\u00ed l\u1ea1nh trong t\u1ee7.<\/p>\n<p><img class=\"lazy\" src=\"https:\/\/cdn.mediamart.vn\/Upload\/images\/tulanh4.jpg\" data-original=\"https:\/\/cdn.mediamart.vn\/Upload\/images\/tulanh4.jpg\" \/><\/p>\n<p><strong>Ng\u0103n rau qu\u1ea3 r\u1ed9ng<\/strong><\/p>\n<p>Ng\u0103n rau qu\u1ea3 r\u1ed9ng h\u01a1n so v\u1edbi c\u00e1c d\u00f2ng s\u1ea3n ph\u1ea9m c\u00f9ng t\u1ea7m gi\u00e1, gi\u00fap ng\u01b0\u1eddi d\u00f9ng b\u1ea3o qu\u1ea3n \u0111\u01b0\u1ee3c nhi\u1ec1u rau c\u1ee7 t\u01b0\u01a1i ngon h\u01a1n, b\u1ea1n kh\u00f4ng c\u1ea7n ph\u1ea3i th\u01b0\u1eddng xuy\u00ean \u0111i ch\u01a1 hay si\u00eau th\u1ecb \u0111\u1ec3 mua th\u1ef1c ph\u1ea9m, ti\u1ebft ki\u1ec7m \u0111\u01b0\u1ee3c nhi\u1ec1u th\u1eddi gian cho b\u1ea1n l\u00e0m nh\u1eefng c\u00f4ng vi\u1ec7c kh\u00e1c h\u1eefu \u00edch h\u01a1n.<\/p>\n<\/div>\n","protected":false},"excerpt":{"rendered":"<p>&#8211; Lo\u1ea1i t\u1ee7: 3 c\u1eeda, ng\u0103n \u0111\u00e1 d\u01b0\u1edbi<br \/>\n&#8211; Dung t\u00edch: 405 L\u00edt<br \/>\n&#8211; B\u1ea3ng \u0111i\u1ec1u khi\u1ec3n: C\u1ea3m \u1ee9ng<br \/>\n&#8211; M\u00e0u s\u1eafc: GS\/B\u1ea1c Th\u1ee7y Tinh, GBK\/ \u0110en Th\u1ee7y Tinh, GBW\/ N\u00e2u Th\u1ee7y Tinh<\/p>\n<p>&nbsp;<\/p>\n","protected":false},"featured_media":1862,"comment_status":"open","ping_status":"closed","template":"","meta":[],"_links":{"self":[{"href":"http:\/\/maudep.com.vn\/chuyengiadienmay\/index.php?rest_route=\/wp\/v2\/product\/1860"}],"collection":[{"href":"http:\/\/maudep.com.vn\/chuyengiadienmay\/index.php?rest_route=\/wp\/v2\/product"}],"about":[{"href":"http:\/\/maudep.com.vn\/chuyengiadienmay\/index.php?rest_route=\/wp\/v2\/types\/product"}],"replies":[{"embeddable":true,"href":"http:\/\/maudep.com.vn\/chuyengiadienmay\/index.php?rest_route=%2Fwp%2Fv2%2Fcomments&post=1860"}],"wp:featuredmedia":[{"embeddable":true,"href":"http:\/\/maudep.com.vn\/chuyengiadienmay\/index.php?rest_route=\/wp\/v2\/media\/1862"}],"wp:attachment":[{"href":"http:\/\/maudep.com.vn\/chuyengiadienmay\/index.php?rest_route=%2Fwp%2Fv2%2Fmedia&parent=1860"}],"curies":[{"name":"wp","href":"https:\/\/api.w.org\/{rel}","templated":true}]}}