{"id":1865,"date":"2018-12-31T13:01:11","date_gmt":"2018-12-31T06:01:11","guid":{"rendered":"http:\/\/maudep.com.vn\/chuyengiadienmay\/?post_type=product&#038;p=1865"},"modified":"2018-12-31T13:01:11","modified_gmt":"2018-12-31T06:01:11","slug":"tu-lanh-hitachi-r-wb545pgv2-gbw-455-lit-mau-nau","status":"publish","type":"product","link":"http:\/\/maudep.com.vn\/chuyengiadienmay\/?product=tu-lanh-hitachi-r-wb545pgv2-gbw-455-lit-mau-nau","title":{"rendered":"T\u1ee7 l\u1ea1nh Hitachi R-WB545PGV2 (GBW), 455 L\u00edt, M\u00e0u n\u00e2u"},"content":{"rendered":"<h3 class=\"pd-news-title\">T\u1ee7 l\u1ea1nh Hitachi R-WB545PGV2 (GBW), 455 L\u00edt, M\u00e0u n\u00e2u<\/h3>\n<div class=\"pd-news-content\">\n<ul>\n<li>\n<h4><\/h4>\n<p><strong>\u0110\u1eb7c \u0111i\u1ec3m n\u1ed5i b\u1eadt<\/strong><\/p>\n<p><strong>Thi\u1ebft k\u1ebf mang l\u1ea1i s\u1ef1 tho\u1ea3i m\u00e1i v\u00e0 \u0111\u1eb3ng c\u1ea5p<\/strong><br \/>\nT\u1ee7 l\u1ea1nh Hitachi R-WB545PGV2 m\u00e0u \u0111en sang tr\u1ecdng, tay c\u1ea7m b\u1eb1ng h\u1ee3p kim kh\u00f4ng g\u1ec9 ch\u1eafc ch\u1eafn t\u1ea1o \u0111i\u1ec3m nh\u1ea5n \u1ea5n t\u01b0\u1ee3ng cho c\u0103n b\u1ebfp c\u1ee7a b\u1ea1n.<br \/>\n<img class=\"lazy\" src=\"https:\/\/cdn.mediamart.vn\/Upload\/download\/2015-6\/tu-lanh-455l-hitachi-r-wb545pgv2-gbw-mau-nau-thuy-tinh_dbef8486-c3d5-4b02-8d00-e790ad4bbc40.png\" data-original=\"https:\/\/cdn.mediamart.vn\/Upload\/download\/2015-6\/tu-lanh-455l-hitachi-r-wb545pgv2-gbw-mau-nau-thuy-tinh_dbef8486-c3d5-4b02-8d00-e790ad4bbc40.png\" \/><\/p>\n<p><strong>H\u1ec7 th\u1ed1ng l\u00e0m m\u00e1t \u0111\u1ed9c l\u1eadp<\/strong><br \/>\nH\u1ec7 th\u1ed1ng s\u1eed d\u1ee5ng 2 qu\u1ea1t th\u1ed5i h\u01a1i l\u1ea1nh \u0111\u1ed9c l\u1eadp, kh\u00f4ng kh\u00ed l\u1ea1nh t\u1ecfa \u0111\u1ec1u v\u00e0 r\u1ed9ng kh\u1eafp t\u1ee7m\u1ed9t c\u00e1ch nhanh ch\u00f3ng.<br \/>\n<img class=\"lazy\" src=\"https:\/\/cdn.mediamart.vn\/Upload\/download\/2015-6\/tu-lanh-455l-hitachi-r-wb545pgv2-gbw-mau-nau-thuy-tinh_025b811c-b802-4ce6-affd-f5429becfbe8.png\" data-original=\"https:\/\/cdn.mediamart.vn\/Upload\/download\/2015-6\/tu-lanh-455l-hitachi-r-wb545pgv2-gbw-mau-nau-thuy-tinh_025b811c-b802-4ce6-affd-f5429becfbe8.png\" \/><\/p>\n<p>Ng\u0103n m\u00e1t 2 c\u1eeda ti\u1ec7n l\u1ee3i<br \/>\nT\u1ee7 l\u1ea1nh thi\u1ebft k\u1ebf ng\u0103n m\u00e1t 2 c\u1eeda gi\u00fap d\u1ec5 quan s\u00e1t, d\u1ec5 l\u1ea5y v\u00e0 d\u1ec5 s\u1eafp x\u1ebfp th\u1ef1c ph\u1ea9m, kh\u00f4ng ph\u1ea3i c\u00fai khom ng\u01b0\u1eddi g\u00e2y tr\u1edf ng\u1ea1i khi s\u1eed d\u1ee5ng.<br \/>\n<img class=\"lazy\" src=\"https:\/\/cdn.mediamart.vn\/Upload\/download\/2015-6\/tu-lanh-455l-hitachi-r-wb545pgv2-gbw-mau-nau-thuy-tinh_f2dea58e-0edd-4751-9b2a-a61ca2d1abe8.png\" data-original=\"https:\/\/cdn.mediamart.vn\/Upload\/download\/2015-6\/tu-lanh-455l-hitachi-r-wb545pgv2-gbw-mau-nau-thuy-tinh_f2dea58e-0edd-4751-9b2a-a61ca2d1abe8.png\" \/><\/p>\n<p>B\u1ea3ng \u0111i\u1ec1u khi\u1ec3n c\u1ea3m \u1ee9ng<br \/>\nCh\u1ec9 c\u1ea7n ch\u1ea1m nh\u1eb9 v\u00e0o b\u1ea3ng \u0111i\u1ec1u khi\u1ec3n c\u00e0i \u0111\u1eb7t b\u00ean ngo\u00e0i \u0111\u1ec3 \u0111i\u1ec1u ch\u1ec9nh nhi\u1ec7t \u0111\u1ed9 cho ph\u00f9 h\u1ee3p r\u1ea5t d\u1ec5 d\u00e0ng.<br \/>\n<img class=\"lazy\" src=\"https:\/\/cdn.mediamart.vn\/Upload\/download\/2015-6\/tu-lanh-455l-hitachi-r-wb545pgv2-gbw-mau-nau-thuy-tinh_8dc5bd30-6de6-48fa-8c52-d6d0b8c65343.png\" data-original=\"https:\/\/cdn.mediamart.vn\/Upload\/download\/2015-6\/tu-lanh-455l-hitachi-r-wb545pgv2-gbw-mau-nau-thuy-tinh_8dc5bd30-6de6-48fa-8c52-d6d0b8c65343.png\" \/><\/p>\n<p><strong>Kh\u1eed m\u00f9i, kh\u00e1ng khu\u1ea9n v\u01b0\u1ee3t tr\u1ed9i<\/strong><br \/>\nC\u00f4ng ngh\u1ec7 Nano Titanium c\u00f3 kh\u1ea3 n\u0103ng lo\u1ea1i b\u1ecf vi khu\u1ea9n v\u00e0 c\u00e1c ch\u1ea5t g\u00e2y m\u00f9i mang l\u1ea1i lu\u1ed3ng kh\u00f4ng kh\u00ed t\u01b0\u01a1i s\u1ea1ch cho t\u1ee7.<br \/>\n<img class=\"lazy\" src=\"https:\/\/cdn.mediamart.vn\/Upload\/download\/2015-6\/tu-lanh-455l-hitachi-r-wb545pgv2-gbw-mau-nau-thuy-tinh_82eeed1c-ba72-405e-8015-5b60bee9dfd1.png\" data-original=\"https:\/\/cdn.mediamart.vn\/Upload\/download\/2015-6\/tu-lanh-455l-hitachi-r-wb545pgv2-gbw-mau-nau-thuy-tinh_82eeed1c-ba72-405e-8015-5b60bee9dfd1.png\" \/><\/p>\n<p><strong>Ng\u0103n rau qu\u1ea3 duy tr\u00ec d\u01b0\u1ee1ng ch\u1ea5t<\/strong><br \/>\nT\u1ee7 l\u1ea1nh thi\u1ebft k\u1ebf h\u1ed9c rau qu\u1ea3 lu\u00f4n duy tr\u00ec \u0111i\u1ec1u ki\u1ec7n l\u00fd t\u01b0\u1edfng nh\u1ea5t cho rau qu\u1ea3 lu\u00f4n t\u01b0\u01a1i ngon, gi\u1eef vitamin nguy\u00ean v\u1eb9n.<br \/>\n<img class=\"lazy\" src=\"https:\/\/cdn.mediamart.vn\/Upload\/download\/2015-6\/tu-lanh-455l-hitachi-r-wb545pgv2-gbw-mau-nau-thuy-tinh_0874c9de-3c19-48b6-8e0d-7d51cc8644d2.png\" data-original=\"https:\/\/cdn.mediamart.vn\/Upload\/download\/2015-6\/tu-lanh-455l-hitachi-r-wb545pgv2-gbw-mau-nau-thuy-tinh_0874c9de-3c19-48b6-8e0d-7d51cc8644d2.png\" \/><\/p>\n<p><strong>K\u1ec7 k\u00ednh c\u01b0\u1eddng l\u1ef1c, ch\u1ed1ng tr\u00e0n<\/strong><br \/>\nKhay k\u00ednh trong su\u1ed1t b\u1eb1ng ch\u1ea5t li\u1ec7u ch\u1ecbu l\u1ef1c cao, vi\u1ec1n ch\u1ed1ng tr\u00e0n gi\u00fap b\u1ea1n ch\u1ee9a \u0111\u01b0\u1ee3c nhi\u1ec1u th\u1ef1c ph\u1ea9m v\u00e0 d\u1ec5 d\u00e0ng v\u1ec7 sinh k\u1ec7.<br \/>\n<img class=\"lazy\" src=\"https:\/\/cdn.mediamart.vn\/Upload\/download\/2015-6\/tu-lanh-455l-hitachi-r-wb545pgv2-gbw-mau-nau-thuy-tinh_ec1ec528-0544-435c-b490-c8e49883e180.png\" data-original=\"https:\/\/cdn.mediamart.vn\/Upload\/download\/2015-6\/tu-lanh-455l-hitachi-r-wb545pgv2-gbw-mau-nau-thuy-tinh_ec1ec528-0544-435c-b490-c8e49883e180.png\" \/><\/p>\n<p><strong>\u0110\u00e8n LED ti\u1ebft ki\u1ec7m n\u0103ng l\u01b0\u1ee3ng<\/strong><br \/>\n\u00c1nh s\u00e1ng t\u1eeb \u0111\u00e8n LED l\u00e0m kh\u00f4ng gian t\u1ee7 s\u00e1ng s\u1ee7a h\u01a1n v\u00e0 ti\u1ebft ki\u1ec7m \u0111i\u1ec7n hi\u1ec7u qu\u1ea3<\/li>\n<\/ul>\n<\/div>\n","protected":false},"excerpt":{"rendered":"<p>&#8211; Lo\u1ea1i t\u1ee7: 3 c\u1eeda, ng\u0103n \u0111\u00e1 d\u01b0\u1edbi<br \/>\n&#8211; Dung t\u00edch: 455 L\u00edt<br \/>\n&#8211; D\u00f2ng Inverter + 2 qu\u1ea1t \/ C\u00f4ng ngh\u1ec7 ECO<br \/>\n&#8211; B\u1ea3ng \u0111i\u1ec1u khi\u1ec3n: C\u1ea3m \u1ee9ng\/ S\u1eed d\u1ee5ng ch\u00edp \u0111i\u1ec7n t\u1eed<\/p>\n<p>&nbsp;<\/p>\n","protected":false},"featured_media":1862,"comment_status":"open","ping_status":"closed","template":"","meta":[],"_links":{"self":[{"href":"http:\/\/maudep.com.vn\/chuyengiadienmay\/index.php?rest_route=\/wp\/v2\/product\/1865"}],"collection":[{"href":"http:\/\/maudep.com.vn\/chuyengiadienmay\/index.php?rest_route=\/wp\/v2\/product"}],"about":[{"href":"http:\/\/maudep.com.vn\/chuyengiadienmay\/index.php?rest_route=\/wp\/v2\/types\/product"}],"replies":[{"embeddable":true,"href":"http:\/\/maudep.com.vn\/chuyengiadienmay\/index.php?rest_route=%2Fwp%2Fv2%2Fcomments&post=1865"}],"wp:featuredmedia":[{"embeddable":true,"href":"http:\/\/maudep.com.vn\/chuyengiadienmay\/index.php?rest_route=\/wp\/v2\/media\/1862"}],"wp:attachment":[{"href":"http:\/\/maudep.com.vn\/chuyengiadienmay\/index.php?rest_route=%2Fwp%2Fv2%2Fmedia&parent=1865"}],"curies":[{"name":"wp","href":"https:\/\/api.w.org\/{rel}","templated":true}]}}