{"id":1874,"date":"2018-12-31T13:49:39","date_gmt":"2018-12-31T06:49:39","guid":{"rendered":"http:\/\/maudep.com.vn\/chuyengiadienmay\/?post_type=product&#038;p=1874"},"modified":"2018-12-31T15:01:15","modified_gmt":"2018-12-31T08:01:15","slug":"1874","status":"publish","type":"product","link":"http:\/\/maudep.com.vn\/chuyengiadienmay\/?product=1874","title":{"rendered":"T\u1ee7 l\u1ea1nh Hitachi V440PGV3 (INX) &#8211; 365 L\u00edt Inverter"},"content":{"rendered":"<h3 class=\"pd-news-title\">T\u1ee7 l\u1ea1nh Hitachi V440PGV3 (INX) &#8211; 365 L\u00edt Inverter<\/h3>\n<div class=\"pd-news-content\">\n<p><strong>\u0110\u1eb7c \u0111i\u1ec3m n\u1ed5i b\u1eadt<\/strong><\/p>\n<p><strong>T\u1ed5ng dung t\u00edch 365 l\u00edt<\/strong><br \/>\nT\u1ee7 l\u1ea1nh c\u00f3 t\u1ed5ng dung t\u00edch 365 \u00a0l\u00edt r\u1ea5t l\u1edbn gi\u00fap b\u1ea1n c\u00f3 th\u1ec3 d\u1ef1 tr\u1eef nhi\u1ec1u th\u1ef1c ph\u1ea9m cho nhi\u1ec1u b\u1eefa \u0103n trong gia \u0111\u00ecnh.<\/p>\n<p><strong>H\u1ec7 th\u1ed1ng qu\u1ea1t k\u00e9p l\u00e0m l\u1ea1nh nhanh<\/strong><\/p>\n<p><img class=\"lazy\" src=\"https:\/\/cdn.mediamart.vn\/Upload\/download\/2015-6\/tu-lanh-hitachi-v440pgv3-inx-365l-2-canh-ngan-da-tren_531f51de-b4bf-4f77-81f0-cd2b1fa1e01b.png\" data-original=\"https:\/\/cdn.mediamart.vn\/Upload\/download\/2015-6\/tu-lanh-hitachi-v440pgv3-inx-365l-2-canh-ngan-da-tren_531f51de-b4bf-4f77-81f0-cd2b1fa1e01b.png\" \/><\/p>\n<p>&nbsp;<\/p>\n<p>T\u1ee7 l\u1ea1nh s\u1eed d\u1ee5ng h\u1ec7 th\u1ed1ng qu\u1ea1t k\u00e9p gi\u00fap t\u1eebng ng\u0103n t\u1ee7 \u0111\u01b0\u1ee3c l\u00e0m l\u1ea1nh m\u1ed9t c\u00e1ch \u0111\u1ed9c l\u1eadp, n\u00e2ng cao hi\u1ec7u su\u1ea5t l\u00e0m l\u1ea1nh v\u00e0 ti\u1ebft ki\u1ec7m \u0111i\u1ec7n n\u0103ng.<\/p>\n<p><strong>Ti\u1ebft ki\u1ec7m \u0111i\u1ec7n b\u1eb1ng c\u1ea3m bi\u1ebfn nhi\u1ec7t<\/strong><\/p>\n<p><img class=\"lazy\" src=\"https:\/\/cdn.mediamart.vn\/Upload\/download\/2015-6\/tu-lanh-hitachi-v440pgv3-inx-365l-2-canh-ngan-da-tren_e3d2fad8-6df4-4439-9ae3-109364bb3d4b.png\" data-original=\"https:\/\/cdn.mediamart.vn\/Upload\/download\/2015-6\/tu-lanh-hitachi-v440pgv3-inx-365l-2-canh-ngan-da-tren_e3d2fad8-6df4-4439-9ae3-109364bb3d4b.png\" \/><\/p>\n<p>&nbsp;<\/p>\n<p>T\u1ee7 l\u1ea1nh Hitachi ghi nh\u1eadn thay \u0111\u1ed5i v\u1ec1 nhi\u1ec7t \u0111\u1ed9 b\u00ean trong t\u1ee7 v\u00e0 m\u00f4i tr\u01b0\u1eddng xung quanh r\u1ed3i l\u1ef1a ch\u1ecdn ch\u1ebf \u0111\u1ed9 l\u00e0m l\u1ea1nh hi\u1ec7u qu\u1ea3 gi\u00fap t\u1ee7 l\u1ea1nh kh\u00f4ng hao ph\u00ed \u0111i\u1ec7n n\u0103ng.<\/p>\n<p><strong>Khay \u0111\u00e1 xoay v\u00e0 di chuy\u1ec3n \u0111\u01b0\u1ee3c<\/strong><\/p>\n<p><img class=\"lazy\" src=\"https:\/\/cdn.mediamart.vn\/Upload\/download\/2015-6\/tu-lanh-hitachi-v440pgv3-inx-365l-2-canh-ngan-da-tren_4601ab51-38f7-4f07-a3d8-90c58b73027d.png\" data-original=\"https:\/\/cdn.mediamart.vn\/Upload\/download\/2015-6\/tu-lanh-hitachi-v440pgv3-inx-365l-2-canh-ngan-da-tren_4601ab51-38f7-4f07-a3d8-90c58b73027d.png\" \/><\/p>\n<p>&nbsp;<\/p>\n<p>T\u1ee7 l\u1ea1nh trang b\u1ecb khay \u0111\u00e1 xoay linh ho\u1ea1t gi\u00fap b\u1ea1n d\u1ec5 d\u00e0ng l\u1ea5y \u0111\u00e1 v\u00e0 th\u01b0\u1edfng th\u1ee9c trong nh\u1eefng ng\u00e0y n\u00f3ng b\u1ee9c.<\/p>\n<p><strong>M\u00e0ng l\u1ecdc Nano Titanium gi\u00fap kh\u1eed m\u00f9i v\u00e0 kh\u00e1ng khu\u1ea9n m\u1ea1nh<\/strong><\/p>\n<p><img class=\"lazy\" src=\"https:\/\/cdn.mediamart.vn\/Upload\/download\/2015-6\/tu-lanh-hitachi-v440pgv3-inx-365l-2-canh-ngan-da-tren_5ff1c107-cec2-4a59-87a7-1d7ae1d80c0c.png\" data-original=\"https:\/\/cdn.mediamart.vn\/Upload\/download\/2015-6\/tu-lanh-hitachi-v440pgv3-inx-365l-2-canh-ngan-da-tren_5ff1c107-cec2-4a59-87a7-1d7ae1d80c0c.png\" \/><\/p>\n<p>&nbsp;<\/p>\n<p>T\u1ee7 l\u1ea1nh s\u1eed d\u1ee5ng m\u00e0ng l\u1ecdc Nano Titanium \u0111\u1ec3 kh\u00e1ng khu\u1ea9n v\u00e0 kh\u1eed m\u00f9i gi\u00fap cho t\u1ea5t c\u1ea3 th\u1ef1c ph\u1ea9m trong t\u1ee7 \u0111\u1ec1u \u0111\u01b0\u1ee3c t\u01b0\u01a1i ngon v\u00e0 gi\u1eef \u0111\u01b0\u1ee3c h\u01b0\u01a1ng v\u1ecb.<\/p>\n<p><strong>Ng\u0103n rau qu\u1ea3 dung t\u00edch l\u1edbn v\u00e0 l\u1edbp gi\u1eef \u1ea9m<\/strong><\/p>\n<p><img class=\"lazy\" src=\"https:\/\/cdn.mediamart.vn\/Upload\/download\/2015-6\/tu-lanh-hitachi-v440pgv3-inx-365l-2-canh-ngan-da-tren_c0022cf4-e797-4a8e-bec7-ee3a27c1e648.png\" data-original=\"https:\/\/cdn.mediamart.vn\/Upload\/download\/2015-6\/tu-lanh-hitachi-v440pgv3-inx-365l-2-canh-ngan-da-tren_c0022cf4-e797-4a8e-bec7-ee3a27c1e648.png\" \/><\/p>\n<p>&nbsp;<\/p>\n<p>T\u1ee7 l\u1ea1nh \u0111\u01b0\u1ee3c thi\u1ebft k\u1ebf v\u1edbi ng\u0103n ch\u1ee9a rau qu\u1ea3 dung t\u00edch l\u1edbn, gi\u00fap b\u1ea1n d\u1ec5 d\u00e0ng ch\u1ee9a \u0111\u01b0\u1ee3c nhi\u1ec1u rau qu\u1ea3 t\u01b0\u01a1i cho b\u1eefa \u0103n \u0111\u1ea7y dinh d\u01b0\u1ee1ng.<\/p>\n<\/div>\n","protected":false},"excerpt":{"rendered":"<p>&#8211; Ki\u1ec3u t\u1ee7 : 2 c\u00e1nh &#8211; ng\u0103n \u0111\u00e1 tr\u00ean<br \/>\n&#8211; Dung t\u00edch 365 L\u00edt<br \/>\n&#8211; Kh\u00e1ng khu\u1ea9n, kh\u1eed m\u00f9i : Nano Titanium<br \/>\n&#8211; Khay nh\u1ef1a ch\u1ecbu l\u1ef1c<\/p>\n<p>&nbsp;<\/p>\n","protected":false},"featured_media":1873,"comment_status":"open","ping_status":"closed","template":"","meta":[],"_links":{"self":[{"href":"http:\/\/maudep.com.vn\/chuyengiadienmay\/index.php?rest_route=\/wp\/v2\/product\/1874"}],"collection":[{"href":"http:\/\/maudep.com.vn\/chuyengiadienmay\/index.php?rest_route=\/wp\/v2\/product"}],"about":[{"href":"http:\/\/maudep.com.vn\/chuyengiadienmay\/index.php?rest_route=\/wp\/v2\/types\/product"}],"replies":[{"embeddable":true,"href":"http:\/\/maudep.com.vn\/chuyengiadienmay\/index.php?rest_route=%2Fwp%2Fv2%2Fcomments&post=1874"}],"wp:featuredmedia":[{"embeddable":true,"href":"http:\/\/maudep.com.vn\/chuyengiadienmay\/index.php?rest_route=\/wp\/v2\/media\/1873"}],"wp:attachment":[{"href":"http:\/\/maudep.com.vn\/chuyengiadienmay\/index.php?rest_route=%2Fwp%2Fv2%2Fmedia&parent=1874"}],"curies":[{"name":"wp","href":"https:\/\/api.w.org\/{rel}","templated":true}]}}