{"id":1883,"date":"2018-12-31T15:23:25","date_gmt":"2018-12-31T08:23:25","guid":{"rendered":"http:\/\/maudep.com.vn\/chuyengiadienmay\/?post_type=product&#038;p=1883"},"modified":"2018-12-31T16:01:03","modified_gmt":"2018-12-31T09:01:03","slug":"tu-lanh-3-canh-hitachi-sg31bpg-gs-305-lit-bac","status":"publish","type":"product","link":"http:\/\/maudep.com.vn\/chuyengiadienmay\/?product=tu-lanh-3-canh-hitachi-sg31bpg-gs-305-lit-bac","title":{"rendered":"T\u1ee6 L\u1ea0NH 3 C\u00c1NH HITACHI SG31BPG\/GS &#8211; 305 L\u00edt (B\u1ea1c)"},"content":{"rendered":"<h3 class=\"pd-news-title\">T\u1ee6 L\u1ea0NH 3 C\u00c1NH HITACHI SG31BPG\/GS &#8211; 305 L\u00edt (B\u1ea1c)<\/h3>\n<div class=\"pd-news-content\">\n<p>T\u1ee6 L\u1ea0NH 3 C\u00c1NH HITACHI 305 l\u00edt R-SG31BPG\/GS c\u00f3 thi\u1ebft k\u1ebf g\u1ecdn, b\u1ec1 ngang nh\u1ecf 540 mm th\u00edch h\u1ee3p v\u1edbi kh\u00f4ng gian n\u1ed9i th\u1ea5t v\u1eeba ph\u1ea3i, v\u1edbi ki\u1ec3u d\u00e1ng 3 c\u1eeda kh\u00e1 l\u1ea1 m\u1eaft v\u00e0 r\u1ea5t thu\u1eadn ti\u1ec7n cho ng\u01b0\u1eddi d\u00f9ng khi s\u1eed d\u1ee5ng v\u00e0 khi l\u1ea5y th\u1ef1c ph\u1ea9m b\u1ea1n kh\u00f4ng c\u1ea7n m\u1edf h\u1ebft c\u00e1c c\u1eeda c\u1ee7a t\u1ee7 l\u1ea1nh, \u0111i\u1ec1u n\u00e0y gi\u00fap ti\u1ebft ki\u1ec7m \u0111i\u1ec7n n\u0103ng v\u00e0 kh\u00f4ng cho h\u01a1i l\u1ea1nh b\u1ecb tho\u00e1t ra ngo\u00e0i qu\u00e0 nhi\u1ec1u l\u00e0m \u1ea3nh h\u01b0\u1edfng \u0111\u1ebfn hi\u1ec7u su\u1ea5t l\u00e0m l\u1ea1nh. T\u1ee6 L\u1ea0NH 3 C\u00c1NH HITACHI 305 l\u00edt R-SG31BPG\/GS gi\u00fap b\u1ea3o qu\u1ea3n th\u1ef1c ph\u1ea9m t\u01b0\u01a1i ngon h\u01a1n c\u00f9ng c\u00f4ng ngh\u1ec7 kh\u1eed m\u00f9i, di\u1ec7t khu\u1ea9n Nano Titanium r\u1ea5t hi\u1ec7u qu\u1ea3<\/p>\n<p><img class=\"lazy\" src=\"https:\/\/cdn.mediamart.vn\/Upload\/images\/tulanh3.jpg\" data-original=\"https:\/\/cdn.mediamart.vn\/Upload\/images\/tulanh3.jpg\" \/><\/p>\n<p><strong>T\u1ee6 L\u1ea0NH 305 L\u00cdT<\/strong><\/p>\n<p>T\u1ee6 L\u1ea0NH 3 C\u00c1NH HITACHI 305 l\u00edt R-SG31BPG\/GS l\u00e0 lo\u1ea1i t\u1ee7 l\u1ea1nh 3 c\u1eeda v\u1edbi c\u00f3 ki\u1ec3u d\u00e1ng hi\u1ec7n \u0111\u1ea1i c\u00f9ng ng\u0103n \u0111\u00f4ng n\u1eb1m d\u01b0\u1edbi \u0111\u01b0\u1ee3c thi\u1ebft k\u1ebf d\u1ea1ng k\u00e9o tr\u01b0\u1ee3t r\u1ea5t d\u1ec5 d\u00e0ng v\u00e0 thu\u1eadn ti\u1ec7n cho ng\u01b0\u1eddi d\u00f9ng c\u00f3 th\u1ec3 l\u1ea5y \u0111\u00e1 l\u1ea1nh hay th\u1ecbt, c\u00e1, h\u1ea3i s\u1ea3n t\u01b0\u01a1i ngon, v\u1edbi thi\u1ebft k\u1ebf n\u00e0y b\u1ea1n c\u00f3 th\u1ec3 nhanh ch\u00f3ng l\u1ea5y c\u00e1c th\u1ef1c ph\u1ea9m \u0111\u01b0\u1ee3c \u0111\u1eb7t ph\u00eda trong r\u1ea5t d\u1ec5 d\u00e0ng.<\/p>\n<p><img class=\"lazy\" src=\"https:\/\/cdn.mediamart.vn\/Upload\/images\/tulanh4.jpg\" data-original=\"https:\/\/cdn.mediamart.vn\/Upload\/images\/tulanh4.jpg\" \/><\/p>\n<p><strong>T\u1ee6 L\u1ea0NH INVERTER<\/strong><\/p>\n<p>V\u1edbi 1 chi\u1ebfc t\u1ee7 l\u1ea1nh \u0111\u01b0\u1ee3c trang b\u1ecb \u0111\u1ed9ng c\u01a1 Inverter gi\u00fap ng\u01b0\u1eddi d\u00f9ng b\u1ea3o qu\u1ea3n th\u1ef1c ph\u1ea9m t\u1ed1t h\u01a1n v\u1edbi c\u00f4ng su\u1ea5t ho\u1ea1t \u0111\u1ed9ng \u1ed5n \u0111\u1ecbnh, t\u1ea1o lu\u1ed3ng kh\u00ed l\u1ea1nh nhanh ch\u00f3ng l\u00e0m l\u1ea1nh th\u1ef1c ph\u1ea9m gi\u00fap b\u1ea3o qu\u1ea3n \u0111\u01b0\u1ee3c l\u00e2u h\u01a1n, m\u00e1y n\u00e9n ch\u1ea1y \u00eam, v\u1eadn h\u00e0nh t\u1ed1t gi\u00fap b\u1ea1n ti\u1ebft ki\u1ec7m \u0111\u01b0\u1ee3c chi ph\u00ed b\u1ea3o tr\u00ec, ngo\u00e0i ra v\u1edbi t\u1ee7 l\u1ea1nh Inverter gia \u0111\u00ecnh b\u1ea1n c\u00f2n ti\u1ebft ki\u1ec7m \u0111\u01b0\u1ee3c kho\u1ea3ng chi ph\u00ed \u0111i\u1ec7n n\u0103ng r\u1ea5t hi\u1ec7u qu\u1ea3<\/p>\n<p><img class=\"lazy\" src=\"https:\/\/cdn.mediamart.vn\/Upload\/images\/tulanh2.jpg\" data-original=\"https:\/\/cdn.mediamart.vn\/Upload\/images\/tulanh2.jpg\" \/><\/p>\n<p><strong>C\u1ea2M BI\u1ebeN NHI\u1ec6T ECO<\/strong><\/p>\n<p>C\u1ea3m bi\u1ebfn nhi\u1ec7t Eco c\u1ee7a T\u1ee6 L\u1ea0NH 3 C\u00c1NH HITACHI 305 l\u00edt R-SG31BPG\/GS gi\u00fap b\u1ea3o qu\u1ea3n th\u1ef1c ph\u1ea9m lu\u00f4n t\u01b0\u01a1i ngon v\u1edbi nhi\u1ec7t \u0111\u1ed9 ph\u00f9 h\u1ee3p tr\u00e1nh t\u00ecnh tr\u1ea1ng \u00fang h\u00e9o rau qu\u1ea3 v\u00e0 l\u00e0m h\u01b0 th\u1ef1c ph\u1ea9m. C\u1ea3m bi\u1ebfn ho\u1ea1t \u0111\u1ed9ng tr\u00ean nguy\u00ean l\u00fd nh\u1eadn bi\u1ebft nhi\u1ec7t \u0111\u1ed9 b\u00ean trong v\u00e0 ngo\u00e0i r\u1ed3i t\u1ef1 \u0111\u1ed9ng \u0111i\u1ec1u ch\u1ec9nh nhi\u1ec7t \u0111\u1ed9 l\u00e0m l\u1ea1nh th\u1ef1c ph\u1ea9m cho ph\u00f9 h\u1ee3p.<\/p>\n<p><img class=\"lazy\" src=\"https:\/\/cdn.mediamart.vn\/Upload\/images\/tulanh5.jpg\" data-original=\"https:\/\/cdn.mediamart.vn\/Upload\/images\/tulanh5.jpg\" \/><\/p>\n<p><strong>C\u00d4NG NGH\u1ec6 AIR JET FLOW\u00a0<\/strong><\/p>\n<p>C\u00f4ng ngh\u1ec7 Air Jet Flow gi\u00fap l\u00e0m l\u1ea1nh nhanh ch\u00f3ng v\u00e0 hi\u1ec7u qu\u1ea3 nh\u1edd v\u00e0o c\u00e1c c\u1eeda tho\u00e1t gi\u00f3 \u0111\u01b0\u1ee3c \u0111\u1eb7t \u1edf c\u00e1c v\u1ecb tr\u00ed thu\u1eadn ti\u1ec7n gi\u00fap lu\u1ed3ng kh\u00f4ng kh\u00ed l\u1ea1nh lan t\u1ecfa nhanh v\u00e0 \u0111\u1ec1u kh\u1eafp m\u1ecdi n\u01a1i b\u00ean trong t\u1ee7 l\u1ea1nh m\u00e0 kh\u00f4ng b\u1ecb c\u1ea3n tr\u1edf, nh\u1edd c\u00f4ng ngh\u1ec7 n\u00e0y gi\u00fap ng\u01b0\u1eddi d\u00f9ng b\u1ea3o qu\u1ea3n th\u1ef1c ph\u1ea9m trong T\u1ee6 L\u1ea0NH 3 C\u00c1NH HITACHI 305 l\u00edt R-SG31BPG\/GS lu\u00f4n \u0111\u01b0\u1ee3c t\u01b0\u01a1i ngon v\u00e0 nh\u01b0 v\u1eeba m\u1edbi mua t\u1eeb ch\u1ee3 v\u1ec1. Nh\u1edd \u0111\u00f3, d\u00f9 c\u00f3 b\u1ecb \u0111\u1ed9t ng\u1ed9t c\u00fap \u0111i\u1ec7n th\u00ec khi kh\u1edfi \u0111\u1ed9ng l\u1ea1i, t\u1ee7 l\u1ea1nh c\u0169ng nhanh ch\u00f3ng \u0111\u1ea1t \u0111\u1ebfn \u0111\u1ed9 l\u1ea1nh c\u1ea7n thi\u1ebft \u0111\u1ec3 \u0111\u1ea3m b\u1ea3o th\u1ef1c ph\u1ea9m kh\u00f4ng b\u1ecb h\u01b0.<\/p>\n<p><img class=\"lazy\" src=\"https:\/\/cdn.mediamart.vn\/Upload\/images\/tulanh1.jpg\" data-original=\"https:\/\/cdn.mediamart.vn\/Upload\/images\/tulanh1.jpg\" \/><\/p>\n<p><strong>KH\u00c1NG KHU\u1ea8N, KH\u1eec M\u00d9I HI\u1ec6U QU\u1ea2<\/strong><\/p>\n<p>T\u1ee6 L\u1ea0NH 3 C\u00c1NH HITACHI 305 l\u00edt R-SG31BPG\/GS \u00e1p d\u1ee5ng c\u00f4ng ngh\u1ec7 di\u1ec7t vi khu\u1ea9n v\u00e0 kh\u1eed m\u00f9i Nano Titanium t\u00e2n ti\u1ebfn \u0111\u1ec3 lo\u1ea1i b\u1ecf ho\u00e0n to\u00e0n n\u1ea5m m\u1ed1c, b\u1ee5i b\u1ea9n, ti\u00eau di\u1ec7t vi khu\u1ea9n gi\u00fap t\u1ea1o lu\u1ed3ng kh\u00f4ng kh\u00ed trong l\u00e0nh v\u00e0 s\u1ea1ch khu\u1ea9n \u0111\u1ec3 b\u1ea3o qu\u1ea3n th\u1ef1c ph\u1ea9m t\u1ed1t h\u01a1n, cho ph\u00e9p b\u1ea1n s\u1eed d\u1ee5ng trong nhi\u1ec1u ng\u00e0y m\u00e0 kh\u00f4ng lo th\u1ef1c ph\u1ea9m h\u01b0 h\u1ecfng<\/p>\n<p><img class=\"lazy\" src=\"https:\/\/cdn.mediamart.vn\/Upload\/images\/tulanh6.jpg\" data-original=\"https:\/\/cdn.mediamart.vn\/Upload\/images\/tulanh6.jpg\" \/><\/p>\n<p><strong>\u0110\u1ec6M C\u1eecA CH\u1ed0NG M\u1ed0C<\/strong><\/p>\n<p>Trong qu\u00e1 tr\u00ecnh s\u1eed d\u1ee5ng t\u1ee7 l\u1ea1nh th\u00ec \u0111\u1ec7m c\u1eeda r\u1ea5t d\u1ec5 b\u1ecb b\u00e1m b\u1ea9n v\u00e0 kh\u00f3 v\u1ec7 sinh v\u00ec th\u1ebf h\u00e3ng Hitachi \u0111\u00e3 trang b\u1ecb \u0111\u00eam c\u1eeda c\u00f3 kh\u1ea3 n\u0103ng ch\u1ed1ng m\u1ed1c r\u1ea5t hi\u1ec7u qu\u1ea3 gi\u00fap t\u1ee7 l\u1ea1nh lu\u00f4n s\u1ea1ch s\u1ebd v\u00e0 ch\u1ed1ng b\u00e1m vi khu\u1ea9n t\u1ed1t.<\/p>\n<\/div>\n<p>&nbsp;<\/p>\n<p>&nbsp;<\/p>\n","protected":false},"excerpt":{"rendered":"<p>&#8211; Lo\u1ea1i t\u1ee7: 3 c\u1eeda<br \/>\n&#8211; Dung t\u00edch: 305 l\u00edt\/ C\u00f4ng su\u1ea5t 145 &#8211; 150W<br \/>\n&#8211; K\u00edch th\u01b0\u1edbc 540 x 615 x 1.798 mm<br \/>\n&#8211; Kh\u1eed m\u00f9i di\u1ec7t khu\u1ea9n: Nano Titanium<\/p>\n<p>&nbsp;<\/p>\n","protected":false},"featured_media":1885,"comment_status":"open","ping_status":"closed","template":"","meta":[],"_links":{"self":[{"href":"http:\/\/maudep.com.vn\/chuyengiadienmay\/index.php?rest_route=\/wp\/v2\/product\/1883"}],"collection":[{"href":"http:\/\/maudep.com.vn\/chuyengiadienmay\/index.php?rest_route=\/wp\/v2\/product"}],"about":[{"href":"http:\/\/maudep.com.vn\/chuyengiadienmay\/index.php?rest_route=\/wp\/v2\/types\/product"}],"replies":[{"embeddable":true,"href":"http:\/\/maudep.com.vn\/chuyengiadienmay\/index.php?rest_route=%2Fwp%2Fv2%2Fcomments&post=1883"}],"wp:featuredmedia":[{"embeddable":true,"href":"http:\/\/maudep.com.vn\/chuyengiadienmay\/index.php?rest_route=\/wp\/v2\/media\/1885"}],"wp:attachment":[{"href":"http:\/\/maudep.com.vn\/chuyengiadienmay\/index.php?rest_route=%2Fwp%2Fv2%2Fmedia&parent=1883"}],"curies":[{"name":"wp","href":"https:\/\/api.w.org\/{rel}","templated":true}]}}