{"id":1899,"date":"2018-12-31T16:12:38","date_gmt":"2018-12-31T09:12:38","guid":{"rendered":"http:\/\/maudep.com.vn\/chuyengiadienmay\/?post_type=product&#038;p=1899"},"modified":"2018-12-31T16:12:38","modified_gmt":"2018-12-31T09:12:38","slug":"tu-lanh-mitsubishi-electric-mr-fv28ej-br-v-231-lit","status":"publish","type":"product","link":"http:\/\/maudep.com.vn\/chuyengiadienmay\/?product=tu-lanh-mitsubishi-electric-mr-fv28ej-br-v-231-lit","title":{"rendered":"T\u1ee7 l\u1ea1nh Mitsubishi Electric MR-FV28EJ-BR-V &#8211; 231 L\u00edt"},"content":{"rendered":"<h3 class=\"pd-news-title\">T\u1ee7 l\u1ea1nh Mitsubishi Electric MR-FV28EJ-BR-V &#8211; 231 L\u00edt<\/h3>\n<div class=\"pd-news-content\">\n<p><strong>Thi\u1ebft k\u1ebf \u0111\u1eb9p m\u1eaft v\u00e0 sang tr\u1ecdng<\/strong><\/p>\n<p>S\u1edf h\u1eefu v\u1ebb ngo\u00e0i ti\u1ec7n d\u1ee5ng v\u1edbi l\u1edbp v\u1ecf \u0111\u01b0\u1ee3c l\u00e0m t\u1eeb h\u1ee3p kim chrome, t\u1ee7 l\u1ea1nh Mitsubishi Electric MR-FV28EJ-BR-V\u00a0kh\u00f4ng ch\u1ec9 t\u1ea1o n\u00ean s\u1ef1 hi\u1ec7n \u0111\u1ea1i v\u00e0 c\u00f2n ph\u00f9 h\u1ee3p v\u1edbi m\u1ecdi c\u0103n b\u1ebfp.<\/p>\n<p><img class=\"lazy\" src=\"https:\/\/cdn.mediamart.vn\/Upload\/download\/2016-11\/mrfv28ejbrv-8Q72p5.jpg\" data-original=\"https:\/\/cdn.mediamart.vn\/Upload\/download\/2016-11\/mrfv28ejbrv-8Q72p5.jpg\" \/><\/p>\n<p><strong>C\u00f4ng ngh\u1ec7 l\u00e0m l\u1ea1nh b\u1eb1ng qu\u1ea1t k\u00e9p<\/strong><\/p>\n<p>V\u1edbi c\u00f4ng ngh\u1ec7 l\u00e0m l\u1ea1nh b\u1eb1ng qu\u1ea1t k\u00e9p, t\u1ee7 l\u1ea1nh Mitsubishi Electric MR-FV28EJ-BR-V s\u1ebd l\u00e0m l\u1ea1nh t\u1ed1i \u01b0u, nhanh h\u01a1n v\u00e0 m\u1ea1nh h\u01a1n \u0111\u1ec3 t\u1ea1o nhi\u1ec7t \u0111\u1ed9 l\u01b0u tr\u1eef th\u1ef1c ph\u1ea9m th\u00edch h\u1ee3p, gi\u00fap th\u1ee9c \u0103n \u0111\u01b0\u1ee3c b\u1ea3o qu\u1ea3n l\u00e2u h\u01a1n.<\/p>\n<p><img class=\"lazy\" src=\"https:\/\/cdn.mediamart.vn\/Upload\/download\/2016-11\/mrfv28ejbrv-Hq06As.jpg\" data-original=\"https:\/\/cdn.mediamart.vn\/Upload\/download\/2016-11\/mrfv28ejbrv-Hq06As.jpg\" \/><\/p>\n<p><strong>Kh\u1eed m\u00f9i v\u00e0 kh\u00e1ng khu\u1ea9n \u01b0u vi\u1ec7t<\/strong><\/p>\n<p>T\u1ee7 l\u1ea1nh Mitsubishi Electric MR-FV28EJ-BR-V c\u00f3 c\u00f4ng ngh\u1ec7 kh\u1eed m\u00f9i b\u1eb1ng h\u1ec7 th\u1ed1ng b\u1ed9 l\u1ecdc Carbon, k\u1ebft h\u1ee3p v\u1edbi lu\u1ed3ng kh\u00ed l\u1ea1nh \u0111a chi\u1ec1u l\u1ecdc s\u1ea1ch vi khu\u1ea9n, n\u1ea5m m\u1ed1c,\u2026 \u0110\u1ed3ng th\u1eddi kh\u1eed m\u00f9i, gi\u00fap cho chi\u1ebfc t\u1ee7 l\u1ea1nh nh\u00e0 b\u1ea1n \u0111\u01b0\u1ee3c trong l\u00e0nh.<\/p>\n<p><img class=\"lazy\" src=\"https:\/\/cdn.mediamart.vn\/Upload\/download\/2016-11\/mrfv28ejbrv-Qkk8gM.jpg\" data-original=\"https:\/\/cdn.mediamart.vn\/Upload\/download\/2016-11\/mrfv28ejbrv-Qkk8gM.jpg\" \/><\/p>\n<p><strong>Neuro Inverter \u2013 b\u1ed9 n\u00e3o th\u00f4ng minh<\/strong><\/p>\n<p>C\u00f4ng ngh\u1ec7 Neuro Inverter\u00a0c\u1ee7a t\u1ee7 l\u1ea1nh Mitsubishi Electric MR-FV28EJ-BR-V \u0111\u01b0\u1ee3c v\u00ed nh\u01b0 l\u00e0 b\u1ed9 n\u00e3o th\u00f4ng minh, v\u1edbi kh\u1ea3 n\u0103ng ghi nh\u1edb th\u00f3i quen c\u1ee7a ng\u01b0\u1eddi d\u00f9ng, \u0111i\u1ec1u ch\u1ec9nh nhi\u1ec7t \u0111\u1ed9 d\u1ef1a tr\u00ean s\u1ef1 nh\u1eadn bi\u1ebft thay \u0111\u1ed5i nhi\u1ec7t \u0111\u1ed9, t\u1eeb \u0111\u00f3 ti\u1ebft ki\u1ec7m ph\u1ea7n l\u1edbn \u0111i\u1ec7n n\u0103ng b\u1ecb l\u00e3ng ph\u00ed.<\/p>\n<p><img class=\"lazy\" src=\"https:\/\/cdn.mediamart.vn\/Upload\/download\/2016-11\/mrfv28ejbrv-W11dTz.jpg\" data-original=\"https:\/\/cdn.mediamart.vn\/Upload\/download\/2016-11\/mrfv28ejbrv-W11dTz.jpg\" \/><\/p>\n<p><strong>Ng\u0103n rau qu\u1ea3 ti\u1ec7n \u00edch<\/strong><\/p>\n<p>Kh\u00f4ng ch\u1ec9 gi\u1eef cho \u0111\u1ed9 \u1ea9m lu\u00f4n ph\u00f9 h\u1ee3p, t\u1ee7 l\u1ea1nh Mitsubishi Electric MR-FV28EJ-BR-V c\u00f2n c\u00f3 ng\u0103n rau qu\u1ea3 c\u00f3 th\u1ec3 cung c\u1ea5p Vitamin C nh\u1edd h\u1ec7 th\u1ed1ng \u0111\u00e8n gi\u1ea3 l\u1eadp \u00e1nh s\u00e1ng m\u1eb7t tr\u1eddi, t\u1ea1o th\u1eddi gian b\u1ea3o qu\u1ea3n rau qu\u1ea3 t\u01b0\u01a1i l\u00e2u h\u01a1n.<\/p>\n<p><img class=\"lazy\" src=\"https:\/\/cdn.mediamart.vn\/Upload\/download\/2016-11\/mrfv28ejbrv-i8Cyjm.jpg\" data-original=\"https:\/\/cdn.mediamart.vn\/Upload\/download\/2016-11\/mrfv28ejbrv-i8Cyjm.jpg\" \/><\/p>\n<p><strong>Th\u00e0nh t\u1ee7 v\u00e0 \u0111\u1ec7m cao su kh\u00e1ng khu\u1ea9n<\/strong><\/p>\n<p>\u0110\u1eb7c bi\u1ec7t, t\u1ee7 l\u1ea1nh Mitsubishi Electric MR-FV28EJ-BR-V c\u00f2n c\u00f3 th\u00e0nh t\u1ee7 v\u00e0 \u0111\u1ec7m cao su kh\u00e1ng khu\u1ea9n, ng\u0103n ch\u1eb7n vi khu\u1ea9n x\u00e2m nh\u1eadp. \u0110\u1ec7m cao su c\u00f2n c\u00f3 ch\u1ee9c n\u0103ng gi\u1ea3m thi\u1ec3u h\u01a1i l\u1ea1nh tho\u00e1t ra b\u00ean ngo\u00e0i.<\/p>\n<h3><strong>Cam k\u1ebft ch\u1ea5t l\u01b0\u1ee3ng &#8211; B\u1ea3o h\u00e0nh d\u00e0i l\u00e2u<\/strong><\/h3>\n<p>S\u1ea3n ph\u1ea9m \u0111\u01b0\u1ee3c B\u1ea3o h\u00e0nh 2 n\u0103m cho to\u00e0n b\u1ed9 th\u00e2n m\u00e1y &amp; B\u1ea3o h\u00e0nh \u0110\u1eb7c bi\u1ec7t 10 n\u0103m cho M\u00e1y n\u00e9n Inverter (*)<\/p>\n<p><img class=\"lazy\" src=\"https:\/\/cdn.mediamart.vn\/Upload\/images\/2018\/Thang04\/tu-lanh\/warranty-mitsubishi-electric.png\" data-original=\"https:\/\/cdn.mediamart.vn\/Upload\/images\/2018\/Thang04\/tu-lanh\/warranty-mitsubishi-electric.png\" \/><\/p>\n<\/div>\n","protected":false},"excerpt":{"rendered":"<p>&#8211; T\u1ee7 l\u1ea1nh 2 c\u00e1nh, dung t\u00edch 231L<br \/>\n&#8211; H\u1ec7 th\u1ed1ng l\u00e0m l\u1ea1nh \u0111a chi\u1ec1u<br \/>\n&#8211; Kh\u1eed m\u00f9i di\u1ec7t khu\u1ea9n Active Vio<br \/>\n&#8211; C\u00f4ng ngh\u1ec7 Neuro Inverter ti\u1ebft ki\u1ec7m \u0111i\u1ec7n k\u1ebft h\u1ee3p kh\u1ea3 n\u0103ng ghi nh\u1edb &amp; t\u1ef1 \u0111\u1ed9ng \u0111i\u1ec1u<\/p>\n<p>&nbsp;<\/p>\n","protected":false},"featured_media":1902,"comment_status":"open","ping_status":"closed","template":"","meta":[],"_links":{"self":[{"href":"http:\/\/maudep.com.vn\/chuyengiadienmay\/index.php?rest_route=\/wp\/v2\/product\/1899"}],"collection":[{"href":"http:\/\/maudep.com.vn\/chuyengiadienmay\/index.php?rest_route=\/wp\/v2\/product"}],"about":[{"href":"http:\/\/maudep.com.vn\/chuyengiadienmay\/index.php?rest_route=\/wp\/v2\/types\/product"}],"replies":[{"embeddable":true,"href":"http:\/\/maudep.com.vn\/chuyengiadienmay\/index.php?rest_route=%2Fwp%2Fv2%2Fcomments&post=1899"}],"wp:featuredmedia":[{"embeddable":true,"href":"http:\/\/maudep.com.vn\/chuyengiadienmay\/index.php?rest_route=\/wp\/v2\/media\/1902"}],"wp:attachment":[{"href":"http:\/\/maudep.com.vn\/chuyengiadienmay\/index.php?rest_route=%2Fwp%2Fv2%2Fmedia&parent=1899"}],"curies":[{"name":"wp","href":"https:\/\/api.w.org\/{rel}","templated":true}]}}