{"id":1906,"date":"2018-12-31T16:24:02","date_gmt":"2018-12-31T09:24:02","guid":{"rendered":"http:\/\/maudep.com.vn\/chuyengiadienmay\/?post_type=product&#038;p=1906"},"modified":"2018-12-31T16:24:02","modified_gmt":"2018-12-31T09:24:02","slug":"tu-lanh-mitsubishi-206l-mr-fv24em-br-v","status":"publish","type":"product","link":"http:\/\/maudep.com.vn\/chuyengiadienmay\/?product=tu-lanh-mitsubishi-206l-mr-fv24em-br-v","title":{"rendered":"T\u1ee7 l\u1ea1nh Mitsubishi 206L MR-FV24EM-BR-V"},"content":{"rendered":"<h3 class=\"pd-news-title\">T\u1ee7 l\u1ea1nh Mitsubishi 206L MR-FV24EM-BR-V<\/h3>\n<div class=\"pd-news-content\">\n<p><img class=\"lazy\" src=\"https:\/\/cdn.mediamart.vn\/Upload\/download\/2018-11-News\/Qc60ksWV3wOmYs6.jpg\" data-original=\"https:\/\/cdn.mediamart.vn\/Upload\/download\/2018-11-News\/Qc60ksWV3wOmYs6.jpg\" \/><\/p>\n<p><strong>Thi\u1ebft k\u1ebf m\u1edbi, sang tr\u1ecdng<\/strong><\/p>\n<p>T\u1ee7 l\u1ea1nh Mitsubishi Electric 206 l\u00edt MR-FV24EM-BR-V\u00a0\u1ea5n t\u01b0\u1ee3ng v\u1edbi v\u1ebb ngo\u00e0i m\u00e0u n\u00e2u s\u00e1ng sang tr\u1ecdng, ch\u1eafc ch\u1eafn s\u1ebd ph\u00f9 h\u1ee3p v\u1edbi kh\u00f4ng gian b\u1ebfp nh\u00e0 b\u1ea1n. Dung t\u00edch\u00a0206 l\u00edt\u00a0\u0111\u00e1p \u1ee9ng hi\u1ec7u qu\u1ea3 l\u01b0u tr\u1eef th\u1ef1c ph\u1ea9m c\u1ee7a nh\u1eefng gia \u0111\u00ecnh c\u00f3 t\u1eeb 3 &#8211; 5 ng\u01b0\u1eddi.<\/p>\n<p><img class=\"lazy\" src=\"https:\/\/cdn.mediamart.vn\/Upload\/download\/2018-11-News\/vP8abLYICQPUAVn.jpg\" data-original=\"https:\/\/cdn.mediamart.vn\/Upload\/download\/2018-11-News\/vP8abLYICQPUAVn.jpg\" \/><\/p>\n<p><strong>T\u1ee7 l\u1ea1nh Inverter\u00a0ti\u1ebft ki\u1ec7m \u0111i\u1ec7n h\u01a1n nh\u1edd c\u00f4ng ngh\u1ec7 Neuro Inverter<\/strong><\/p>\n<p>Neuro Inverter\u00a0l\u00e0 c\u00f4ng ngh\u1ec7 ti\u1ebft ki\u1ec7m n\u0103ng l\u01b0\u1ee3ng h\u00e0ng \u0111\u1ea7u c\u1ee7a\u00a0Mitsubishi Electric. C\u00f4ng ngh\u1ec7 n\u00e0y c\u00f3 kh\u1ea3 n\u0103ng \u0111i\u1ec1u ch\u1ec9nh l\u01b0\u1ee3ng nhi\u1ec7t ph\u00f9 h\u1ee3p v\u1edbi th\u00f3i quen s\u1eed d\u1ee5ng\u00a0t\u1ee7 l\u1ea1nh\u00a0c\u1ee7a gia \u0111\u00ecnh b\u1ea1n. Nh\u1edd \u0111\u00f3, gi\u00fap ti\u1ebft ki\u1ec7m \u0111i\u1ec7n n\u0103ng l\u00ean \u0111\u1ebfn 45% so v\u1edbi th\u00f4ng th\u01b0\u1eddng.<\/p>\n<p><img class=\"lazy\" src=\"https:\/\/cdn.mediamart.vn\/Upload\/download\/2018-11-News\/sKIuZ2cW6jT1Mjs.jpg\" data-original=\"https:\/\/cdn.mediamart.vn\/Upload\/download\/2018-11-News\/sKIuZ2cW6jT1Mjs.jpg\" \/><\/p>\n<p><strong>Kh\u00e1ng khu\u1ea9n kh\u1eed m\u00f9i \u0111\u1ea3m b\u1ea3o an to\u00e0n th\u1ef1c ph\u1ea9m<\/strong><\/p>\n<p>T\u1ee7 l\u1ea1nh \u0111\u01b0\u1ee3c thi\u1ebft k\u1ebf\u00a0th\u00e0nh t\u1ee7 kh\u00e1ng khu\u1ea9n ph\u00e2n t\u1eed b\u1ea1c\u00a0gi\u00fap ng\u0103n ng\u1eeba v\u00e0 lo\u1ea1i b\u1ecf ho\u00e0n to\u00e0n vi khu\u1ea9n b\u00ean trong t\u1ee7 l\u1ea1nh. K\u1ebft h\u1ee3p v\u1edbi b\u1ed9 l\u1ecdc Cacbon ho\u1ea1t t\u00ednh l\u1ecdc s\u1ea1ch vi khu\u1ea9n v\u00e0 nh\u1eefng m\u00f9i h\u00f4i kh\u00f3 ch\u1ecbu, \u0111\u1ea3m b\u1ea3o th\u1ef1c ph\u1ea9m kh\u00f4ng b\u1ecb l\u1eabn m\u00f9i \u0111\u1ec3 mang \u0111\u1ebfn b\u1eefa \u0103n t\u01b0\u01a1i ngon dinh d\u01b0\u1ee1ng, \u0111\u1ea3m b\u1ea3o s\u1ee9c kh\u1ecfe cho c\u00e1c th\u00e0nh vi\u00ean trong gia \u0111\u00ecnh.<\/p>\n<p><img class=\"lazy\" src=\"https:\/\/cdn.mediamart.vn\/Upload\/download\/2018-11-News\/GwCui0OF8jqbQKj.jpg\" data-original=\"https:\/\/cdn.mediamart.vn\/Upload\/download\/2018-11-News\/GwCui0OF8jqbQKj.jpg\" \/><\/p>\n<p><strong>Ng\u0103n rau c\u1ee7 t\u1ea1o vitamin qua quang h\u1ee3p<\/strong><\/p>\n<p>B\u1eb1ng c\u00e1ch gi\u1ea3 l\u1eadp \u00e1nh s\u00e1ng m\u1eb7t tr\u1eddi b\u1edfi ngu\u1ed3n s\u00e1ng t\u1eeb \u0111\u00e8n LED,\u00a0ng\u0103n rau c\u1ee7 t\u1ea1o vitamin qua qu\u00e1 tr\u00ecnh quang h\u1ee3p. Nh\u1edd ch\u1ee9c n\u0103ng n\u00e0y, rau c\u1ee7 s\u1ebd \u0111\u01b0\u1ee3c b\u1ea3o qu\u1ea3n t\u1ed1i \u01b0u h\u01a1n, gi\u1ea3m l\u01b0\u1ee3ng \u0111\u01b0\u1eddng ph\u00e1t sinh \u0111\u1ec3 gi\u1eef t\u01b0\u01a1i l\u00e2u h\u01a1n. \u0110\u1ed3ng th\u1eddi, t\u0103ng l\u01b0\u1ee3ng vitamin C c\u00f3 trong rau c\u1ee7 mang \u0111\u1ebfn th\u1ef1c ph\u1ea9m dinh d\u01b0\u1ee1ng h\u01a1n cho ng\u01b0\u1eddi d\u00f9ng.<\/p>\n<p><img class=\"lazy\" src=\"https:\/\/cdn.mediamart.vn\/Upload\/download\/2018-11-News\/Rauerg9Ol2cCHsR.jpg\" data-original=\"https:\/\/cdn.mediamart.vn\/Upload\/download\/2018-11-News\/Rauerg9Ol2cCHsR.jpg\" \/><\/p>\n<p><strong>Khay k\u1ec7 k\u00ednh ch\u1ecbu l\u1ef1c b\u1ec1n b\u1ec9<\/strong><\/p>\n<p>Khay k\u1ec7 tr\u00ean\u00a0t\u1ee7 l\u1ea1nh Mitsubishi Electric Inverter\u00a0n\u00e0y \u0111\u01b0\u1ee3c thi\u1ebft k\u1ebf r\u1ed9ng r\u00e3i v\u00e0 \u0111\u01b0\u1ee3c l\u00e0m t\u1eeb k\u00ednh ch\u1ecbu l\u1ef1c. V\u00ec v\u1eady, b\u1ea1n c\u00f3 th\u1ec3 tho\u1ea3i m\u00e1i \u0111\u1eb7t th\u1ef1c ph\u1ea9m m\u00e0 kh\u00f4ng c\u1ea7n ph\u1ea3i b\u1eadn t\u00e2m v\u1ec1 tr\u1ecdng l\u01b0\u1ee3ng c\u1ee7a ch\u00fang. B\u00ean c\u1ea1nh \u0111\u00f3, thi\u1ebft k\u1ebf n\u00e0y c\u00f2n gi\u00fap b\u1ea1n d\u1ec5 d\u00e0ng lau ch\u00f9i, v\u1ec7 sinh ng\u0103n k\u1ec7 m\u00e0 kh\u00f4ng lo k\u00ednh v\u1ee1.<\/p>\n<p><img class=\"lazy\" src=\"https:\/\/cdn.mediamart.vn\/Upload\/download\/2018-11-News\/Y2H3ZVxZ4STzjTv.jpg\" data-original=\"https:\/\/cdn.mediamart.vn\/Upload\/download\/2018-11-News\/Y2H3ZVxZ4STzjTv.jpg\" \/><\/p>\n<\/div>\n","protected":false},"excerpt":{"rendered":"<p>C\u00f4ng ngh\u1ec7 Neuro Inverter ti\u1ebft ki\u1ec7m \u0111\u1ebfn 45% \u0111i\u1ec7n n\u0103ng.<\/p>\n<p>B\u1ed9 l\u1ecdc Cacbon ho\u1ea1t t\u00ednh kh\u00e1ng khu\u1ea9n kh\u1eed m\u00f9i t\u1ed1i \u01b0u.<\/p>\n<p>Ng\u0103n rau c\u1ee7 t\u1ea1o vitamin qua quang h\u1ee3p gi\u1eef t\u01b0\u01a1i th\u1ef1c ph\u1ea9m l\u00e2u h\u01a1n.<\/p>\n<p>M\u00e1y n\u00e9n b\u1ea3o h\u00e0nh 10 n\u0103m.<\/p>\n<p>&nbsp;<\/p>\n","protected":false},"featured_media":1908,"comment_status":"open","ping_status":"closed","template":"","meta":[],"_links":{"self":[{"href":"http:\/\/maudep.com.vn\/chuyengiadienmay\/index.php?rest_route=\/wp\/v2\/product\/1906"}],"collection":[{"href":"http:\/\/maudep.com.vn\/chuyengiadienmay\/index.php?rest_route=\/wp\/v2\/product"}],"about":[{"href":"http:\/\/maudep.com.vn\/chuyengiadienmay\/index.php?rest_route=\/wp\/v2\/types\/product"}],"replies":[{"embeddable":true,"href":"http:\/\/maudep.com.vn\/chuyengiadienmay\/index.php?rest_route=%2Fwp%2Fv2%2Fcomments&post=1906"}],"wp:featuredmedia":[{"embeddable":true,"href":"http:\/\/maudep.com.vn\/chuyengiadienmay\/index.php?rest_route=\/wp\/v2\/media\/1908"}],"wp:attachment":[{"href":"http:\/\/maudep.com.vn\/chuyengiadienmay\/index.php?rest_route=%2Fwp%2Fv2%2Fmedia&parent=1906"}],"curies":[{"name":"wp","href":"https:\/\/api.w.org\/{rel}","templated":true}]}}