{"id":1909,"date":"2018-12-31T16:30:36","date_gmt":"2018-12-31T09:30:36","guid":{"rendered":"http:\/\/maudep.com.vn\/chuyengiadienmay\/?post_type=product&#038;p=1909"},"modified":"2018-12-31T16:30:36","modified_gmt":"2018-12-31T09:30:36","slug":"tu-lanh-mitsubishi-206l-mr-fv24em-ps-v","status":"publish","type":"product","link":"http:\/\/maudep.com.vn\/chuyengiadienmay\/?product=tu-lanh-mitsubishi-206l-mr-fv24em-ps-v","title":{"rendered":"T\u1ee7 l\u1ea1nh Mitsubishi 206L MR-FV24EM-PS-V"},"content":{"rendered":"<h3 class=\"pd-news-title\">T\u1ee7 l\u1ea1nh Mitsubishi 206L MR-FV24EM-PS-V<\/h3>\n<div class=\"pd-news-content\">\n<p><img class=\"lazy\" src=\"https:\/\/cdn.mediamart.vn\/Upload\/download\/2018-11-News\/5jiN9v7peV5k785.jpg\" data-original=\"https:\/\/cdn.mediamart.vn\/Upload\/download\/2018-11-News\/5jiN9v7peV5k785.jpg\" \/><\/p>\n<p><strong>T\u1ee7 l\u1ea1nh hi\u1ec7n \u0111\u1ea1i v\u00e0 ti\u1ec7n d\u1ee5ng<\/strong><\/p>\n<p>T\u1ee7 l\u1ea1nh Mitsubishi Electric MR-FV24J-PS-V\u00a0c\u00f3 thi\u1ebft k\u1ebf hi\u1ec7n \u0111\u1ea1i v\u00e0 g\u1ecdn g\u00e0ng, v\u1ecf ngo\u00e0i m\u00e0u kim lo\u1ea1i d\u1ec5 lau ch\u00f9i, ti\u1ec7n d\u1ee5ng. Dung t\u00edch\u00a0204 l\u00edt\u00a0c\u1ee7a chi\u1ebfc\u00a0t\u1ee7 l\u1ea1nh Mitsubishi Electric\u00a0n\u00e0y gi\u00fap cho n\u00f3 ph\u00f9 h\u1ee3p v\u1edbi nh\u1eefng gia \u0111\u00ecnh c\u00f3 t\u1eeb 3 \u0111\u1ebfn 5 th\u00e0nh vi\u00ean.<\/p>\n<p><img class=\"lazy\" src=\"https:\/\/cdn.mediamart.vn\/Upload\/download\/2018-11-News\/otVbKZ6VA4521Wq.jpg\" data-original=\"https:\/\/cdn.mediamart.vn\/Upload\/download\/2018-11-News\/otVbKZ6VA4521Wq.jpg\" \/><\/p>\n<p><strong>L\u00e0m l\u1ea1nh \u0111a chi\u1ec1u hi\u1ec7u qu\u1ea3 cao<\/strong><\/p>\n<p>C\u00f4ng ngh\u1ec7 l\u00e0m l\u1ea1nh \u0111a chi\u1ec1u c\u1ee7a t\u1ee7 l\u1ea1nh Mitsubishi Electric MR-FV24J-PS-V \u0111em l\u1ea1i kh\u1ea3 n\u0103ng l\u00e0m l\u1ea1nh hi\u1ec7u qu\u1ea3, gi\u1eef th\u1ef1c ph\u1ea9m \u0111\u01b0\u1ee3c l\u00e0m l\u1ea1nh \u0111\u1ed3ng \u0111\u1ec1u \u1edf nhi\u1ec7t \u0111\u1ed9 th\u00edch h\u1ee3p. Nh\u1edd \u0111\u00f3, th\u1ee9c \u0103n s\u1ebd \u0111\u01b0\u1ee3c b\u1ea3o qu\u1ea3n l\u00e2u h\u01a1n m\u00e0 v\u1eabn t\u01b0\u01a1i ngon.<\/p>\n<p><img class=\"lazy\" src=\"https:\/\/cdn.mediamart.vn\/Upload\/download\/2018-11-News\/iO2XOYBjestPoK2.jpg\" data-original=\"https:\/\/cdn.mediamart.vn\/Upload\/download\/2018-11-News\/iO2XOYBjestPoK2.jpg\" \/><\/p>\n<p><strong>Di\u1ec7t khu\u1ea9n kh\u1eed m\u00f9i v\u1edbi Carbon ho\u1ea1t t\u00ednh<\/strong><\/p>\n<p>H\u1ec7 th\u1ed1ng kh\u1eed m\u00f9i b\u1eb1ng b\u1ed9 l\u1ecdc Carbon ho\u1ea1t t\u00ednh k\u1ebft h\u1ee3p v\u1edbi lu\u1ed3ng kh\u00ed l\u1ea1nh \u0111a chi\u1ec1u ng\u0103n ch\u1eb7n s\u1ef1 ph\u00e1t tri\u1ec3n c\u1ee7a vi khu\u1ea9n, t\u0103ng c\u01b0\u1eddng \u0111\u1ed9 \u1ea9m gi\u00fap b\u1ea3o qu\u1ea3n th\u1ef1c ph\u1ea9m \u0111\u01b0\u1ee3c l\u00e2u h\u01a1n.<\/p>\n<p><img class=\"lazy\" src=\"https:\/\/cdn.mediamart.vn\/Upload\/download\/2018-11-News\/F38Pii5Dd46niBS.jpg\" data-original=\"https:\/\/cdn.mediamart.vn\/Upload\/download\/2018-11-News\/F38Pii5Dd46niBS.jpg\" \/><\/p>\n<p><strong>\u0110\u1ec7m c\u1eeda v\u00e0 th\u00e0nh t\u1ee7 kh\u00e1ng khu\u1ea9n<\/strong><\/p>\n<p>V\u1edbi \u0111\u1ec7m c\u1eeda v\u00e0 th\u00e0nh t\u1ee7 kh\u00e1ng khu\u1ea9n, t\u1ee7 l\u1ea1nh Mitsubishi Electric MR-FV24J-PS-V t\u1ea1o ra l\u1edbp b\u1ea3o v\u1ec7, ng\u0103n ch\u1eb7n s\u1ef1 x\u00e2m l\u0103ng c\u1ee7a c\u00e1c nh\u00e2n t\u1ed1 g\u00e2y h\u1ea1i n\u00e0y v\u00e0o t\u1ee7 l\u1ea1nh. M\u1ecdi th\u1ef1c ph\u1ea9m s\u1ebd \u0111\u01b0\u1ee3c b\u1ea3o qu\u1ea3n trong \u0111i\u1ec1u ki\u1ec7n t\u1ed1t nh\u1ea5t.<\/p>\n<p><img class=\"lazy\" src=\"https:\/\/cdn.mediamart.vn\/Upload\/download\/2018-11-News\/G138pm953sb8al6.jpg\" data-original=\"https:\/\/cdn.mediamart.vn\/Upload\/download\/2018-11-News\/G138pm953sb8al6.jpg\" \/><\/p>\n<p><strong>Nh\u00e0 m\u00e1y Vitamin v\u00e0 ki\u1ec3m so\u00e1t \u0111\u1ed9 \u1ea9m ti\u00ean ti\u1ebfn<\/strong><\/p>\n<p>Ng\u0103n rau c\u1ee7 c\u1ee7a t\u1ee7 l\u1ea1nh Mitsubishi Electric MR-FV24J-PS-V c\u00f3 t\u00ednh n\u0103ng b\u1ea3o qu\u1ea3n \u0111\u1eb7c bi\u1ec7t g\u1ed3m hai ti\u1ec7n \u00edch l\u00e0 t\u1ea1o ra m\u00f4i tr\u01b0\u1eddng \u0111\u1ec3 quang h\u1ee3p, cung c\u1ea5p vitamin C; \u0111\u1ed3ng th\u1eddi, n\u00f3 gi\u00fap th\u1ef1c ph\u1ea9m gi\u1eef \u0111\u01b0\u1ee3c \u0111\u1ed9 \u1ea9m, kh\u00f4ng b\u1ecb h\u00e9o \u0111i.<\/p>\n<p><img class=\"lazy\" src=\"https:\/\/cdn.mediamart.vn\/Upload\/download\/2018-11-News\/RSZ6u4G3u0lxn4r.jpg\" data-original=\"https:\/\/cdn.mediamart.vn\/Upload\/download\/2018-11-News\/RSZ6u4G3u0lxn4r.jpg\" \/><\/p>\n<p><strong>Neuro Fuzzy th\u00f4ng minh v\u00e0 ti\u1ebft ki\u1ec7m<\/strong><\/p>\n<p>T\u00ednh n\u0103ng Neuro Fuzzy c\u1ee7a t\u1ee7 l\u1ea1nh Mitsubishi Electric MR-FV24J-PS-V \u0111\u00e3 \u0111em l\u1ea1i s\u1ef1 \u0111i\u1ec1u ch\u1ec9nh nhi\u1ec7t \u0111\u1ed9 ph\u00f9 h\u1ee3p, d\u1ef1a tr\u00ean nhi\u1ec7t \u0111\u1ed9 m\u00f4i tr\u01b0\u1eddng sao cho ti\u1ebft ki\u1ec7m \u0111i\u1ec7n. M\u1ed7i ng\u00e0y, chi\u1ebfc t\u1ee7 l\u1ea1nh n\u00e0y s\u1ebd ti\u00eau hao kho\u1ea3ng 0.78 kW \u0111i\u1ec7n.<\/p>\n<p><img class=\"lazy\" src=\"https:\/\/cdn.mediamart.vn\/Upload\/download\/2018-11-News\/e9uQjJmF4DynTgl.jpg\" data-original=\"https:\/\/cdn.mediamart.vn\/Upload\/download\/2018-11-News\/e9uQjJmF4DynTgl.jpg\" \/><\/p>\n<p><img class=\"lazy\" src=\"https:\/\/cdn.mediamart.vn\/Upload\/download\/2018-11-News\/3z6Vp692tUns0U0.jpg\" data-original=\"https:\/\/cdn.mediamart.vn\/Upload\/download\/2018-11-News\/3z6Vp692tUns0U0.jpg\" \/><\/p>\n<p><strong>Khay th\u1ee7y tinh ch\u1ecbu l\u1ef1c<\/strong><\/p>\n<p>T\u1ee7 l\u1ea1nh Mitsubishi Electric MR-FV24J-PS-V c\u00f3 khay th\u1ee7y tinh ch\u1ecbu l\u1ef1c \u0111\u01b0\u1ee3c, \u0111em l\u1ea1i vi\u1ec7c s\u1eafp x\u1ebfp th\u1ef1c ph\u1ea9m hi\u1ec7u qu\u1ea3 cho t\u1ee7 l\u1ea1nh m\u00e0 kh\u00f4ng s\u1ee3 nhi\u1ec1u th\u1ef1c ph\u1ea9m l\u00e0m h\u1ecfng khay k\u00ednh.<\/p>\n<p><img class=\"lazy\" src=\"https:\/\/cdn.mediamart.vn\/Upload\/download\/2018-11-News\/OB07w0tw82h51V3.jpg\" data-original=\"https:\/\/cdn.mediamart.vn\/Upload\/download\/2018-11-News\/OB07w0tw82h51V3.jpg\" \/><\/p>\n<\/div>\n","protected":false},"excerpt":{"rendered":"<p>L\u00e0m l\u1ea1nh hi\u1ec7u qu\u1ea3 h\u01a1n v\u1edbi c\u00f4ng ngh\u1ec7 l\u00e0m l\u1ea1nh \u0111a chi\u1ec1u ti\u00ean ti\u1ebfn.<\/p>\n<p>T\u00ednh n\u0103ng di\u1ec7t khu\u1ea9n Carbon ho\u1ea1t t\u00ednh cho b\u1ea1n th\u1ee9c \u0103n th\u01a1m ngon h\u01a1n.<\/p>\n<p>B\u1ed9 n\u00e3o Neuro Fuzzy t\u1ef1 \u0111\u1ed9ng t\u1ed1i \u01b0u ho\u1ea1t \u0111\u1ed9ng cho kh\u1ea3 n\u0103ng ti\u1ebft ki\u1ec7m \u0111i\u1ec7n.<\/p>\n<p>Khay th\u1ee7y tinh ch\u1ecbu l\u1ef1c \u0111em l\u1ea1i s\u1ef1 \u0111\u01a1n gi\u1ea3n khi s\u1eafp x\u1ebfp th\u1ef1c ph\u1ea9m v\u00e0o t\u1ee7.<\/p>\n<p>&nbsp;<\/p>\n","protected":false},"featured_media":1911,"comment_status":"open","ping_status":"closed","template":"","meta":[],"_links":{"self":[{"href":"http:\/\/maudep.com.vn\/chuyengiadienmay\/index.php?rest_route=\/wp\/v2\/product\/1909"}],"collection":[{"href":"http:\/\/maudep.com.vn\/chuyengiadienmay\/index.php?rest_route=\/wp\/v2\/product"}],"about":[{"href":"http:\/\/maudep.com.vn\/chuyengiadienmay\/index.php?rest_route=\/wp\/v2\/types\/product"}],"replies":[{"embeddable":true,"href":"http:\/\/maudep.com.vn\/chuyengiadienmay\/index.php?rest_route=%2Fwp%2Fv2%2Fcomments&post=1909"}],"wp:featuredmedia":[{"embeddable":true,"href":"http:\/\/maudep.com.vn\/chuyengiadienmay\/index.php?rest_route=\/wp\/v2\/media\/1911"}],"wp:attachment":[{"href":"http:\/\/maudep.com.vn\/chuyengiadienmay\/index.php?rest_route=%2Fwp%2Fv2%2Fmedia&parent=1909"}],"curies":[{"name":"wp","href":"https:\/\/api.w.org\/{rel}","templated":true}]}}