{"id":1935,"date":"2019-01-01T11:06:21","date_gmt":"2019-01-01T04:06:21","guid":{"rendered":"http:\/\/maudep.com.vn\/chuyengiadienmay\/?post_type=product&#038;p=1935"},"modified":"2019-01-01T11:06:22","modified_gmt":"2019-01-01T04:06:22","slug":"tu-lanh-mitsubishi-electric-mr-fv28ej-sl-v-231-lit","status":"publish","type":"product","link":"http:\/\/maudep.com.vn\/chuyengiadienmay\/?product=tu-lanh-mitsubishi-electric-mr-fv28ej-sl-v-231-lit","title":{"rendered":"T\u1ee7 l\u1ea1nh Mitsubishi Electric MR-FV28EJ-SL-V &#8211; 231 L\u00edt"},"content":{"rendered":"<h3 class=\"pd-news-title\">T\u1ee7 l\u1ea1nh Mitsubishi Electric MR-FV28EJ-SL-V &#8211; 231 L\u00edt<\/h3>\n<div class=\"pd-news-content\">\n<p><strong>C\u1ea3i ti\u1ebfn v\u1ec1 thi\u1ebft k\u1ebf<\/strong><br \/>\nT\u1ee7 l\u1ea1nh ng\u0103n \u0111\u00e1 tr\u00ean FV28J c\u1ee7a Mitsubishi Electric kh\u00f4ng nh\u1eefng c\u00f3 thi\u1ebft k\u1ebf sang tr\u1ecdng v\u1edbi v\u1ecf ngo\u00e0i l\u00e0m b\u1eb1ng h\u1ee3p kim chrome c\u00f9ng v\u1edbi logo Mitsubishi Electric g\u1eafn n\u1ed5i \u1edf c\u1eeda t\u1ee7, FV28J c\u00f2n mang \u0111\u1ebfn s\u1ef1 ti\u1ec7n d\u1ee5ng th\u00edch h\u1ee3p v\u1edbi m\u1ecdi kh\u00f4ng gian b\u1ebfp.<\/p>\n<p><img class=\"lazy\" src=\"https:\/\/cdn.mediamart.vn\/Upload\/images\/New%20folder%20(3)_FV24_danhso1.png\" data-original=\"https:\/\/cdn.mediamart.vn\/Upload\/images\/New folder (3)_FV24_danhso1.png\" \/><\/p>\n<p><strong>Neuro Inverter v\u1edbi 3 c\u00f4ng d\u1ee5ng v\u01b0\u1ee3t tr\u1ed9i<\/strong><\/p>\n<p>GHI NH\u1eda TH\u00d3I QUEN TH\u00d4NG MINH<br \/>\nC\u00f4ng ngh\u1ec7 Neuro Inverter c\u00f3 kh\u1ea3 n\u0103ng ghi nh\u1edb th\u00f3i quen c\u1ee7a ng\u01b0\u1eddi d\u00f9ng.<br \/>\n&#8211; L\u01b0\u1ee3ng th\u1ef1c ph\u1ea9m d\u1ef1 tr\u1eef l\u1edbn<br \/>\n&#8211; Ghi nh\u1edb th\u00f3i quen s\u1eed d\u1ee5ng t\u1ee7 l\u1ea1nh c\u1ee7a c\u00e1c th\u00e0nh vi\u00ean trong gia \u0111\u00ecnh<br \/>\n&#8211; Nh\u1eadn bi\u1ebft s\u1ef1 ch\u00eanh l\u1ec7ch nhi\u1ec7t \u0111\u1ed9 trong v\u00e0 ngo\u00e0i t\u1ee7 l\u1ea1nh<\/p>\n<p>T\u1ef0 \u0110\u1ed8NG \u0110I\u1ec0U CH\u1ec8NH NHI\u1ec6T \u0110\u1ed8<br \/>\nC\u00f4ng ngh\u1ec7 Neuro Inverter c\u00f3 kh\u1ea3 n\u0103ng nh\u1eadn bi\u1ebft c\u00e1c y\u1ebfu t\u1ed1 g\u00e2y thay \u0111\u1ed5i nhi\u1ec7t \u0111\u1ed9, qua \u0111\u00f3 \u0111i\u1ec1u ch\u1ec9nh c\u00f4ng su\u1ea5t l\u00e0m l\u1ea1nh th\u00edch h\u1ee3p c\u1ee7a m\u00e1y n\u00e9n Inverter, gi\u00fap cho t\u1ee7 l\u1ea1nh lu\u00f4n \u1edf tr\u1ea1ng th\u00e1i l\u00e0m l\u1ea1nh hi\u1ec7u qu\u1ea3 v\u00e0 ti\u1ebft ki\u1ec7m nh\u1ea5t.<\/p>\n<p>TI\u1ebeT KI\u1ec6M HI\u1ec6U QU\u1ea2 V\u00c0 B\u1ec0N B\u1ec8<br \/>\nTi\u1ebft ki\u1ec7m \u0111i\u1ec7n n\u0103ng nh\u1edd v\u00e0o s\u1ef1 k\u1ebft h\u1ee3p c\u1ee7a h\u1ec7 th\u1ed1ng Neuro Fuzzy v\u00e0 m\u00e1y n\u00e9n Inverter. Qu\u1ea1t gi\u00f3 t\u1ea3n nhi\u1ec7t ri\u00eang cho m\u00e1y n\u00e9n c\u00f2n gi\u00fap gia t\u0103ng \u0111\u1ed9 b\u1ec1n c\u1ee7a m\u00e1y n\u00e9n trong su\u1ed1t qu\u00e1 tr\u00ecnh s\u1eed d\u1ee5ng.<br \/>\n<strong>Ng\u0103n rau qu\u1ea3 \u0111\u1eb7c bi\u1ec7t<\/strong><\/p>\n<p><strong><img class=\"lazy\" src=\"https:\/\/cdn.mediamart.vn\/Upload\/images\/vitamin-002.png\" data-original=\"https:\/\/cdn.mediamart.vn\/Upload\/images\/vitamin-002.png\" \/><\/strong><\/p>\n<p>Th\u00f4ng qua \u0111\u00e8n LED m\u00e0u cam, gi\u1ea3 l\u1eadp \u00e1nh s\u00e1ng m\u1eb7t tr\u1eddi, rau qu\u1ea3 v\u1eabn ti\u1ebfp t\u1ee5c quang h\u1ee3p gi\u1eef \u0111\u01b0\u1ee3c \u0111\u1ed9 t\u01b0\u01a1i ngon, \u0111\u1ed3ng th\u1eddi t\u0103ng c\u01b0\u1eddng l\u01b0\u1ee3ng Vitamin C trong rau qu\u1ea3.<\/p>\n<p><img class=\"lazy\" src=\"https:\/\/cdn.mediamart.vn\/Upload\/images\/nganrauquadacbiet_F32.png\" data-original=\"https:\/\/cdn.mediamart.vn\/Upload\/images\/nganrauquadacbiet_F32.png\" \/><\/p>\n<p>CH\u1ee8C N\u0102NG KI\u1ec2M SO\u00c1T \u0110\u1ed8 \u1ea8M<br \/>\n\u2605 N\u00fat \u0111i\u1ec1u ch\u1ec9nh \u0111\u1ed9 \u1ea9m cho ph\u00e9p \u0111i\u1ec1u ch\u1ec9nh \u0111\u1ed9 \u1ea9m th\u00edch h\u1ee3p cho t\u1eebng lo\u1ea1i tr\u00e1i c\u00e2y hay rau qu\u1ea3.<br \/>\n\u2605 Nguy\u00ean t\u1eafc chung l\u00e0 khi l\u01b0u tr\u1eef tr\u00e1i c\u00e2y v\u00e0 rau c\u1ee7 c\u1ea7n \u0111\u1ed9 \u1ea9m th\u1ea5p, th\u00ec n\u00ean m\u1edf c\u1eeda s\u1ed5 \u0111\u1ec3 kh\u00ed tho\u00e1t ra.<br \/>\n\u2605 C\u00f2n \u0111\u1ed1i v\u1edbi c\u00e1c lo\u1ea1i rau xanh c\u1ea7n \u0111\u1ed9 \u1ea9m cao,th\u00ec c\u00e0ng n\u00ean \u0111\u00f3ng k\u00edn c\u1eeda s\u1ed5 \u0111\u1ec3 gia t\u0103ng \u0111\u1ed9 \u1ea9m trong ng\u0103n rau qu\u1ea3.<\/p>\n<p><strong>T\u00cdNH N\u0102NG KH\u1eec M\u00d9I V\u00c0 KH\u00c1NG KHU\u1ea8N<\/strong><br \/>\nH\u1ec7 th\u1ed1ng kh\u1eed m\u00f9i b\u1eb3ng b\u1ed9 l\u1ecdc Carbon ho\u1ea1t t\u00ednh k\u1ebft h\u1ee3p v\u1edbi lu\u1ed3ng kh\u00ed l\u1ea1nh \u0111a chi\u1ec1u ng\u0103n ch\u1eb7n s\u1ef1 ph\u00e1t tri\u1ec3n c\u1ee7a vi khu\u1ea9n, t\u0103ng c\u01b0\u1eddng \u0111\u1ed9 \u1ea9m gi\u00fap b\u1ea3o qu\u1ea3n th\u1ef1c ph\u1ea9m \u0111\u01b0\u1ee3c l\u00e2u h\u01a1n.<\/p>\n<p><strong>TH\u00c0NH T\u1ee6 KH\u00c1NG KHU\u1ea8N PH\u00c2N T\u1eec B\u1ea0C<\/strong><br \/>\nCh\u1ea5t kh\u00e1ng khu\u1ea9n Ag+ tr\u00ean th\u00e0nh t\u1ee7 ng\u0103n ch\u1eb7n s\u1ef1 ph\u00e1t tri\u1ec3n c\u1ee7a vi khu\u1ea9n, gi\u1eef cho kh\u00f4ng gian t\u1ee7 lu\u00f4n s\u1ea1ch s\u1ebd, b\u1ea3o qu\u1ea3n th\u1ef1c ph\u1ea9m l\u00e2u h\u01a1n.<\/p>\n<p><strong>\u0110\u1ec6M CAO SU V\u00c0 KH\u00c1NG KHU\u1ea8N<\/strong><br \/>\nLo\u1ea1i tr\u1eeb d\u1ebfn 99% vi khu\u1ea9n<\/p>\n<h3><strong>Cam k\u1ebft ch\u1ea5t l\u01b0\u1ee3ng &#8211; B\u1ea3o h\u00e0nh d\u00e0i l\u00e2u<\/strong><\/h3>\n<p>S\u1ea3n ph\u1ea9m \u0111\u01b0\u1ee3c B\u1ea3o h\u00e0nh 2 n\u0103m cho to\u00e0n b\u1ed9 th\u00e2n m\u00e1y &amp; B\u1ea3o h\u00e0nh \u0110\u1eb7c bi\u1ec7t 10 n\u0103m cho M\u00e1y n\u00e9n Inverter (*)<\/p>\n<p><img class=\"lazy\" src=\"https:\/\/cdn.mediamart.vn\/Upload\/images\/2018\/Thang04\/tu-lanh\/warranty-mitsubishi-electric.png\" data-original=\"https:\/\/cdn.mediamart.vn\/Upload\/images\/2018\/Thang04\/tu-lanh\/warranty-mitsubishi-electric.png\" \/><\/p>\n<div class=\"cl\"><\/div>\n<\/div>\n<div class=\"nav-news-epx\"><\/div>\n","protected":false},"excerpt":{"rendered":"<p>&#8211; T\u1ee7 l\u1ea1nh ng\u0103n \u0111\u00e1 tr\u00ean, m\u00e0u b\u1ea1c<br \/>\n&#8211; Dung t\u00edch 231L<br \/>\n&#8211; C\u00f4ng ngh\u1ec7 l\u00e0m l\u1ea1nh nhanh<br \/>\n&#8211; Ch\u1ea5t li\u1ec7u v\u1ecf g\u01b0\u01a1ng, khay k\u00ednh ch\u1ecbu l\u1ef1c<\/p>\n<p>&nbsp;<\/p>\n","protected":false},"featured_media":1931,"comment_status":"open","ping_status":"closed","template":"","meta":[],"_links":{"self":[{"href":"http:\/\/maudep.com.vn\/chuyengiadienmay\/index.php?rest_route=\/wp\/v2\/product\/1935"}],"collection":[{"href":"http:\/\/maudep.com.vn\/chuyengiadienmay\/index.php?rest_route=\/wp\/v2\/product"}],"about":[{"href":"http:\/\/maudep.com.vn\/chuyengiadienmay\/index.php?rest_route=\/wp\/v2\/types\/product"}],"replies":[{"embeddable":true,"href":"http:\/\/maudep.com.vn\/chuyengiadienmay\/index.php?rest_route=%2Fwp%2Fv2%2Fcomments&post=1935"}],"wp:featuredmedia":[{"embeddable":true,"href":"http:\/\/maudep.com.vn\/chuyengiadienmay\/index.php?rest_route=\/wp\/v2\/media\/1931"}],"wp:attachment":[{"href":"http:\/\/maudep.com.vn\/chuyengiadienmay\/index.php?rest_route=%2Fwp%2Fv2%2Fmedia&parent=1935"}],"curies":[{"name":"wp","href":"https:\/\/api.w.org\/{rel}","templated":true}]}}