{"id":1937,"date":"2019-01-01T14:00:59","date_gmt":"2019-01-01T07:00:59","guid":{"rendered":"http:\/\/maudep.com.vn\/chuyengiadienmay\/?post_type=product&#038;p=1937"},"modified":"2019-01-01T14:00:59","modified_gmt":"2019-01-01T07:00:59","slug":"tu-lanh-mitsubishi-electric-mr-fv32ej-br-v-274-lit","status":"publish","type":"product","link":"http:\/\/maudep.com.vn\/chuyengiadienmay\/?product=tu-lanh-mitsubishi-electric-mr-fv32ej-br-v-274-lit","title":{"rendered":"T\u1ee7 l\u1ea1nh Mitsubishi Electric MR-FV32EJ-BR-V &#8211; 274 L\u00edt"},"content":{"rendered":"<h3 class=\"pd-news-title\">T\u1ee7 l\u1ea1nh Mitsubishi Electric MR-FV32EJ-BR-V &#8211; 274 L\u00edt<\/h3>\n<div class=\"pd-news-content\">\n<p><strong>Thi\u1ebft k\u1ebf ti\u1ec7n d\u1ee5ng, sang tr\u1ecdng<\/strong><\/p>\n<p>T\u1ee7 l\u1ea1nh Mitsubishi Electric MR-FV32EJ-BR-V thu\u1ed9c d\u00f2ng t\u1ee7 l\u1ea1nh ng\u0103n \u0111\u00e1 tr\u00ean c\u1ee7a Mitsubishi Electric, kh\u00f4ng nh\u1eefng c\u00f3 thi\u1ebft k\u1ebf sang tr\u1ecdng v\u1edbi v\u1ecf ngo\u00e0i l\u00e0m b\u1eb1ng h\u1ee3p kim chrome c\u00f9ng v\u1edbi logo\u00a0Mitsubishi Electric\u00a0g\u1eafn n\u1ed5i \u1edf c\u1eeda t\u1ee7, FV32EJ c\u00f2n mang \u0111\u1ebfn s\u1ef1 ti\u1ec7n d\u1ee5ng th\u00edch h\u1ee3p v\u1edbi m\u1ecdi kh\u00f4ng gian b\u1ebfp.<\/p>\n<p><img class=\"lazy\" src=\"https:\/\/cdn.mediamart.vn\/Upload\/download\/2016-11\/mitsubishi-mrfv32ejbrv-NO4tvz.jpg\" data-original=\"https:\/\/cdn.mediamart.vn\/Upload\/download\/2016-11\/mitsubishi-mrfv32ejbrv-NO4tvz.jpg\" \/><\/p>\n<p><img class=\"lazy\" src=\"https:\/\/cdn.mediamart.vn\/Upload\/download\/2016-11\/mitsubishi-mrfv32ejbrv-kGq3e7.jpg\" data-original=\"https:\/\/cdn.mediamart.vn\/Upload\/download\/2016-11\/mitsubishi-mrfv32ejbrv-kGq3e7.jpg\" \/><\/p>\n<p><strong>Dung t\u00edch 274 l\u00edt<\/strong><\/p>\n<p>T\u1ee7 l\u1ea1nh Mitsubishi Electric MR-FV32EJ-BR-V c\u00f3 t\u1ed5ng dung t\u00edch l\u00e0 274 l\u00edt \u0111\u1ed1i v\u1edbi nh\u1eefng gia \u0111\u00ecnh c\u00f3 t\u1eeb\u00a0 kho\u1ea3ng\u00a0 6-7 ng\u01b0\u1eddi\u00a0 r\u1ea5t ph\u00f9 h\u1ee3p v\u00e0 v\u1eeba \u0111\u1ee7 . Ng\u0103n l\u1ea1nh c\u00f3 dung t\u00edch ch\u1ee9a l\u00ean t\u1edbi 207 l\u00edt gi\u00fap cho b\u1ea1n c\u00f3 th\u1ec3 tho\u1ea3i m\u00e1i d\u1ef1 tr\u1eef th\u1eadt nhi\u1ec1u th\u1ef1c ph\u1ea9m cho gia \u0111\u00ecnh b\u1ea1n , b\u00ean c\u1ea1nh \u0111\u00f3 v\u1edbi ng\u0103n \u0111\u00e1 l\u00ean t\u1edbi 67 l\u00edt b\u1ea1n c\u00f3 th\u1ec3 tha h\u1ed3 l\u00e0m \u0111\u00e1 v\u00e0 \u0111\u1ec3 nhi\u1ec1u th\u1ef1c ph\u1ea9m \u0111\u00f4ng l\u1ea1nh \u0111\u1ec3 ph\u1ee5c v\u1ee5 cho gia \u0111\u00ecnh m\u00ecnh.<\/p>\n<p><strong>C\u00f4ng ngh\u1ec7 ti\u1ebft ki\u1ec7m \u0111i\u1ec7n n\u0103ng Neuro Inverter 3 c\u00f4ng d\u1ee5ng.<\/strong><\/p>\n<p>T\u1ee7 l\u1ea1nh Mitsubishi Electric MR-FV32EJ-BR-V \u0111\u1eb7c bi\u1ec7t h\u01a1n v\u1edbi c\u00f4ng ngh\u1ec7 th\u00f4ng minh Neuro Inverter v\u1edbi 3 c\u00f4ng d\u1ee5ng v\u01b0\u1ee3t tr\u1ed9i, gi\u00fap ti\u1ebft ki\u1ec7m \u0111i\u1ec7n n\u0103ng hi\u1ec7u qu\u1ea3, \u0111em \u0111\u1ebfn ni\u1ec1m vui v\u00e0 s\u1ef1 tho\u1ea3i m\u00e1i trong gia \u0111\u00ecnh c\u1ee7a b\u1ea1n.<\/p>\n<p><img class=\"lazy\" src=\"https:\/\/cdn.mediamart.vn\/Upload\/download\/2016-11\/mitsubishi-mrfv32ejbrv-BILw5m.jpg\" data-original=\"https:\/\/cdn.mediamart.vn\/Upload\/download\/2016-11\/mitsubishi-mrfv32ejbrv-BILw5m.jpg\" \/><\/p>\n<p><strong>Ghi nh\u1edb th\u00f3i quen th\u00f4ng minh<\/strong><\/p>\n<p>T\u1ee7 l\u1ea1nh Mitsubishi Electric MR-FV32EJ-BR-V\u00a0trang b\u1ecb h\u1ec7 th\u1ed1ng \u0111i\u1ec1u khi\u1ec3n Neuro Fuzzy ghi nh\u1eadn c\u00e1c y\u1ebfu t\u1ed1 thay \u0111\u1ed5i nhi\u1ec7t \u0111\u1ed9 t\u1ee7 l\u1ea1nh.<br \/>\n(1) L\u01b0\u1ee3ng th\u1ef1c ph\u1ea9m d\u1ef1 tr\u1eef l\u1edbn trong t\u1ee7 l\u1ea1nh.<br \/>\n(2) Ghi nh\u1edb th\u00f3i quen s\u1eed d\u1ee5ng t\u1ee7 l\u1ea1nh c\u1ee7a c\u00e1c th\u00e0nh vi\u00ean trong gia \u0111\u00ecnh.<br \/>\n(3) Nh\u1eadn bi\u1ebft s\u1ef1 ch\u00eanh l\u1ec7ch nhi\u1ec7t \u0111\u1ed9 trong v\u00e0 ngo\u00e0i t\u1ee7 l\u1ea1nh (ng\u00e0y v\u00e0 \u0111\u00eam).<\/p>\n<p><img class=\"lazy\" src=\"https:\/\/cdn.mediamart.vn\/Upload\/download\/2016-11\/mitsubishi-mrfv32ejbrv-jASAiP.jpg\" data-original=\"https:\/\/cdn.mediamart.vn\/Upload\/download\/2016-11\/mitsubishi-mrfv32ejbrv-jASAiP.jpg\" \/><\/p>\n<p><strong>T\u1ef1 \u0111\u1ed9ng \u0111i\u1ec1u ch\u1ec9nh nhi\u1ec7t \u0111\u1ed9<\/strong><\/p>\n<p>Neuro Fuzzy t\u1ef1 \u0111\u1ed9ng \u0111i\u1ec1u khi\u1ec3n m\u00e1y n\u00e9n Inverter theo th\u00f3i quen sinh ho\u1ea1t c\u1ee7a b\u1ea1n, nh\u1eb1m \u0111em \u0111\u1ebfn tr\u1ea1ng th\u00e1i l\u00e0m l\u1ea1nh hi\u1ec7u qu\u1ea3 v\u00e0 ti\u1ebft ki\u1ec7m nh\u1ea5t.<br \/>\nKhi ng\u01b0\u1eddi d\u00f9ng kh\u00f4ng s\u1eed d\u1ee5ng t\u1ee7 l\u1ea1nh th\u01b0\u1eddng xuy\u00ean (ch\u1eb3ng h\u1ea1n nh\u01b0 ban \u0111\u00eam khi m\u1ecdi ng\u01b0\u1eddi \u0111\u00e3 \u0111i ng\u1ee7), h\u1ec7 th\u1ed1ng Neuro t\u1ef1 \u0111\u1ed9ng chuy\u1ec3n sang ch\u1ebf \u0111\u1ed9 Eco ti\u1ebft ki\u1ec7m \u0111i\u1ec7n.Tr\u01b0\u1edbc kho\u1ea3ng th\u1eddi gian n\u1ea5u \u0103n, h\u1ec7 th\u1ed1ng s\u1ebd t\u1ef1 \u0111\u1ed9ng t\u0103ng c\u00f4ng su\u1ea5t l\u00e0m l\u1ea1nh \u0111\u1ec3 l\u00e0m l\u1ea1nh hi\u1ec7u qu\u1ea3.<\/p>\n<p><img class=\"lazy\" src=\"https:\/\/cdn.mediamart.vn\/Upload\/download\/2016-11\/mitsubishi-mrfv32ejbrv-z7UUFd.jpg\" data-original=\"https:\/\/cdn.mediamart.vn\/Upload\/download\/2016-11\/mitsubishi-mrfv32ejbrv-z7UUFd.jpg\" \/><\/p>\n<p><strong>Ti\u1ebft ki\u1ec7m hi\u1ec7u qu\u1ea3 v\u00e0 b\u1ec1n b\u1ec9<\/strong><\/p>\n<p>T\u1ee7 l\u1ea1nh Mitsubishi Electric MR-FV32EJ-BR-V\u00a0c\u00f3 th\u1ec3 ti\u1ebft ki\u1ec7m \u0111i\u1ec7n n\u0103ng \u0111\u1ebfn 45% nh\u1edd v\u00e0o s\u1ef1 k\u1ebft h\u1ee3p c\u1ee7a h\u1ec7 th\u1ed1ng Neuro Fuzzy v\u00e0 m\u00e1y n\u00e9n Inverter. Qu\u1ea1t gi\u00f3 t\u1ea3n nhi\u1ec7t ri\u00eang cho m\u00e1y n\u00e9n c\u00f2n gi\u00fap gia t\u0103ng \u0111\u1ed9 b\u1ec1n c\u1ee7a m\u00e1y n\u00e9n trong su\u1ed1t qu\u00e1 tr\u00ecnh s\u1eed d\u1ee5ng.<br \/>\nKhi ng\u01b0\u1eddi d\u00f9ng b\u1ecf th\u1ef1c ph\u1ea9m v\u00e0o t\u1ee7 l\u1ea1nh, h\u1ec7 th\u1ed1ng Fuzzy s\u1ebd ki\u1ec3m tra nhi\u1ec7t \u0111\u1ed9 b\u00ean trong t\u1ee7 v\u00e0 t\u0103ng c\u00f4ng su\u1ea5t l\u00e0m l\u1ea1nh.<br \/>\nKhi nhi\u1ec7t \u0111\u1ed9 b\u00ean ngo\u00e0i t\u0103ng cao, c\u00f4ng su\u1ea5t l\u00e0m l\u1ea1nh s\u1ebd t\u0103ng \u0111\u1ec3 \u0111\u1ea3m b\u1ea3o nhi\u1ec7t \u0111\u1ed9 b\u00ean trong lu\u00f4n \u1ed5n \u0111\u1ecbnh.<br \/>\nKhi nhi\u1ec7t \u0111\u1ed9 b\u00ean ngo\u00e0i gi\u1ea3m, t\u1ee7 l\u1ea1nh s\u1ebd gi\u1ea3m c\u00f4ng su\u1ea5t l\u00e0m l\u1ea1nh \u0111\u1ec3 ti\u1ebft ki\u1ec7m \u0111i\u1ec7n.<\/p>\n<p><img class=\"lazy\" src=\"https:\/\/cdn.mediamart.vn\/Upload\/download\/2016-11\/mitsubishi-mrfv32ejbrv-Z5qHo3.jpg\" data-original=\"https:\/\/cdn.mediamart.vn\/Upload\/download\/2016-11\/mitsubishi-mrfv32ejbrv-Z5qHo3.jpg\" \/><\/p>\n<p><strong>Khay ch\u1ee9a b\u1eb1ng th\u1ee7y tinh ch\u1ecbu l\u1ef1c<\/strong><\/p>\n<p>Khay ch\u1ee9a T\u1ee7 l\u1ea1nh Mitsubishi Electric MR-FV32EJ-BR-V c\u00f3 th\u1ec3 ch\u1ecbu l\u1ef1c l\u00ean \u0111\u1ebfn 100 Kg, kh\u00f4ng ch\u1ec9 ch\u1ee9a \u0111\u01b0\u1ee3c nhi\u1ec1u th\u1ef1c ph\u1ea9m h\u01a1n, ch\u1ea5t li\u1ec7u k\u00ednh ch\u1ecbu l\u1ef1c c\u00f2n t\u0103ng \u0111\u1ed9 sang tr\u1ecdng cho n\u1ed9i th\u1ea5t t\u1ee7 v\u00e0 gi\u00fap d\u1ec5 d\u00e0ng ch\u00f9i r\u1eeda, v\u1ec7 sinh.<\/p>\n<p><img class=\"lazy\" src=\"https:\/\/cdn.mediamart.vn\/Upload\/download\/2016-11\/mitsubishi-mrfv32ejbrv-4ZjLhA.jpg\" data-original=\"https:\/\/cdn.mediamart.vn\/Upload\/download\/2016-11\/mitsubishi-mrfv32ejbrv-4ZjLhA.jpg\" \/><\/p>\n<p><strong>B\u1ed9 l\u1ecdc Carbon ho\u1ea1t t\u00ednh v\u00e0 ION (-) di\u1ec7t khu\u1ea9n<\/strong><\/p>\n<p>H\u1ec7 th\u1ed1ng kh\u1eed m\u00f9i b\u1eb1ng b\u1ed9 l\u1ecdc Carbon ho\u1ea1t t\u00ednh k\u1ebft h\u1ee3p v\u1edbi lu\u1ed3ng kh\u00ed l\u1ea1nh \u0111a chi\u1ec1u ch\u1ee9a Ion \u00e2m c\u1ee7a T\u1ee7 l\u1ea1nh Mitsubishi Electric MR-FV32EJ-BR-V ng\u0103n ch\u1eb7n s\u1ef1 ph\u00e1t tri\u1ec3n c\u1ee7a vi khu\u1ea9n gi\u00fap th\u1ef1c ph\u1ea9m lu\u00f4n t\u01b0\u01a1i ngon.<\/p>\n<p><img class=\"lazy\" src=\"https:\/\/cdn.mediamart.vn\/Upload\/download\/2016-11\/mitsubishi-mrfv32ejbrv-R4TIau.jpg\" data-original=\"https:\/\/cdn.mediamart.vn\/Upload\/download\/2016-11\/mitsubishi-mrfv32ejbrv-R4TIau.jpg\" \/><\/p>\n<p><strong>Th\u00e0nh t\u1ee7 kh\u00e1ng khu\u1ea9n ph\u00e2n t\u1eed b\u1ea1c v\u00e0 \u0111\u1ec7m cao su kh\u00e1ng khu\u1ea9n<\/strong><\/p>\n<p>Ch\u1ea5t kh\u00e1ng khu\u1ea9n Ag+ tr\u00ean th\u00e0nh T\u1ee7 l\u1ea1nh Mitsubishi Electric MR-FV32EJ-BR-V ng\u0103n ch\u1eb7n s\u1ef1 ph\u00e1t tri\u1ec3n c\u1ee7a vi khu\u1ea9n, gi\u1eef cho kh\u00f4ng gian t\u1ee7 lu\u00f4n s\u1ea1ch s\u1ebd, b\u1ea3o qu\u1ea3n th\u1ef1c ph\u1ea9m l\u00e2u h\u01a1n. Ngo\u00e0i ra, c\u00e1c \u0111\u1ec7m cao su kh\u00e1ng khu\u1ea9n \u0111\u1ebfn 99% nh\u1edd c\u00f4ng ngh\u1ec7 hi\u1ec7n \u0111\u1ea1i c\u1ee7a t\u1ee7 l\u1ea1nh.<\/p>\n<p><img class=\"lazy\" src=\"https:\/\/cdn.mediamart.vn\/Upload\/download\/2016-11\/mitsubishi-mrfv32ejbrv-82j9bF.jpg\" data-original=\"https:\/\/cdn.mediamart.vn\/Upload\/download\/2016-11\/mitsubishi-mrfv32ejbrv-82j9bF.jpg\" \/><\/p>\n<p><strong>Nh\u00e0 m\u00e1y Vitamin<\/strong><\/p>\n<p>T\u1ee7 l\u1ea1nh Mitsubishi Electric MR-FV32EJ-BR-V\u00a0s\u1eed d\u1ee5ng c\u00f4ng ngh\u1ec7 ti\u00ean ti\u1ebfn,\u00a0th\u00f4ng qua \u0111\u00e8n LED m\u00e0u cam, gi\u1ea3 l\u1eadp \u00e1nh s\u00e1ng m\u1eb7t tr\u1eddi, rau qu\u1ea3 v\u1eabn ti\u1ebfp t\u1ee5c quang h\u1ee3p gi\u1eef \u0111\u01b0\u1ee3c \u0111\u1ed9 t\u01b0\u01a1i ngon, \u0111\u1ed3ng th\u1eddi t\u0103ng c\u01b0\u1eddng l\u01b0\u1ee3ng Vitamin C trong rau qu\u1ea3.<\/p>\n<p><img class=\"lazy\" src=\"https:\/\/cdn.mediamart.vn\/Upload\/download\/2016-11\/mitsubishi-mrfv32ejbrv-39Yew0.jpg\" data-original=\"https:\/\/cdn.mediamart.vn\/Upload\/download\/2016-11\/mitsubishi-mrfv32ejbrv-39Yew0.jpg\" \/><\/p>\n<p>C\u00f3 th\u1ec3 n\u00f3i, v\u1edbi nh\u1eefng ti\u1ec7n \u00edch c\u00f4ng ngh\u1ec7 c\u1ee7a m\u00ecnh, T\u1ee7 l\u1ea1nh Mitsubishi Electric MR-FV32EJ-BR-V l\u00e0 m\u1ed9t l\u1ef1a ch\u1ecdn r\u1ea5t \u0111\u00e1ng c\u00e2n nh\u1eafc n\u1ebfu nh\u01b0 b\u1ea1n \u0111ang c\u1ea7n m\u1ed9t chi\u1ebfc t\u1ee7 l\u1ea1nh \u0111\u00e1p \u1ee9ng \u0111\u01b0\u1ee3c nhu c\u1ea7u l\u01b0u tr\u1eef l\u1edbn, kh\u1ea3 n\u0103ng b\u1ea3o qu\u1ea3n nguy\u00ean v\u1eb9n, an to\u00e0n th\u1ef1c ph\u1ea9m c\u1ee7a gia \u0111\u00ecnh.<\/p>\n<h3><strong>Cam k\u1ebft ch\u1ea5t l\u01b0\u1ee3ng &#8211; B\u1ea3o h\u00e0nh d\u00e0i l\u00e2u<\/strong><\/h3>\n<p>S\u1ea3n ph\u1ea9m \u0111\u01b0\u1ee3c B\u1ea3o h\u00e0nh 2 n\u0103m cho to\u00e0n b\u1ed9 th\u00e2n m\u00e1y &amp; B\u1ea3o h\u00e0nh \u0110\u1eb7c bi\u1ec7t 10 n\u0103m cho M\u00e1y n\u00e9n Inverter (*)<\/p>\n<p><img class=\"lazy\" src=\"https:\/\/cdn.mediamart.vn\/Upload\/images\/2018\/Thang04\/tu-lanh\/warranty-mitsubishi-electric.png\" data-original=\"https:\/\/cdn.mediamart.vn\/Upload\/images\/2018\/Thang04\/tu-lanh\/warranty-mitsubishi-electric.png\" \/><\/p>\n<\/div>\n","protected":false},"excerpt":{"rendered":"<p>&#8211; T\u1ee7 l\u1ea1nh 2 c\u00e1nh, dung t\u00edch 274L<br \/>\n&#8211; H\u1ec7 th\u1ed1ng l\u00e0m l\u1ea1nh \u0111a chi\u1ec1u<br \/>\n&#8211; Kh\u1eed m\u00f9i di\u1ec7t khu\u1ea9n Active Vio<br \/>\n&#8211; C\u00f4ng ngh\u1ec7 Neuro Inverter ti\u1ebft ki\u1ec7m \u0111i\u1ec7n k\u1ebft h\u1ee3p kh\u1ea3 n\u0103ng ghi nh\u1edb<\/p>\n<p>&nbsp;<\/p>\n","protected":false},"featured_media":1939,"comment_status":"open","ping_status":"closed","template":"","meta":[],"_links":{"self":[{"href":"http:\/\/maudep.com.vn\/chuyengiadienmay\/index.php?rest_route=\/wp\/v2\/product\/1937"}],"collection":[{"href":"http:\/\/maudep.com.vn\/chuyengiadienmay\/index.php?rest_route=\/wp\/v2\/product"}],"about":[{"href":"http:\/\/maudep.com.vn\/chuyengiadienmay\/index.php?rest_route=\/wp\/v2\/types\/product"}],"replies":[{"embeddable":true,"href":"http:\/\/maudep.com.vn\/chuyengiadienmay\/index.php?rest_route=%2Fwp%2Fv2%2Fcomments&post=1937"}],"wp:featuredmedia":[{"embeddable":true,"href":"http:\/\/maudep.com.vn\/chuyengiadienmay\/index.php?rest_route=\/wp\/v2\/media\/1939"}],"wp:attachment":[{"href":"http:\/\/maudep.com.vn\/chuyengiadienmay\/index.php?rest_route=%2Fwp%2Fv2%2Fmedia&parent=1937"}],"curies":[{"name":"wp","href":"https:\/\/api.w.org\/{rel}","templated":true}]}}