{"id":1950,"date":"2019-01-01T14:50:51","date_gmt":"2019-01-01T07:50:51","guid":{"rendered":"http:\/\/maudep.com.vn\/chuyengiadienmay\/?post_type=product&#038;p=1950"},"modified":"2019-01-15T15:03:03","modified_gmt":"2019-01-15T08:03:03","slug":"may-giat-inverter-8kg-electrolux-ewf12844","status":"publish","type":"product","link":"http:\/\/maudep.com.vn\/chuyengiadienmay\/?product=may-giat-inverter-8kg-electrolux-ewf12844","title":{"rendered":"M\u00e1y gi\u1eb7t Inverter 8kg Electrolux EWF12844"},"content":{"rendered":"<h3><strong>Thi\u1ebft k\u1ebf g\u1ecdn g\u00e0ng, d\u1ec5 b\u1ed1 tr\u00ed<\/strong><\/h3>\n<p>Kh\u00f4ng ch\u1ec9 mang \u0111\u1ebfn kh\u00f4ng gian hi\u1ec7n \u0111\u1ea1i v\u1edbi s\u1eafc tr\u1eafng trung t\u00ednh, sang tr\u1ecdng,\u00a0m\u00e1y gi\u1eb7t Electrolux 8 Kg EWF12844\u00a0c\u00f2n \u0111\u01b0\u1ee3c trang b\u1ecb kh\u1ed1i l\u01b0\u1ee3ng gi\u1eb7t\u00a08 kg, ph\u00f9 h\u1ee3p cho gia \u0111\u00ecnh c\u00f3 t\u1eeb 4 &#8211; 5 th\u00e0nh vi\u00ean.<\/p>\n<p><img class=\"lazy\" src=\"https:\/\/cdn.mediamart.vn\/Upload\/download\/2017-5-News\/Jg9z2D01wfyh3l2.jpg\" data-original=\"https:\/\/cdn.mediamart.vn\/Upload\/download\/2017-5-News\/Jg9z2D01wfyh3l2.jpg\" \/><\/p>\n<h3><strong>L\u1ed3ng gi\u1eb7t HIVE t\u1ed5 ong<\/strong><\/h3>\n<p>Thi\u1ebft k\u1ebf t\u1ed5 ong\u00a0\u0111\u1ed9c \u0111\u00e1o c\u1ee7a l\u1ed3ng gi\u1eb7t, gi\u00fap qu\u1ea7n \u00e1o \u0111\u01b0\u1ee3c l\u00e0m s\u1ea1ch hi\u1ec7u qu\u1ea3. \u0110\u1ed3ng th\u1eddi, thi\u1ebft k\u1ebf th\u00f4ng minh n\u00e0y c\u00f2n h\u1ea1n ch\u1ebf s\u1ef1 b\u00e0o m\u00f2n qu\u1ea7n \u00e1o, x\u01b0\u1edbc cho qu\u1ea7n \u00e1o, gi\u00fap qu\u1ea7n \u00e1o b\u1ec1n h\u01a1n.<\/p>\n<p><img class=\"lazy\" src=\"https:\/\/cdn.mediamart.vn\/Upload\/download\/2017-5-News\/Yr5ioEaqF3Z5wQg.jpg\" data-original=\"https:\/\/cdn.mediamart.vn\/Upload\/download\/2017-5-News\/Yr5ioEaqF3Z5wQg.jpg\" \/><\/p>\n<h3><strong>Ch\u1ee9c n\u0103ng gi\u1eb7t h\u01a1i n\u01b0\u1edbc di\u1ec7t khu\u1ea9n<\/strong><\/h3>\n<p>C\u00f9ng v\u1edbi kh\u1ea3 n\u0103ng gi\u1eef qu\u1ea7n \u00e1o m\u1ec1m m\u1ea1i,\u00a0ch\u1ee9c n\u0103ng gi\u1eb7t h\u01a1i n\u01b0\u1edbc\u00a0c\u00f2n c\u00f3 kh\u1ea3 n\u0103ng di\u1ec7t khu\u1ea9n hi\u1ec7n \u0111\u1ea1i, gi\u00fap \u0111\u00e1nh bay \u0111\u1ebfn 99,99% t\u00e1c nh\u00e2n g\u00e2y d\u1ecb \u1ee9ng c\u00f3 tr\u00ean b\u1ec1 m\u1eb7t qu\u1ea7n \u00e1o, mang \u0111\u1ebfn s\u1ef1 tho\u1ea3i m\u00e1i v\u00e0 an to\u00e0n khi s\u1eed d\u1ee5ng.<\/p>\n<p><img class=\"lazy\" src=\"https:\/\/cdn.mediamart.vn\/Upload\/download\/2017-5-News\/9oqZiur13F9E476.jpg\" data-original=\"https:\/\/cdn.mediamart.vn\/Upload\/download\/2017-5-News\/9oqZiur13F9E476.jpg\" \/><\/p>\n<h3><strong>Ti\u1ebft ki\u1ec7m t\u1ed1i \u0111a<\/strong><\/h3>\n<p>Kh\u00f4ng ch\u1ec9 mang \u0111\u1ebfn kh\u1ea3 n\u0103ng s\u1eed d\u1ee5ng \u00eam \u00e1i v\u00e0 b\u1ec1n b\u1ec9, c\u00f4ng ngh\u1ec7 Inverter tr\u00ean m\u00e1y gi\u1eb7t Electrolux n\u00e0y c\u00f2n cho kh\u1ea3 n\u0103ng ti\u1ebft ki\u1ec7m \u0111\u00e1ng k\u1ec3, gi\u00fap cho gia \u0111\u00ecnh c\u00f3 th\u1ec3 gi\u1ea3m b\u1edbt \u0111\u01b0\u1ee3c ph\u1ea7n n\u00e0o chi ph\u00ed sinh ho\u1ea1t.<\/p>\n<p><img class=\"lazy\" src=\"https:\/\/cdn.mediamart.vn\/Upload\/download\/2017-5-News\/h24rhN8Is1pv9zR.jpg\" data-original=\"https:\/\/cdn.mediamart.vn\/Upload\/download\/2017-5-News\/h24rhN8Is1pv9zR.jpg\" \/><\/p>\n<h3><strong>H\u1ec7 th\u1ed1ng gi\u1eb7t Shower Spray<\/strong><\/h3>\n<p>C\u00f4ng ngh\u1ec7 Shower Spray \u0111\u01b0\u1ee3c trang b\u1ecb tr\u00ean m\u00e1y gi\u1eb7t inverter n\u00e0y s\u1ebd cho ph\u00e9p n\u01b0\u1edbc phun tr\u1ef1c ti\u1ebfp v\u00e0o qu\u1ea7n \u00e1o, gi\u00fap n\u01b0\u1edbc gi\u1ea1t d\u1ec5 d\u00e0ng len l\u1ecfi v\u00e0 \u0111\u00e1nh b\u1eadt v\u1ebft b\u1ea9n tr\u00ean t\u1eebng th\u1edb v\u1ea3i, m\u00e0 kh\u00f4ng l\u00e0m nh\u00e0u n\u00e1t qu\u1ea7n \u00e1o.<\/p>\n<h3><strong>T\u1ed1c \u0111\u1ed9 quay v\u1eaft 1200 v\u00f2ng\/ph\u00fat<\/strong><\/h3>\n<p>T\u1ed1c \u0111\u1ed9 quay v\u1eaft cao, gi\u00fap qu\u1ea7n \u00e1o nhanh ch\u00f3ng \u0111\u01b0\u1ee3c s\u1ea5y kh\u00f4, gi\u00fap ti\u1ebft ki\u1ec7m th\u1eddi gian ch\u1edd \u0111\u1ee3i.<\/p>\n<p><img class=\"lazy\" src=\"https:\/\/cdn.mediamart.vn\/Upload\/download\/2017-5-News\/P5caRLq7156Pua7.jpg\" data-original=\"https:\/\/cdn.mediamart.vn\/Upload\/download\/2017-5-News\/P5caRLq7156Pua7.jpg\" \/><\/p>\n<p>&nbsp;<\/p>\n","protected":false},"excerpt":{"rendered":"<p>&#8211; M\u00e1y gi\u1eb7t l\u1ed3ng ngang c\u00f3 thi\u1ebft k\u1ebf c\u1ee7a tr\u01b0\u1edbc ti\u1ec7n d\u1ee5ng.<br \/>\n&#8211; \u0110\u1ed9ng c\u01a1 Inverter ti\u1ebft ki\u1ec7m n\u0103ng l\u01b0\u1ee3ng.<br \/>\n&#8211; B\u1ea3ng \u0111i\u1ec1u khi\u1ec3n th\u00f4ng minh v\u1edbi m\u00e0n h\u00ecnh hi\u1ec3n th\u1ecb.<br \/>\n&#8211; H\u1ec7 th\u1ed1ng gi\u1eb7t Shower Spray gi\u00fap gi\u1eb7t s\u1ea1ch m\u1ecdi v\u1ebft b\u1ea9n.<\/p>\n<p>&nbsp;<\/p>\n","protected":false},"featured_media":1952,"comment_status":"open","ping_status":"closed","template":"","meta":[],"_links":{"self":[{"href":"http:\/\/maudep.com.vn\/chuyengiadienmay\/index.php?rest_route=\/wp\/v2\/product\/1950"}],"collection":[{"href":"http:\/\/maudep.com.vn\/chuyengiadienmay\/index.php?rest_route=\/wp\/v2\/product"}],"about":[{"href":"http:\/\/maudep.com.vn\/chuyengiadienmay\/index.php?rest_route=\/wp\/v2\/types\/product"}],"replies":[{"embeddable":true,"href":"http:\/\/maudep.com.vn\/chuyengiadienmay\/index.php?rest_route=%2Fwp%2Fv2%2Fcomments&post=1950"}],"wp:featuredmedia":[{"embeddable":true,"href":"http:\/\/maudep.com.vn\/chuyengiadienmay\/index.php?rest_route=\/wp\/v2\/media\/1952"}],"wp:attachment":[{"href":"http:\/\/maudep.com.vn\/chuyengiadienmay\/index.php?rest_route=%2Fwp%2Fv2%2Fmedia&parent=1950"}],"curies":[{"name":"wp","href":"https:\/\/api.w.org\/{rel}","templated":true}]}}