{"id":1969,"date":"2019-01-01T17:33:43","date_gmt":"2019-01-01T10:33:43","guid":{"rendered":"http:\/\/maudep.com.vn\/chuyengiadienmay\/?post_type=product&#038;p=1969"},"modified":"2019-02-14T13:17:14","modified_gmt":"2019-02-14T06:17:14","slug":"may-giat-10kg-say-7kg-electrolux-eww14023","status":"publish","type":"product","link":"http:\/\/maudep.com.vn\/chuyengiadienmay\/?product=may-giat-10kg-say-7kg-electrolux-eww14023","title":{"rendered":"M\u00e1y gi\u1eb7t 10kg+ S\u1ea5y 7kg Electrolux EWW14023"},"content":{"rendered":"<h3 class=\"pd-news-title\">M\u00e1y gi\u1eb7t 10kg+ S\u1ea5y 7kg Electrolux EWW14023<\/h3>\n<div class=\"pd-news-content\">\n<h3>Thi\u1ebft k\u1ebf hi\u1ec7n \u0111\u1ea1i, sang tr\u1ecdng<\/h3>\n<p>M\u00e1y gi\u1eb7t s\u1ea5y Electrolux Inverter EWW14023\u00a0s\u1edf h\u1eefu thi\u1ebft k\u1ebf m\u1edbi m\u1ebb, hi\u1ec7n \u0111\u1ea1i c\u00f9ng \u0111\u01b0\u1eddng n\u00e9t g\u00f3c c\u1ea1nh tinh t\u1ebf, v\u1ecf ngo\u00e0i ch\u1eafc ch\u1eafn mang gam m\u00e0u tr\u1eafng trang nh\u00e3 gi\u00fap t\u00f4 \u0111i\u1ec3m cho kh\u00f4ng gian n\u1ed9i th\u1ea5t sang tr\u1ecdng c\u1ee7a gia \u0111\u00ecnh b\u1ea1n. V\u1edbi kh\u1ed1i l\u01b0\u1ee3ng gi\u1eb7t l\u00ean \u0111\u1ebfn 10 kg v\u00e0 kh\u1ed1i l\u01b0\u1ee3ng s\u1ea5y l\u00e0 7 kg, s\u1ea3n ph\u1ea9m n\u00e0y l\u00e0 s\u1ef1 l\u1ef1a ch\u1ecdn tuy\u1ec7t v\u1eddi gi\u00e0nh cho c\u00e1c gia \u0111\u00ecnh c\u00f3 tr\u00ean 6 th\u00e0nh vi\u00ean.<\/p>\n<p><img class=\"lazy\" src=\"https:\/\/cdn.tgdd.vn\/Products\/Images\/1944\/109195\/Slider\/vi-vn-may-giat-electrolux-eww14023.jpg\" data-original=\"https:\/\/cdn.tgdd.vn\/Products\/Images\/1944\/109195\/Slider\/vi-vn-may-giat-electrolux-eww14023.jpg\" \/><\/p>\n<h3>C\u00f4ng ngh\u1ec7 Inverter ti\u1ebft ki\u1ec7m \u0111i\u1ec7n n\u0103ng<\/h3>\n<p>C\u00f4ng ngh\u1ec7 Inverter\u00a0ti\u00ean ti\u1ebfn t\u00edch h\u1ee3p trong m\u00e1y gi\u1eb7t s\u1ea5y\u00a0Electrolux\u00a0Inverter EWW14023 cho ph\u00e9p ti\u1ebft ki\u1ec7m \u0111\u1ebfn 75% \u0111i\u1ec7n n\u0103ng m\u1ed7i l\u1ea7n gi\u1eb7t, gi\u00fap ti\u1ebft ki\u1ec7m chi ph\u00ed sinh ho\u1ea1t cho gia \u0111\u00ecnh b\u1ea1n m\u00e0 v\u1eabn \u0111\u1ea3m b\u1ea3o \u0111\u01b0\u1ee3c ch\u1ee9c n\u0103ng gi\u1eb7t s\u1ea1ch hi\u1ec7u qu\u1ea3. Ngo\u00e0i ra, c\u00f4ng ngh\u1ec7 Inverter c\u00f2n gi\u00fap cho\u00a0m\u00e1y gi\u1eb7t\u00a0ho\u1ea1t \u0111\u1ed9ng \u00eam \u00e1i b\u1ec1n b\u1ec9, gi\u1ea3m rung l\u1eafc, tr\u00e1nh s\u1eddn r\u00e1ch tr\u00ean qu\u1ea7n \u00e1o v\u00e0 t\u0103ng \u0111\u1ed9 b\u1ec1n cho m\u00e1y gi\u1eb7t.<\/p>\n<p><img class=\"lazy\" src=\"https:\/\/mediamart.vn\/Lib\/Plugins\/LazyLoad\/lazy-bg.png\" data-original=\"https:\/\/cdn.tgdd.vn\/Products\/Images\/1944\/109195\/Slider\/vi-vn-may-giat-electrolux-eww14023-2.jpg\" \/><\/p>\n<h3>C\u00f4ng ngh\u1ec7 UltraMix<\/h3>\n<p>M\u00e1y gi\u1eb7t s\u1ea5y Electrolux\u00a0Inverter EWW14023 \u0111\u01b0\u1ee3c trang b\u1ecb\u00a0c\u00f4ng ngh\u1ec7 UltraMix\u00a0cho ph\u00e9p h\u00f2a tan ch\u1ea5t gi\u1eb7t t\u1ea9y nhanh ch\u00f3ng hi\u1ec7u qu\u1ea3, gi\u00fap n\u01b0\u1edbc gi\u1eb7t th\u1ea5m s\u00e2u v\u00e0o t\u1eebng s\u1ee3i v\u1ea3i, ti\u1ebft ki\u1ec7m th\u1eddi gian gi\u1eb7t m\u00e0 v\u1eabn cho hi\u1ec7u qu\u1ea3 gi\u1eb7t gi\u0169 t\u1ed1i \u01b0u. C\u00f4ng ngh\u1ec7 UltraMix cho kh\u1ea3 n\u0103ng b\u1ea3o v\u1ec7 m\u00e0u v\u1ea3i t\u1ed1t h\u01a1n 31%, b\u1ea1n s\u1ebd kh\u00f4ng c\u00f2n lo l\u1eafng v\u1ec1 qu\u1ea7n \u00e1o b\u1ecb phai m\u00e0u khi gi\u1eb7t.<\/p>\n<p><img class=\"lazy\" src=\"https:\/\/mediamart.vn\/Lib\/Plugins\/LazyLoad\/lazy-bg.png\" data-original=\"https:\/\/cdn.tgdd.vn\/Products\/Images\/1944\/109195\/Slider\/vi-vn-may-giat-electrolux-eww14023-4.jpg\" \/><\/p>\n<h3>Gi\u1eb7t h\u01a1i n\u01b0\u1edbc Vapour Care<\/h3>\n<p>C\u00f4ng ngh\u1ec7\u00a0gi\u1eb7t h\u01a1i n\u01b0\u1edbc Vapour Care\u00a0l\u00e0 m\u1ed9t trong nh\u1eefng c\u00f4ng ngh\u1ec7 ti\u00ean ti\u1ebfn nh\u1ea5t \u0111\u01b0\u1ee3c t\u00edch h\u1ee3p trong c\u00e1c s\u1ea3n ph\u1ea9m m\u00e1y gi\u1eb7t Electrolux. C\u00f4ng ngh\u1ec7 n\u00e0y gi\u00fap m\u00e1y gi\u1eb7t \u0111\u00e1nh b\u1eadt c\u00e1c v\u1ebft b\u1ea9n c\u1ee9ng \u0111\u1ea7u, lo\u1ea1i b\u1ecf 99,9% vi khu\u1ea9n v\u00e0 c\u00e1c t\u00e1c nh\u00e2n g\u00e2y d\u1ecb \u1ee9ng b\u00e1m tr\u00ean qu\u1ea7n \u00e1o, l\u00e0m m\u1ec1m s\u1ee3i v\u1ea3i, gi\u00fap qu\u1ea7n \u00e1o c\u1ee7a gia \u0111\u00ecnh b\u1ea1n lu\u00f4n s\u1ea1ch s\u1ebd, m\u1ec1m m\u1ea1i nh\u01b0 m\u1edbi.<\/p>\n<p><img class=\"lazy\" src=\"https:\/\/mediamart.vn\/Lib\/Plugins\/LazyLoad\/lazy-bg.png\" data-original=\"https:\/\/cdn.tgdd.vn\/Products\/Images\/1944\/109195\/may-giat-say-electrolux-eww14023-14.jpg\" \/><\/p>\n<h3>L\u00e0m m\u1edbi qu\u1ea7n \u00e1o Vapour Refresh<\/h3>\n<p>M\u00e1y gi\u1eb7t s\u1ea5y Electrolux\u00a0Inverter EWW14023 c\u00f2n \u0111\u01b0\u1ee3c trang b\u1ecb c\u00f4ng ngh\u1ec7 l\u00e0m m\u1edbi qu\u1ea7n \u00e1o\u00a0Vapour Refresh th\u00f4ng minh c\u00f3 kh\u1ea3 n\u0103ng l\u00e0m m\u1ec1m, gi\u1ea3m nh\u0103n qu\u1ea7n \u00e1o trong v\u00f2ng 30 ph\u00fat, \u00a0gi\u00fap nh\u1eefng b\u1ed9 qu\u1ea7n \u00e1o c\u1ea5t trong t\u1ee7 l\u00e2u ng\u00e0y c\u1ee7a gia \u0111\u00ecnh b\u1ea1n m\u1ec1m m\u1ea1i, th\u01a1m m\u00e1t nh\u01b0 m\u1edbi.<\/p>\n<p><img class=\"lazy\" src=\"https:\/\/mediamart.vn\/Lib\/Plugins\/LazyLoad\/lazy-bg.png\" data-original=\"https:\/\/cdn.tgdd.vn\/Products\/Images\/1944\/109195\/Slider\/vi-vn-may-giat-electrolux-eww14023-6.jpg\" \/><\/p>\n<h3>Ch\u1ee9c n\u0103ng Add Cloths &#8211; th\u00eam qu\u1ea7n \u00e1o trong khi gi\u1eb7t<\/h3>\n<p>V\u1edbi nh\u1eefng chi\u1ebfc m\u00e1y gi\u1eb7t c\u1eeda ngang th\u00f4ng th\u01b0\u1eddng, b\u1ea1n s\u1ebd kh\u00f4ng th\u1ec3 cho th\u00eam qu\u1ea7n \u00e1o b\u1ecf qu\u00ean v\u00e0o m\u00e1y gi\u1eb7t khi \u0111ang v\u1eadn h\u00e0nh. Tuy nhi\u00ean, ch\u1ee9c n\u0103ng Add Cloths tr\u00ean m\u00e1y gi\u1eb7t s\u1ea5y Electrolux\u00a0Inverter EWW14023 cho ph\u00e9p b\u1ea1n cho th\u00eam qu\u1ea7n \u00e1o b\u1ecf qu\u00ean v\u00e0o m\u00e1y gi\u1eb7t \u0111ang ho\u1ea1t \u0111\u1ed9ng trong v\u00f2ng 10 &#8211; 15 ph\u00fat \u0111\u1ea7u ti\u00ean.<\/p>\n<h3>Ch\u1ee9c n\u0103ng s\u1ea5y<\/h3>\n<p>Ch\u1ee9c n\u0103ng s\u1ea5y\u00a0qu\u1ea7n \u00e1o sau khi gi\u1eb7t gi\u00fap qu\u1ea7n \u00e1o c\u1ee7a b\u1ea1n nhanh kh\u00f4 ho\u1eb7c c\u00f3 th\u1ec3 s\u1eed d\u1ee5ng lu\u00f4n v\u00e0 c\u1ea5t v\u00e0o trong t\u1ee7 m\u00e0 kh\u00f4ng c\u1ea7n m\u1ea5t th\u1eddi gian ph\u01a1i kh\u00f4. V\u1edbi kh\u1ea3 n\u0103ng s\u1ea5y kh\u00f4 7 kg qu\u1ea7n \u00e1o trong m\u1ed9t l\u1ea7n s\u1ea5y, m\u00e1y gi\u1eb7t s\u1ea5y Electrolux\u00a0Inverter EWW14023\u00a0gi\u00fap b\u1ea1n ti\u1ebft ki\u1ec7m kh\u00e1 nhi\u1ec1u th\u1eddi gian ph\u01a1i kh\u00f4 qu\u1ea7n \u00e1o v\u00e0 r\u1ea5t h\u1eefu \u00edch trong nh\u1eefng ng\u00e0y th\u1eddi ti\u1ebft \u1ea9m \u01b0\u1edbt.<\/p>\n<p><img class=\"lazy\" src=\"https:\/\/mediamart.vn\/Lib\/Plugins\/LazyLoad\/lazy-bg.png\" data-original=\"https:\/\/cdn.tgdd.vn\/Products\/Images\/1944\/109195\/Slider\/-may-giat-electrolux-eww14023(1).jpg\" \/><\/p>\n<h3>Ch\u1ebf \u0111\u1ed9 gi\u1eb7t n\u01b0\u1edbc n\u00f3ng<\/h3>\n<p>M\u00e1y gi\u1eb7t s\u1ea5y Electrolux\u00a0Inverter EWW14023 \u0111\u01b0\u1ee3c t\u00edch h\u1ee3p ch\u1ebf \u0111\u1ed9\u00a0gi\u1eb7t n\u01b0\u1edbc n\u00f3ng\u00a0gi\u00fap gi\u1eb7t s\u1ea1ch c\u00e1c v\u1ebft b\u1ea9n b\u00e1m s\u00e2u tr\u00ean qu\u1ea7n \u00e1o, lo\u1ea1i tr\u1eeb vi khu\u1ea9n g\u00e2y h\u1ea1i, mang l\u1ea1i cho gia \u0111\u00ecnh b\u1ea1n nh\u1eefng b\u1ed9 qu\u1ea7n \u00e1o s\u1ea1ch s\u1ebd, m\u1ec1m m\u1ea1i v\u00e0 th\u01a1m m\u00e1t.<\/p>\n<h3>Ti\u1ec7n \u00edch v\u00e0 ch\u01b0\u01a1ng tr\u00ecnh gi\u1eb7t \u0111a d\u1ea1ng<\/h3>\n<p>Ngo\u00e0i nh\u1eefng t\u00ednh n\u0103ng \u01b0u vi\u1ec7t tr\u00ean, m\u00e1y gi\u1eb7t s\u1ea5y Electrolux\u00a0Inverter EWW14023 c\u00f2n c\u00f3 r\u1ea5t nhi\u1ec1u ti\u1ec7n \u00edch th\u00f4ng minh kh\u00e1c l\u00e0\u00a0kh\u00f3a tr\u1ebb em,\u00a0h\u1eb9n gi\u1edd gi\u1eb7t xong, ch\u1ebf \u0111\u1ed9 tr\u00ec ho\u00e3n kh\u1edfi \u0111\u1ed9ng,&#8230; \u0111\u1ea3m b\u1ea3o mang \u0111\u1ebfn s\u1ef1 tho\u1ea3i m\u00e1i, y\u00ean t\u00e2m cho b\u1ea1n khi s\u1eed d\u1ee5ng. V\u1edbi nhi\u1ec1u ch\u01b0\u01a1ng tr\u00ecnh gi\u1eb7t \u0111a d\u1ea1ng nh\u01b0 \u0111\u1ed3 cotton, \u0111\u1ed3 len, gi\u1eb7t ti\u1ebft ki\u1ec7m,&#8230; chi\u1ebfc m\u00e1y gi\u1eb7t n\u00e0y s\u1ebd gi\u00fap b\u1ea1n tho\u1ea3i m\u00e1i l\u1ef1a ch\u1ecdn ch\u1ebf \u0111\u1ed9 gi\u1eb7t ph\u00f9 h\u1ee3p v\u1edbi qu\u1ea7n \u00e1o c\u1ee7a gia \u0111\u00ecnh m\u00ecnh.<\/p>\n<\/div>\n","protected":false},"excerpt":{"rendered":"<p>&#8211; N\u00fat V\u1eb7n HIfi + B\u1ea3ng \u0111i\u1ec1u ki\u1ec3n IQ &#8211; Touch<br \/>\n&#8211; Ch\u01b0\u01a1ng Tr\u00ecnh gi\u1eb7t n\u01b0\u1edbc n\u00f3ng<br \/>\n&#8211; Ti\u1ebft ki\u1ec7m \u0111i\u1ec7n n\u0103ng h\u1ea1ng A++ v\u1edbi \u0111\u1ed9ng c\u01a1 Eco Inverter<br \/>\n&#8211; Ch\u01b0\u01a1ng tr\u00ecnh t\u1ef1 \u0111\u1ed9ng l\u00e0m s\u1ea1ch l\u1ed3ng gi\u1eb7t<\/p>\n<p>&nbsp;<\/p>\n","protected":false},"featured_media":1971,"comment_status":"open","ping_status":"closed","template":"","meta":[],"_links":{"self":[{"href":"http:\/\/maudep.com.vn\/chuyengiadienmay\/index.php?rest_route=\/wp\/v2\/product\/1969"}],"collection":[{"href":"http:\/\/maudep.com.vn\/chuyengiadienmay\/index.php?rest_route=\/wp\/v2\/product"}],"about":[{"href":"http:\/\/maudep.com.vn\/chuyengiadienmay\/index.php?rest_route=\/wp\/v2\/types\/product"}],"replies":[{"embeddable":true,"href":"http:\/\/maudep.com.vn\/chuyengiadienmay\/index.php?rest_route=%2Fwp%2Fv2%2Fcomments&post=1969"}],"wp:featuredmedia":[{"embeddable":true,"href":"http:\/\/maudep.com.vn\/chuyengiadienmay\/index.php?rest_route=\/wp\/v2\/media\/1971"}],"wp:attachment":[{"href":"http:\/\/maudep.com.vn\/chuyengiadienmay\/index.php?rest_route=%2Fwp%2Fv2%2Fmedia&parent=1969"}],"curies":[{"name":"wp","href":"https:\/\/api.w.org\/{rel}","templated":true}]}}