{"id":1972,"date":"2019-01-01T17:40:23","date_gmt":"2019-01-01T10:40:23","guid":{"rendered":"http:\/\/maudep.com.vn\/chuyengiadienmay\/?post_type=product&#038;p=1972"},"modified":"2019-01-15T14:26:02","modified_gmt":"2019-01-15T07:26:02","slug":"may-giat-8-kg-electrolux-ewf12853s-inverter-xam-bac","status":"publish","type":"product","link":"http:\/\/maudep.com.vn\/chuyengiadienmay\/?product=may-giat-8-kg-electrolux-ewf12853s-inverter-xam-bac","title":{"rendered":"M\u00e1y gi\u1eb7t 8 Kg Electrolux EWF12853S Inverter (X\u00e1m b\u1ea1c)"},"content":{"rendered":"<h3 class=\"pd-news-title\">M\u00e1y gi\u1eb7t 8 Kg Electrolux EWF12853S Inverter (X\u00e1m b\u1ea1c)<\/h3>\n<div class=\"pd-news-content\">\n<p><strong>Th\u00eam qu\u00e2\u0300n a\u0301o<\/strong><br \/>\nCho phe\u0301p ba\u0323n th\u00eam qu\u00e2\u0300n a\u0301o ngay trong chu tri\u0300nh gi\u0103\u0323t*\u00a0 *Trong vo\u0300ng 10-15 phu\u0301t sau khi chu ky\u0300 gi\u0103\u0323t b\u0103\u0301t \u0111\u00e2\u0300u, tuy\u0300 theo t\u01b0\u0300ng ch\u01b0\u01a1ng tri\u0300nh gi\u0103\u0323t<\/p>\n<p><img class=\"lazy\" src=\"https:\/\/cdn.mediamart.vn\/Upload\/download\/2016-10\/mg-4F86jD.jpg\" data-original=\"https:\/\/cdn.mediamart.vn\/Upload\/download\/2016-10\/mg-4F86jD.jpg\" \/><\/p>\n<p><strong>L\u00e0m m\u1edbi qu\u1ea7n \u00e1o Vapour Refresh<\/strong><br \/>\nL\u00e0m m\u1edbi v\u00e0 gi\u00fap qu\u1ea7n \u00e1o \u0111\u1ee1 nh\u0103n h\u01a1n trong v\u00f2ng 30 ph\u00fat, mang \u0111\u1ebfn s\u1ef1 m\u1ec1m m\u1ea1i v\u00e0 th\u01a1m m\u00e1t cho qu\u1ea7n \u00e1o c\u1ea5t l\u00e2u ng\u00e0y trong t\u1ee7.<br \/>\n<img class=\"lazy\" src=\"https:\/\/cdn.mediamart.vn\/Upload\/download\/2016-10\/mg-5A2BUX.jpg\" data-original=\"https:\/\/cdn.mediamart.vn\/Upload\/download\/2016-10\/mg-5A2BUX.jpg\" \/><\/p>\n<p><strong>C\u00f4ng ngh\u00ea\u0323 EcoInverter<\/strong><br \/>\nT\u00f4\u0301i \u01b0u ho\u0301a c\u00f4ng su\u00e2\u0301t va\u0300 hi\u00ea\u0323u qua\u0309 gi\u0103\u0323t sa\u0323ch, \u0111\u00f4\u0300ng h\u01a1\u0300i gia\u0309m thi\u00ea\u0309u rung ch\u00e2\u0301n va\u0300 s\u01a1\u0300n ra\u0301ch.<\/p>\n<p><img class=\"lazy\" src=\"https:\/\/cdn.mediamart.vn\/Upload\/download\/2016-10\/mg-0hq828.jpg\" data-original=\"https:\/\/cdn.mediamart.vn\/Upload\/download\/2016-10\/mg-0hq828.jpg\" \/><\/p>\n<p><strong>C\u00f4ng ngh\u00ea\u0323 gi\u0103\u0323t h\u01a1i n\u01b0\u01a1\u0301c &#8211; Vapour Action<\/strong><br \/>\nGi\u01b0\u0303 qu\u00e2\u0300n a\u0301o m\u00ea\u0300m ma\u0323i va\u0300 gia\u0309m thi\u00ea\u0309u \u0111\u00ea\u0301n 99% * ta\u0301c nh\u00e2n g\u00e2y di\u0323 \u01b0\u0301ng co\u0301 tr\u00ean b\u00ea\u0300 m\u0103\u0323t va\u0309i * Ch\u01b0\u0301ng nh\u00e2\u0323n b\u01a1\u0309i Vi\u00ea\u0323n nghi\u00ean c\u01b0\u0301u wfk cu\u0309a \u0110\u01b0\u0301c &#8211; th\u01b0\u0323c hi\u00ea\u0323n tr\u00ean ch\u00e2\u0301t li\u00ea\u0323u va\u0309i c\u00f4-t\u00f4ng \u01a1\u0309 60 \u0111\u00f4\u0323 C<\/p>\n<p><img class=\"lazy\" src=\"https:\/\/cdn.mediamart.vn\/Upload\/download\/2016-10\/mg-UG92nt.jpg\" data-original=\"https:\/\/cdn.mediamart.vn\/Upload\/download\/2016-10\/mg-UG92nt.jpg\" \/><\/p>\n<p><strong>An toa\u0300n v\u01a1\u0301i va\u0309i len, \u0111\u01b0\u01a1\u0323c ch\u01b0\u0301ng nh\u00e2\u0323n b\u01a1\u0309i Woolmark<\/strong><br \/>\nN\u00e2ng niu chi\u00ea\u0301c a\u0301o len ba\u0323n y\u00eau v\u01a1\u0301i ma\u0301y gi\u0103\u0323t Electrolux hoa\u0300n toa\u0300n phu\u0300 h\u01a1\u0323p va\u0300 an toa\u0300n v\u01a1\u0301i va\u0309i len, \u0111\u01b0\u01a1\u0323c ch\u01b0\u0301ng nh\u00e2\u0323n b\u01a1\u0309i Woolmark (Ch\u01b0\u0301ng nh\u00e2\u0323n ti\u00eau chu\u00e2\u0309n \u0111\u00f4\u0300 len qu\u00f4\u0301c t\u00ea\u0301).<\/p>\n<p><img class=\"lazy\" src=\"https:\/\/cdn.mediamart.vn\/Upload\/download\/2016-10\/mg-wgZBX0.jpg\" data-original=\"https:\/\/cdn.mediamart.vn\/Upload\/download\/2016-10\/mg-wgZBX0.jpg\" \/><\/p>\n<p>&nbsp;<\/p>\n<p><strong>Th\u00f4ng s\u1ed1 k\u1ef9 thu\u1eadt<\/strong><\/p>\n<p>&#8211; C\u00f4ng su\u1ea5t: 8kg<br \/>\n&#8211; M\u00e0u: X\u00e1m b\u1ea1c<br \/>\n&#8211; V\u00f2ng v\u1eaft t\u1ed1i \u0111a: 1200 v\/p<br \/>\n&#8211; Motor Inverter<br \/>\n&#8211; Ch\u01b0\u01a1ng tr\u00ecnh: Cottons, Mixed (T\u1ed5ng h\u1ee3p), Delicates (\u0110\u1ed3 m\u00f5ng), Bedding (Gi\u1eb7t t\u1ea5m tr\u1ea3i gi\u01b0\u1eddng), Wool (\u0110\u1ed3 len), Baby Care (\u0110\u1ed3 em b\u00e9), Energy Saver (Ch\u01b0\u01a1ng r\u00ecnh ti\u1ebft ki\u1ec7m), Quick 18&#8242; (Gi\u1eb7t nhanh 18&#8242;), Vapour Fresh (l\u00e0m th\u01a1m \u0111\u1ed3 b\u1eb1ng h\u01a1i n\u01b0\u1edbc).<br \/>\n&#8211; L\u1ef1a ch\u1ecdn kh\u00e1c: Pre Wash (Gi\u1eb7t s\u01a1), Easy Iron (Gi\u1eb7t d\u1ec5 \u1ee7i), Rinse+ (X\u00e3 th\u00eam), Vapour (Ch\u1ee9c n\u0103ng h\u01a1i n\u01b0\u1edbc), Child Lock (Kh\u00f3a tr\u1ebb em), \u00a0Temp (Ch\u1ecdn nhi\u1ec7t \u0111\u1ed9), Spin (V\u1eaft), Time Manager (\u0111i\u1ec1u ch\u1ec9nh th\u1eddi gian), Delay End (Tr\u00ec ho\u00e3n k\u1ebft th\u00fac), Add Cloths (Th\u00eam \u0111\u1ed3).<br \/>\n&#8211; Gi\u1eb7t n\u01b0\u1edbc n\u00f3ng : 90oC, 60oC, 40oC, 30oC &amp; nhi\u1ec7t \u0111\u1ed9 m\u00f4i tr\u01b0\u1eddng.<br \/>\n&#8211; K\u00edch th\u01b0\u1edbc s\u1ea3n ph\u1ea9m (CxRxS mm): 850 x 600 x 568<\/p>\n<\/div>\n","protected":false},"excerpt":{"rendered":"<p>M\u00e1y gi\u1eb7t c\u1eeda ngang 8Kg Cho phe\u0301p ba\u0323n th\u00eam qu\u00e2\u0300n a\u0301o ngay trong chu tri\u0300nh gi\u0103\u0323t<br \/>\nC\u00f3 ch\u1ee9c n\u0103ng l\u00e0m m\u1edbi qu\u1ea7n \u00e1o\u00a0Vapour Refresh<br \/>\nC\u00f4ng ngh\u00ea\u0323 EcoInverter T\u00f4\u0301i \u01b0u ho\u0301a c\u00f4ng su\u00e2\u0301t va\u0300 hi\u00ea\u0323u qua\u0309 gi\u0103\u0323t sa\u0323ch<br \/>\nC\u00f4ng ngh\u00ea\u0323 gi\u0103\u0323t h\u01a1i n\u01b0\u01a1\u0301c gi\u01b0\u0303 qu\u00e2\u0300n a\u0301o m\u00ea\u0300m ma\u0323i va\u0300 gia\u0309m thi\u00ea\u0309u ta\u0301c nh\u00e2n g\u00e2y di\u0323 \u01b0\u0301ng<\/p>\n<p>&nbsp;<\/p>\n","protected":false},"featured_media":1975,"comment_status":"open","ping_status":"closed","template":"","meta":[],"_links":{"self":[{"href":"http:\/\/maudep.com.vn\/chuyengiadienmay\/index.php?rest_route=\/wp\/v2\/product\/1972"}],"collection":[{"href":"http:\/\/maudep.com.vn\/chuyengiadienmay\/index.php?rest_route=\/wp\/v2\/product"}],"about":[{"href":"http:\/\/maudep.com.vn\/chuyengiadienmay\/index.php?rest_route=\/wp\/v2\/types\/product"}],"replies":[{"embeddable":true,"href":"http:\/\/maudep.com.vn\/chuyengiadienmay\/index.php?rest_route=%2Fwp%2Fv2%2Fcomments&post=1972"}],"wp:featuredmedia":[{"embeddable":true,"href":"http:\/\/maudep.com.vn\/chuyengiadienmay\/index.php?rest_route=\/wp\/v2\/media\/1975"}],"wp:attachment":[{"href":"http:\/\/maudep.com.vn\/chuyengiadienmay\/index.php?rest_route=%2Fwp%2Fv2%2Fmedia&parent=1972"}],"curies":[{"name":"wp","href":"https:\/\/api.w.org\/{rel}","templated":true}]}}