{"id":1989,"date":"2019-01-01T18:55:58","date_gmt":"2019-01-01T11:55:58","guid":{"rendered":"http:\/\/maudep.com.vn\/chuyengiadienmay\/?post_type=product&#038;p=1989"},"modified":"2019-01-15T14:36:10","modified_gmt":"2019-01-15T07:36:10","slug":"may-giat-8kg-say-5kg-electrolux-eww12853","status":"publish","type":"product","link":"http:\/\/maudep.com.vn\/chuyengiadienmay\/?product=may-giat-8kg-say-5kg-electrolux-eww12853","title":{"rendered":"M\u00e1y gi\u1eb7t 8kg + S\u1ea5y 5kg Electrolux EWW12853"},"content":{"rendered":"<h3 class=\"pd-news-title\">M\u00e1y gi\u1eb7t 8kg + S\u1ea5y 5kg Electrolux EWW12853<\/h3>\n<div class=\"pd-news-content\">\n<p><strong>C\u00f4ng ngh\u1ec7 Eco Inverter<\/strong><\/p>\n<p>M\u00e1y gi\u1eb7t Electrolux EWW12853 mang trong m\u00ecnh \u0111\u1ed9ng c\u01a1 ti\u00ean ti\u1ebfn Eco Inverter v\u01b0\u1ee3t tr\u1ed9i so v\u1edbi Inverter th\u01b0\u1eddng. N\u00f3 gi\u00fap \u00e1o qu\u1ea7n s\u1ea1ch s\u1ebd tinh t\u01b0\u01a1m m\u00e0 kh\u00f4ng g\u00e2y t\u1ed5n h\u1ea1i cho s\u1ee3i v\u1ea3i,c\u01a1 ch\u1ebf v\u1eadn h\u00e0nh \u00eam \u00e1i kh\u00f4ng rung l\u1eafc l\u00e0m tu\u1ed5i th\u1ecd s\u1ea3n ph\u1ea9m k\u00e9o d\u00e0i h\u01a1n.<\/p>\n<p>Ngo\u00e0i ra khi n\u00f3i v\u1ec1 kh\u1ea3 n\u0103ng ti\u1ebft ki\u1ec7m \u0111i\u1ec7n th\u00ec Eco Inverter ph\u1ea3i n\u00f3i l\u00e0 v\u01b0\u1ee3t tr\u1ed9i nh\u1edd: c\u01a1 ch\u1ebf \u0111i\u1ec1u ti\u1ebft t\u1ea7n s\u1ed1 Motor h\u1ee3p l\u00fd gi\u00fap t\u0103ng t\u1ed1c \u0111\u1ed9 gi\u1eb7t,gi\u1ea3m \u0111i\u1ec7n n\u0103ng hao ph\u00ed<\/p>\n<p><img class=\"lazy\" src=\"https:\/\/cdn.mediamart.vn\/Upload\/download\/2017-5-News\/w0Q0g5K7Fc7EnNW.jpg\" data-original=\"https:\/\/cdn.mediamart.vn\/Upload\/download\/2017-5-News\/w0Q0g5K7Fc7EnNW.jpg\" \/><\/p>\n<p><strong>B\u1ea3ng \u0111i\u1ec1u khi\u1ec3n hi\u1ec7n \u0111\u1ea1i<\/strong><\/p>\n<p>Bao g\u1ed3m N\u00fat v\u1eb7n Hifi v\u00e0 b\u1ea3ng \u0111i\u1ec1u ch\u1ec9nh IQ Touch sang tr\u1ecdng thao t\u00e1c d\u1ec5 d\u00e0ng,ch\u1ec9 m\u1ea5t 1 v\u00e0i ph\u00fat \u0111\u1ed3ng h\u1ed3 \u0111\u1ec3 c\u00e0i \u0111\u1eb7t l\u00e0 b\u1ea1n c\u00f3 th\u1ec3 tho\u1ea3i m\u00e1i l\u00e0m c\u00f4ng vi\u1ec7c kh\u00e1c,trong khi chi\u1ebfc m\u00e1y \u0111ang th\u1ef1c hi\u1ec7n to\u00e0n b\u1ed9 c\u00e1c c\u00f4ng \u0111o\u1ea1n t\u1eeb b\u01a1m n\u01b0\u1edbc,v\u00f2,v\u1eaft x\u1ea3&#8230;<\/p>\n<p><img class=\"lazy\" src=\"https:\/\/cdn.mediamart.vn\/Upload\/download\/2017-5-News\/UuY14Mnd989zC39.jpg\" data-original=\"https:\/\/cdn.mediamart.vn\/Upload\/download\/2017-5-News\/UuY14Mnd989zC39.jpg\" \/><\/p>\n<p><strong>M\u1ed9t chi\u1ebfc m\u00e1y gi\u1eb7t S\u1ea5y tuy\u1ec7t v\u1eddi<\/strong><\/p>\n<p>Kh\u00f4ng ch\u1ec9 \u0111\u01a1n thu\u1ea7n l\u00e0 m\u1ed9t chi\u1ebfc m\u00e1y gi\u1eb7t c\u00f3 th\u1ec3 v\u00f2,x\u1ea3,v\u1eaft thay cho con ng\u01b0\u1eddi. Chi\u1ebfc m\u00e1y gi\u1eb7t Electrolux EWW12853 c\u1ee7a ch\u00fang ta c\u00f2n c\u00f3 ch\u1ee9c n\u0103ng s\u1ea5y kh\u00f4. T\u1ee9c l\u00e0 n\u1ebfu \u00e1o qu\u1ea7n c\u1ee7a b\u1ea1n c\u00f3 th\u1ec3 \u0111\u01b0\u1ee3c l\u00e0m kh\u00f4 ngay sau khi k\u1ebft th\u00fac chu tr\u00ecnh s\u1ea5y,t\u00ednh n\u0103ng n\u00e0y \u0111\u1eb7c bi\u1ec7t h\u1eefu d\u1ee5ng trong m\u00f9a \u0111\u00f4ng. Do \u0111\u00f3 n\u1ebfu b\u1ea1n mong mu\u1ed1n th\u1ecfa s\u1ee9c ch\u1ecdn l\u1ef1a nh\u1eefng b\u1ed9 c\u00e1nh y\u00eau th\u00edch c\u1ee7a m\u00ecnh m\u00e0 kh\u00f4ng lo \u1ea9m \u01b0\u1edbt,m\u00f9i h\u00f4i kh\u00f3 ch\u1ecbu th\u00ec EWW12853 8kg l\u00e0 1 l\u1ef1a ch\u1ecdn kh\u00f4ng th\u1ec3 b\u1ecf qua<\/p>\n<\/div>\n","protected":false},"excerpt":{"rendered":"<p>&#8211; N\u00fat V\u1eb7n HIfi + B\u1ea3ng \u0111i\u1ec1u ki\u1ec3n IQ &#8211; Touch<br \/>\n&#8211; Ch\u01b0\u01a1ng Tr\u00ecnh gi\u1eb7t n\u01b0\u1edbc n\u00f3ng<br \/>\n&#8211; Ti\u1ebft ki\u1ec7m \u0111i\u1ec7n n\u0103ng h\u1ea1ng A++ v\u1edbi \u0111\u1ed9ng c\u01a1 Eco Inverter<br \/>\n&#8211; Ch\u01b0\u01a1ng tr\u00ecnh t\u1ef1 \u0111\u1ed9ng l\u00e0m s\u1ea1ch l\u1ed3ng gi\u1eb7t<br \/>\n&#8211; Ch\u1ee9c n\u0103ng h\u1eb9n gi\u1edd gi\u1eb7t<\/p>\n<p>&nbsp;<\/p>\n","protected":false},"featured_media":1991,"comment_status":"open","ping_status":"closed","template":"","meta":[],"_links":{"self":[{"href":"http:\/\/maudep.com.vn\/chuyengiadienmay\/index.php?rest_route=\/wp\/v2\/product\/1989"}],"collection":[{"href":"http:\/\/maudep.com.vn\/chuyengiadienmay\/index.php?rest_route=\/wp\/v2\/product"}],"about":[{"href":"http:\/\/maudep.com.vn\/chuyengiadienmay\/index.php?rest_route=\/wp\/v2\/types\/product"}],"replies":[{"embeddable":true,"href":"http:\/\/maudep.com.vn\/chuyengiadienmay\/index.php?rest_route=%2Fwp%2Fv2%2Fcomments&post=1989"}],"wp:featuredmedia":[{"embeddable":true,"href":"http:\/\/maudep.com.vn\/chuyengiadienmay\/index.php?rest_route=\/wp\/v2\/media\/1991"}],"wp:attachment":[{"href":"http:\/\/maudep.com.vn\/chuyengiadienmay\/index.php?rest_route=%2Fwp%2Fv2%2Fmedia&parent=1989"}],"curies":[{"name":"wp","href":"https:\/\/api.w.org\/{rel}","templated":true}]}}