{"id":1992,"date":"2019-01-01T19:34:38","date_gmt":"2019-01-01T12:34:38","guid":{"rendered":"http:\/\/maudep.com.vn\/chuyengiadienmay\/?post_type=product&#038;p=1992"},"modified":"2019-01-15T14:17:27","modified_gmt":"2019-01-15T07:17:27","slug":"may-giat-11-kg-electrolux-ewf14113-trang","status":"publish","type":"product","link":"http:\/\/maudep.com.vn\/chuyengiadienmay\/?product=may-giat-11-kg-electrolux-ewf14113-trang","title":{"rendered":"M\u00e1y gi\u1eb7t 11 Kg Electrolux EWF14113 (Tr\u1eafng)"},"content":{"rendered":"<h3 class=\"pd-news-title\">M\u00e1y gi\u1eb7t 11 Kg Electrolux EWF14113 (Tr\u1eafng)<\/h3>\n<div class=\"pd-news-content\">\n<p dir=\"ltr\"><strong>M\u00e1y gi\u1eb7t hi\u1ec7n \u0111\u1ea1i v\u00e0 sang tr\u1ecdng<\/strong><\/p>\n<p dir=\"ltr\">C\u00f3 ki\u1ec3u d\u00e1ng hi\u1ec7n \u0111\u1ea1i ph\u1ed1i h\u1ee3p c\u00f9ng gam m\u00e0u tr\u1eafng trang nh\u00e3, M\u00e1y gi\u1eb7t l\u1ed3ng ngang Electrolux EWF14113 s\u1ebd t\u00f4 \u0111i\u1ec3m th\u00eam cho s\u1ef1 tinh t\u1ebf trong thi\u1ebft k\u1ebf c\u0103n nh\u00e0 c\u1ee7a b\u1ea1n. Kh\u1ed1i l\u01b0\u1ee3ng gi\u1eb7t \u0111\u01b0\u1ee3c c\u1ee7a m\u00e1y gi\u1eb7t Electrolux l\u00e0 11 kg, ph\u00f9 h\u1ee3p v\u1edbi nh\u1eefng gia \u0111\u00ecnh c\u00f3 t\u1eeb 6 ng\u01b0\u1eddi.<\/p>\n<p dir=\"ltr\"><img class=\"lazy\" src=\"https:\/\/cdn.mediamart.vn\/Upload\/images\/EWF14113.jpg\" data-original=\"https:\/\/cdn.mediamart.vn\/Upload\/images\/EWF14113.jpg\" \/><\/p>\n<p dir=\"ltr\"><strong>Nhi\u1ec1u t\u00ednh n\u0103ng v\u00e0 c\u00f4ng ngh\u1ec7 hi\u1ec7n \u0111\u1ea1i<\/strong><\/p>\n<p><img class=\"lazy\" src=\"https:\/\/cdn.mediamart.vn\/Upload\/download\/2016-10\/electrolux-ewf14113-4pn8uv.jpg\" data-original=\"https:\/\/cdn.mediamart.vn\/Upload\/download\/2016-10\/electrolux-ewf14113-4pn8uv.jpg\" \/><\/p>\n<p><strong>C\u00f4ng ngh\u00ea\u0323 UltraMix<\/strong><\/p>\n<p>Ho\u00e0 tan ch\u00e2\u0301t gi\u0103\u0323t t\u00e2\u0309y ho\u00e0n to\u00e0n cho hi\u00ea\u0323u qua\u0309 gi\u0103\u0323t sa\u0323ch v\u01b0\u01a1\u0323t tr\u00f4\u0323i, gi\u0301up \u00e1o qu\u1ea7n lu\u00f4n s\u00e1ng m\u01a1\u0301i v\u00e0 b\u1ec1n m\u00e0u h\u01a1n.<\/p>\n<p><img class=\"lazy\" src=\"https:\/\/cdn.mediamart.vn\/Upload\/download\/2016-10\/electrolux-ewf14113-6777FM.jpg\" data-original=\"https:\/\/cdn.mediamart.vn\/Upload\/download\/2016-10\/electrolux-ewf14113-6777FM.jpg\" \/><\/p>\n<p><strong>L\u00e0m m\u1edbi qu\u1ea7n \u00e1o Vapour Refresh<\/strong><\/p>\n<p>L\u00e0m m\u1edbi v\u00e0 gi\u00fap qu\u1ea7n \u00e1o \u0111\u1ee1 nh\u0103n h\u01a1n trong v\u00f2ng 30 ph\u00fat, mang \u0111\u1ebfn s\u1ef1 m\u1ec1m m\u1ea1i v\u00e0 th\u01a1m m\u00e1t cho qu\u1ea7n \u00e1o c\u1ea5t l\u00e2u ng\u00e0y trong t\u1ee7.<\/p>\n<p><img class=\"lazy\" src=\"https:\/\/cdn.mediamart.vn\/Upload\/download\/2016-10\/electrolux-ewf14113-AD6k65.jpg\" data-original=\"https:\/\/cdn.mediamart.vn\/Upload\/download\/2016-10\/electrolux-ewf14113-AD6k65.jpg\" \/><\/p>\n<p><strong>C\u1ea3m bi\u1ebfn t\u1ea3i tr\u1ecdng Load Sensor<\/strong><\/p>\n<p>\u0110o kh\u1ed1i l\u01b0\u1ee3ng gi\u1eb7t v\u00e0 x\u00e1c \u0111\u1ecbnh l\u01b0\u1ee3ng b\u1ed9t gi\u1eb7t, l\u01b0\u1ee3ng n\u01b0\u1edbc v\u00e0 th\u1eddi gian gi\u1eb7t t\u1ed1i \u01b0u c\u1ea7n thi\u1ebft cho t\u1eebng l\u1ea7n gi\u1eb7t.<\/p>\n<p><img class=\"lazy\" src=\"https:\/\/cdn.mediamart.vn\/Upload\/download\/2016-10\/electrolux-ewf14113-jSF03v.jpg\" data-original=\"https:\/\/cdn.mediamart.vn\/Upload\/download\/2016-10\/electrolux-ewf14113-jSF03v.jpg\" \/><\/p>\n<p><strong>C\u00f4ng ngh\u00ea\u0323 EcoInverter<\/strong><\/p>\n<p>T\u00f4\u0301i \u01b0u ho\u0301a c\u00f4ng su\u00e2\u0301t va\u0300 hi\u00ea\u0323u qua\u0309 gi\u0103\u0323t sa\u0323ch, \u0111\u00f4\u0300ng h\u01a1\u0300i gia\u0309m thi\u00ea\u0309u rung ch\u00e2\u0301n va\u0300 s\u01a1\u0300n ra\u0301ch<\/p>\n<p><img class=\"lazy\" src=\"https:\/\/cdn.mediamart.vn\/Upload\/download\/2016-10\/electrolux-ewf14113-PL1258.jpg\" data-original=\"https:\/\/cdn.mediamart.vn\/Upload\/download\/2016-10\/electrolux-ewf14113-PL1258.jpg\" \/><\/p>\n<p><strong>C\u00f4ng ngh\u00ea\u0323 gi\u0103\u0323t h\u01a1i n\u01b0\u01a1\u0301c &#8211; Vapour Action<\/strong><\/p>\n<p>Gi\u01b0\u0303 qu\u00e2\u0300n a\u0301o m\u00ea\u0300m ma\u0323i va\u0300 gia\u0309m thi\u00ea\u0309u \u0111\u00ea\u0301n 99% * ta\u0301c nh\u00e2n g\u00e2y di\u0323 \u01b0\u0301ng co\u0301 tr\u00ean b\u00ea\u0300 m\u0103\u0323t va\u0309i * Ch\u01b0\u0301ng nh\u00e2\u0323n b\u01a1\u0309i Vi\u00ea\u0323n nghi\u00ean c\u01b0\u0301u wfk cu\u0309a \u0110\u01b0\u0301c &#8211; th\u01b0\u0323c hi\u00ea\u0323n tr\u00ean ch\u00e2\u0301t li\u00ea\u0323u va\u0309i c\u00f4-t\u00f4ng \u01a1\u0309 60 \u0111\u00f4\u0323 C<\/p>\n<p><img class=\"lazy\" src=\"https:\/\/cdn.mediamart.vn\/Upload\/download\/2016-10\/electrolux-ewf14113-VV9rhm.jpg\" data-original=\"https:\/\/cdn.mediamart.vn\/Upload\/download\/2016-10\/electrolux-ewf14113-VV9rhm.jpg\" \/><\/p>\n<p><strong>Th\u00eam qu\u00e2\u0300n a\u0301o<\/strong><\/p>\n<p>Cho phe\u0301p ba\u0323n th\u00eam qu\u00e2\u0300n a\u0301o ngay trong chu tri\u0300nh gi\u0103\u0323t*\u00a0 *Trong vo\u0300ng 10-15 phu\u0301t sau khi chu ky\u0300 gi\u0103\u0323t b\u0103\u0301t \u0111\u00e2\u0300u, tuy\u0300 theo t\u01b0\u0300ng ch\u01b0\u01a1ng tri\u0300nh gi\u0103\u0323t<\/p>\n<\/div>\n","protected":false},"excerpt":{"rendered":"<p>C\u00f4ng ngh\u00ea\u0323 UltraMix gi\u00fap qu\u1ea7n \u00e1o lu\u00f4n s\u00e1ng v\u00e0 b\u1ec1n m\u00e0u h\u01a1n<br \/>\nC\u00f4ng ngh\u00ea\u0323 gi\u0103\u0323t h\u01a1i n\u01b0\u01a1\u0301c &#8211; Ch\u1ebf \u0111\u1ed9 Sport ( gi\u1eb7t \u0111\u1ed3 th\u1ec3 thao )<br \/>\nT\u00ednh n\u0103ng\u00a0Add Cloths\u00a0th\u00eam \u0111\u1ed3 khi gi\u1eb7t ti\u1ec7n l\u1ee3i<br \/>\nC\u00f4ng ngh\u1ec7 inverter ti\u1ebft ki\u1ec7m \u0111i\u1ec7n<\/p>\n<p>&nbsp;<\/p>\n","protected":false},"featured_media":1994,"comment_status":"open","ping_status":"closed","template":"","meta":[],"_links":{"self":[{"href":"http:\/\/maudep.com.vn\/chuyengiadienmay\/index.php?rest_route=\/wp\/v2\/product\/1992"}],"collection":[{"href":"http:\/\/maudep.com.vn\/chuyengiadienmay\/index.php?rest_route=\/wp\/v2\/product"}],"about":[{"href":"http:\/\/maudep.com.vn\/chuyengiadienmay\/index.php?rest_route=\/wp\/v2\/types\/product"}],"replies":[{"embeddable":true,"href":"http:\/\/maudep.com.vn\/chuyengiadienmay\/index.php?rest_route=%2Fwp%2Fv2%2Fcomments&post=1992"}],"wp:featuredmedia":[{"embeddable":true,"href":"http:\/\/maudep.com.vn\/chuyengiadienmay\/index.php?rest_route=\/wp\/v2\/media\/1994"}],"wp:attachment":[{"href":"http:\/\/maudep.com.vn\/chuyengiadienmay\/index.php?rest_route=%2Fwp%2Fv2%2Fmedia&parent=1992"}],"curies":[{"name":"wp","href":"https:\/\/api.w.org\/{rel}","templated":true}]}}